{"id":79479,"date":"2026-03-19T17:24:24","date_gmt":"2026-03-19T17:24:24","guid":{"rendered":"https:\/\/soydeaqui.ddns.net\/pachuca\/index.php\/producto\/wap-60gx3-ap-punto-de-acceso-60-ghz-cobertura-180o-p-8-suscriptores\/"},"modified":"2026-03-19T17:24:31","modified_gmt":"2026-03-19T17:24:31","slug":"wap-60gx3-ap-punto-de-acceso-60-ghz-cobertura-180o-p-8-suscriptores","status":"publish","type":"product","link":"https:\/\/soydeaqui.ddns.net\/pachuca\/index.php\/producto\/wap-60gx3-ap-punto-de-acceso-60-ghz-cobertura-180o-p-8-suscriptores\/","title":{"rendered":"(wAP 60Gx3 AP) Punto de Acceso 60 GHz cobertura 180\u00ba, p\/8 suscriptores"},"content":{"rendered":"<div style='width: 100%; max-width: 1200px; margin: 0 auto; font-family: sans-serif; line-height: 1.6; color: inherit; background-color: transparent;'> <!-- Imagen principal --> <\/p>\n<div style='width: 100%; margin: 30px 0;'> <img style='width: 100%; height: auto; border: 1px solid rgba(150&comma;150&comma;150&comma;0.3); border-radius: 8px;' src='https:\/\/ftp3.syscom.mx\/usuarios\/fotos\/RBWAPG60ADSA\/166287-banner_wap_60gx3_ap.png' alt='Banner wAP 60Gx3 AP'> <\/div>\n<p> <!-- Descripci\u00f3n principal --> <\/p>\n<div style='margin: 30px 0;'>\n<p>El wAP 60Gx3 AP es un nuevo modelo de punto de acceso para el espectro de 60 GHz. Comparado con el wAP 60G AP normal&comma; este nuevo modelo tiene un conjunto de antenas completamente nuevo&comma; con soporte para un \u00e1ngulo de cobertura mucho m\u00e1s amplio y est\u00e1 optimizado espec\u00edficamente para la operaci\u00f3n multipunto.<\/p>\n<p>Los 96 elementos de antena funcionan con tecnolog\u00eda de conformaci\u00f3n de haz para proporcionar conectividad para hasta ocho dispositivos cliente de 60 GHz al mismo tiempo&comma; en un campo de visi\u00f3n de 180 grados. Cree una configuraci\u00f3n rentable de punto a multipunto en el espectro inal\u00e1mbrico limpio de 60 GHz&comma; a una fracci\u00f3n del costo.<\/p>\n<p>Tambi\u00e9n se pueden usar dos unidades AP de 60Gx3 wAP en configuraciones punto a punto.<\/p>\n<\/p><\/div>\n<p> <!-- Diagrama --> <\/p>\n<div style='width: 100%; margin: 30px 0;'>\n<h3 style='font-size: 22px; border-bottom: 2px solid currentColor; padding-bottom: 5px; margin-top: 0; color: inherit; opacity: 0.8;'>Implementaci\u00f3n Multi-Punto<\/h3>\n<div style='margin: 20px 0;'> <img style='width: 100%; height: auto; border: 1px solid rgba(150&comma;150&comma;150&comma;0.3); border-radius: 8px;' src='https:\/\/ftp3.syscom.mx\/usuarios\/fotos\/RBWAPG60ADSA\/166287-wap_60gx3_diagrama.png' alt='Diagrama de implementaci\u00f3n'> <\/div>\n<\/p><\/div>\n<p> <!-- Especificaciones --> <\/p>\n<div style='width: 100%; margin: 30px 0;'>\n<h3 style='font-size: 22px; border-bottom: 2px solid currentColor; padding-bottom: 5px; margin-top: 0; color: inherit; opacity: 0.8;'>Especificaciones<\/h3>\n<div style='display: flex; flex-wrap: wrap; gap: 20px; margin-top: 20px;'>\n<div style='flex: 1 1 250px; border: 1px solid rgba(150&comma; 150&comma; 150&comma; 0.4); border-radius: 8px; overflow: hidden; display: flex; flex-direction: column;'>\n<div style='padding: 15px; border-bottom: 1px solid rgba(150&comma; 150&comma; 150&comma; 0.2); font-weight: bold; font-size: 18px; color: inherit;'>Detalles<\/div>\n<div style='padding: 15px; color: inherit;'>\n<ul style='padding-left: 20px; margin: 0; font-size: 14px; list-style-type: disc; color: inherit;'>\n<li style='margin-bottom: 5px;'><strong>C\u00f3digo de producto:<\/strong> RBwAPG-60ad-SA<\/li>\n<li style='margin-bottom: 5px;'><strong>Arquitectura:<\/strong> ARM32bit<\/li>\n<li style='margin-bottom: 5px;'><strong>CPU:<\/strong> IPQ-4019<\/li>\n<li style='margin-bottom: 5px;'><strong>Recuento de n\u00facleos de CPU:<\/strong> 4<\/li>\n<li style='margin-bottom: 5px;'><strong>Frecuencia nominal de la CPU:<\/strong> 716 MHz<\/li>\n<li style='margin-bottom: 5px;'><strong>Dimensiones:<\/strong> 185 x 85 x 30 mm<\/li>\n<li style='margin-bottom: 5px;'><strong>Licencia de RouterOS:<\/strong> 4<\/li>\n<li style='margin-bottom: 5px;'><strong>Sistema operativo:<\/strong> <a style='color: inherit; text-decoration: underline;' href='https:\/\/wiki.mikrotik.com\/wiki\/Manual:TOC' target='_blank' rel='noopener'>RouterOS<\/a><\/li>\n<li style='margin-bottom: 5px;'><strong>Tama\u00f1o de RAM:<\/strong> 256 MB<\/li>\n<li style='margin-bottom: 5px;'><strong>Tama\u00f1o de almacenamiento:<\/strong> 16 MB<\/li>\n<li style='margin-bottom: 5px;'><strong>Tipo de almacenamiento:<\/strong> FLASH<\/li>\n<li style='margin-bottom: 5px;'><strong>Temperatura ambiente probada:<\/strong> -40 \u00b0C hasta 70 \u00b0C<\/li>\n<li style='margin-bottom: 5px;'><strong>MTBF:<\/strong> Aproximadamente 200.000 horas a 25 \u00b0C<\/li>\n<\/ul><\/div>\n<\/p><\/div>\n<\/p><\/div>\n<\/p><\/div>\n<p> <!-- Alimentaci\u00f3n --> <\/p>\n<div style='width: 100%; margin: 30px 0;'>\n<h3 style='font-size: 22px; border-bottom: 2px solid currentColor; padding-bottom: 5px; margin-top: 0; color: inherit; opacity: 0.8;'>Alimentaci\u00f3n<\/h3>\n<div style='display: flex; flex-wrap: wrap; gap: 20px; margin-top: 20px;'>\n<div style='flex: 1 1 250px; border: 1px solid rgba(150&comma; 150&comma; 150&comma; 0.4); border-radius: 8px; overflow: hidden; display: flex; flex-direction: column;'>\n<div style='padding: 15px; border-bottom: 1px solid rgba(150&comma; 150&comma; 150&comma; 0.2); font-weight: bold; font-size: 18px; color: inherit;'>Detalles<\/div>\n<div style='padding: 15px; color: inherit;'>\n<ul style='padding-left: 20px; margin: 0; font-size: 14px; list-style-type: disc; color: inherit;'>\n<li style='margin-bottom: 5px;'><strong>PoE in:<\/strong> 802.3af\/at<\/li>\n<li style='margin-bottom: 5px;'><strong>PoE in voltaje de entrada:<\/strong> 20-57 V<\/li>\n<li style='margin-bottom: 5px;'><strong>N\u00famero de entradas DC:<\/strong> 2 (toma de CC&comma; PoE-IN)<\/li>\n<li style='margin-bottom: 5px;'><strong>Voltaje de entrada DC jack:<\/strong> 12-57 V<\/li>\n<li style='margin-bottom: 5px;'><strong>Consumo m\u00e1ximo de energ\u00eda:<\/strong> 11 W<\/li>\n<li style='margin-bottom: 5px;'><strong>Recuento de ventiladores:<\/strong> Pasivo<\/li>\n<\/ul><\/div>\n<\/p><\/div>\n<\/p><\/div>\n<\/p><\/div>\n<p> <!-- Ethernet --> <\/p>\n<div style='width: 100%; margin: 30px 0;'>\n<h3 style='font-size: 22px; border-bottom: 2px solid currentColor; padding-bottom: 5px; margin-top: 0; color: inherit; opacity: 0.8;'>Ethernet<\/h3>\n<div style='display: flex; flex-wrap: wrap; gap: 20px; margin-top: 20px;'>\n<div style='flex: 1 1 250px; border: 1px solid rgba(150&comma; 150&comma; 150&comma; 0.4); border-radius: 8px; overflow: hidden; display: flex; flex-direction: column;'>\n<div style='padding: 15px; border-bottom: 1px solid rgba(150&comma; 150&comma; 150&comma; 0.2); font-weight: bold; font-size: 18px; color: inherit;'>Detalles<\/div>\n<div style='padding: 15px; color: inherit;'>\n<ul style='padding-left: 20px; margin: 0; font-size: 14px; list-style-type: disc; color: inherit;'>\n<li style='margin-bottom: 5px;'><strong>Puertos Ethernet 10\/100\/1000:<\/strong> 1<\/li>\n<\/ul><\/div>\n<\/p><\/div>\n<\/p><\/div>\n<\/p><\/div>\n<p> <!-- Certificaciones --> <\/p>\n<div style='width: 100%; margin: 30px 0;'>\n<h3 style='font-size: 22px; border-bottom: 2px solid currentColor; padding-bottom: 5px; margin-top: 0; color: inherit; opacity: 0.8;'>Certificaciones y aprobaciones<\/h3>\n<div style='display: flex; flex-wrap: wrap; gap: 20px; margin-top: 20px;'>\n<div style='flex: 1 1 250px; border: 1px solid rgba(150&comma; 150&comma; 150&comma; 0.4); border-radius: 8px; overflow: hidden; display: flex; flex-direction: column;'>\n<div style='padding: 15px; border-bottom: 1px solid rgba(150&comma; 150&comma; 150&comma; 0.2); font-weight: bold; font-size: 18px; color: inherit;'>Detalles<\/div>\n<div style='padding: 15px; color: inherit;'>\n<ul style='padding-left: 20px; margin: 0; font-size: 14px; list-style-type: disc; color: inherit;'>\n<li style='margin-bottom: 5px;'><strong>Certificaci\u00f3n:<\/strong> CE&comma; FCC&comma; IC&comma; EAC&comma; ROHS<\/li>\n<\/ul><\/div>\n<\/p><\/div>\n<\/p><\/div>\n<\/p><\/div>\n<p> <!-- Resultados de pruebas --> <\/p>\n<div style='width: 100%; margin: 30px 0;'>\n<h3 style='font-size: 22px; border-bottom: 2px solid currentColor; padding-bottom: 5px; margin-top: 0; color: inherit; opacity: 0.8;'>Resultados de pruebas Ethernet<\/h3>\n<p style='margin-top: 20px;'>Todas las pruebas se realizaron con equipo especializado Xena Networks (XenaBay)&comma; y seg\u00fan RFC2544 (Xena2544). El rendimiento m\u00e1ximo se determin\u00f3 con intentos de 30+ segundos con tolerancia de p\u00e9rdida de paquetes del 0&comma;1% en tama\u00f1os de paquetes de 64&comma; 512&comma; 1518 bytes. Los resultados muestran el rendimiento m\u00e1ximo del dispositivo&comma; y se alcanzaron utilizando la configuraci\u00f3n de hardware y software mencionada&comma; diferentes configuraciones probablemente dar\u00e1n resultados m\u00e1s bajos.<\/p>\n<div style='overflow-x: auto; margin-top: 20px;'>\n<table style='width: 100%; border-collapse: collapse; border: 1px solid rgba(150&comma;150&comma;150&comma;0.3);'>\n<thead style='background-color: rgba(150&comma;150&comma;150&comma;0.1);'>\n<tr>\n<th style='padding: 10px; border: 1px solid rgba(150&comma;150&comma;150&comma;0.3); font-weight: bold;' colspan='2'>RBwAPG-60ad-SAr2<\/th>\n<th style='padding: 10px; border: 1px solid rgba(150&comma;150&comma;150&comma;0.3); font-weight: bold;' colspan='6'>IPQ-4019 1G una prueba de puerto<\/th>\n<\/tr>\n<tr>\n<th style='padding: 10px; border: 1px solid rgba(150&comma;150&comma;150&comma;0.3); font-weight: bold;' rowspan='2'>Modo<\/th>\n<th style='padding: 10px; border: 1px solid rgba(150&comma;150&comma;150&comma;0.3); font-weight: bold;' rowspan='2'>Configuraci\u00f3n<\/th>\n<th style='padding: 10px; border: 1px solid rgba(150&comma;150&comma;150&comma;0.3); font-weight: bold;' colspan='2'>1518 byte<\/th>\n<th style='padding: 10px; border: 1px solid rgba(150&comma;150&comma;150&comma;0.3); font-weight: bold;' colspan='2'>512 byte<\/th>\n<th style='padding: 10px; border: 1px solid rgba(150&comma;150&comma;150&comma;0.3); font-weight: bold;' colspan='2'>64 byte<\/th>\n<\/tr>\n<tr>\n<th style='padding: 10px; border: 1px solid rgba(150&comma;150&comma;150&comma;0.3); font-weight: bold;'>kpps<\/th>\n<th style='padding: 10px; border: 1px solid rgba(150&comma;150&comma;150&comma;0.3); font-weight: bold;'>Mbps<\/th>\n<th style='padding: 10px; border: 1px solid rgba(150&comma;150&comma;150&comma;0.3); font-weight: bold;'>kpps<\/th>\n<th style='padding: 10px; border: 1px solid rgba(150&comma;150&comma;150&comma;0.3); font-weight: bold;'>Mbps<\/th>\n<th style='padding: 10px; border: 1px solid rgba(150&comma;150&comma;150&comma;0.3); font-weight: bold;'>kpps<\/th>\n<th style='padding: 10px; border: 1px solid rgba(150&comma;150&comma;150&comma;0.3); font-weight: bold;'>Mbps<\/th>\n<\/tr>\n<\/thead>\n<tbody>\n<tr style='background-color: rgba(150&comma;150&comma;150&comma;0.05);'>\n<td style='padding: 10px; border: 1px solid rgba(150&comma;150&comma;150&comma;0.3);'>Bridging<\/td>\n<td style='padding: 10px; border: 1px solid rgba(150&comma;150&comma;150&comma;0.3);'>ninguno (fast path)<\/td>\n<td style='padding: 10px; border: 1px solid rgba(150&comma;150&comma;150&comma;0.3);'>81&comma;2<\/td>\n<td style='padding: 10px; border: 1px solid rgba(150&comma;150&comma;150&comma;0.3);'>986.1<\/td>\n<td style='padding: 10px; border: 1px solid rgba(150&comma;150&comma;150&comma;0.3);'>234&comma;9<\/td>\n<td style='padding: 10px; border: 1px solid rgba(150&comma;150&comma;150&comma;0.3);'>962.2<\/td>\n<td style='padding: 10px; border: 1px solid rgba(150&comma;150&comma;150&comma;0.3);'>1482&comma;6<\/td>\n<td style='padding: 10px; border: 1px solid rgba(150&comma;150&comma;150&comma;0.3);'>759.1<\/td>\n<\/tr>\n<tr>\n<td style='padding: 10px; border: 1px solid rgba(150&comma;150&comma;150&comma;0.3);'>Bridging<\/td>\n<td style='padding: 10px; border: 1px solid rgba(150&comma;150&comma;150&comma;0.3);'>25 reglas de filtro de puente<\/td>\n<td style='padding: 10px; border: 1px solid rgba(150&comma;150&comma;150&comma;0.3);'>81&comma;2<\/td>\n<td style='padding: 10px; border: 1px solid rgba(150&comma;150&comma;150&comma;0.3);'>986.1<\/td>\n<td style='padding: 10px; border: 1px solid rgba(150&comma;150&comma;150&comma;0.3);'>227&comma;7<\/td>\n<td style='padding: 10px; border: 1px solid rgba(150&comma;150&comma;150&comma;0.3);'>932.7<\/td>\n<td style='padding: 10px; border: 1px solid rgba(150&comma;150&comma;150&comma;0.3);'>231&comma;9<\/td>\n<td style='padding: 10px; border: 1px solid rgba(150&comma;150&comma;150&comma;0.3);'>118.7<\/td>\n<\/tr>\n<tr style='background-color: rgba(150&comma;150&comma;150&comma;0.05);'>\n<td style='padding: 10px; border: 1px solid rgba(150&comma;150&comma;150&comma;0.3);'>Enrutamiento<\/td>\n<td style='padding: 10px; border: 1px solid rgba(150&comma;150&comma;150&comma;0.3);'>ninguno (fast path)<\/td>\n<td style='padding: 10px; border: 1px solid rgba(150&comma;150&comma;150&comma;0.3);'>81&comma;2<\/td>\n<td style='padding: 10px; border: 1px solid rgba(150&comma;150&comma;150&comma;0.3);'>986.1<\/td>\n<td style='padding: 10px; border: 1px solid rgba(150&comma;150&comma;150&comma;0.3);'>235&comma;1<\/td>\n<td style='padding: 10px; border: 1px solid rgba(150&comma;150&comma;150&comma;0.3);'>963.0<\/td>\n<td style='padding: 10px; border: 1px solid rgba(150&comma;150&comma;150&comma;0.3);'>1421&comma;8<\/td>\n<td style='padding: 10px; border: 1px solid rgba(150&comma;150&comma;150&comma;0.3);'>728.0<\/td>\n<\/tr>\n<tr>\n<td style='padding: 10px; border: 1px solid rgba(150&comma;150&comma;150&comma;0.3);'>Enrutamiento<\/td>\n<td style='padding: 10px; border: 1px solid rgba(150&comma;150&comma;150&comma;0.3);'>25 colas simples<\/td>\n<td style='padding: 10px; border: 1px solid rgba(150&comma;150&comma;150&comma;0.3);'>81&comma;2<\/td>\n<td style='padding: 10px; border: 1px solid rgba(150&comma;150&comma;150&comma;0.3);'>986.1<\/td>\n<td style='padding: 10px; border: 1px solid rgba(150&comma;150&comma;150&comma;0.3);'>235&comma;1<\/td>\n<td style='padding: 10px; border: 1px solid rgba(150&comma;150&comma;150&comma;0.3);'>963.0<\/td>\n<td style='padding: 10px; border: 1px solid rgba(150&comma;150&comma;150&comma;0.3);'>458&comma;3<\/td>\n<td style='padding: 10px; border: 1px solid rgba(150&comma;150&comma;150&comma;0.3);'>234.6<\/td>\n<\/tr>\n<tr style='background-color: rgba(150&comma;150&comma;150&comma;0.05);'>\n<td style='padding: 10px; border: 1px solid rgba(150&comma;150&comma;150&comma;0.3);'>Enrutamiento<\/td>\n<td style='padding: 10px; border: 1px solid rgba(150&comma;150&comma;150&comma;0.3);'>25 reglas de filtro IP<\/td>\n<td style='padding: 10px; border: 1px solid rgba(150&comma;150&comma;150&comma;0.3);'>81&comma;2<\/td>\n<td style='padding: 10px; border: 1px solid rgba(150&comma;150&comma;150&comma;0.3);'>986.1<\/td>\n<td style='padding: 10px; border: 1px solid rgba(150&comma;150&comma;150&comma;0.3);'>234&comma;9<\/td>\n<td style='padding: 10px; border: 1px solid rgba(150&comma;150&comma;150&comma;0.3);'>962.2<\/td>\n<td style='padding: 10px; border: 1px solid rgba(150&comma;150&comma;150&comma;0.3);'>236&comma;8<\/td>\n<td style='padding: 10px; border: 1px solid rgba(150&comma;150&comma;150&comma;0.3);'>121.2<\/td>\n<\/tr>\n<\/tbody>\n<\/table><\/div>\n<\/p><\/div>\n<p> <!-- Partes incluidas --> <\/p>\n<div style='width: 100%; margin: 30px 0;'>\n<h3 style='font-size: 22px; border-bottom: 2px solid currentColor; padding-bottom: 5px; margin-top: 0; color: inherit; opacity: 0.8;'>Partes incluidas<\/h3>\n<div style='display: grid; grid-template-columns: repeat(auto-fill&comma; minmax(140px&comma; 1fr)); gap: 20px; margin-top: 20px;'>\n<div style='text-align: center; padding: 10px; border: 1px solid rgba(150&comma;150&comma;150&comma;0.3); border-radius: 8px;'> <a style='color: inherit; text-decoration: none;' href='https:\/\/i.mt.lv\/cdn\/rb_images\/part11391161548m.jpg' target='_blank' rel='noopener'> <img style='width: 80px; height: auto; margin-bottom: 10px; border: 1px solid rgba(150&comma;150&comma;150&comma;0.3); border-radius: 4px;' src='https:\/\/i.mt.lv\/cdn\/rb_images\/part11391161548s.jpg' alt='Adaptador de corriente 24V 0.8A'> <\/p>\n<p style='font-size: 14px; margin: 0;'>Adaptador de corriente 24V 0.8A<\/p>\n<p> <\/a> <\/div>\n<div style='text-align: center; padding: 10px; border: 1px solid rgba(150&comma;150&comma;150&comma;0.3); border-radius: 8px;'> <a style='color: inherit; text-decoration: none;' href='https:\/\/i.mt.lv\/cdn\/rb_images\/part691502957958m.jpg' target='_blank' rel='noopener'> <img style='width: 80px; height: auto; margin-bottom: 10px; border: 1px solid rgba(150&comma;150&comma;150&comma;0.3); border-radius: 4px;' src='https:\/\/i.mt.lv\/cdn\/rb_images\/part691502957958s.jpg' alt='Kit de tornillos K52'> <\/p>\n<p style='font-size: 14px; margin: 0;'>Kit de tornillos K52<\/p>\n<p> <\/a> <\/div>\n<div style='text-align: center; padding: 10px; border: 1px solid rgba(150&comma;150&comma;150&comma;0.3); border-radius: 8px;'> <a style='color: inherit; text-decoration: none;' href='https:\/\/i.mt.lv\/cdn\/rb_images\/part661499777872m.jpg' target='_blank' rel='noopener'> <img style='width: 80px; height: auto; margin-bottom: 10px; border: 1px solid rgba(150&comma;150&comma;150&comma;0.3); border-radius: 4px;' src='https:\/\/i.mt.lv\/cdn\/rb_images\/part661499777872s.jpg' alt='Soporte de montaje wAP'> <\/p>\n<p style='font-size: 14px; margin: 0;'>Soporte de montaje wAP<\/p>\n<p> <\/a> <\/div>\n<div style='text-align: center; padding: 10px; border: 1px solid rgba(150&comma;150&comma;150&comma;0.3); border-radius: 8px;'> <a style='color: inherit; text-decoration: none;' href='https:\/\/i.mt.lv\/cdn\/rb_images\/part111600929333m.jpg' target='_blank' rel='noopener'> <img style='width: 80px; height: auto; margin-bottom: 10px; border: 1px solid rgba(150&comma;150&comma;150&comma;0.3); border-radius: 4px;' src='https:\/\/i.mt.lv\/cdn\/rb_images\/part111600929333s.jpg' alt='Inyector Gigabit PoE'> <\/p>\n<p style='font-size: 14px; margin: 0;'>Inyector Gigabit PoE<\/p>\n<p> <\/a> <\/div>\n<div style='text-align: center; padding: 10px; border: 1px solid rgba(150&comma;150&comma;150&comma;0.3); border-radius: 8px;'> <a style='color: inherit; text-decoration: none;' href='https:\/\/i.mt.lv\/cdn\/rb_images\/part181391163711m.jpg' target='_blank' rel='noopener'> <img style='width: 80px; height: auto; margin-bottom: 10px; border: 1px solid rgba(150&comma;150&comma;150&comma;0.3); border-radius: 4px;' src='https:\/\/i.mt.lv\/cdn\/rb_images\/part181391163711s.jpg' alt='Anillo de metal'> <\/p>\n<p style='font-size: 14px; margin: 0;'>Anillo de metal (uno)<\/p>\n<p> <\/a> <\/div>\n<\/p><\/div>\n<\/p><\/div>\n<p> <!-- Garant\u00eda --> <\/p>\n<div style='width: 100%; margin: 30px 0;'> <img style='width: 100px; height: 100px; border: 1px solid rgba(150&comma;150&comma;150&comma;0.3); border-radius: 8px;' src='https:\/\/ftp3.syscom.mx\/usuarios\/fotos\/CCR10097G1C1S+PC\/137052-garantia1.png' alt='Garant\u00eda'> <\/div>\n<\/p><\/div>\n","protected":false},"excerpt":{"rendered":"<p>(wAP 60Gx3 AP) Punto de Acceso 60 GHz cobertura 180\u00ba, p\/8 suscriptores<\/p>\n","protected":false},"featured_media":72464,"comment_status":"open","ping_status":"closed","template":"","meta":[],"product_brand":[],"product_cat":[1978,1979],"product_tag":[1981,1982,1980,643],"class_list":{"0":"post-79479","1":"product","2":"type-product","3":"status-publish","4":"has-post-thumbnail","6":"product_cat-1978","7":"product_cat-70-y-80-ghz","8":"product_tag-1981","9":"product_tag-70-y-80-ghz","10":"product_tag-enlaces-ptp-y-ptmp","11":"product_tag-mikrotik","13":"first","14":"outofstock","15":"sale","16":"shipping-taxable","17":"purchasable","18":"product-type-simple"},"_links":{"self":[{"href":"https:\/\/soydeaqui.ddns.net\/pachuca\/index.php\/wp-json\/wp\/v2\/product\/79479","targetHints":{"allow":["GET"]}}],"collection":[{"href":"https:\/\/soydeaqui.ddns.net\/pachuca\/index.php\/wp-json\/wp\/v2\/product"}],"about":[{"href":"https:\/\/soydeaqui.ddns.net\/pachuca\/index.php\/wp-json\/wp\/v2\/types\/product"}],"replies":[{"embeddable":true,"href":"https:\/\/soydeaqui.ddns.net\/pachuca\/index.php\/wp-json\/wp\/v2\/comments?post=79479"}],"wp:featuredmedia":[{"embeddable":true,"href":"https:\/\/soydeaqui.ddns.net\/pachuca\/index.php\/wp-json\/wp\/v2\/media\/72464"}],"wp:attachment":[{"href":"https:\/\/soydeaqui.ddns.net\/pachuca\/index.php\/wp-json\/wp\/v2\/media?parent=79479"}],"wp:term":[{"taxonomy":"product_brand","embeddable":true,"href":"https:\/\/soydeaqui.ddns.net\/pachuca\/index.php\/wp-json\/wp\/v2\/product_brand?post=79479"},{"taxonomy":"product_cat","embeddable":true,"href":"https:\/\/soydeaqui.ddns.net\/pachuca\/index.php\/wp-json\/wp\/v2\/product_cat?post=79479"},{"taxonomy":"product_tag","embeddable":true,"href":"https:\/\/soydeaqui.ddns.net\/pachuca\/index.php\/wp-json\/wp\/v2\/product_tag?post=79479"}],"curies":[{"name":"wp","href":"https:\/\/api.w.org\/{rel}","templated":true}]}}