{"id":7947,"date":"2026-03-18T07:02:47","date_gmt":"2026-03-18T07:02:47","guid":{"rendered":"https:\/\/soydeaqui.ddns.net\/pachuca\/index.php\/producto\/sensor-3-en-1-impacto-apertura-y-zona-externa-tres-numeros-de-serie-independientes-para-informes-unicos\/"},"modified":"2026-03-18T07:02:51","modified_gmt":"2026-03-18T07:02:51","slug":"sensor-3-en-1-impacto-apertura-y-zona-externa-tres-numeros-de-serie-independientes-para-informes-unicos","status":"publish","type":"product","link":"https:\/\/soydeaqui.ddns.net\/pachuca\/index.php\/producto\/sensor-3-en-1-impacto-apertura-y-zona-externa-tres-numeros-de-serie-independientes-para-informes-unicos\/","title":{"rendered":"Sensor 3 en 1  (Impacto, apertura y zona externa)\/Tres n\u00fameros de serie independientes para informes \u00fanicos"},"content":{"rendered":"<div style='width: 100%; max-width: 1200px; margin: 0 auto; font-family: sans-serif; line-height: 1.6; color: inherit; background-color: transparent;'>\n<p style='text-align: center;'><img style='width: 100%; max-width: 250px; height: auto; border: 1px solid rgba(150&comma;150&comma;150&comma;0.3); border-radius: 8px;' src='https:\/\/ftp3.syscom.mx\/usuarios\/vvega\/sfire\/SFIRE_LOGO.png' alt=''><\/p>\n<div style='margin-top: 20px;'>\n<p><span style='font-size: 14pt;'>Este equipo posee una tecnolog\u00eda de Shock + Sensor&comma; la cual detecta el momento del primer impacto&comma; alertando al propietario y la estaci\u00f3n central antes de que el intruso entre. Adem\u00e1s&comma; posee tres zonas en un dispositivo con su c\u00f3digo cada una para obtener un valor agregado.<\/span><\/p>\n<\/p><\/div>\n<div style='display: flex; flex-wrap: wrap; gap: 30px; margin-top: 30px;'>\n<div style='flex: 1 1 300px; min-width: 280px;'>\n<div style='border: 1px solid rgba(150&comma;150&comma;150&comma;0.4); border-radius: 8px; overflow: hidden; display: flex; flex-direction: column;'>\n<div style='padding: 15px; border-bottom: 1px solid rgba(150&comma;150&comma;150&comma;0.2); font-weight: bold; font-size: 18px; color: inherit;'>Caracter\u00edsticas principales:<\/div>\n<div style='padding: 15px; color: inherit;'>\n<ul style='padding-left: 20px; margin: 0; font-size: 14px; list-style-type: disc;'>\n<li style='margin-bottom: 5px;'>Compatible con Paneles <strong>Honeywell<\/strong> y <strong>PRO4GLTEM<\/strong><\/li>\n<li style='margin-bottom: 5px;'>3 Zonas de Alarma independientes: Impacto \/ Contacto Magn\u00e9tico \/ Zona Externa<\/li>\n<li style='margin-bottom: 5px;'>Ajuste de Sensibilidad para sensor de Vibraci\u00f3n<\/li>\n<li style='margin-bottom: 5px;'>Contacto Magn\u00e9tico con GAP 2.54 cms (MAX)<\/li>\n<li style='margin-bottom: 5px;'>Terminales para entrada de contacto externo N.C.<\/li>\n<\/ul><\/div>\n<\/p><\/div>\n<\/p><\/div>\n<div style='flex: 1 1 300px; min-width: 280px;'>\n<div style='border: 1px solid rgba(150&comma;150&comma;150&comma;0.4); border-radius: 8px; overflow: hidden; display: flex; flex-direction: column;'>\n<div style='padding: 15px; border-bottom: 1px solid rgba(150&comma;150&comma;150&comma;0.2); font-weight: bold; font-size: 18px; color: inherit;'>Caracter\u00edsticas F\u00edsicas y El\u00e9ctricas:<\/div>\n<div style='padding: 15px; color: inherit;'>\n<ul style='padding-left: 20px; margin: 0; font-size: 14px; list-style-type: disc;'>\n<li style='margin-bottom: 5px;'>Frecuencia 345Mhz<\/li>\n<li style='margin-bottom: 5px;'>Bater\u00eda 3V Litio Modelo CR-123A<\/li>\n<li style='margin-bottom: 5px;'>Duraci\u00f3n Aproximada de Bater\u00eda de 5 a\u00f1os<\/li>\n<li style='margin-bottom: 5px;'>Temperatura Operaci\u00f3n de 0\u00b0 a 49\u00b0 C<\/li>\n<li style='margin-bottom: 5px;'>Dimensiones: 7.3 x 4.1 x 2.5 cms<\/li>\n<\/ul><\/div>\n<\/p><\/div>\n<\/p><\/div>\n<div style='flex: 1 1 300px; min-width: 280px;'>\n<div style='border: 1px solid rgba(150&comma;150&comma;150&comma;0.4); border-radius: 8px; overflow: hidden; display: flex; flex-direction: column;'>\n<div style='padding: 15px; border-bottom: 1px solid rgba(150&comma;150&comma;150&comma;0.2); font-weight: bold; font-size: 18px; color: inherit;'>Contenido:<\/div>\n<div style='padding: 15px; color: inherit;'>\n<ul style='padding-left: 20px; margin: 0; font-size: 14px; list-style-type: disc;'>\n<li style='margin-bottom: 5px;'>Dispositivo 3 en 1<\/li>\n<li style='margin-bottom: 5px;'>Bater\u00eda 3V Litio Modelo CR-123A<\/li>\n<li style='margin-bottom: 5px;'>Iman<\/li>\n<\/ul><\/div>\n<\/p><\/div>\n<\/p><\/div>\n<\/p><\/div>\n<hr style='border: 0; border-top: 1px solid rgba(150&comma;150&comma;150&comma;0.3); margin: 30px 0;'>\n<div style='display: flex; flex-wrap: wrap; gap: 30px; align-items: flex-start;'>\n<div style='flex: 1 1 300px; min-width: 280px;'>\n<h2 style='font-size: 24px; margin-top: 0; color: inherit;'>3 Zonas independientes con 1 solo Dispositivo<\/h2>\n<p>Con el SFWST302 es posible configurar 3 lazos totalmente independientes para asi poder manejar 3 zonas con un solo equipo<\/p>\n<p>Configuraci\u00f3n en extremo sencilla y rapida<\/p>\n<\/p><\/div>\n<div style='flex: 1 1 300px; min-width: 280px;'>\n<div style='position: relative; padding-bottom: 56.25%; height: 0; overflow: hidden; margin-bottom: 30px;'>   <\/div>\n<\/p><\/div>\n<\/p><\/div>\n<\/p><\/div>\n","protected":false},"excerpt":{"rendered":"<p>Sensor 3 en 1  (Impacto, apertura y zona externa)\/Tres n\u00fameros de serie independientes para informes \u00fanicos<\/p>\n","protected":false},"featured_media":7946,"comment_status":"open","ping_status":"closed","template":"","meta":[],"product_brand":[],"product_cat":[100],"product_tag":[19,101,79],"class_list":{"0":"post-7947","1":"product","2":"type-product","3":"status-publish","4":"has-post-thumbnail","6":"product_cat-impacto","7":"product_tag-detectores-sensores","8":"product_tag-impacto","9":"product_tag-sfire","11":"first","12":"instock","13":"sale","14":"shipping-taxable","15":"purchasable","16":"product-type-simple"},"_links":{"self":[{"href":"https:\/\/soydeaqui.ddns.net\/pachuca\/index.php\/wp-json\/wp\/v2\/product\/7947","targetHints":{"allow":["GET"]}}],"collection":[{"href":"https:\/\/soydeaqui.ddns.net\/pachuca\/index.php\/wp-json\/wp\/v2\/product"}],"about":[{"href":"https:\/\/soydeaqui.ddns.net\/pachuca\/index.php\/wp-json\/wp\/v2\/types\/product"}],"replies":[{"embeddable":true,"href":"https:\/\/soydeaqui.ddns.net\/pachuca\/index.php\/wp-json\/wp\/v2\/comments?post=7947"}],"wp:featuredmedia":[{"embeddable":true,"href":"https:\/\/soydeaqui.ddns.net\/pachuca\/index.php\/wp-json\/wp\/v2\/media\/7946"}],"wp:attachment":[{"href":"https:\/\/soydeaqui.ddns.net\/pachuca\/index.php\/wp-json\/wp\/v2\/media?parent=7947"}],"wp:term":[{"taxonomy":"product_brand","embeddable":true,"href":"https:\/\/soydeaqui.ddns.net\/pachuca\/index.php\/wp-json\/wp\/v2\/product_brand?post=7947"},{"taxonomy":"product_cat","embeddable":true,"href":"https:\/\/soydeaqui.ddns.net\/pachuca\/index.php\/wp-json\/wp\/v2\/product_cat?post=7947"},{"taxonomy":"product_tag","embeddable":true,"href":"https:\/\/soydeaqui.ddns.net\/pachuca\/index.php\/wp-json\/wp\/v2\/product_tag?post=7947"}],"curies":[{"name":"wp","href":"https:\/\/api.w.org\/{rel}","templated":true}]}}