{"id":79457,"date":"2026-03-19T17:23:27","date_gmt":"2026-03-19T17:23:27","guid":{"rendered":"https:\/\/soydeaqui.ddns.net\/pachuca\/index.php\/producto\/cnpulse-generador-de-pulso-para-tdd-c000000l066a\/"},"modified":"2026-03-19T17:23:29","modified_gmt":"2026-03-19T17:23:29","slug":"cnpulse-generador-de-pulso-para-tdd-c000000l066a","status":"publish","type":"product","link":"https:\/\/soydeaqui.ddns.net\/pachuca\/index.php\/producto\/cnpulse-generador-de-pulso-para-tdd-c000000l066a\/","title":{"rendered":"cnPulse generador de pulso para TDD (C000000L066A)"},"content":{"rendered":"<div style='width: 100%; max-width: 1200px; margin: 0 auto; font-family: sans-serif; line-height: 1.6; color: inherit; background-color: transparent;'>\n<div style='display: flex; flex-wrap: wrap; gap: 30px; margin-bottom: 30px;'>\n<div style='flex: 1 1 300px; min-width: 280px;'>\n<h3 style='font-size: 22px; border-bottom: 2px solid currentColor; padding-bottom: 5px; margin-top: 0; color: inherit; opacity: 0.8;'>Compatibilidad<\/h3>\n<ul style='padding-left: 20px; font-size: 15px; color: inherit;'>\n<li style='margin-bottom: 5px;'><strong>Modo CambiumSYNC:<\/strong> PMP 450i&comma; PTP 450i&comma; PMP 450m&comma; PTP 550&comma; ePMP 3000<\/li>\n<li style='margin-bottom: 5px;'><strong>Modo serial auxiliar:<\/strong> CMM5&comma; PMP 450m&comma; PMP 450i&comma; PTP 450i<\/li>\n<\/ul><\/div>\n<\/p><\/div>\n<div style='display: flex; flex-wrap: wrap; gap: 20px; margin-bottom: 30px;'>\n<div style='flex: 1 1 250px; border: 1px solid rgba(150&comma; 150&comma; 150&comma; 0.4); border-radius: 8px; overflow: hidden; display: flex; flex-direction: column;'>\n<div style='padding: 15px; border-bottom: 1px solid rgba(150&comma; 150&comma; 150&comma; 0.2); font-weight: bold; font-size: 18px; color: inherit;'>Caracter\u00edsticas<\/div>\n<div style='padding: 15px; color: inherit;'>\n<p style='text-align: justify; margin-bottom: 15px; font-size: 14px; color: inherit;'>La sincronizaci\u00f3n TDD es cr\u00edtica para la implementaci\u00f3n redes inal\u00e1mbricas densas y escalables&comma; ya sea en una topolog\u00eda PTP o PMP. Una fuente t\u00edpica para la sincronizaci\u00f3n es la se\u00f1al del sat\u00e9lite GPS que lleva un pulso preciso por segundo (1PPS) reloj.<\/p>\n<p style='text-align: justify; margin-bottom: 15px; font-size: 14px; color: inherit;'>Usando este reloj&comma; redes PMP y PTP puede sincronizar el tiempo de inicio y finalizaci\u00f3n de todos transmisiones. Al sincronizar la transmisi\u00f3n y recibir se\u00f1ales&comma; cada AP o punto de acceso no est\u00e1 transmitiendo mientras su vecino est\u00e1 recibiendo&comma; reduciendo as\u00ed la autointerferencia&comma; aumentando eficiencia espectral y permitiendo mucho m\u00e1s densas implementaciones de red.<\/p>\n<p style='text-align: justify; margin-bottom: 0; font-size: 14px; color: inherit;'>cnPulse es el \u00faltimo dispositivo de generaci\u00f3n de sincronizaci\u00f3n GPS dise\u00f1ado espec\u00edficamente para Cambium Networks PMP y PTP radios. El m\u00f3dulo cnPulse es IP67 resistente a la intemperie y admite un amplio rango de temperatura para entornos dif\u00edciles.<\/p>\n<\/p><\/div>\n<\/p><\/div>\n<\/p><\/div>\n<hr style='border: 0; border-top: 1px solid rgba(150&comma; 150&comma; 150&comma; 0.3); margin: 30px 0;'> <\/div>\n","protected":false},"excerpt":{"rendered":"<p>cnPulse generador de pulso para TDD (C000000L066A)<\/p>\n","protected":false},"featured_media":79456,"comment_status":"open","ping_status":"closed","template":"","meta":[],"product_brand":[],"product_cat":[1998],"product_tag":[1999,1316,1980],"class_list":{"0":"post-79457","1":"product","2":"type-product","3":"status-publish","4":"has-post-thumbnail","6":"product_cat-5-y-6-ghz","7":"product_tag-5-y-6-ghz","8":"product_tag-cambium-networks","9":"product_tag-enlaces-ptp-y-ptmp","11":"first","12":"outofstock","13":"sale","14":"shipping-taxable","15":"purchasable","16":"product-type-simple"},"_links":{"self":[{"href":"https:\/\/soydeaqui.ddns.net\/pachuca\/index.php\/wp-json\/wp\/v2\/product\/79457","targetHints":{"allow":["GET"]}}],"collection":[{"href":"https:\/\/soydeaqui.ddns.net\/pachuca\/index.php\/wp-json\/wp\/v2\/product"}],"about":[{"href":"https:\/\/soydeaqui.ddns.net\/pachuca\/index.php\/wp-json\/wp\/v2\/types\/product"}],"replies":[{"embeddable":true,"href":"https:\/\/soydeaqui.ddns.net\/pachuca\/index.php\/wp-json\/wp\/v2\/comments?post=79457"}],"wp:featuredmedia":[{"embeddable":true,"href":"https:\/\/soydeaqui.ddns.net\/pachuca\/index.php\/wp-json\/wp\/v2\/media\/79456"}],"wp:attachment":[{"href":"https:\/\/soydeaqui.ddns.net\/pachuca\/index.php\/wp-json\/wp\/v2\/media?parent=79457"}],"wp:term":[{"taxonomy":"product_brand","embeddable":true,"href":"https:\/\/soydeaqui.ddns.net\/pachuca\/index.php\/wp-json\/wp\/v2\/product_brand?post=79457"},{"taxonomy":"product_cat","embeddable":true,"href":"https:\/\/soydeaqui.ddns.net\/pachuca\/index.php\/wp-json\/wp\/v2\/product_cat?post=79457"},{"taxonomy":"product_tag","embeddable":true,"href":"https:\/\/soydeaqui.ddns.net\/pachuca\/index.php\/wp-json\/wp\/v2\/product_tag?post=79457"}],"curies":[{"name":"wp","href":"https:\/\/api.w.org\/{rel}","templated":true}]}}