{"id":79428,"date":"2026-03-19T17:22:18","date_gmt":"2026-03-19T17:22:18","guid":{"rendered":"https:\/\/soydeaqui.ddns.net\/pachuca\/index.php\/producto\/montaje-unifi-para-cloudkeys-uck-g2-o-uck-g2-plus-no-incluidos-en-rack-de-19\/"},"modified":"2026-03-19T17:22:25","modified_gmt":"2026-03-19T17:22:25","slug":"montaje-unifi-para-cloudkeys-uck-g2-o-uck-g2-plus-no-incluidos-en-rack-de-19","status":"publish","type":"product","link":"https:\/\/soydeaqui.ddns.net\/pachuca\/index.php\/producto\/montaje-unifi-para-cloudkeys-uck-g2-o-uck-g2-plus-no-incluidos-en-rack-de-19\/","title":{"rendered":"Montaje UniFi para Cloudkeys UCK-G2 o UCK-G2-PLUS (No incluidos) en Rack de 19&#8243;"},"content":{"rendered":"<div style='width: 100%; max-width: 1200px; margin: 0 auto; font-family: sans-serif; line-height: 1.6; color: inherit; background-color: transparent;'>\n<div style='display: flex; flex-wrap: wrap; gap: 30px; margin-bottom: 30px;'>\n<div style='flex: 1 1 300px; min-width: 280px;'>\n<h3 style='font-size: 22px; border-bottom: 2px solid currentColor; padding-bottom: 5px; margin-top: 0; color: inherit; opacity: 0.8;'>Descripci\u00f3n<\/h3>\n<p style='font-size: 14px; color: inherit; margin-bottom: 15px;'>Montaje para CloudKey G2 (<strong>UCK-G2<\/strong>) o CloudKey G2 Plus (<strong>UCK-G2-PLUS<\/strong>) en un rack de 19&#8242; con este accesorio. El UCK-G2 y UCK-G2-PLUS se aseguran firmemente en la parte posterior del Accesorio de montaje en rack para una instalaci\u00f3n limpia y segura. La pantalla del panel frontal&comma; el conector Ethernet RJ45&comma; el bot\u00f3n de reinicio y el LED de estado est\u00e1n expuestos en el panel frontal para un f\u00e1cil acceso.<\/p>\n<\/p><\/div>\n<\/p><\/div>\n<div style='display: flex; flex-wrap: wrap; gap: 20px; margin-bottom: 30px;'>\n<div style='flex: 1 1 250px; border: 1px solid rgba(150&comma; 150&comma; 150&comma; 0.4); border-radius: 8px; overflow: hidden; display: flex; flex-direction: column;'>\n<div style='padding: 15px; border-bottom: 1px solid rgba(150&comma; 150&comma; 150&comma; 0.2); font-weight: bold; font-size: 18px; color: inherit;'>Caracter\u00edsticas Principales<\/div>\n<div style='padding: 15px; color: inherit;'>\n<ul style='padding-left: 20px; margin: 0; font-size: 14px; list-style-type: disc;'>\n<li style='margin-bottom: 5px;'>Compatibilidad con racks de 19 pulgadas<\/li>\n<li style='margin-bottom: 5px;'>Instalaci\u00f3n segura y limpia en el rack<\/li>\n<li style='margin-bottom: 5px;'>Acceso f\u00e1cil a pantalla y LED de estado<\/li>\n<li style='margin-bottom: 5px;'>Acceso directo a conector Ethernet RJ45<\/li>\n<li style='margin-bottom: 5px;'>Incluye bot\u00f3n de reinicio accesible frontalmente<\/li>\n<\/ul><\/div>\n<\/p><\/div>\n<\/p><\/div>\n<hr style='border: 0; border-top: 1px solid rgba(150&comma; 150&comma; 150&comma; 0.3); margin: 30px 0;'> <\/div>\n","protected":false},"excerpt":{"rendered":"<p>Montaje UniFi para Cloudkeys UCK-G2 o UCK-G2-PLUS (No incluidos) en Rack de 19&#8243;<\/p>\n","protected":false},"featured_media":79427,"comment_status":"open","ping_status":"closed","template":"","meta":[],"product_brand":[],"product_cat":[1790],"product_tag":[1791,605,166],"class_list":{"0":"post-79428","1":"product","2":"type-product","3":"status-publish","4":"has-post-thumbnail","6":"product_cat-montajes-varios","7":"product_tag-montajes-varios","8":"product_tag-racks-y-gabinetes","9":"product_tag-ubiquiti","11":"first","12":"instock","13":"sale","14":"shipping-taxable","15":"purchasable","16":"product-type-simple"},"_links":{"self":[{"href":"https:\/\/soydeaqui.ddns.net\/pachuca\/index.php\/wp-json\/wp\/v2\/product\/79428","targetHints":{"allow":["GET"]}}],"collection":[{"href":"https:\/\/soydeaqui.ddns.net\/pachuca\/index.php\/wp-json\/wp\/v2\/product"}],"about":[{"href":"https:\/\/soydeaqui.ddns.net\/pachuca\/index.php\/wp-json\/wp\/v2\/types\/product"}],"replies":[{"embeddable":true,"href":"https:\/\/soydeaqui.ddns.net\/pachuca\/index.php\/wp-json\/wp\/v2\/comments?post=79428"}],"wp:featuredmedia":[{"embeddable":true,"href":"https:\/\/soydeaqui.ddns.net\/pachuca\/index.php\/wp-json\/wp\/v2\/media\/79427"}],"wp:attachment":[{"href":"https:\/\/soydeaqui.ddns.net\/pachuca\/index.php\/wp-json\/wp\/v2\/media?parent=79428"}],"wp:term":[{"taxonomy":"product_brand","embeddable":true,"href":"https:\/\/soydeaqui.ddns.net\/pachuca\/index.php\/wp-json\/wp\/v2\/product_brand?post=79428"},{"taxonomy":"product_cat","embeddable":true,"href":"https:\/\/soydeaqui.ddns.net\/pachuca\/index.php\/wp-json\/wp\/v2\/product_cat?post=79428"},{"taxonomy":"product_tag","embeddable":true,"href":"https:\/\/soydeaqui.ddns.net\/pachuca\/index.php\/wp-json\/wp\/v2\/product_tag?post=79428"}],"curies":[{"name":"wp","href":"https:\/\/api.w.org\/{rel}","templated":true}]}}