{"id":79426,"date":"2026-03-19T17:22:14","date_gmt":"2026-03-19T17:22:14","guid":{"rendered":"https:\/\/soydeaqui.ddns.net\/pachuca\/index.php\/producto\/tarjeta-mini-pci-express-inalambrica-de-doble-canal-en-5ghz-a-n-ac-hasta-27dbm-de-potencia\/"},"modified":"2026-03-19T17:22:16","modified_gmt":"2026-03-19T17:22:16","slug":"tarjeta-mini-pci-express-inalambrica-de-doble-canal-en-5ghz-a-n-ac-hasta-27dbm-de-potencia","status":"publish","type":"product","link":"https:\/\/soydeaqui.ddns.net\/pachuca\/index.php\/producto\/tarjeta-mini-pci-express-inalambrica-de-doble-canal-en-5ghz-a-n-ac-hasta-27dbm-de-potencia\/","title":{"rendered":"Tarjeta  Mini-PCI-Express inal\u00e1mbrica de doble canal  en 5GHz a\/n\/ac, Hasta 27dBm de potencia."},"content":{"rendered":"<div style='width: 100%; max-width: 1200px; margin: 0 auto; font-family: sans-serif; line-height: 1.6; color: inherit; background-color: transparent;'> <!-- Secci\u00f3n de descripci\u00f3n --> <\/p>\n<div style='margin-bottom: 30px;'>\n<h3 style='font-size: 22px; border-bottom: 2px solid currentColor; padding-bottom: 5px; margin-top: 0; color: inherit; opacity: 0.8;'>Descripci\u00f3n<\/h3>\n<p style='font-size: 16px; color: inherit; margin-top: 15px; margin-bottom: 15px;'>R11e-5HacD es nuestra nueva tarjeta 802.11ac en formato Mini-PCI-Express&comma; perfecta para cualquier RouterBOARD con ranura MiniPCIe&comma; como RB953&comma; RB912&comma; RB922&comma; RB800 o dispositivos x86 con RouterOS.<\/p>\n<p style='font-size: 16px; color: inherit; margin-top: 15px; margin-bottom: 15px;'>La tarjeta cuenta con indicadores LED incorporados para el modo inal\u00e1mbrico&comma; estado de la conexi\u00f3n (conectado&comma; buscando&comma; deshabilitado)&comma; actividad TX y RX y potencia de la se\u00f1al inal\u00e1mbrica.<\/p>\n<\/p><\/div>\n<p> <!-- Secci\u00f3n de im\u00e1genes --> <\/p>\n<div style='display: flex; flex-wrap: wrap; gap: 20px; margin-bottom: 30px; justify-content: center;'> <img style='width: 100%; max-width: 302px; height: auto; border: 1px solid rgba(150&comma;150&comma;150&comma;0.3); border-radius: 8px;' src='https:\/\/ftp3.syscom.mx\/usuarios\/fotos\/CCR10097G1C1S+PC\/137052-garantia1.png' alt=''> <img style='width: 100%; max-width: 250px; height: auto; border: 1px solid rgba(150&comma;150&comma;150&comma;0.3); border-radius: 8px;' src='https:\/\/i.mt.lv\/cdn\/rb_images\/981_l.jpg' alt=''> <\/div>\n<p> <!-- Secci\u00f3n de especificaciones --> <\/p>\n<div style='display: flex; flex-wrap: wrap; gap: 30px; margin-bottom: 30px;'>\n<div style='flex: 1 1 300px; min-width: 280px;'>\n<h3 style='font-size: 22px; border-bottom: 2px solid currentColor; padding-bottom: 5px; margin-top: 0; color: inherit; opacity: 0.8;'>Especificaciones del producto<\/h3>\n<ul style='padding-left: 20px; font-size: 15px; color: inherit; list-style-type: none; margin: 0; padding: 0;'>\n<li style='margin-bottom: 8px; padding: 8px 12px; background-color: rgba(150&comma;150&comma;150&comma;0.05); border-radius: 6px;'><strong>C\u00f3digo de producto:<\/strong> R11e-5HacD<\/li>\n<li style='margin-bottom: 8px; padding: 8px 12px; background-color: rgba(150&comma;150&comma;150&comma;0.05); border-radius: 6px;'><strong>Banda 5 GHz:<\/strong> S\u00ed<\/li>\n<li style='margin-bottom: 8px; padding: 8px 12px; background-color: rgba(150&comma;150&comma;150&comma;0.05); border-radius: 6px;'><strong>Conectores de antena:<\/strong> 2<\/li>\n<li style='margin-bottom: 8px; padding: 8px 12px; background-color: rgba(150&comma;150&comma;150&comma;0.05); border-radius: 6px;'><strong>Chipset:<\/strong> QCA9882<\/li>\n<li style='margin-bottom: 8px; padding: 8px 12px; background-color: rgba(150&comma;150&comma;150&comma;0.05); border-radius: 6px;'><strong>Conector:<\/strong> 2x MMCX<\/li>\n<li style='margin-bottom: 8px; padding: 8px 12px; background-color: rgba(150&comma;150&comma;150&comma;0.05); border-radius: 6px;'><strong>Formato:<\/strong> miniPCI-e<\/li>\n<li style='margin-bottom: 8px; padding: 8px 12px; background-color: rgba(150&comma;150&comma;150&comma;0.05); border-radius: 6px;'><strong>Consumo m\u00e1ximo:<\/strong> 4W<\/li>\n<li style='margin-bottom: 8px; padding: 8px 12px; background-color: rgba(150&comma;150&comma;150&comma;0.05); border-radius: 6px;'><strong>Temperatura de funcionamiento:<\/strong> Iniciando -5\u00b0C a +65\u00b0C; Funcionamiento -40\u00b0C a +65\u00b0C<\/li>\n<li style='margin-bottom: 8px; padding: 8px 12px; background-color: rgba(150&comma;150&comma;150&comma;0.05); border-radius: 6px;'><strong>Potencia de salida:<\/strong> 27dBm<\/li>\n<li style='margin-bottom: 8px; padding: 8px 12px; background-color: rgba(150&comma;150&comma;150&comma;0.05); border-radius: 6px;'><strong>Tama\u00f1o de la RAM:<\/strong> 0 KB<\/li>\n<li style='margin-bottom: 8px; padding: 8px 12px; background-color: rgba(150&comma;150&comma;150&comma;0.05); border-radius: 6px;'><strong>Tama\u00f1o de almacenamiento:<\/strong> 4 KB<\/li>\n<li style='margin-bottom: 8px; padding: 8px 12px; background-color: rgba(150&comma;150&comma;150&comma;0.05); border-radius: 6px;'><strong>Tipo de almacenamiento:<\/strong> FLASH<\/li>\n<li style='margin-bottom: 8px; padding: 8px 12px; background-color: rgba(150&comma;150&comma;150&comma;0.05); border-radius: 6px;'><strong>Est\u00e1ndares inal\u00e1mbricos:<\/strong> 802.11a \/ n \/ ac<\/li>\n<\/ul><\/div>\n<p> <!-- Secci\u00f3n de especificaciones inal\u00e1mbricas --> <\/p>\n<div style='flex: 1 1 300px; min-width: 280px;'>\n<h3 style='font-size: 22px; border-bottom: 2px solid currentColor; padding-bottom: 5px; margin-top: 0; color: inherit; opacity: 0.8;'>Especificaciones inal\u00e1mbricas<\/h3>\n<div style='border: 1px solid rgba(150&comma;150&comma;150&comma;0.3); border-radius: 8px; overflow: hidden;'>\n<div style='display: grid; grid-template-columns: 1fr 1fr 1fr; background-color: rgba(150&comma;150&comma;150&comma;0.1); padding: 10px; font-weight: bold; color: inherit;'>\n<div style='padding: 8px;'>5 GHz<\/div>\n<div style='padding: 8px;'>Transmitir (dBm)<\/div>\n<div style='padding: 8px;'>Recibir sensibilidad<\/div>\n<\/p><\/div>\n<div style='display: grid; grid-template-columns: 1fr 1fr 1fr; padding: 10px; border-bottom: 1px solid rgba(150&comma;150&comma;150&comma;0.1);'>\n<div style='padding: 8px;'>6MBit \/ s<\/div>\n<div style='padding: 8px;'>27<\/div>\n<div style='padding: 8px;'>-96<\/div>\n<\/p><\/div>\n<div style='display: grid; grid-template-columns: 1fr 1fr 1fr; padding: 10px; border-bottom: 1px solid rgba(150&comma;150&comma;150&comma;0.1); background-color: rgba(150&comma;150&comma;150&comma;0.05);'>\n<div style='padding: 8px;'>54MBit \/ s<\/div>\n<div style='padding: 8px;'>23<\/div>\n<div style='padding: 8px;'>-81<\/div>\n<\/p><\/div>\n<div style='display: grid; grid-template-columns: 1fr 1fr 1fr; padding: 10px; border-bottom: 1px solid rgba(150&comma;150&comma;150&comma;0.1);'>\n<div style='padding: 8px;'>MCS0<\/div>\n<div style='padding: 8px;'>26<\/div>\n<div style='padding: 8px;'>-96<\/div>\n<\/p><\/div>\n<div style='display: grid; grid-template-columns: 1fr 1fr 1fr; padding: 10px; border-bottom: 1px solid rgba(150&comma;150&comma;150&comma;0.1); background-color: rgba(150&comma;150&comma;150&comma;0.05);'>\n<div style='padding: 8px;'>MCS7<\/div>\n<div style='padding: 8px;'>23<\/div>\n<div style='padding: 8px;'>-77<\/div>\n<\/p><\/div>\n<div style='display: grid; grid-template-columns: 1fr 1fr 1fr; padding: 10px; border-bottom: 1px solid rgba(150&comma;150&comma;150&comma;0.1);'>\n<div style='padding: 8px;'>MCS9<\/div>\n<div style='padding: 8px;'>19<\/div>\n<div style='padding: 8px;'>-72<\/div>\n<\/p><\/div>\n<\/p><\/div>\n<\/p><\/div>\n<\/p><\/div>\n<p> <!-- Separador --> <\/p>\n<hr style='border: 0; border-top: 1px solid rgba(150&comma; 150&comma; 150&comma; 0.3); margin: 30px 0;'> <\/div>\n","protected":false},"excerpt":{"rendered":"<p>Tarjeta  Mini-PCI-Express inal\u00e1mbrica de doble canal  en 5GHz a\/n\/ac, Hasta 27dBm de potencia.<\/p>\n","protected":false},"featured_media":79425,"comment_status":"open","ping_status":"closed","template":"","meta":[],"product_brand":[],"product_cat":[1998],"product_tag":[1999,1980,643],"class_list":{"0":"post-79426","1":"product","2":"type-product","3":"status-publish","4":"has-post-thumbnail","6":"product_cat-5-y-6-ghz","7":"product_tag-5-y-6-ghz","8":"product_tag-enlaces-ptp-y-ptmp","9":"product_tag-mikrotik","11":"first","12":"outofstock","13":"sale","14":"shipping-taxable","15":"purchasable","16":"product-type-simple"},"_links":{"self":[{"href":"https:\/\/soydeaqui.ddns.net\/pachuca\/index.php\/wp-json\/wp\/v2\/product\/79426","targetHints":{"allow":["GET"]}}],"collection":[{"href":"https:\/\/soydeaqui.ddns.net\/pachuca\/index.php\/wp-json\/wp\/v2\/product"}],"about":[{"href":"https:\/\/soydeaqui.ddns.net\/pachuca\/index.php\/wp-json\/wp\/v2\/types\/product"}],"replies":[{"embeddable":true,"href":"https:\/\/soydeaqui.ddns.net\/pachuca\/index.php\/wp-json\/wp\/v2\/comments?post=79426"}],"wp:featuredmedia":[{"embeddable":true,"href":"https:\/\/soydeaqui.ddns.net\/pachuca\/index.php\/wp-json\/wp\/v2\/media\/79425"}],"wp:attachment":[{"href":"https:\/\/soydeaqui.ddns.net\/pachuca\/index.php\/wp-json\/wp\/v2\/media?parent=79426"}],"wp:term":[{"taxonomy":"product_brand","embeddable":true,"href":"https:\/\/soydeaqui.ddns.net\/pachuca\/index.php\/wp-json\/wp\/v2\/product_brand?post=79426"},{"taxonomy":"product_cat","embeddable":true,"href":"https:\/\/soydeaqui.ddns.net\/pachuca\/index.php\/wp-json\/wp\/v2\/product_cat?post=79426"},{"taxonomy":"product_tag","embeddable":true,"href":"https:\/\/soydeaqui.ddns.net\/pachuca\/index.php\/wp-json\/wp\/v2\/product_tag?post=79426"}],"curies":[{"name":"wp","href":"https:\/\/api.w.org\/{rel}","templated":true}]}}