{"id":79422,"date":"2026-03-19T17:22:03","date_gmt":"2026-03-19T17:22:03","guid":{"rendered":"https:\/\/soydeaqui.ddns.net\/pachuca\/index.php\/producto\/tarjeta-cpu-doble-nucleo-a-800mhz-ranura-minipcie-para-un-modulo-inalambrico-de-su-eleccion-y-ranura-sim-incluida\/"},"modified":"2026-03-19T17:22:05","modified_gmt":"2026-03-19T17:22:05","slug":"tarjeta-cpu-doble-nucleo-a-800mhz-ranura-minipcie-para-un-modulo-inalambrico-de-su-eleccion-y-ranura-sim-incluida","status":"publish","type":"product","link":"https:\/\/soydeaqui.ddns.net\/pachuca\/index.php\/producto\/tarjeta-cpu-doble-nucleo-a-800mhz-ranura-minipcie-para-un-modulo-inalambrico-de-su-eleccion-y-ranura-sim-incluida\/","title":{"rendered":"Tarjeta CPU doble n\u00facleo a 800MHz, ranura miniPCIe para un m\u00f3dulo inal\u00e1mbrico de su elecci\u00f3n y ranura SIM incluida."},"content":{"rendered":"<div style='width: 100%; max-width: 1200px; margin: 0 auto; font-family: sans-serif; line-height: 1.6; color: inherit; background-color: transparent;'> <!-- Descripci\u00f3n --> <\/p>\n<div style='margin-bottom: 30px; font-size: 18px;'>\n<p>El <strong>RBM11G<\/strong> es un dispositivo RouterBOARD con todas las funciones&comma; perfecto para utilizar con su propio gabinete o crear una soluci\u00f3n personalizada. Utiliza la misma PCB cuadrada y orificios de montaje que sus predecesores; simplemente puede cambiar los modelos anteriores con el nuevo RBM11G.<\/p>\n<p>El M11 presenta una nueva CPU MediaTek de <strong>doble n\u00facleo<\/strong> que funciona a 880MHz&comma; una ranura miniPCIe para usar con un m\u00f3dulo WiFi de su elecci\u00f3n&comma; o con un m\u00f3dulo 3G \/ LTE (ranura SIM incluida). El dispositivo puede ser alimentado por PoE a trav\u00e9s de su conector de ethernet gigabit o mediante el conector de alimentaci\u00f3n de CC.<\/p>\n<\/p><\/div>\n<p> <!-- Imagen destacada --> <\/p>\n<div style='margin-bottom: 30px;'> <img style='width: 100%; height: auto; border: 1px solid rgba(150&comma;150&comma;150&comma;0.3); border-radius: 8px;' src='https:\/\/rfelements.com\/assets\/Uploads\/P1090406.jpg' alt='P1090406'> <\/p>\n<h3 style='font-size: 22px; border-bottom: 2px solid currentColor; padding-bottom: 5px; margin-top: 25px; margin-bottom: 15px; color: inherit; opacity: 0.8;'>Caracter\u00edsticas<\/h3>\n<\/p><\/div>\n<p> <!-- Especificaciones principales --> <\/p>\n<div style='display: flex; flex-wrap: wrap; gap: 20px; margin-bottom: 30px;'>\n<div style='flex: 1 1 250px; border: 1px solid rgba(150&comma; 150&comma; 150&comma; 0.4); border-radius: 8px; overflow: hidden; display: flex; flex-direction: column;'>\n<div style='padding: 15px; border-bottom: 1px solid rgba(150&comma; 150&comma; 150&comma; 0.2); font-weight: bold; font-size: 18px; color: inherit;'>Especificaciones<\/div>\n<div style='padding: 15px; color: inherit;'>\n<ul style='padding-left: 20px; margin: 0; font-size: 14px; list-style-type: disc;'>\n<li style='margin-bottom: 5px;'><strong>C\u00f3digo de producto:<\/strong> RBM11G<\/li>\n<li style='margin-bottom: 5px;'><strong>Arquitectura:<\/strong> MMIPS<\/li>\n<li style='margin-bottom: 5px;'><strong>UPC:<\/strong> MT7621A<\/li>\n<li style='margin-bottom: 5px;'><strong>Recuento de CPU:<\/strong> 2<\/li>\n<li style='margin-bottom: 5px;'><strong>Frecuencia CPU:<\/strong> 880 MHz<\/li>\n<li style='margin-bottom: 5px;'><strong>Subprocesos CPU:<\/strong> 4<\/li>\n<li style='margin-bottom: 5px;'><strong>Dimensiones:<\/strong> 105 x 110 mm<\/li>\n<li style='margin-bottom: 5px;'><strong>Nivel de licencia:<\/strong> 4<\/li>\n<li style='margin-bottom: 5px;'><strong>Sistema operativo:<\/strong> RouterOS<\/li>\n<li style='margin-bottom: 5px;'><strong>RAM:<\/strong> 256 MB<\/li>\n<li style='margin-bottom: 5px;'><strong>Almacenamiento:<\/strong> 16 MB<\/li>\n<li style='margin-bottom: 5px;'><strong>Tipo de almacenamiento:<\/strong> FLASH<\/li>\n<li style='margin-bottom: 5px;'><strong>Temperatura operaci\u00f3n:<\/strong> -40 \u00b0C a +70 \u00b0C<\/li>\n<li style='margin-bottom: 5px;'><strong>Precio sugerido:<\/strong> $39.00<\/li>\n<\/ul><\/div>\n<\/p><\/div>\n<div style='flex: 1 1 250px; border: 1px solid rgba(150&comma; 150&comma; 150&comma; 0.4); border-radius: 8px; overflow: hidden; display: flex; flex-direction: column;'>\n<div style='padding: 15px; border-bottom: 1px solid rgba(150&comma; 150&comma; 150&comma; 0.2); font-weight: bold; font-size: 18px; color: inherit;'>Alimentaci\u00f3n<\/div>\n<div style='padding: 15px; color: inherit;'>\n<ul style='padding-left: 20px; margin: 0; font-size: 14px; list-style-type: disc;'>\n<li style='margin-bottom: 5px;'><strong>Consumo m\u00e1ximo:<\/strong> 11W<\/li>\n<li style='margin-bottom: 5px;'><strong>PoE entrada:<\/strong> Pasivo PoE<\/li>\n<li style='margin-bottom: 5px;'><strong>Voltaje PoE:<\/strong> 10-30 V<\/li>\n<li style='margin-bottom: 5px;'><strong>Entradas CC:<\/strong> 2 (toma de CC&comma; PoE-IN)<\/li>\n<li style='margin-bottom: 5px;'><strong>Voltaje entrada CC:<\/strong> 10-30 V<\/li>\n<\/ul><\/div>\n<\/p><\/div>\n<div style='flex: 1 1 250px; border: 1px solid rgba(150&comma; 150&comma; 150&comma; 0.4); border-radius: 8px; overflow: hidden; display: flex; flex-direction: column;'>\n<div style='padding: 15px; border-bottom: 1px solid rgba(150&comma; 150&comma; 150&comma; 0.2); font-weight: bold; font-size: 18px; color: inherit;'>Ethernet<\/div>\n<div style='padding: 15px; color: inherit;'>\n<ul style='padding-left: 20px; margin: 0; font-size: 14px; list-style-type: disc;'>\n<li style='margin-bottom: 5px;'><strong>Puertos:<\/strong> 1<\/li>\n<li style='margin-bottom: 5px;'><strong>Velocidad:<\/strong> 10\/100\/1000<\/li>\n<\/ul><\/div>\n<\/p><\/div>\n<\/p><\/div>\n<p> <!-- Imagen garant\u00eda --> <\/p>\n<div style='margin-bottom: 30px;'> <img style='width: 100%; height: auto; border: 1px solid rgba(150&comma;150&comma;150&comma;0.3); border-radius: 8px;' src='https:\/\/ftp3.syscom.mx\/usuarios\/fotos\/CCR10097G1C1S+PC\/137052-garantia1.png' alt=''> <\/div>\n<p> <!-- Video YouTube --> <\/p>\n<div style='position: relative; padding-bottom: 56.25%; height: 0; overflow: hidden; margin-bottom: 30px;'>   <\/div>\n<\/p><\/div>\n","protected":false},"excerpt":{"rendered":"<p>Tarjeta CPU doble n\u00facleo a 800MHz, ranura miniPCIe para un m\u00f3dulo inal\u00e1mbrico de su elecci\u00f3n y ranura SIM incluida.<\/p>\n","protected":false},"featured_media":79421,"comment_status":"open","ping_status":"closed","template":"","meta":[],"product_brand":[],"product_cat":[1998],"product_tag":[1999,1980,643],"class_list":{"0":"post-79422","1":"product","2":"type-product","3":"status-publish","4":"has-post-thumbnail","6":"product_cat-5-y-6-ghz","7":"product_tag-5-y-6-ghz","8":"product_tag-enlaces-ptp-y-ptmp","9":"product_tag-mikrotik","11":"first","12":"outofstock","13":"sale","14":"shipping-taxable","15":"purchasable","16":"product-type-simple"},"_links":{"self":[{"href":"https:\/\/soydeaqui.ddns.net\/pachuca\/index.php\/wp-json\/wp\/v2\/product\/79422","targetHints":{"allow":["GET"]}}],"collection":[{"href":"https:\/\/soydeaqui.ddns.net\/pachuca\/index.php\/wp-json\/wp\/v2\/product"}],"about":[{"href":"https:\/\/soydeaqui.ddns.net\/pachuca\/index.php\/wp-json\/wp\/v2\/types\/product"}],"replies":[{"embeddable":true,"href":"https:\/\/soydeaqui.ddns.net\/pachuca\/index.php\/wp-json\/wp\/v2\/comments?post=79422"}],"wp:featuredmedia":[{"embeddable":true,"href":"https:\/\/soydeaqui.ddns.net\/pachuca\/index.php\/wp-json\/wp\/v2\/media\/79421"}],"wp:attachment":[{"href":"https:\/\/soydeaqui.ddns.net\/pachuca\/index.php\/wp-json\/wp\/v2\/media?parent=79422"}],"wp:term":[{"taxonomy":"product_brand","embeddable":true,"href":"https:\/\/soydeaqui.ddns.net\/pachuca\/index.php\/wp-json\/wp\/v2\/product_brand?post=79422"},{"taxonomy":"product_cat","embeddable":true,"href":"https:\/\/soydeaqui.ddns.net\/pachuca\/index.php\/wp-json\/wp\/v2\/product_cat?post=79422"},{"taxonomy":"product_tag","embeddable":true,"href":"https:\/\/soydeaqui.ddns.net\/pachuca\/index.php\/wp-json\/wp\/v2\/product_tag?post=79422"}],"curies":[{"name":"wp","href":"https:\/\/api.w.org\/{rel}","templated":true}]}}