{"id":79396,"date":"2026-03-19T17:20:53","date_gmt":"2026-03-19T17:20:53","guid":{"rendered":"https:\/\/soydeaqui.ddns.net\/pachuca\/index.php\/producto\/antena-direccional-de-alto-rendimiento-32-dbi-3-ft-5-9-6-6-ghz-conectores-sma-hembra-inverso-alto-aislamiento-al-ruido-facil-montaje-con-radomo-incluido\/"},"modified":"2026-03-19T17:21:17","modified_gmt":"2026-03-19T17:21:17","slug":"antena-direccional-de-alto-rendimiento-32-dbi-3-ft-5-9-6-6-ghz-conectores-sma-hembra-inverso-alto-aislamiento-al-ruido-facil-montaje-con-radomo-incluido","status":"publish","type":"product","link":"https:\/\/soydeaqui.ddns.net\/pachuca\/index.php\/producto\/antena-direccional-de-alto-rendimiento-32-dbi-3-ft-5-9-6-6-ghz-conectores-sma-hembra-inverso-alto-aislamiento-al-ruido-facil-montaje-con-radomo-incluido\/","title":{"rendered":"Antena Direccional de Alto Rendimiento \/ 32 dBi \/ 3 ft \/ 5.9-6.6 GHz \/ Conectores SMA Hembra Inverso \/ Alto Aislamiento al Ruido \/ F\u00e1cil Montaje con Radomo Incluido"},"content":{"rendered":"<div style='width: 100%; max-width: 1200px; margin: 0 auto; font-family: sans-serif; line-height: 1.6; color: inherit; background-color: transparent;'>\n<div style='display: flex; flex-wrap: wrap; gap: 30px; margin-bottom: 30px;'>\n<div style='flex: 1 1 300px; min-width: 280px;'>\n<h3 style='font-size: 22px; border-bottom: 2px solid currentColor; padding-bottom: 5px; margin-top: 0; color: inherit; opacity: 0.8;'>Especificaciones Generales<\/h3>\n<ul style='padding-left: 20px; font-size: 15px; color: inherit;'>\n<li style='margin-bottom: 5px;'>Medida: 0.9 m (3 ft).<\/li>\n<li style='margin-bottom: 5px;'>Polarizaci\u00f3n: Doble V\/H.<\/li>\n<li style='margin-bottom: 5px;'>Conectores: SMA Hembra Inverso (x2).<\/li>\n<li style='margin-bottom: 5px; font-weight: bold;'>Frecuencia: 5.9 \u2013 6.6 GHz.<\/li>\n<li style='margin-bottom: 5px;'>Ancho de haz: 3.4 \u00b0.<\/li>\n<li style='margin-bottom: 5px; font-weight: bold;'>Front to Back Ratio (F\/B): \u2265 47 dB.<\/li>\n<li style='margin-bottom: 5px; font-weight: bold;'>Ganancia: 32 dBi.<\/li>\n<li style='margin-bottom: 5px;'>VSWR: < 1.5<\/li>\n<li style='margin-bottom: 5px; font-weight: bold;'>Peso neto: 8.3 kg.<\/li>\n<li style='margin-bottom: 5px;'>Velocidad de resistencia al viento operacional: 140 km\/h.<\/li>\n<li style='margin-bottom: 5px;'>Velocidad de sobre vivencia al viento: 210 km\/h.<\/li>\n<\/ul><\/div>\n<\/p><\/div>\n<div style='width: 100%; margin: 30px 0;'> <img style='width: 100%; height: auto; border: 1px solid rgba(150&comma;150&comma;150&comma;0.3); border-radius: 8px;' src='https:\/\/ftp3.syscom.mx\/usuarios\/ftp\/single_page\/jirous\/header2.jpg' alt=''> <\/div>\n<div style='margin: 30px 0;'>\n<h2 style='font-size: 24px; text-align: center; color: inherit; margin-bottom: 20px;'>Antenas Backhaul de Alta Gama para Enlaces PTP<\/h2>\n<div style='border: 1px solid rgba(150&comma;150&comma;150&comma;0.3); border-radius: 8px; padding: 15px; background-color: rgba(200&comma;200&comma;200&comma;0.1);'>\n<p style='font-size: 15px; color: inherit; margin: 0;'>Antenas de alta gama en backhaul&comma; dise\u00f1adas con material de s\u00faper alta calidad para trabajar en las condiciones m\u00e1s dif\u00edciles&comma; saturaci\u00f3n de ruido o ambiente salino. Dise\u00f1o de frecuencia extendida de 4.9 a 6.1 y 11 GHz.<\/p>\n<\/p><\/div>\n<\/p><\/div>\n<div style='margin: 30px 0;'>\n<div style='width: 100%; border-bottom: 4px solid rgba(1&comma; 78&comma; 148&comma; 0.6); margin-bottom: 20px;'><\/div>\n<h2 style='font-size: 22px; text-align: center; color: inherit; margin-bottom: 20px;'>Enlaces Punto a Punto<\/h2>\n<div style='width: 100%; margin: 20px 0;'> <img style='width: 100%; height: auto; border: 1px solid rgba(150&comma;150&comma;150&comma;0.3); border-radius: 8px;' src='https:\/\/ftp3.syscom.mx\/usuarios\/ftp\/single_page\/jirous\/ciudad1.jpg' alt=''> <\/div>\n<p style='margin-bottom: 15px;'>Enlaces punto a punto de 24&comma; 29&comma; 32&comma; 35 dBi para distancias desde 10 hasta 100 km&comma; en frecuencia de 4.9 hasta 6.1 GHz<\/p>\n<p style='margin-bottom: 15px;'>Antenas PTP de plato hondo dise\u00f1ada para enlaces robustos de alta capacidad y para evitar la interferencia en el ambiente&comma; ideal para el paso de internet&comma; datos&comma; telefon\u00eda IP o video vigilancia en diferentes sectores a distancia de 1 hasta 100 km<\/p>\n<\/p><\/div>\n<div style='margin: 30px 0;'>\n<div style='display: grid; grid-template-columns: 1fr; gap: 20px; align-items: stretch;'>\n<div style='width: 100%; border-bottom: 4px solid rgba(1&comma; 78&comma; 148&comma; 0.6); margin-bottom: 20px;'><\/div>\n<div style='display: grid; grid-template-columns: repeat(auto-fit&comma; minmax(280px&comma; 1fr)); gap: 20px;'>\n<div style='border: 1px solid rgba(150&comma;150&comma;150&comma;0.3); border-radius: 8px; overflow: hidden; display: flex; flex-direction: column;'> <img style='width: 100%; height: auto; border-bottom: 1px solid rgba(150&comma;150&comma;150&comma;0.3);' src='https:\/\/ftp3.syscom.mx\/usuarios\/ftp\/single_page\/jirous\/platos.jpg' alt=''> <\/p>\n<div style='padding: 15px; color: inherit;'>\n<p style='margin: 0;'>Enlaces punto a punto de 36&comma; 37&comma; 41 dBi para distancias desde 1 hasta 100 km&comma; en frecuencia de 11 GHz.<\/p>\n<\/p><\/div>\n<\/p><\/div>\n<div style='border: 1px solid rgba(150&comma;150&comma;150&comma;0.3); border-radius: 8px; overflow: hidden; display: flex; flex-direction: column;'> <img style='width: 100%; height: auto; border-bottom: 1px solid rgba(150&comma;150&comma;150&comma;0.3);' src='https:\/\/ftp3.syscom.mx\/usuarios\/ftp\/single_page\/jirous\/11ghz.jpg' alt=''> <\/p>\n<div style='padding: 15px; color: inherit;'>\n<p style='margin: 0;'>Antenas PTP dise\u00f1adas para radios B11 y AF11 de plato hondo&comma; para enlaces robustos de alta capacidad superando capacidades de hasta 1 Gbps. Ideales para evitar la interferencia en el ambiente. Su dise\u00f1o y gran montaje ayudan a realizar y enlazar enlaces de 1 hasta 100 km<\/p>\n<\/p><\/div>\n<\/p><\/div>\n<\/p><\/div>\n<\/p><\/div>\n<\/p><\/div>\n<div style='margin: 30px 0;'>\n<div style='width: 100%; border-bottom: 4px solid rgba(1&comma; 78&comma; 148&comma; 0.6); margin-bottom: 20px;'><\/div>\n<h3 style='font-size: 20px; text-align: center; color: inherit; margin-bottom: 20px;'>Accesorios para Antenas<\/h3>\n<p style='margin-bottom: 20px;'>Estabilizador para torre&comma; montaje de acero inoxidable&comma; gabinete NEMA para antena y adaptador para AF11 y antena Jirous.<\/p>\n<div style='display: grid; grid-template-columns: repeat(auto-fit&comma; minmax(150px&comma; 1fr)); gap: 15px;'>\n<div style='border: 1px solid rgba(150&comma;150&comma;150&comma;0.3); border-radius: 8px; overflow: hidden;'> <img style='width: 100%; height: auto;' src='https:\/\/ftp3.syscom.mx\/usuarios\/ftp\/single_page\/jirous\/ACCESRIO1.jpg' alt=''> <\/div>\n<div style='border: 1px solid rgba(150&comma;150&comma;150&comma;0.3); border-radius: 8px; overflow: hidden;'> <img style='width: 100%; height: auto;' src='https:\/\/ftp3.syscom.mx\/usuarios\/ftp\/single_page\/jirous\/ACCESRIO2.jpg' alt=''> <\/div>\n<div style='border: 1px solid rgba(150&comma;150&comma;150&comma;0.3); border-radius: 8px; overflow: hidden;'> <img style='width: 100%; height: auto;' src='https:\/\/ftp3.syscom.mx\/usuarios\/ftp\/single_page\/jirous\/ACCESRIO3.jpg' alt=''> <\/div>\n<div style='border: 1px solid rgba(150&comma;150&comma;150&comma;0.3); border-radius: 8px; overflow: hidden;'> <img style='width: 100%; height: auto;' src='https:\/\/ftp3.syscom.mx\/usuarios\/ftp\/single_page\/jirous\/ACCESRIO4.jpg' alt=''> <\/div>\n<\/p><\/div>\n<\/p><\/div>\n<hr style='border: 0; border-top: 1px solid rgba(150&comma; 150&comma; 150&comma; 0.3); margin: 30px 0;'> <\/div>\n","protected":false},"excerpt":{"rendered":"<p>Antena Direccional de Alto Rendimiento \/ 32 dBi \/ 3 ft \/ 5.9-6.6 GHz \/ Conectores SMA Hembra Inverso \/ Alto Aislamiento al Ruido \/ F\u00e1cil Montaje con Radomo Incluido<\/p>\n","protected":false},"featured_media":79395,"comment_status":"open","ping_status":"closed","template":"","meta":[],"product_brand":[],"product_cat":[1918],"product_tag":[1404,1919,1936],"class_list":{"0":"post-79396","1":"product","2":"type-product","3":"status-publish","4":"has-post-thumbnail","6":"product_cat-direccionales","7":"product_tag-antenas","8":"product_tag-direccionales","9":"product_tag-jirous","11":"first","12":"outofstock","13":"sale","14":"shipping-taxable","15":"purchasable","16":"product-type-simple"},"_links":{"self":[{"href":"https:\/\/soydeaqui.ddns.net\/pachuca\/index.php\/wp-json\/wp\/v2\/product\/79396","targetHints":{"allow":["GET"]}}],"collection":[{"href":"https:\/\/soydeaqui.ddns.net\/pachuca\/index.php\/wp-json\/wp\/v2\/product"}],"about":[{"href":"https:\/\/soydeaqui.ddns.net\/pachuca\/index.php\/wp-json\/wp\/v2\/types\/product"}],"replies":[{"embeddable":true,"href":"https:\/\/soydeaqui.ddns.net\/pachuca\/index.php\/wp-json\/wp\/v2\/comments?post=79396"}],"wp:featuredmedia":[{"embeddable":true,"href":"https:\/\/soydeaqui.ddns.net\/pachuca\/index.php\/wp-json\/wp\/v2\/media\/79395"}],"wp:attachment":[{"href":"https:\/\/soydeaqui.ddns.net\/pachuca\/index.php\/wp-json\/wp\/v2\/media?parent=79396"}],"wp:term":[{"taxonomy":"product_brand","embeddable":true,"href":"https:\/\/soydeaqui.ddns.net\/pachuca\/index.php\/wp-json\/wp\/v2\/product_brand?post=79396"},{"taxonomy":"product_cat","embeddable":true,"href":"https:\/\/soydeaqui.ddns.net\/pachuca\/index.php\/wp-json\/wp\/v2\/product_cat?post=79396"},{"taxonomy":"product_tag","embeddable":true,"href":"https:\/\/soydeaqui.ddns.net\/pachuca\/index.php\/wp-json\/wp\/v2\/product_tag?post=79396"}],"curies":[{"name":"wp","href":"https:\/\/api.w.org\/{rel}","templated":true}]}}