{"id":79387,"date":"2026-03-19T17:20:30","date_gmt":"2026-03-19T17:20:30","guid":{"rendered":"https:\/\/soydeaqui.ddns.net\/pachuca\/index.php\/producto\/radomo-aislante-para-alta-inmunidad-al-ruido-para-antenas-rd-5g-34-y-af-5g34-s45-incluye-blindaje-para-radios-rocket-y-af-5x\/"},"modified":"2026-03-19T17:20:40","modified_gmt":"2026-03-19T17:20:40","slug":"radomo-aislante-para-alta-inmunidad-al-ruido-para-antenas-rd-5g-34-y-af-5g34-s45-incluye-blindaje-para-radios-rocket-y-af-5x","status":"publish","type":"product","link":"https:\/\/soydeaqui.ddns.net\/pachuca\/index.php\/producto\/radomo-aislante-para-alta-inmunidad-al-ruido-para-antenas-rd-5g-34-y-af-5g34-s45-incluye-blindaje-para-radios-rocket-y-af-5x\/","title":{"rendered":"Radomo aislante para alta inmunidad al ruido para antenas RD-5G-34 y AF-5G34-S45 incluye blindaje para radios Rocket y AF-5X"},"content":{"rendered":"<div style='width: 100%; max-width: 1200px; margin: 0 auto; font-family: sans-serif; line-height: 1.6; color: inherit;'>\n<div style='display: flex; flex-wrap: wrap; gap: 30px; margin-bottom: 30px;'>\n<div style='flex: 1 1 300px; min-width: 280px;'>\n<h3 style='font-size: 22px; border-bottom: 2px solid currentColor; padding-bottom: 5px; margin-top: 0; color: inherit; opacity: 0.8;'>Antenas compatibles<\/h3>\n<ul style='padding-left: 20px; font-size: 15px; color: inherit;'>\n<li style='margin-bottom: 5px;'>RD-5G-34 (5 GHz&comma; 34 dBi)<\/li>\n<li style='margin-bottom: 5px;'>AF-5G-34-S45 (5 GHz&comma; 34 dBi)<\/li>\n<\/ul><\/div>\n<\/p><\/div>\n<div style='display: flex; flex-wrap: wrap; gap: 30px; margin-bottom: 30px;'>\n<div style='flex: 1 1 300px; min-width: 280px;'>\n<h3 style='font-size: 22px; border-bottom: 2px solid currentColor; padding-bottom: 5px; margin-top: 0; color: inherit; opacity: 0.8;'>Caracter\u00edsticas<\/h3>\n<ul style='padding-left: 20px; font-size: 15px; color: inherit;'>\n<li style='margin-bottom: 5px;'>Construcci\u00f3n en aluminio para instalaciones marinas<\/li>\n<li style='margin-bottom: 5px;'>Material de poliestireno estabilizado UV<\/li>\n<li style='margin-bottom: 5px;'>Reducci\u00f3n de energ\u00eda de radiofrecuencia no deseada<\/li>\n<li style='margin-bottom: 5px;'>Disminuye niveles de ruido y carga de viento<\/li>\n<li style='margin-bottom: 5px;'>Soporta vientos hasta 161 km\/h y acumulaci\u00f3n de hielo<\/li>\n<li style='margin-bottom: 5px;'>Mejora la calidad de se\u00f1al y reducci\u00f3n de ca\u00eddas de enlace<\/li>\n<li style='margin-bottom: 5px;'>Permite mayor densidad de radios en torres<\/li>\n<\/ul><\/div>\n<\/p><\/div>\n<div style='display: flex; flex-wrap: wrap; gap: 30px; margin-bottom: 30px;'>\n<div style='flex: 1 1 300px; min-width: 280px;'>\n<h3 style='font-size: 22px; border-bottom: 2px solid currentColor; padding-bottom: 5px; margin-top: 0; color: inherit; opacity: 0.8;'>Contenido del kit<\/h3>\n<p style='font-size: 15px; color: inherit;'>Incluye todos los componentes necesarios para instalaci\u00f3n<\/p>\n<p style='font-size: 14px; color: inherit; opacity: 0.8;'><em>*Kit no incluye radio y antena&comma; las im\u00e1genes son \u00fanicamente demostrativas.<\/em><\/p>\n<\/p><\/div>\n<\/p><\/div>\n<div style='display: flex; flex-wrap: wrap; gap: 20px; margin-bottom: 30px; justify-content: center;'>\n<div style='flex: 1 1 300px; max-width: 400px;'> <img style='width: 100%; height: auto; border: 1px solid rgba(150&comma;150&comma;150&comma;0.3); border-radius: 8px;' src='https:\/\/ftp3.syscom.mx\/usuarios\/dquezada\/RF%20Armor\/Fotos%20para%20diseno\/UDK5X\/incluye.JPG' alt='Contenido del kit'> <\/div>\n<div style='flex: 1 1 300px; max-width: 400px;'> <img style='width: 100%; height: auto; border: 1px solid rgba(150&comma;150&comma;150&comma;0.3); border-radius: 8px;' src='https:\/\/ftp3.syscom.mx\/usuarios\/dquezada\/RF%20Armor\/Fotos%20para%20diseno\/UDK5X\/facil%20armado.JPG' alt='F\u00e1cil armado'> <\/div>\n<\/p><\/div>\n<div style='display: flex; flex-wrap: wrap; gap: 20px; margin-bottom: 30px; justify-content: center;'>\n<div style='flex: 1 1 300px; max-width: 400px;'> <img style='width: 100%; height: auto; border: 1px solid rgba(150&comma;150&comma;150&comma;0.3); border-radius: 8px;' src='https:\/\/ftp3.syscom.mx\/usuarios\/dquezada\/RF%20Armor\/Fotos%20para%20diseno\/UDK5X\/ejemplo1.jpg' alt='Material resistente'> <\/div>\n<div style='flex: 1 1 300px; max-width: 400px;'> <img style='width: 100%; height: auto; border: 1px solid rgba(150&comma;150&comma;150&comma;0.3); border-radius: 8px;' src='https:\/\/ftp3.syscom.mx\/usuarios\/dquezada\/RF%20Armor\/Fotos%20para%20diseno\/UDK5X\/ejemplo%202.jpg' alt='Resistencia a condiciones extremas'> <\/div>\n<div style='flex: 1 1 300px; max-width: 400px;'> <img style='width: 100%; height: auto; border: 1px solid rgba(150&comma;150&comma;150&comma;0.3); border-radius: 8px;' src='https:\/\/ftp3.syscom.mx\/usuarios\/dquezada\/Fotos%20para%20diseno\/UDK5X\/ejemplo%203.jpg' alt='Durabilidad'> <\/div>\n<\/p><\/div>\n<hr style='border: 0; border-top: 1px solid rgba(150&comma; 150&comma; 150&comma; 0.3); margin: 30px 0;'> <\/div>\n","protected":false},"excerpt":{"rendered":"<p>Radomo aislante para alta inmunidad al ruido para antenas RD-5G-34 y AF-5G34-S45 incluye blindaje para radios Rocket y AF-5X<\/p>\n","protected":false},"featured_media":79386,"comment_status":"open","ping_status":"closed","template":"","meta":[],"product_brand":[],"product_cat":[1983],"product_tag":[93,1404,2117],"class_list":{"0":"post-79387","1":"product","2":"type-product","3":"status-publish","4":"has-post-thumbnail","6":"product_cat-accesorios-antenas-redes-e-it","7":"product_tag-accesorios","8":"product_tag-antenas","9":"product_tag-rf-armor","11":"first","12":"outofstock","13":"sale","14":"shipping-taxable","15":"purchasable","16":"product-type-simple"},"_links":{"self":[{"href":"https:\/\/soydeaqui.ddns.net\/pachuca\/index.php\/wp-json\/wp\/v2\/product\/79387","targetHints":{"allow":["GET"]}}],"collection":[{"href":"https:\/\/soydeaqui.ddns.net\/pachuca\/index.php\/wp-json\/wp\/v2\/product"}],"about":[{"href":"https:\/\/soydeaqui.ddns.net\/pachuca\/index.php\/wp-json\/wp\/v2\/types\/product"}],"replies":[{"embeddable":true,"href":"https:\/\/soydeaqui.ddns.net\/pachuca\/index.php\/wp-json\/wp\/v2\/comments?post=79387"}],"wp:featuredmedia":[{"embeddable":true,"href":"https:\/\/soydeaqui.ddns.net\/pachuca\/index.php\/wp-json\/wp\/v2\/media\/79386"}],"wp:attachment":[{"href":"https:\/\/soydeaqui.ddns.net\/pachuca\/index.php\/wp-json\/wp\/v2\/media?parent=79387"}],"wp:term":[{"taxonomy":"product_brand","embeddable":true,"href":"https:\/\/soydeaqui.ddns.net\/pachuca\/index.php\/wp-json\/wp\/v2\/product_brand?post=79387"},{"taxonomy":"product_cat","embeddable":true,"href":"https:\/\/soydeaqui.ddns.net\/pachuca\/index.php\/wp-json\/wp\/v2\/product_cat?post=79387"},{"taxonomy":"product_tag","embeddable":true,"href":"https:\/\/soydeaqui.ddns.net\/pachuca\/index.php\/wp-json\/wp\/v2\/product_tag?post=79387"}],"curies":[{"name":"wp","href":"https:\/\/api.w.org\/{rel}","templated":true}]}}