{"id":79372,"date":"2026-03-19T17:19:52","date_gmt":"2026-03-19T17:19:52","guid":{"rendered":"https:\/\/soydeaqui.ddns.net\/pachuca\/index.php\/producto\/sfp-cwdm-module-10g-sm-10km-1550nm-dual-lc-connector-ddm\/"},"modified":"2026-03-19T17:19:54","modified_gmt":"2026-03-19T17:19:54","slug":"sfp-cwdm-module-10g-sm-10km-1550nm-dual-lc-connector-ddm","status":"publish","type":"product","link":"https:\/\/soydeaqui.ddns.net\/pachuca\/index.php\/producto\/sfp-cwdm-module-10g-sm-10km-1550nm-dual-lc-connector-ddm\/","title":{"rendered":"SFP+ CWDM module 10G SM 10km 1550nm Dual LC-connector DDM"},"content":{"rendered":"<div style='width: 100%; max-width: 1200px; margin: 0 auto; font-family: sans-serif; line-height: 1.6; color: inherit; background-color: transparent;'> <!-- Imagen original --> <\/p>\n<div style='width: 100%; margin-bottom: 30px;'> <img style='width: 100%; height: auto; border: 1px solid rgba(150&comma;150&comma;150&comma;0.3); border-radius: 8px;' src='https:\/\/ftp3.syscom.mx\/usuarios\/fotos\/SPLUSC55DLC10D\/162532-s+c55dlc10d.png' alt='SFP+ CWDM module 10G SM 10km 1550nm Dual LC-connector DDM' \/> <\/div>\n<p> <!-- Descripci\u00f3n general --> <\/p>\n<div style='margin-bottom: 30px; font-size: 15px;'>\n<p>Transceptor SFP+ CWDM para transmisi\u00f3n de 10G a 10 km a trav\u00e9s de fibra \u00f3ptica Mono-Modo con conectores LC duplex para TX\/RX<\/p>\n<\/p><\/div>\n<p> <!-- Caracter\u00edsticas principales --> <\/p>\n<div style='display: flex; flex-wrap: wrap; gap: 30px; margin-bottom: 30px;'>\n<div style='flex: 1 1 300px; min-width: 280px;'>\n<h3 style='font-size: 22px; border-bottom: 2px solid currentColor; padding-bottom: 5px; margin-top: 0; color: inherit; opacity: 0.8;'>Caracter\u00edsticas t\u00e9cnicas<\/h3>\n<ul style='padding-left: 20px; font-size: 15px; color: inherit;'>\n<li style='margin-bottom: 5px;'><strong>Tipo:<\/strong> SFP+ CWDM<\/li>\n<li style='margin-bottom: 5px;'><strong>Velocidad:<\/strong> 10G<\/li>\n<li style='margin-bottom: 5px;'><strong>Distancia:<\/strong> 10km<\/li>\n<li style='margin-bottom: 5px;'><strong>Longitud de onda:<\/strong> 1550nm<\/li>\n<li style='margin-bottom: 5px;'><strong>Tipo de fibra:<\/strong> Mono-Modo (SM)<\/li>\n<li style='margin-bottom: 5px;'><strong>Conectores:<\/strong> LC d\u00faplex para TX\/RX<\/li>\n<li style='margin-bottom: 5px;'><strong>DDM:<\/strong> Soporta diagn\u00f3stico digital (Digital Diagnostic Monitoring)<\/li>\n<\/ul><\/div>\n<div style='flex: 1 1 300px; min-width: 280px;'>\n<h3 style='font-size: 22px; border-bottom: 2px solid currentColor; padding-bottom: 5px; margin-top: 0; color: inherit; opacity: 0.8;'>Especificaciones \u00f3pticas<\/h3>\n<ul style='padding-left: 20px; font-size: 15px; color: inherit;'>\n<li style='margin-bottom: 5px;'><strong>Potencia de salida \u00f3ptica:<\/strong> -9 a -4 dBm<\/li>\n<li style='margin-bottom: 5px;'><strong>Sensibilidad de recepci\u00f3n:<\/strong> -14.4 dBm<\/li>\n<li style='margin-bottom: 5px;'><strong>Potencia m\u00e1xima recibida:<\/strong> 0.5 dBm<\/li>\n<li style='margin-bottom: 5px;'><strong>LOS de-assert:<\/strong> -14.4 dBm<\/li>\n<li style='margin-bottom: 5px;'><strong>LOS assert:<\/strong> -30 dBm<\/li>\n<\/ul><\/div>\n<\/p><\/div>\n<p> <!-- Tabla de compatibilidad --> <\/p>\n<div style='margin-bottom: 30px;'>\n<h3 style='font-size: 22px; border-bottom: 2px solid currentColor; padding-bottom: 5px; margin-top: 0; color: inherit; opacity: 0.8; margin-bottom: 15px;'>Compatibilidad<\/h3>\n<ul style='padding-left: 20px; font-size: 15px; color: inherit;'>\n<li style='margin-bottom: 5px;'>Compatible con equipos que soportan est\u00e1ndar SFP+<\/li>\n<li style='margin-bottom: 5px;'>Soporta CWDM (Coarse Wavelength Division Multiplexing)<\/li>\n<li style='margin-bottom: 5px;'>Dise\u00f1ado para aplicaciones de fibra \u00f3ptica en redes de alta densidad<\/li>\n<\/ul><\/div>\n<p> <!-- Especificaciones adicionales --> <\/p>\n<div style='display: flex; flex-wrap: wrap; gap: 20px; margin-bottom: 30px;'>\n<div style='flex: 1 1 250px; border: 1px solid rgba(150&comma; 150&comma; 150&comma; 0.4); border-radius: 8px; overflow: hidden; display: flex; flex-direction: column;'>\n<div style='padding: 15px; border-bottom: 1px solid rgba(150&comma; 150&comma; 150&comma; 0.2); font-weight: bold; font-size: 18px; color: inherit;'>Especificaciones \u00f3pticas<\/div>\n<div style='padding: 15px; color: inherit;'>\n<ul style='padding-left: 20px; margin: 0; font-size: 14px; list-style-type: disc;'>\n<li style='margin-bottom: 5px;'><strong>Potencia de salida \u00f3ptica:<\/strong> -9 a -4 dBm<\/li>\n<li style='margin-bottom: 5px;'><strong>Sensibilidad de recepci\u00f3n:<\/strong> -14.4 dBm<\/li>\n<li style='margin-bottom: 5px;'><strong>Potencia m\u00e1xima recibida:<\/strong> 0.5 dBm<\/li>\n<li style='margin-bottom: 5px;'><strong>LOS de-assert:<\/strong> -14.4 dBm<\/li>\n<li style='margin-bottom: 5px;'><strong>LOS assert:<\/strong> -30 dBm<\/li>\n<\/ul><\/div>\n<\/p><\/div>\n<div style='flex: 1 1 250px; border: 1px solid rgba(150&comma; 150&comma; 150&comma; 0.4); border-radius: 8px; overflow: hidden; display: flex; flex-direction: column;'>\n<div style='padding: 15px; border-bottom: 1px solid rgba(150&comma; 150&comma; 150&comma; 0.2); font-weight: bold; font-size: 18px; color: inherit;'>Caracter\u00edsticas f\u00edsicas<\/div>\n<div style='padding: 15px; color: inherit;'>\n<ul style='padding-left: 20px; margin: 0; font-size: 14px; list-style-type: disc;'>\n<li style='margin-bottom: 5px;'><strong>Tipo de conector:<\/strong> LC d\u00faplex<\/li>\n<li style='margin-bottom: 5px;'><strong>Interfaz:<\/strong> SFP+<\/li>\n<li style='margin-bottom: 5px;'><strong>Tipo de fibra:<\/strong> Mono-Modo<\/li>\n<li style='margin-bottom: 5px;'><strong>Distancia:<\/strong> 10 km<\/li>\n<li style='margin-bottom: 5px;'><strong>Longitud de onda:<\/strong> 1550 nm<\/li>\n<\/ul><\/div>\n<\/p><\/div>\n<div style='flex: 1 1 250px; border: 1px solid rgba(150&comma; 150&comma; 150&comma; 0.4); border-radius: 8px; overflow: hidden; display: flex; flex-direction: column;'>\n<div style='padding: 15px; border-bottom: 1px solid rgba(150&comma; 150&comma; 150&comma; 0.2); font-weight: bold; font-size: 18px; color: inherit;'>Caracter\u00edsticas el\u00e9ctricas<\/div>\n<div style='padding: 15px; color: inherit;'>\n<ul style='padding-left: 20px; margin: 0; font-size: 14px; list-style-type: disc;'>\n<li style='margin-bottom: 5px;'><strong>Consumo:<\/strong> No especificado<\/li>\n<li style='margin-bottom: 5px;'><strong>Tensi\u00f3n de operaci\u00f3n:<\/strong> No especificado<\/li>\n<li style='margin-bottom: 5px;'><strong>Temperatura de operaci\u00f3n:<\/strong> No especificado<\/li>\n<\/ul><\/div>\n<\/p><\/div>\n<\/p><\/div>\n<p> <!-- Precio --> <\/p>\n<div style='margin-bottom: 30px;'>\n<h3 style='font-size: 22px; border-bottom: 2px solid currentColor; padding-bottom: 5px; margin-top: 0; color: inherit; opacity: 0.8; margin-bottom: 15px;'>Precio<\/h3>\n<p style='font-size: 16px; margin: 0;'><strong>List price:<\/strong> $199<\/p>\n<\/p><\/div>\n<p> <!-- Separador final --> <\/p>\n<hr style='border: 0; border-top: 1px solid rgba(150&comma; 150&comma; 150&comma; 0.3); margin: 30px 0;'> <\/div>\n","protected":false},"excerpt":{"rendered":"<p>SFP+ CWDM module 10G SM 10km 1550nm Dual LC-connector DDM<\/p>\n","protected":false},"featured_media":79371,"comment_status":"open","ping_status":"closed","template":"","meta":[],"product_brand":[],"product_cat":[663],"product_tag":[643,664,665],"class_list":{"0":"post-79372","1":"product","2":"type-product","3":"status-publish","4":"has-post-thumbnail","6":"product_cat-transceptores-de-fibra","7":"product_tag-mikrotik","8":"product_tag-networking","9":"product_tag-transceptores-de-fibra","11":"first","12":"outofstock","13":"sale","14":"shipping-taxable","15":"purchasable","16":"product-type-simple"},"_links":{"self":[{"href":"https:\/\/soydeaqui.ddns.net\/pachuca\/index.php\/wp-json\/wp\/v2\/product\/79372","targetHints":{"allow":["GET"]}}],"collection":[{"href":"https:\/\/soydeaqui.ddns.net\/pachuca\/index.php\/wp-json\/wp\/v2\/product"}],"about":[{"href":"https:\/\/soydeaqui.ddns.net\/pachuca\/index.php\/wp-json\/wp\/v2\/types\/product"}],"replies":[{"embeddable":true,"href":"https:\/\/soydeaqui.ddns.net\/pachuca\/index.php\/wp-json\/wp\/v2\/comments?post=79372"}],"wp:featuredmedia":[{"embeddable":true,"href":"https:\/\/soydeaqui.ddns.net\/pachuca\/index.php\/wp-json\/wp\/v2\/media\/79371"}],"wp:attachment":[{"href":"https:\/\/soydeaqui.ddns.net\/pachuca\/index.php\/wp-json\/wp\/v2\/media?parent=79372"}],"wp:term":[{"taxonomy":"product_brand","embeddable":true,"href":"https:\/\/soydeaqui.ddns.net\/pachuca\/index.php\/wp-json\/wp\/v2\/product_brand?post=79372"},{"taxonomy":"product_cat","embeddable":true,"href":"https:\/\/soydeaqui.ddns.net\/pachuca\/index.php\/wp-json\/wp\/v2\/product_cat?post=79372"},{"taxonomy":"product_tag","embeddable":true,"href":"https:\/\/soydeaqui.ddns.net\/pachuca\/index.php\/wp-json\/wp\/v2\/product_tag?post=79372"}],"curies":[{"name":"wp","href":"https:\/\/api.w.org\/{rel}","templated":true}]}}