{"id":7937,"date":"2026-03-18T07:02:41","date_gmt":"2026-03-18T07:02:41","guid":{"rendered":"https:\/\/soydeaqui.ddns.net\/pachuca\/index.php\/producto\/contacto-magnetico-de-uso-rudo-para-piso-2-3-4-in70mm-brecha-bucle-cerrado-abierto\/"},"modified":"2026-03-18T07:02:44","modified_gmt":"2026-03-18T07:02:44","slug":"contacto-magnetico-de-uso-rudo-para-piso-2-3-4-in70mm-brecha-bucle-cerrado-abierto","status":"publish","type":"product","link":"https:\/\/soydeaqui.ddns.net\/pachuca\/index.php\/producto\/contacto-magnetico-de-uso-rudo-para-piso-2-3-4-in70mm-brecha-bucle-cerrado-abierto\/","title":{"rendered":"Contacto Magn\u00e9tico de Uso Rudo para Piso- 2-3\/4 in(70mm) \/ Brecha, Bucle \/ Cerrado\/Abierto"},"content":{"rendered":"<div style='width: 100%; max-width: 1200px; margin: 0 auto; font-family: sans-serif; line-height: 1.6; color: inherit; background-color: transparent;'>\n<div style='display: flex; flex-wrap: wrap; gap: 30px; margin-bottom: 30px;'>\n<div style='flex: 1 1 300px; min-width: 280px;'>\n<h3 style='font-size: 22px; border-bottom: 2px solid currentColor; padding-bottom: 5px; margin-top: 0; color: inherit; opacity: 0.8;'>Caracter\u00edsticas Principales<\/h3>\n<ul style='padding-left: 20px; font-size: 15px; color: inherit;'>\n<li style='margin-bottom: 5px;'>Espacio de 2-3\/4\u2033 (70 mm)<\/li>\n<li style='margin-bottom: 5px;'>Utilizado para puertas de arriba industriales y residenciales donde hay una gran brecha<\/li>\n<li style='margin-bottom: 5px;'>Para circuitos de lazo cerrado y abierto<\/li>\n<li style='margin-bottom: 5px;'>F\u00e1cil instalaci\u00f3n con soporte de montaje<\/li>\n<li style='margin-bottom: 5px;'>Iman encerrado en caja de ABS gris en el soporte &#8216;L<\/li>\n<li style='margin-bottom: 5px;'>Ajustable a la mayoria de los anchos de canal de puerta<\/li>\n<\/ul><\/div>\n<div style='flex: 1 1 300px; min-width: 280px;'>\n<h3 style='font-size: 22px; border-bottom: 2px solid currentColor; padding-bottom: 5px; margin-top: 0; color: inherit; opacity: 0.8;'>Caracter\u00edsticas F\u00edsicas y El\u00e9ctricas<\/h3>\n<ul style='padding-left: 20px; font-size: 15px; color: inherit;'>\n<li style='margin-bottom: 5px;'>Cables blindados de 24\u2033 (61 cm)<\/li>\n<li style='margin-bottom: 5px;'>Interruptor de leng\u00fceta con rodio en base de oro<\/li>\n<li style='margin-bottom: 5px;'>Temperatura de funcionamiento: -15\u00b0 a 160\u00b0F (-25\u00b0 a 70\u00b0C)<\/li>\n<li style='margin-bottom: 5px;'>Dimensiones del interruptor: 45\/16&#8217;x13\/4&#8217;x7\/16&#8242; (109x44x11 mm)<\/li>\n<li style='margin-bottom: 5px;'>Dimensiones del im\u00e1n: 315\/16&#8217;x2&#8217;x2&#8242; (100x51x51 mm)<\/li>\n<\/ul><\/div>\n<div style='flex: 1 1 300px; min-width: 280px;'>\n<h3 style='font-size: 22px; border-bottom: 2px solid currentColor; padding-bottom: 5px; margin-top: 0; color: inherit; opacity: 0.8;'>Caracter\u00edsticas Destacadas<\/h3>\n<ul style='padding-left: 20px; font-size: 15px; color: inherit;'>\n<li style='margin-bottom: 5px;'>Soporte de montaje incluido<\/li>\n<li style='margin-bottom: 5px;'>Garant\u00eda limitada de por vida<\/li>\n<li style='margin-bottom: 5px;'>Dise\u00f1ado para uso en interiores y exteriores<\/li>\n<li style='margin-bottom: 5px;'>Ideal para aplicaciones comerciales y residenciales<\/li>\n<li style='margin-bottom: 5px;'>Acabado en aluminio para mayor durabilidad<\/li>\n<\/ul><\/div>\n<\/p><\/div>\n<hr style='border: 0; border-top: 1px solid rgba(150&comma; 150&comma; 150&comma; 0.3); margin: 30px 0;'> <\/div>\n","protected":false},"excerpt":{"rendered":"<p>Contacto Magn\u00e9tico de Uso Rudo para Piso- 2-3\/4 in(70mm) \/ Brecha, Bucle \/ Cerrado\/Abierto<\/p>\n","protected":false},"featured_media":7936,"comment_status":"open","ping_status":"closed","template":"","meta":[],"product_brand":[],"product_cat":[113],"product_tag":[115,114,116],"class_list":{"0":"post-7937","1":"product","2":"type-product","3":"status-publish","4":"has-post-thumbnail","6":"product_cat-contacto-magnetico-cableado","7":"product_tag-contacto-magnetico-cableado","8":"product_tag-contactos-magneticos","9":"product_tag-enforcer-secolarm","11":"first","12":"instock","13":"sale","14":"shipping-taxable","15":"purchasable","16":"product-type-simple"},"_links":{"self":[{"href":"https:\/\/soydeaqui.ddns.net\/pachuca\/index.php\/wp-json\/wp\/v2\/product\/7937","targetHints":{"allow":["GET"]}}],"collection":[{"href":"https:\/\/soydeaqui.ddns.net\/pachuca\/index.php\/wp-json\/wp\/v2\/product"}],"about":[{"href":"https:\/\/soydeaqui.ddns.net\/pachuca\/index.php\/wp-json\/wp\/v2\/types\/product"}],"replies":[{"embeddable":true,"href":"https:\/\/soydeaqui.ddns.net\/pachuca\/index.php\/wp-json\/wp\/v2\/comments?post=7937"}],"wp:featuredmedia":[{"embeddable":true,"href":"https:\/\/soydeaqui.ddns.net\/pachuca\/index.php\/wp-json\/wp\/v2\/media\/7936"}],"wp:attachment":[{"href":"https:\/\/soydeaqui.ddns.net\/pachuca\/index.php\/wp-json\/wp\/v2\/media?parent=7937"}],"wp:term":[{"taxonomy":"product_brand","embeddable":true,"href":"https:\/\/soydeaqui.ddns.net\/pachuca\/index.php\/wp-json\/wp\/v2\/product_brand?post=7937"},{"taxonomy":"product_cat","embeddable":true,"href":"https:\/\/soydeaqui.ddns.net\/pachuca\/index.php\/wp-json\/wp\/v2\/product_cat?post=7937"},{"taxonomy":"product_tag","embeddable":true,"href":"https:\/\/soydeaqui.ddns.net\/pachuca\/index.php\/wp-json\/wp\/v2\/product_tag?post=7937"}],"curies":[{"name":"wp","href":"https:\/\/api.w.org\/{rel}","templated":true}]}}