{"id":79364,"date":"2026-03-19T17:19:34","date_gmt":"2026-03-19T17:19:34","guid":{"rendered":"https:\/\/soydeaqui.ddns.net\/pachuca\/index.php\/producto\/sfp-cwdm-module-1-25g-sm-40km-1470nm-dual-lc-connector-ddm\/"},"modified":"2026-03-19T17:19:36","modified_gmt":"2026-03-19T17:19:36","slug":"sfp-cwdm-module-1-25g-sm-40km-1470nm-dual-lc-connector-ddm","status":"publish","type":"product","link":"https:\/\/soydeaqui.ddns.net\/pachuca\/index.php\/producto\/sfp-cwdm-module-1-25g-sm-40km-1470nm-dual-lc-connector-ddm\/","title":{"rendered":"SFP CWDM module 1.25G SM 40km 1470nm Dual LC-connector DDM"},"content":{"rendered":"<div style='width: 100%; max-width: 1200px; margin: 0 auto; font-family: sans-serif; line-height: 1.6; color: inherit; background-color: transparent;'> <!-- Secci\u00f3n de im\u00e1genes --> <\/p>\n<div style='display: flex; flex-wrap: wrap; gap: 20px; margin-bottom: 30px; justify-content: center;'> <img style='width: 100%; max-width: 480px; height: auto; border: 1px solid rgba(150&comma;150&comma;150&comma;0.3); border-radius: 8px;' src='https:\/\/ftp3.syscom.mx\/usuarios\/fotos\/SC47DLC40D\/162512-s-c47dlc40d.png' alt='MikroTik SFP CWDM module 1.25G SM 40km 1470nm Dual LC-connector DDM'> <img style='width: 100%; max-width: 400px; height: auto; border: 1px solid rgba(150&comma;150&comma;150&comma;0.3); border-radius: 8px;' src='https:\/\/ftp3.syscom.mx\/usuarios\/fotos\/SC47DLC40D\/162512-garantia1.png' alt='MikroTik SFP module warranty information'> <\/div>\n<p> <!-- Descripci\u00f3n general --> <\/p>\n<div style='margin-bottom: 30px;'>\n<h2 style='font-size: 24px; border-bottom: 2px solid currentColor; padding-bottom: 5px; margin-top: 0; color: inherit; opacity: 0.9;'>Descripci\u00f3n General<\/h2>\n<p style='font-size: 15px; color: inherit; margin-bottom: 15px;'>Transceptor SFP CWDM para transmisi\u00f3n de datos a 1.25Gbps sobre fibra \u00f3ptica monomodo&comma; con una distancia m\u00e1xima de transmisi\u00f3n de 40 kil\u00f3metros. Utiliza conectores LC d\u00faplex para TX\/RX y soporta monitoreo digital (DDM).<\/p>\n<\/p><\/div>\n<p> <!-- Especificaciones t\u00e9cnicas --> <\/p>\n<div style='display: flex; flex-wrap: wrap; gap: 30px; margin-bottom: 30px;'>\n<div style='flex: 1 1 300px; min-width: 280px;'>\n<h3 style='font-size: 22px; border-bottom: 2px solid currentColor; padding-bottom: 5px; margin-top: 0; color: inherit; opacity: 0.8;'>Especificaciones \u00d3pticas<\/h3>\n<ul style='padding-left: 20px; font-size: 15px; color: inherit;'>\n<li style='margin-bottom: 5px;'><strong>Velocidad de datos:<\/strong> 1.25 Gbps<\/li>\n<li style='margin-bottom: 5px;'><strong>Tipo de fibra:<\/strong> Monomodo (SM)<\/li>\n<li style='margin-bottom: 5px;'><strong>Distancia m\u00e1xima:<\/strong> 40 km<\/li>\n<li style='margin-bottom: 5px;'><strong>Longitud de onda:<\/strong> 1470 nm<\/li>\n<li style='margin-bottom: 5px;'><strong>Conector:<\/strong> LC d\u00faplex<\/li>\n<li style='margin-bottom: 5px;'><strong>Monitoreo digital:<\/strong> S\u00ed (DDM)<\/li>\n<li style='margin-bottom: 5px;'><strong>Potencia \u00f3ptica de salida:<\/strong> -5 a 0 dBm<\/li>\n<li style='margin-bottom: 5px;'><strong>Sensibilidad de recepci\u00f3n:<\/strong> -24 dBm (t\u00edpico)<\/li>\n<li style='margin-bottom: 5px;'><strong>Potencia m\u00e1xima de recepci\u00f3n:<\/strong> -8 dBm<\/li>\n<li style='margin-bottom: 5px;'><strong>Umbral de p\u00e9rdida de se\u00f1al (LOS):<\/strong> -40 dBm<\/li>\n<\/ul><\/div>\n<div style='flex: 1 1 300px; min-width: 280px;'>\n<h3 style='font-size: 22px; border-bottom: 2px solid currentColor; padding-bottom: 5px; margin-top: 0; color: inherit; opacity: 0.8;'>Especificaciones Mec\u00e1nicas<\/h3>\n<ul style='padding-left: 20px; font-size: 15px; color: inherit;'>\n<li style='margin-bottom: 5px;'><strong>Tipo de m\u00f3dulo:<\/strong> SFP CWDM<\/li>\n<li style='margin-bottom: 5px;'><strong>Interfaz:<\/strong> LC d\u00faplex<\/li>\n<li style='margin-bottom: 5px;'><strong>Factor de forma:<\/strong> SFP (Small Form-factor Pluggable)<\/li>\n<li style='margin-bottom: 5px;'><strong>Est\u00e1ndares:<\/strong> SFP MSA&comma; CWDM<\/li>\n<li style='margin-bottom: 5px;'><strong>Temperatura de operaci\u00f3n:<\/strong> No especificado en datos proporcionados<\/li>\n<\/ul><\/div>\n<\/p><\/div>\n<p> <!-- Comparaci\u00f3n de precios --> <\/p>\n<div style='margin-bottom: 30px;'>\n<h3 style='font-size: 22px; border-bottom: 2px solid currentColor; padding-bottom: 5px; margin-top: 0; color: inherit; opacity: 0.8;'>Opciones Disponibles<\/h3>\n<p style='font-size: 15px; color: inherit; margin-bottom: 15px;'>M\u00f3dulos CWDM 1.25G SM 40km:<\/p>\n<ul style='padding-left: 20px; font-size: 15px; color: inherit;'>\n<li style='margin-bottom: 5px;'><strong>S-C47DLC40D:<\/strong> 1470nm &#8211; $49<\/li>\n<li style='margin-bottom: 5px;'><strong>S-C49DLC40D:<\/strong> 1490nm &#8211; $49<\/li>\n<li style='margin-bottom: 5px;'><strong>S-C51DLC40D:<\/strong> 1510nm &#8211; $49<\/li>\n<li style='margin-bottom: 5px;'><strong>S-C53DLC40D:<\/strong> 1530nm &#8211; $49<\/li>\n<li style='margin-bottom: 5px;'><strong>S-C55DLC40D:<\/strong> 1550nm &#8211; $49<\/li>\n<li style='margin-bottom: 5px;'><strong>S-C57DLC40D:<\/strong> 1570nm &#8211; $49<\/li>\n<li style='margin-bottom: 5px;'><strong>S-C59DLC40D:<\/strong> 1590nm &#8211; $49<\/li>\n<li style='margin-bottom: 5px;'><strong>S-C61DLC40D:<\/strong> 1610nm &#8211; $49<\/li>\n<\/ul><\/div>\n<p> <!-- Separador --> <\/p>\n<hr style='border: 0; border-top: 1px solid rgba(150&comma; 150&comma; 150&comma; 0.3); margin: 30px 0;'> <\/div>\n","protected":false},"excerpt":{"rendered":"<p>SFP CWDM module 1.25G SM 40km 1470nm Dual LC-connector DDM<\/p>\n","protected":false},"featured_media":79363,"comment_status":"open","ping_status":"closed","template":"","meta":[],"product_brand":[],"product_cat":[663],"product_tag":[643,664,665],"class_list":{"0":"post-79364","1":"product","2":"type-product","3":"status-publish","4":"has-post-thumbnail","6":"product_cat-transceptores-de-fibra","7":"product_tag-mikrotik","8":"product_tag-networking","9":"product_tag-transceptores-de-fibra","11":"first","12":"outofstock","13":"sale","14":"shipping-taxable","15":"purchasable","16":"product-type-simple"},"_links":{"self":[{"href":"https:\/\/soydeaqui.ddns.net\/pachuca\/index.php\/wp-json\/wp\/v2\/product\/79364","targetHints":{"allow":["GET"]}}],"collection":[{"href":"https:\/\/soydeaqui.ddns.net\/pachuca\/index.php\/wp-json\/wp\/v2\/product"}],"about":[{"href":"https:\/\/soydeaqui.ddns.net\/pachuca\/index.php\/wp-json\/wp\/v2\/types\/product"}],"replies":[{"embeddable":true,"href":"https:\/\/soydeaqui.ddns.net\/pachuca\/index.php\/wp-json\/wp\/v2\/comments?post=79364"}],"wp:featuredmedia":[{"embeddable":true,"href":"https:\/\/soydeaqui.ddns.net\/pachuca\/index.php\/wp-json\/wp\/v2\/media\/79363"}],"wp:attachment":[{"href":"https:\/\/soydeaqui.ddns.net\/pachuca\/index.php\/wp-json\/wp\/v2\/media?parent=79364"}],"wp:term":[{"taxonomy":"product_brand","embeddable":true,"href":"https:\/\/soydeaqui.ddns.net\/pachuca\/index.php\/wp-json\/wp\/v2\/product_brand?post=79364"},{"taxonomy":"product_cat","embeddable":true,"href":"https:\/\/soydeaqui.ddns.net\/pachuca\/index.php\/wp-json\/wp\/v2\/product_cat?post=79364"},{"taxonomy":"product_tag","embeddable":true,"href":"https:\/\/soydeaqui.ddns.net\/pachuca\/index.php\/wp-json\/wp\/v2\/product_tag?post=79364"}],"curies":[{"name":"wp","href":"https:\/\/api.w.org\/{rel}","templated":true}]}}