{"id":79329,"date":"2026-03-19T17:18:07","date_gmt":"2026-03-19T17:18:07","guid":{"rendered":"https:\/\/soydeaqui.ddns.net\/pachuca\/index.php\/producto\/sfp-cwdm-module-10g-sm-10km-1470nm-dual-lc-connector-ddm\/"},"modified":"2026-03-19T17:18:08","modified_gmt":"2026-03-19T17:18:08","slug":"sfp-cwdm-module-10g-sm-10km-1470nm-dual-lc-connector-ddm","status":"publish","type":"product","link":"https:\/\/soydeaqui.ddns.net\/pachuca\/index.php\/producto\/sfp-cwdm-module-10g-sm-10km-1470nm-dual-lc-connector-ddm\/","title":{"rendered":"SFP+ CWDM module 10G SM 10km 1470nm Dual LC-connector DDM"},"content":{"rendered":"<div style='width: 100%; max-width: 1200px; margin: 0 auto; font-family: sans-serif; line-height: 1.6; color: inherit; background-color: transparent;'> <!-- Secci\u00f3n de im\u00e1genes --> <\/p>\n<div style='display: flex; flex-wrap: wrap; gap: 20px; margin-bottom: 30px;'> <img style='width: 100%; height: auto; border: 1px solid rgba(150&comma;150&comma;150&comma;0.3); border-radius: 8px;' src='https:\/\/ftp3.syscom.mx\/usuarios\/fotos\/SPLUSC47DLC10D\/162528-s+c47dlc10d.png' alt='Transceptor SFP+ CWDM MikroTik SPLUSC47DLC10D' \/> <img style='width: 100%; height: auto; border: 1px solid rgba(150&comma;150&comma;150&comma;0.3); border-radius: 8px;' src='https:\/\/ftp3.syscom.mx\/usuarios\/fotos\/SPLUSC47DLC10D\/162528-garantia1.png' alt='Garant\u00eda del producto' \/> <\/div>\n<p> <!-- Descripci\u00f3n general --> <\/p>\n<div style='margin-bottom: 30px;'>\n<h2 style='font-size: 24px; border-bottom: 2px solid currentColor; padding-bottom: 5px; margin-top: 0; color: inherit; opacity: 0.8;'>Descripci\u00f3n<\/h2>\n<p style='font-size: 15px; color: inherit;'>Transceptor SFP+ CWDM para transmisi\u00f3n de 10G a 10 km a trav\u00e9s de fibra \u00f3ptica Mono-Modo con conectores LC duplex para TX\/RX. Soporta monitoreo digital (DDM) para diagn\u00f3stico y monitoreo en tiempo real.<\/p>\n<\/p><\/div>\n<p> <!-- Especificaciones t\u00e9cnicas --> <\/p>\n<div style='display: flex; flex-wrap: wrap; gap: 30px; margin-bottom: 30px;'>\n<div style='flex: 1 1 300px; min-width: 280px;'>\n<h3 style='font-size: 22px; border-bottom: 2px solid currentColor; padding-bottom: 5px; margin-top: 0; color: inherit; opacity: 0.8;'>Especificaciones \u00f3pticas<\/h3>\n<ul style='padding-left: 20px; font-size: 15px; color: inherit;'>\n<li style='margin-bottom: 5px;'><strong>Velocidad:<\/strong> 10G<\/li>\n<li style='margin-bottom: 5px;'><strong>Tipo de fibra:<\/strong> Mono-Modo (SM)<\/li>\n<li style='margin-bottom: 5px;'><strong>Distancia:<\/strong> 10km<\/li>\n<li style='margin-bottom: 5px;'><strong>Longitud de onda:<\/strong> 1470nm<\/li>\n<li style='margin-bottom: 5px;'><strong>Conector:<\/strong> LC d\u00faplex<\/li>\n<li style='margin-bottom: 5px;'><strong>Salida \u00f3ptica (Tx):<\/strong> -9 a -4 dBm<\/li>\n<li style='margin-bottom: 5px;'><strong>Sensibilidad \u00f3ptica (Rx):<\/strong> -14.4 dBm<\/li>\n<li style='margin-bottom: 5px;'><strong>Potencia \u00f3ptica recibida m\u00e1xima:<\/strong> 0.5 dBm<\/li>\n<li style='margin-bottom: 5px;'><strong>LOS de-assert:<\/strong> -14.4 dBm<\/li>\n<li style='margin-bottom: 5px;'><strong>LOS assert:<\/strong> -30 dBm<\/li>\n<\/ul><\/div>\n<p> <!-- Caracter\u00edsticas adicionales --> <\/p>\n<div style='flex: 1 1 300px; min-width: 280px;'>\n<h3 style='font-size: 22px; border-bottom: 2px solid currentColor; padding-bottom: 5px; margin-top: 0; color: inherit; opacity: 0.8;'>Caracter\u00edsticas<\/h3>\n<ul style='padding-left: 20px; font-size: 15px; color: inherit;'>\n<li style='margin-bottom: 5px;'>M\u00f3dulo SFP+ CWDM<\/li>\n<li style='margin-bottom: 5px;'>Soporte DDM (Digital Diagnostic Monitoring)<\/li>\n<li style='margin-bottom: 5px;'>Dise\u00f1ado para redes de alta densidad<\/li>\n<li style='margin-bottom: 5px;'>Interfaz LC d\u00faplex para TX\/RX<\/li>\n<li style='margin-bottom: 5px;'>Distancia de transmisi\u00f3n: 10km<\/li>\n<li style='margin-bottom: 5px;'>Compliant con est\u00e1ndares SFP+ CWDM<\/li>\n<\/ul><\/div>\n<\/p><\/div>\n<p> <!-- Tabla de compatibilidad --> <\/p>\n<div style='margin-bottom: 30px;'>\n<h3 style='font-size: 22px; border-bottom: 2px solid currentColor; padding-bottom: 5px; margin-top: 0; color: inherit; opacity: 0.8;'>Compatibilidad<\/h3>\n<p style='font-size: 15px; color: inherit;'>Este m\u00f3dulo SFP+ CWDM es compatible con equipos que soportan el est\u00e1ndar SFP+ y permiten la configuraci\u00f3n de longitudes de onda CWDM. Aseg\u00farese de verificar la compatibilidad con su equipo espec\u00edfico antes de la instalaci\u00f3n.<\/p>\n<\/p><\/div>\n<p> <!-- Especificaciones por modelo --> <\/p>\n<div style='display: flex; flex-wrap: wrap; gap: 20px; margin-bottom: 30px;'>\n<div style='flex: 1 1 250px; border: 1px solid rgba(150&comma; 150&comma; 150&comma; 0.4); border-radius: 8px; overflow: hidden; display: flex; flex-direction: column;'>\n<div style='padding: 15px; border-bottom: 1px solid rgba(150&comma; 150&comma; 150&comma; 0.2); font-weight: bold; font-size: 18px; color: inherit;'>Modelos disponibles<\/div>\n<div style='padding: 15px; color: inherit;'>\n<ul style='padding-left: 20px; margin: 0; font-size: 14px; list-style-type: disc;'>\n<li style='margin-bottom: 5px;'><strong>S+C47DLC10D:<\/strong> 10G SM 10km 1470nm<\/li>\n<li style='margin-bottom: 5px;'><strong>S+C49DLC10D:<\/strong> 10G SM 10km 1490nm<\/li>\n<li style='margin-bottom: 5px;'><strong>S+C51DLC10D:<\/strong> 10G SM 10km 1510nm<\/li>\n<li style='margin-bottom: 5px;'><strong>S+C53DLC10D:<\/strong> 10G SM 10km 1530nm<\/li>\n<li style='margin-bottom: 5px;'><strong>S+C55DLC10D:<\/strong> 10G SM 10km 1550nm<\/li>\n<li style='margin-bottom: 5px;'><strong>S+C57DLC10D:<\/strong> 10G SM 10km 1570nm<\/li>\n<li style='margin-bottom: 5px;'><strong>S+C59DLC10D:<\/strong> 10G SM 10km 1590nm<\/li>\n<li style='margin-bottom: 5px;'><strong>S+C61DLC10D:<\/strong> 10G SM 10km 1610nm<\/li>\n<\/ul><\/div>\n<\/p><\/div>\n<p> <!-- Informaci\u00f3n de precios --> <\/p>\n<div style='flex: 1 1 250px; border: 1px solid rgba(150&comma; 150&comma; 150&comma; 0.4); border-radius: 8px; overflow: hidden; display: flex; flex-direction: column;'>\n<div style='padding: 15px; border-bottom: 1px solid rgba(150&comma; 150&comma; 150&comma; 0.2); font-weight: bold; font-size: 18px; color: inherit;'>Precios<\/div>\n<div style='padding: 15px; color: inherit;'>\n<ul style='padding-left: 20px; margin: 0; font-size: 14px; list-style-type: disc;'>\n<li style='margin-bottom: 5px;'><strong>S-C47DLC40D a S-C61DLC40D:<\/strong> $49<\/li>\n<li style='margin-bottom: 5px;'><strong>S+C47DLC10D a S+C61DLC10D:<\/strong> $199<\/li>\n<\/ul><\/div>\n<\/p><\/div>\n<\/p><\/div>\n<p> <!-- Separador --> <\/p>\n<hr style='border: 0; border-top: 1px solid rgba(150&comma; 150&comma; 150&comma; 0.3); margin: 30px 0;'> <\/div>\n","protected":false},"excerpt":{"rendered":"<p>SFP+ CWDM module 10G SM 10km 1470nm Dual LC-connector DDM<\/p>\n","protected":false},"featured_media":79328,"comment_status":"open","ping_status":"closed","template":"","meta":[],"product_brand":[],"product_cat":[663],"product_tag":[643,664,665],"class_list":{"0":"post-79329","1":"product","2":"type-product","3":"status-publish","4":"has-post-thumbnail","6":"product_cat-transceptores-de-fibra","7":"product_tag-mikrotik","8":"product_tag-networking","9":"product_tag-transceptores-de-fibra","11":"first","12":"outofstock","13":"sale","14":"shipping-taxable","15":"purchasable","16":"product-type-simple"},"_links":{"self":[{"href":"https:\/\/soydeaqui.ddns.net\/pachuca\/index.php\/wp-json\/wp\/v2\/product\/79329","targetHints":{"allow":["GET"]}}],"collection":[{"href":"https:\/\/soydeaqui.ddns.net\/pachuca\/index.php\/wp-json\/wp\/v2\/product"}],"about":[{"href":"https:\/\/soydeaqui.ddns.net\/pachuca\/index.php\/wp-json\/wp\/v2\/types\/product"}],"replies":[{"embeddable":true,"href":"https:\/\/soydeaqui.ddns.net\/pachuca\/index.php\/wp-json\/wp\/v2\/comments?post=79329"}],"wp:featuredmedia":[{"embeddable":true,"href":"https:\/\/soydeaqui.ddns.net\/pachuca\/index.php\/wp-json\/wp\/v2\/media\/79328"}],"wp:attachment":[{"href":"https:\/\/soydeaqui.ddns.net\/pachuca\/index.php\/wp-json\/wp\/v2\/media?parent=79329"}],"wp:term":[{"taxonomy":"product_brand","embeddable":true,"href":"https:\/\/soydeaqui.ddns.net\/pachuca\/index.php\/wp-json\/wp\/v2\/product_brand?post=79329"},{"taxonomy":"product_cat","embeddable":true,"href":"https:\/\/soydeaqui.ddns.net\/pachuca\/index.php\/wp-json\/wp\/v2\/product_cat?post=79329"},{"taxonomy":"product_tag","embeddable":true,"href":"https:\/\/soydeaqui.ddns.net\/pachuca\/index.php\/wp-json\/wp\/v2\/product_tag?post=79329"}],"curies":[{"name":"wp","href":"https:\/\/api.w.org\/{rel}","templated":true}]}}