{"id":79316,"date":"2026-03-19T17:17:36","date_gmt":"2026-03-19T17:17:36","guid":{"rendered":"https:\/\/soydeaqui.ddns.net\/pachuca\/index.php\/producto\/onu-bridge-gpon-con-1-puerto-gigabit-ethernet-compatible-con-olts-de-terceros-conector-sc-upc\/"},"modified":"2026-03-19T17:17:48","modified_gmt":"2026-03-19T17:17:48","slug":"onu-bridge-gpon-con-1-puerto-gigabit-ethernet-compatible-con-olts-de-terceros-conector-sc-upc","status":"publish","type":"product","link":"https:\/\/soydeaqui.ddns.net\/pachuca\/index.php\/producto\/onu-bridge-gpon-con-1-puerto-gigabit-ethernet-compatible-con-olts-de-terceros-conector-sc-upc\/","title":{"rendered":"ONU BRIDGE GPON con 1 Puerto Gigabit Ethernet, Compatible con OLT\u00b4s de Terceros, Conector SC\/UPC"},"content":{"rendered":"<div style='width: 100%; max-width: 1200px; margin: 0 auto; font-family: sans-serif; line-height: 1.6; color: inherit; background-color: transparent;'> <!-- Imagen principal --> <\/p>\n<div style='margin-bottom: 30px;'> <img style='width: 100%; height: auto; border: 1px solid rgba(150&comma;150&comma;150&comma;0.3); border-radius: 8px;' src='https:\/\/ftp3.syscom.mx\/usuarios\/fotos\/HG6543C\/187432-fiberjom.jpg' alt=''> <\/div>\n<p> <!-- Descripci\u00f3n principal --> <\/p>\n<div style='margin-bottom: 30px; font-size: 16px; color: inherit;'> El mini ONU AN5506-01-AG cuenta con caracter\u00edsticas de alta confiabilidad&comma; bajo consumo de energ\u00eda y reducido tama\u00f1o que lo hacen un equipo muy vers\u00e1til en redes GPON para m\u00faltiples aplicaciones. <\/div>\n<p> <!-- Secci\u00f3n de caracter\u00edsticas con grid --> <\/p>\n<div style='display: grid; grid-template-columns: repeat(auto-fit&comma; minmax(300px&comma; 1fr)); gap: 30px; margin-bottom: 30px;'> <!-- Caracter\u00edsticas Generales --> <\/p>\n<div style='border-left: 5px solid #ff0000; border-radius: 8px; padding: 15px; background-color: rgba(128&comma;128&comma;128&comma;0.05);'>\n<h3 style='font-size: 18px; margin-top: 0; margin-bottom: 15px; color: inherit; font-weight: bold; text-decoration: underline;'>Car\u00e1cteristicas Generales:<\/h3>\n<ul style='padding-left: 20px; margin: 0; font-size: 14px; color: inherit; list-style-type: disc;'>\n<li style='margin-bottom: 10px;'><strong>Interfaz GPON:<\/strong>\n<ul style='padding-left: 20px; margin: 5px 0;'>\n<li style='margin-bottom: 5px;'>Est\u00e1ndar: ITU-T G.984&comma; Clase B+.<\/li>\n<li>Tipo de Interfaz: SC\/UPC<\/li>\n<\/ul>\n<\/li>\n<li><strong>Interfaz Ethernet:<\/strong>\n<ul style='padding-left: 20px; margin: 5px 0;'>\n<li>Tipo de Interfaz: 1 Puerto Gigabit Ethernet<\/li>\n<\/ul>\n<\/li>\n<\/ul><\/div>\n<p> <!-- Caracter\u00edsticas f\u00edsicas y el\u00e9ctricas --> <\/p>\n<div style='border-left: 5px solid #ff0000; border-radius: 8px; padding: 15px; background-color: rgba(128&comma;128&comma;128&comma;0.05);'>\n<h3 style='font-size: 18px; margin-top: 0; margin-bottom: 15px; color: inherit; font-weight: bold; text-decoration: underline;'>Caracter\u00edsticas f\u00edsicas y el\u00e9ctricas:<\/h3>\n<ul style='padding-left: 20px; margin: 0; font-size: 14px; color: inherit; list-style-type: disc;'>\n<li style='margin-bottom: 5px;'>Dimensiones: 80 x 23.5 x 80 mm (Alto x Ancho x Profundidad)<\/li>\n<li style='margin-bottom: 5px;'>Fuente de alimentaci\u00f3n: 12Vcc\/0.50A (Adaptador Incluido)<\/li>\n<li style='margin-bottom: 5px;'>Temperatura de Operaci\u00f3n: -5\u00baC ~ 45\u00baC<\/li>\n<li style='margin-bottom: 5px;'>Consumo M\u00e1ximo: 4 Watts<\/li>\n<li>Peso: 120g<\/li>\n<\/ul><\/div>\n<\/p><\/div>\n<p> <!-- Credenciales de acceso --> <\/p>\n<div style='margin-bottom: 30px;'>\n<h3 style='font-size: 18px; border-bottom: 2px solid currentColor; padding-bottom: 5px; margin-top: 0; margin-bottom: 15px; color: inherit; opacity: 0.8;'>Credenciales de Acceso<\/h3>\n<div style='display: flex; flex-wrap: wrap; gap: 20px;'>\n<div style='flex: 1 1 200px; min-width: 150px; padding: 15px; border: 1px solid rgba(150&comma;150&comma;150&comma;0.3); border-radius: 8px;'> <strong style='font-weight: bold; color: inherit;'>Usuario Administrador:<\/strong> <\/p>\n<p style='margin: 8px 0 0 0; color: inherit;'>admin<\/p>\n<\/p><\/div>\n<div style='flex: 1 1 200px; min-width: 150px; padding: 15px; border: 1px solid rgba(150&comma;150&comma;150&comma;0.3); border-radius: 8px;'> <strong style='font-weight: bold; color: inherit;'>Contrase\u00f1a:<\/strong> <\/p>\n<p style='margin: 8px 0 0 0; color: inherit;'>%0|F?H@f!berhO3e<\/p>\n<\/p><\/div>\n<\/p><\/div>\n<\/p><\/div>\n<p> <!-- Secci\u00f3n de administraci\u00f3n UNM2000 --> <\/p>\n<div style='margin-bottom: 30px;'>\n<div style='display: grid; grid-template-columns: 1fr 2fr; gap: 30px; align-items: start;'> <!-- Imagen UNM2000 --> <\/p>\n<div> <img style='width: 100%; height: auto; border: 1px solid rgba(150&comma;150&comma;150&comma;0.3); border-radius: 8px;' src='https:\/\/ftp3.syscom.mx\/usuarios\/fotos\/HG6543C\/187432-interfaz_unm2000-2_.png' alt='Interfaz UNM2000'> <\/div>\n<p> <!-- Contenido UNM2000 --> <\/p>\n<div>\n<h2 style='font-size: 22px; color: #f74902; margin-top: 0; margin-bottom: 15px;'> Software de administraci\u00f3n Fiberhome UNM2000 <\/h2>\n<ul style='padding-left: 20px; margin: 0; font-size: 15px; color: inherit; list-style-type: disc;'>\n<li style='margin-bottom: 8px;'><strong>Licencia sin costo.<\/strong><\/li>\n<li style='margin-bottom: 8px;'><strong>Mejora la eficiencia en la gesti\u00f3n.<\/strong><\/li>\n<li style='margin-bottom: 8px;'><strong>Configuraci\u00f3n de ONU\u00b4s\/ONT\u00b4s Fiberhome directamente desde la OLT.<\/strong><\/li>\n<li style='margin-bottom: 8px;'><strong>Reduce costos de mantenimiento.<\/strong><\/li>\n<li style='margin-bottom: 8px;'><strong>Perfil de autoaprovisionamiento con ONUs Fiberhome.<\/strong><\/li>\n<li> <a style='color: #0066cc; text-decoration: underline;' href='https:\/\/drive.google.com\/drive\/folders\/17-if5U0Fwp6xX6BKXh4kcp7XbTkzXJKH' target='_blank' rel='noopener'> Descargue el software aqu\u00ed. <\/a> <\/li>\n<\/ul><\/div>\n<\/p><\/div>\n<\/p><\/div>\n<p> <!-- Separador final --> <\/p>\n<hr style='border: 0; border-top: 1px solid rgba(150&comma; 150&comma; 150&comma; 0.3); margin: 30px 0;'> <\/div>\n","protected":false},"excerpt":{"rendered":"<p>ONU BRIDGE GPON con 1 Puerto Gigabit Ethernet, Compatible con OLT\u00b4s de Terceros, Conector SC\/UPC<\/p>\n","protected":false},"featured_media":79315,"comment_status":"open","ping_status":"closed","template":"","meta":[],"product_brand":[],"product_cat":[2010],"product_tag":[639,2012,2011],"class_list":{"0":"post-79316","1":"product","2":"type-product","3":"status-publish","4":"has-post-thumbnail","6":"product_cat-onus-onts","7":"product_tag-fiberhome","8":"product_tag-onus-onts","9":"product_tag-redes-ftth-pon","11":"first","12":"instock","13":"sale","14":"shipping-taxable","15":"purchasable","16":"product-type-simple"},"_links":{"self":[{"href":"https:\/\/soydeaqui.ddns.net\/pachuca\/index.php\/wp-json\/wp\/v2\/product\/79316","targetHints":{"allow":["GET"]}}],"collection":[{"href":"https:\/\/soydeaqui.ddns.net\/pachuca\/index.php\/wp-json\/wp\/v2\/product"}],"about":[{"href":"https:\/\/soydeaqui.ddns.net\/pachuca\/index.php\/wp-json\/wp\/v2\/types\/product"}],"replies":[{"embeddable":true,"href":"https:\/\/soydeaqui.ddns.net\/pachuca\/index.php\/wp-json\/wp\/v2\/comments?post=79316"}],"wp:featuredmedia":[{"embeddable":true,"href":"https:\/\/soydeaqui.ddns.net\/pachuca\/index.php\/wp-json\/wp\/v2\/media\/79315"}],"wp:attachment":[{"href":"https:\/\/soydeaqui.ddns.net\/pachuca\/index.php\/wp-json\/wp\/v2\/media?parent=79316"}],"wp:term":[{"taxonomy":"product_brand","embeddable":true,"href":"https:\/\/soydeaqui.ddns.net\/pachuca\/index.php\/wp-json\/wp\/v2\/product_brand?post=79316"},{"taxonomy":"product_cat","embeddable":true,"href":"https:\/\/soydeaqui.ddns.net\/pachuca\/index.php\/wp-json\/wp\/v2\/product_cat?post=79316"},{"taxonomy":"product_tag","embeddable":true,"href":"https:\/\/soydeaqui.ddns.net\/pachuca\/index.php\/wp-json\/wp\/v2\/product_tag?post=79316"}],"curies":[{"name":"wp","href":"https:\/\/api.w.org\/{rel}","templated":true}]}}