{"id":793,"date":"2026-03-18T05:44:16","date_gmt":"2026-03-18T05:44:16","guid":{"rendered":"https:\/\/soydeaqui.ddns.net\/pachuca\/index.php\/producto\/vidalert-raysense-sw-packaging-paquete-sw-operacion-y-control-version-servidor-software-solo-version-cliente-hasta-3-licencias\/"},"modified":"2026-03-18T05:44:17","modified_gmt":"2026-03-18T05:44:17","slug":"vidalert-raysense-sw-packaging-paquete-sw-operacion-y-control-version-servidor-software-solo-version-cliente-hasta-3-licencias","status":"publish","type":"product","link":"https:\/\/soydeaqui.ddns.net\/pachuca\/index.php\/producto\/vidalert-raysense-sw-packaging-paquete-sw-operacion-y-control-version-servidor-software-solo-version-cliente-hasta-3-licencias\/","title":{"rendered":"VIDALERT RaySense SW Packaging &#8211; Paquete SW Operaci\u00f3n y Control &#8211; Versi\u00f3n servidor &#8211; Software  Solo. (Versi\u00f3n Cliente hasta 3 licencias)"},"content":{"rendered":"<div style='width: 100%; max-width: 1200px; margin: 0 auto; font-family: sans-serif; line-height: 1.6; color: inherit; background-color: transparent;'>\n<div style='display: flex; flex-wrap: wrap; gap: 30px; margin-bottom: 30px;'>\n<div style='flex: 1 1 300px; min-width: 280px;'>\n<h3 style='font-size: 22px; border-bottom: 2px solid currentColor; padding-bottom: 5px; margin-top: 0; color: inherit; opacity: 0.8;'>Descripci\u00f3n<\/h3>\n<p style='font-size: 15px; margin-top: 0; color: inherit;'>El sistema de gesti\u00f3n de seguridad VIDALERT de RBtec es un software dedicado Cliente-Servidor para que el personal de seguridad administre y supervise el per\u00edmetro del Sistema de Monitoreo de Intrusi\u00f3n y Video en el sitio. Cada sitio tiene su propio mapa gr\u00e1fico y base de datos dedicada. El mapa gr\u00e1fico proporciona una indicaci\u00f3n visual y audible en caso de alarma.<\/p>\n<p style='font-size: 15px; margin-bottom: 0; color: inherit;'>El sistema de gesti\u00f3n de seguridad VIDALERT es una base de software f\u00e1cil de usar para uso intuitivo.<\/p>\n<\/p><\/div>\n<div style='flex: 1 1 300px; min-width: 280px;'> <img style='width: 100%; height: auto; border: 1px solid rgba(150&comma;150&comma;150&comma;0.3); border-radius: 8px;' src='https:\/\/www.rbtec.com\/wp-content\/uploads\/RaySense-1200-x-1200-px-2-1024x853.png' alt=''> <\/div>\n<\/p><\/div>\n<div style='display: flex; flex-wrap: wrap; gap: 20px; margin-bottom: 30px;'>\n<div style='flex: 1 1 250px; border: 1px solid rgba(150&comma; 150&comma; 150&comma; 0.4); border-radius: 8px; overflow: hidden; display: flex; flex-direction: column;'>\n<div style='padding: 15px; border-bottom: 1px solid rgba(150&comma; 150&comma; 150&comma; 0.2); font-weight: bold; font-size: 18px; color: inherit;'>Caracter\u00edsticas Principales<\/div>\n<div style='padding: 15px; color: inherit;'>\n<ul style='padding-left: 20px; margin: 0; font-size: 14px; list-style-type: disc;'>\n<li style='margin-bottom: 5px;'>Software cliente-servidor para gesti\u00f3n de seguridad perimetral<\/li>\n<li style='margin-bottom: 5px;'>Mapa gr\u00e1fico dedicado para cada sitio<\/li>\n<li style='margin-bottom: 5px;'>Indicaciones visuales y audibles durante alarmas<\/li>\n<li style='margin-bottom: 5px;'>Interfaz intuitiva y f\u00e1cil de usar<\/li>\n<li style='margin-bottom: 5px;'>Base de datos dedicada para cada aplicaci\u00f3n<\/li>\n<\/ul><\/div>\n<\/p><\/div>\n<\/p><\/div>\n<hr style='border: 0; border-top: 1px solid rgba(150&comma; 150&comma; 150&comma; 0.3); margin: 30px 0;'> <\/div>\n","protected":false},"excerpt":{"rendered":"<p>VIDALERT RaySense SW Packaging &#8211; Paquete SW Operaci\u00f3n y Control &#8211; Versi\u00f3n servidor &#8211; Software  Solo. (Versi\u00f3n Cliente hasta 3 licencias)<\/p>\n","protected":false},"featured_media":792,"comment_status":"open","ping_status":"closed","template":"","meta":[],"product_brand":[],"product_cat":[103],"product_tag":[105,104,220],"class_list":{"0":"post-793","1":"product","2":"type-product","3":"status-publish","4":"has-post-thumbnail","6":"product_cat-cable-sensor-perimetral","7":"product_tag-cable-sensor-perimetral","8":"product_tag-proteccion-perimetral","9":"product_tag-rbtec","11":"first","12":"outofstock","13":"sale","14":"shipping-taxable","15":"purchasable","16":"product-type-simple"},"_links":{"self":[{"href":"https:\/\/soydeaqui.ddns.net\/pachuca\/index.php\/wp-json\/wp\/v2\/product\/793","targetHints":{"allow":["GET"]}}],"collection":[{"href":"https:\/\/soydeaqui.ddns.net\/pachuca\/index.php\/wp-json\/wp\/v2\/product"}],"about":[{"href":"https:\/\/soydeaqui.ddns.net\/pachuca\/index.php\/wp-json\/wp\/v2\/types\/product"}],"replies":[{"embeddable":true,"href":"https:\/\/soydeaqui.ddns.net\/pachuca\/index.php\/wp-json\/wp\/v2\/comments?post=793"}],"wp:featuredmedia":[{"embeddable":true,"href":"https:\/\/soydeaqui.ddns.net\/pachuca\/index.php\/wp-json\/wp\/v2\/media\/792"}],"wp:attachment":[{"href":"https:\/\/soydeaqui.ddns.net\/pachuca\/index.php\/wp-json\/wp\/v2\/media?parent=793"}],"wp:term":[{"taxonomy":"product_brand","embeddable":true,"href":"https:\/\/soydeaqui.ddns.net\/pachuca\/index.php\/wp-json\/wp\/v2\/product_brand?post=793"},{"taxonomy":"product_cat","embeddable":true,"href":"https:\/\/soydeaqui.ddns.net\/pachuca\/index.php\/wp-json\/wp\/v2\/product_cat?post=793"},{"taxonomy":"product_tag","embeddable":true,"href":"https:\/\/soydeaqui.ddns.net\/pachuca\/index.php\/wp-json\/wp\/v2\/product_tag?post=793"}],"curies":[{"name":"wp","href":"https:\/\/api.w.org\/{rel}","templated":true}]}}