{"id":79294,"date":"2026-03-19T17:16:42","date_gmt":"2026-03-19T17:16:42","guid":{"rendered":"https:\/\/soydeaqui.ddns.net\/pachuca\/index.php\/producto\/servidor-con-ip-pbx-3cx-integrado-con-3-ranuras-para-modulos-e1-gsm-2g-y-3g-fxs-fxo-hasta-46-canales-y-soporta-hasta-128-llamadas-simultaneas\/"},"modified":"2026-03-19T17:16:52","modified_gmt":"2026-03-19T17:16:52","slug":"servidor-con-ip-pbx-3cx-integrado-con-3-ranuras-para-modulos-e1-gsm-2g-y-3g-fxs-fxo-hasta-46-canales-y-soporta-hasta-128-llamadas-simultaneas","status":"publish","type":"product","link":"https:\/\/soydeaqui.ddns.net\/pachuca\/index.php\/producto\/servidor-con-ip-pbx-3cx-integrado-con-3-ranuras-para-modulos-e1-gsm-2g-y-3g-fxs-fxo-hasta-46-canales-y-soporta-hasta-128-llamadas-simultaneas\/","title":{"rendered":"Servidor con IP-PBX 3CX integrado con 3 ranuras para m\u00f3dulos E1, GSM 2G y 3G, FXS\/FXO, hasta 46 canales y soporta hasta 128 llamadas simult\u00e1neas"},"content":{"rendered":"<div style='width: 100%; max-width: 1200px; margin: 0 auto; font-family: sans-serif; line-height: 1.6; color: inherit; background-color: transparent;'> <!-- Secci\u00f3n de descripci\u00f3n principal --> <\/p>\n<div style='margin-bottom: 30px;'>\n<p style='margin-top: 0; margin-bottom: 15px;'><strong>UMG SERVER 300 X es un servidor con el software 3CX previamente instalado<\/strong>&comma; unicamente requiere la licencia&comma; a su vez integrado por una UMG Modular 300 configurable con diferentes interfaces de telefon\u00eda.<\/p>\n<p style='margin-bottom: 15px;'>Cuenta con capacidad de procesar hasta 46 llamadas simult\u00e1neas&comma; divididas en 3 ranuras para cualquier combinaci\u00f3n entre las interfaces E1&comma; GSM 2G y 3G&comma; FXO o FXS.<\/p>\n<\/p><\/div>\n<p> <!-- Secci\u00f3n de caracter\u00edsticas del gateway --> <\/p>\n<div style='margin-bottom: 30px;'>\n<h3 style='font-size: 22px; border-bottom: 2px solid currentColor; padding-bottom: 5px; margin-top: 0; color: inherit; opacity: 0.8;'>Caracter\u00edsticas y Ventajas del Gateway Incorporado<\/h3>\n<ul style='padding-left: 20px; font-size: 15px; color: inherit;'>\n<li style='margin-bottom: 5px;'><strong>Modularidad: 3 ranuras para la combinaci\u00f3n deseada de:<\/strong><\/li>\n<ul style='margin-left: 25px; margin-top: 5px; margin-bottom: 10px;'>\n<li style='margin-bottom: 5px;'>1 E1 (30 canales)<\/li>\n<li style='margin-bottom: 5px;'>2 GSM (hasta 6 canales GSM)&comma; que pueden ser:\n<ul style='margin-left: 25px; margin-top: 5px; margin-bottom: 10px;'>\n<li style='margin-bottom: 5px;'>2G Quad Band: 850\/900\/1800\/1900 MHz<\/li>\n<li style='margin-bottom: 5px;'>3G Six Band: 800\/850\/900\/1700\/1900\/2100 MHz<\/li>\n<\/ul>\n<\/li>\n<li style='margin-bottom: 5px;'>4 FXO (hasta 12 FXO)<\/li>\n<li style='margin-bottom: 5px;'>8 FXS (hasta 24 FXS)<\/li>\n<li style='margin-bottom: 5px;'>M\u00e1ximo de 46 canales por producto<\/li>\n<li style='margin-bottom: 5px;'>2 puertos Ethernet Giga<\/li>\n<li style='margin-bottom: 5px;'>Conexi\u00f3n con hasta 2 diferentes operadoras VoIPs<\/li>\n<li style='margin-bottom: 5px;'>Hasta 10 cuentas VoIP<\/li>\n<li style='margin-bottom: 5px;'>Canales VoIP: 1 canal SIP para cada canal TDM&comma; con un m\u00e1ximo de 46 canales SIP en total<\/li>\n<li style='margin-bottom: 5px;'>Compatible con G.711 (A-law y \u03bc-law)&comma; G.729A y T.38 (fax)<\/li>\n<\/ul>\n<\/ul><\/div>\n<p> <!-- Secci\u00f3n de especificaciones del servidor interno --> <\/p>\n<div style='margin-bottom: 30px;'>\n<h3 style='font-size: 22px; border-bottom: 2px solid currentColor; padding-bottom: 5px; margin-top: 0; color: inherit; opacity: 0.8;'>Principales Caracter\u00edsticas y Ventajas del Servidor Interno Hardware<\/h3>\n<ul style='padding-left: 20px; font-size: 15px; color: inherit;'>\n<li style='margin-bottom: 5px;'>Placa madre IPX1800G2<\/li>\n<li style='margin-bottom: 5px;'>Procesador Intel Celeron J1800 Dual Core 2.41 GHz 64 bits<\/li>\n<li style='margin-bottom: 5px;'>2 GB de memoria RAM con crecimiento hasta 8 GB<\/li>\n<li style='margin-bottom: 5px;'>120 GB de SSD<\/li>\n<li style='margin-bottom: 5px;'>Fuente de CA Full Range<\/li>\n<li style='margin-bottom: 5px;'>2 puertos Ethernet Giga<\/li>\n<li style='margin-bottom: 5px;'>Display LED programable<\/li>\n<\/ul><\/div>\n<p> <!-- Secci\u00f3n de especificaciones f\u00edsicas y el\u00e9ctricas --> <\/p>\n<div style='margin-bottom: 30px;'>\n<h3 style='font-size: 22px; border-bottom: 2px solid currentColor; padding-bottom: 5px; margin-top: 0; color: inherit; opacity: 0.8;'>Especificaciones f\u00edsicas y el\u00e9ctricas<\/h3>\n<ul style='padding-left: 20px; font-size: 15px; color: inherit;'>\n<li style='margin-bottom: 5px;'>Fuente de alimentaci\u00f3n: Entrada: 100-240V 50\/60Hz<\/li>\n<li style='margin-bottom: 5px;'>Consumo m\u00e1ximo de energ\u00eda: 150W<\/li>\n<li style='margin-bottom: 5px;'>Dimensiones del appliance: 21&comma;1 x 4&comma;5 x 18&comma;2 cm<\/li>\n<li style='margin-bottom: 5px;'>M\u00f3dulo est\u00e1ndar de 1U para rack de 19 pulg<\/li>\n<\/ul><\/div>\n<p> <!-- Separador --> <\/p>\n<hr style='border: 0; border-top: 1px solid rgba(150&comma; 150&comma; 150&comma; 0.3); margin: 30px 0;'> <!-- Secci\u00f3n de modelo de aplicaci\u00f3n --> <\/p>\n<div style='margin-bottom: 30px;'>\n<h3 style='font-size: 22px; border-bottom: 2px solid currentColor; padding-bottom: 5px; margin-top: 0; color: inherit; opacity: 0.8;'>Modelo de aplicaci\u00f3n<\/h3>\n<p> <!-- Imagen --> <\/p>\n<div style='margin: 20px 0;'> <img style='width: 100%; height: auto; border: 1px solid rgba(150&comma;150&comma;150&comma;0.3); border-radius: 8px;' src='https:\/\/ftp3.syscom.mx\/usuarios\/esanchez\/KHOMP\/UMGSERVER300\/UMGMODULARPRUEBA.png' alt=''> <\/div>\n<p style='margin-top: 20px; margin-bottom: 15px;'><strong>Rendimiento con IP-PBX 3CX<\/strong><\/p>\n<p style='margin-bottom: 15px;'>Pruebas realizadas con UMGSERVER300DY y 3CX<br \/> MotherBoard IPX 1800 G2<br \/> CPU Intel Celeron J1800 Dual Core 2.41GHz 64-bits<br \/> Memory 4GB<br \/> HD 16GB SSD<br \/> Debian 8 &#8211; 3CX PRO 15.5.3849.1<\/p>\n<\/p><\/div>\n<p> <!-- Secci\u00f3n de pruebas --> <\/p>\n<div style='margin-bottom: 30px;'>\n<h3 style='font-size: 22px; border-bottom: 2px solid currentColor; padding-bottom: 5px; margin-top: 0; color: inherit; opacity: 0.8;'>Resultados de pruebas<\/h3>\n<h4 style='font-size: 18px; margin-top: 20px; margin-bottom: 10px; color: inherit;'>Prueba 1<\/h4>\n<ul style='padding-left: 20px; font-size: 15px; color: inherit;'>\n<li style='margin-bottom: 5px;'>Llamadas entrantes a trav\u00e9s de troncales SIP enviadas a Grupos de Timbrado (256 extensiones registradas).<\/li>\n<li style='margin-bottom: 5px;'>Troncal SIP con c\u00f3dec G711.<\/li>\n<li style='margin-bottom: 5px;'>Extensiones con G711 Codec.<\/li>\n<li style='margin-bottom: 5px;'>Grabando todas las llamadas.<\/li>\n<\/ul>\n<p style='margin-top: 15px; margin-bottom: 15px;'><strong>Resultado: 150 Llamadas simult\u00e1neas<\/strong><\/p>\n<h4 style='font-size: 18px; margin-top: 20px; margin-bottom: 10px; color: inherit;'>Prueba 2<\/h4>\n<ul style='padding-left: 20px; font-size: 15px; color: inherit;'>\n<li style='margin-bottom: 5px;'>Llamadas entrantes a trav\u00e9s de troncales SIP enviadas a Grupos de Timbrado (128 extensiones registradas).<\/li>\n<li style='margin-bottom: 5px;'>Troncal SIP con c\u00f3dec G711.<\/li>\n<li style='margin-bottom: 5px;'>Extensiones con G729 Codec.<\/li>\n<li style='margin-bottom: 5px;'>Grabando todas las llamadas.<\/li>\n<\/ul>\n<p style='margin-top: 15px; margin-bottom: 15px;'><strong>Resultado: 64 Llamadas simult\u00e1neas<\/strong><\/p>\n<\/p><\/div>\n<\/p><\/div>\n","protected":false},"excerpt":{"rendered":"<p>Servidor con IP-PBX 3CX integrado con 3 ranuras para m\u00f3dulos E1, GSM 2G y 3G, FXS\/FXO, hasta 46 canales y soporta hasta 128 llamadas simult\u00e1neas<\/p>\n","protected":false},"featured_media":79293,"comment_status":"open","ping_status":"closed","template":"","meta":[],"product_brand":[],"product_cat":[2028],"product_tag":[2029,966,2004],"class_list":{"0":"post-79294","1":"product","2":"type-product","3":"status-publish","4":"has-post-thumbnail","6":"product_cat-conmutadores-ip","7":"product_tag-conmutadores-ip","8":"product_tag-khomp","9":"product_tag-voip-telefonia-ip-videoconferencia","11":"first","12":"outofstock","13":"sale","14":"shipping-taxable","15":"purchasable","16":"product-type-simple"},"_links":{"self":[{"href":"https:\/\/soydeaqui.ddns.net\/pachuca\/index.php\/wp-json\/wp\/v2\/product\/79294","targetHints":{"allow":["GET"]}}],"collection":[{"href":"https:\/\/soydeaqui.ddns.net\/pachuca\/index.php\/wp-json\/wp\/v2\/product"}],"about":[{"href":"https:\/\/soydeaqui.ddns.net\/pachuca\/index.php\/wp-json\/wp\/v2\/types\/product"}],"replies":[{"embeddable":true,"href":"https:\/\/soydeaqui.ddns.net\/pachuca\/index.php\/wp-json\/wp\/v2\/comments?post=79294"}],"wp:featuredmedia":[{"embeddable":true,"href":"https:\/\/soydeaqui.ddns.net\/pachuca\/index.php\/wp-json\/wp\/v2\/media\/79293"}],"wp:attachment":[{"href":"https:\/\/soydeaqui.ddns.net\/pachuca\/index.php\/wp-json\/wp\/v2\/media?parent=79294"}],"wp:term":[{"taxonomy":"product_brand","embeddable":true,"href":"https:\/\/soydeaqui.ddns.net\/pachuca\/index.php\/wp-json\/wp\/v2\/product_brand?post=79294"},{"taxonomy":"product_cat","embeddable":true,"href":"https:\/\/soydeaqui.ddns.net\/pachuca\/index.php\/wp-json\/wp\/v2\/product_cat?post=79294"},{"taxonomy":"product_tag","embeddable":true,"href":"https:\/\/soydeaqui.ddns.net\/pachuca\/index.php\/wp-json\/wp\/v2\/product_tag?post=79294"}],"curies":[{"name":"wp","href":"https:\/\/api.w.org\/{rel}","templated":true}]}}