{"id":79263,"date":"2026-03-19T17:15:24","date_gmt":"2026-03-19T17:15:24","guid":{"rendered":"https:\/\/soydeaqui.ddns.net\/pachuca\/index.php\/producto\/conector-rpido-de-instalacin-en-campo-monomodo-sc-apc-pre-pulido-re-terminable-ideal-para-aplicaciones-fttx\/"},"modified":"2026-03-19T17:15:30","modified_gmt":"2026-03-19T17:15:30","slug":"conector-rpido-de-instalacin-en-campo-monomodo-sc-apc-pre-pulido-re-terminable-ideal-para-aplicaciones-fttx","status":"publish","type":"product","link":"https:\/\/soydeaqui.ddns.net\/pachuca\/index.php\/producto\/conector-rpido-de-instalacin-en-campo-monomodo-sc-apc-pre-pulido-re-terminable-ideal-para-aplicaciones-fttx\/","title":{"rendered":"Conector R?pido de Instalaci?n en Campo, Monomodo, SC\/APC, Pre-Pulido, Re-Terminable, Ideal para Aplicaciones FTTx"},"content":{"rendered":"<div style='width: 100%; max-width: 1200px; margin: 0 auto; font-family: sans-serif; line-height: 1.6; color: inherit; background-color: transparent;'> <!-- Logo --> <\/p>\n<div style='width: 100%; margin: 20px 0;'> <img style='width: 100%; height: auto; border: 1px solid rgba(150&comma;150&comma;150&comma;0.3); border-radius: 8px;' src='https:\/\/ftp3.syscom.mx\/usuarios\/orobles\/FiberHome\/GPON\/fiberhome_logo.png' alt='Logo FiberHome'> <\/div>\n<p> <!-- Descripci\u00f3n --> <\/p>\n<div style='width: 100%; margin-bottom: 30px;'>\n<p style='font-size: 15px; color: inherit;'> Los conectores r\u00e1pidos SC de instalaci\u00f3n en campo&comma; proporcionan una implementaci\u00f3n sencilla para aplicaciones FTTH sin necesidad de pulir y son la mejor opci\u00f3n para terminaci\u00f3n en cables de fibra \u00f3ptica tipo DROP. <\/p>\n<\/p><\/div>\n<p> <!-- Caracter\u00edsticas --> <\/p>\n<div style='display: flex; flex-wrap: wrap; gap: 30px; margin-bottom: 30px;'>\n<div style='flex: 1 1 300px; min-width: 280px;'>\n<h3 style='font-size: 22px; border-bottom: 2px solid currentColor; padding-bottom: 5px; margin-top: 0; color: inherit; opacity: 0.8;'>Caracter\u00edsticas<\/h3>\n<ul style='padding-left: 20px; font-size: 15px; color: inherit;'>\n<li style='margin-bottom: 5px;'>F\u00e1cil instalaci\u00f3n sin necesidad de herramientas especiales para abrir o cerrar el conector<\/li>\n<li style='margin-bottom: 5px;'>Conexi\u00f3n verificable f\u00e1cilmente despu\u00e9s de la instalaci\u00f3n<\/li>\n<\/ul><\/div>\n<\/p><\/div>\n<p> <!-- Especificaciones --> <\/p>\n<div style='display: flex; flex-wrap: wrap; gap: 20px; margin-bottom: 30px;'>\n<div style='flex: 1 1 250px; border: 1px solid rgba(150&comma; 150&comma; 150&comma; 0.4); border-radius: 8px; overflow: hidden; display: flex; flex-direction: column;'>\n<div style='padding: 15px; border-bottom: 1px solid rgba(150&comma; 150&comma; 150&comma; 0.2); font-weight: bold; font-size: 18px; color: inherit;'>Especificaciones<\/div>\n<div style='padding: 15px; color: inherit;'>\n<ul style='padding-left: 20px; margin: 0; font-size: 14px; list-style-type: disc; color: inherit;'>\n<li style='margin-bottom: 5px;'>Tipo de conector: SC\/APC<\/li>\n<li style='margin-bottom: 5px;'>Para fibra Tight Buffer (900\u00b5m) o fibra Drop<\/li>\n<li style='margin-bottom: 5px;'>Reterminable (hasta 3 veces)<\/li>\n<li style='margin-bottom: 5px;'>Temperatura de operaci\u00f3n: -40 a 70\u00baC<\/li>\n<\/ul><\/div>\n<\/p><\/div>\n<p> <!-- Subespecificaciones --> <\/p>\n<div style='flex: 1 1 250px; border: 1px solid rgba(150&comma; 150&comma; 150&comma; 0.4); border-radius: 8px; overflow: hidden; display: flex; flex-direction: column;'>\n<div style='padding: 15px; border-bottom: 1px solid rgba(150&comma; 150&comma; 150&comma; 0.2); font-weight: bold; font-size: 18px; color: inherit;'>Especificaciones t\u00e9cnicas<\/div>\n<div style='padding: 15px; color: inherit;'>\n<ul style='padding-left: 20px; margin: 0; font-size: 14px; list-style-type: disc; color: inherit;'>\n<li style='margin-bottom: 5px;'><strong>P\u00e9rdida de inserci\u00f3n:<\/strong>\n<ul style='padding-left: 20px; margin: 5px 0; font-size: 14px; list-style-type: disc; color: inherit;'>\n<li style='margin-bottom: 5px;'>M\u00e1ximo \u2264 0.50 dB<\/li>\n<li style='margin-bottom: 5px;'>T\u00edpico \u2264 0.30 dB<\/li>\n<\/ul>\n<\/li>\n<li style='margin-bottom: 5px;'><strong>P\u00e9rdida de retorno:<\/strong>\n<ul style='padding-left: 20px; margin: 5px 0; font-size: 14px; list-style-type: disc; color: inherit;'>\n<li style='margin-bottom: 5px;'>UPC \u2264 50 dB<\/li>\n<li style='margin-bottom: 5px;'>APC \u2264 55 dB<\/li>\n<\/ul>\n<\/li>\n<\/ul><\/div>\n<\/p><\/div>\n<\/p><\/div>\n<p> <!-- Separador --> <\/p>\n<hr style='border: 0; border-top: 1px solid rgba(150&comma; 150&comma; 150&comma; 0.3); margin: 30px 0;'> <\/div>\n","protected":false},"excerpt":{"rendered":"<p>Conector R?pido de Instalaci?n en Campo, Monomodo, SC\/APC, Pre-Pulido, Re-Terminable, Ideal para Aplicaciones FTTx<\/p>\n","protected":false},"featured_media":79262,"comment_status":"open","ping_status":"closed","template":"","meta":[],"product_brand":[],"product_cat":[615],"product_tag":[616,639,611],"class_list":{"0":"post-79263","1":"product","2":"type-product","3":"status-publish","4":"has-post-thumbnail","6":"product_cat-conectores","7":"product_tag-conectores","8":"product_tag-fiberhome","9":"product_tag-fibra-optica","11":"first","12":"instock","13":"sale","14":"shipping-taxable","15":"purchasable","16":"product-type-simple"},"_links":{"self":[{"href":"https:\/\/soydeaqui.ddns.net\/pachuca\/index.php\/wp-json\/wp\/v2\/product\/79263","targetHints":{"allow":["GET"]}}],"collection":[{"href":"https:\/\/soydeaqui.ddns.net\/pachuca\/index.php\/wp-json\/wp\/v2\/product"}],"about":[{"href":"https:\/\/soydeaqui.ddns.net\/pachuca\/index.php\/wp-json\/wp\/v2\/types\/product"}],"replies":[{"embeddable":true,"href":"https:\/\/soydeaqui.ddns.net\/pachuca\/index.php\/wp-json\/wp\/v2\/comments?post=79263"}],"wp:featuredmedia":[{"embeddable":true,"href":"https:\/\/soydeaqui.ddns.net\/pachuca\/index.php\/wp-json\/wp\/v2\/media\/79262"}],"wp:attachment":[{"href":"https:\/\/soydeaqui.ddns.net\/pachuca\/index.php\/wp-json\/wp\/v2\/media?parent=79263"}],"wp:term":[{"taxonomy":"product_brand","embeddable":true,"href":"https:\/\/soydeaqui.ddns.net\/pachuca\/index.php\/wp-json\/wp\/v2\/product_brand?post=79263"},{"taxonomy":"product_cat","embeddable":true,"href":"https:\/\/soydeaqui.ddns.net\/pachuca\/index.php\/wp-json\/wp\/v2\/product_cat?post=79263"},{"taxonomy":"product_tag","embeddable":true,"href":"https:\/\/soydeaqui.ddns.net\/pachuca\/index.php\/wp-json\/wp\/v2\/product_tag?post=79263"}],"curies":[{"name":"wp","href":"https:\/\/api.w.org\/{rel}","templated":true}]}}