{"id":79237,"date":"2026-03-19T17:14:27","date_gmt":"2026-03-19T17:14:27","guid":{"rendered":"https:\/\/soydeaqui.ddns.net\/pachuca\/index.php\/producto\/cliente-ptp-c-ant-integrada-24-5-dbi-version-us-5170-5250-and-5725-5835-mhz\/"},"modified":"2026-03-19T17:14:29","modified_gmt":"2026-03-19T17:14:29","slug":"cliente-ptp-c-ant-integrada-24-5-dbi-version-us-5170-5250-and-5725-5835-mhz","status":"publish","type":"product","link":"https:\/\/soydeaqui.ddns.net\/pachuca\/index.php\/producto\/cliente-ptp-c-ant-integrada-24-5-dbi-version-us-5170-5250-and-5725-5835-mhz\/","title":{"rendered":"Cliente PTP C\/Ant Integrada 24.5 dBi, Version US (5170-5250 and 5725-5835) MHz"},"content":{"rendered":"<div style='width: 100%; max-width: 1200px; margin: 0 auto; font-family: sans-serif; line-height: 1.6; color: inherit; background-color: transparent;'>\n<div style='display: flex; flex-wrap: wrap; gap: 30px; margin-bottom: 30px;'>\n<div style='flex: 1 1 300px; min-width: 280px;'>\n<h3 style='font-size: 22px; border-bottom: 2px solid currentColor; padding-bottom: 5px; margin-top: 0; color: inherit; opacity: 0.8;'>Caracter\u00edsticas<\/h3>\n<p style='margin: 0 0 15px; font-size: 15px; color: inherit;'>El LHG 5 es un dispositivo inal\u00e1mbrico 802.11 a\/n de 5 GHz compacto y liviano con una antena de rejilla de 24&comma;5 dBi de polarizaci\u00f3n dual integrada a un precio revolucionario.<\/p>\n<p style='margin: 0 0 15px; font-size: 15px; color: inherit;'>Es perfecto para enlaces punto a punto o para usar como CPE en distancias m\u00e1s largas y admite el protocolo Nv2 TDMA.<\/p>\n<p style='margin: 0 0 15px; font-size: 15px; color: inherit;'>El dise\u00f1o de rejilla garantiza la protecci\u00f3n contra el viento&comma; y el hecho de que el elemento de la antena est\u00e9 integrado en la unidad inal\u00e1mbrica significa que no hay p\u00e9rdidas en los cables.<\/p>\n<p style='margin: 0 0 15px; font-size: 15px; color: inherit;'>Versi\u00f3n disponible:<\/p>\n<ul style='padding-left: 20px; font-size: 14px; color: inherit;'>\n<li style='margin-bottom: 5px; color: inherit;'>LHG 5-US (EE. UU.) viene bloqueado de f\u00e1brica para frecuencias de 5170-5250 MHz y 5725-5835 MHz. Este candado no se puede quitar.<\/li>\n<\/ul><\/div>\n<\/p><\/div>\n<\/p><\/div>\n","protected":false},"excerpt":{"rendered":"<p>Cliente PTP C\/Ant Integrada 24.5 dBi, Version US (5170-5250 and 5725-5835) MHz<\/p>\n","protected":false},"featured_media":79236,"comment_status":"open","ping_status":"closed","template":"","meta":[],"product_brand":[],"product_cat":[1998],"product_tag":[1999,1980,643],"class_list":{"0":"post-79237","1":"product","2":"type-product","3":"status-publish","4":"has-post-thumbnail","6":"product_cat-5-y-6-ghz","7":"product_tag-5-y-6-ghz","8":"product_tag-enlaces-ptp-y-ptmp","9":"product_tag-mikrotik","11":"first","12":"outofstock","13":"sale","14":"shipping-taxable","15":"purchasable","16":"product-type-simple"},"_links":{"self":[{"href":"https:\/\/soydeaqui.ddns.net\/pachuca\/index.php\/wp-json\/wp\/v2\/product\/79237","targetHints":{"allow":["GET"]}}],"collection":[{"href":"https:\/\/soydeaqui.ddns.net\/pachuca\/index.php\/wp-json\/wp\/v2\/product"}],"about":[{"href":"https:\/\/soydeaqui.ddns.net\/pachuca\/index.php\/wp-json\/wp\/v2\/types\/product"}],"replies":[{"embeddable":true,"href":"https:\/\/soydeaqui.ddns.net\/pachuca\/index.php\/wp-json\/wp\/v2\/comments?post=79237"}],"wp:featuredmedia":[{"embeddable":true,"href":"https:\/\/soydeaqui.ddns.net\/pachuca\/index.php\/wp-json\/wp\/v2\/media\/79236"}],"wp:attachment":[{"href":"https:\/\/soydeaqui.ddns.net\/pachuca\/index.php\/wp-json\/wp\/v2\/media?parent=79237"}],"wp:term":[{"taxonomy":"product_brand","embeddable":true,"href":"https:\/\/soydeaqui.ddns.net\/pachuca\/index.php\/wp-json\/wp\/v2\/product_brand?post=79237"},{"taxonomy":"product_cat","embeddable":true,"href":"https:\/\/soydeaqui.ddns.net\/pachuca\/index.php\/wp-json\/wp\/v2\/product_cat?post=79237"},{"taxonomy":"product_tag","embeddable":true,"href":"https:\/\/soydeaqui.ddns.net\/pachuca\/index.php\/wp-json\/wp\/v2\/product_tag?post=79237"}],"curies":[{"name":"wp","href":"https:\/\/api.w.org\/{rel}","templated":true}]}}