{"id":79230,"date":"2026-03-19T17:14:10","date_gmt":"2026-03-19T17:14:10","guid":{"rendered":"https:\/\/soydeaqui.ddns.net\/pachuca\/index.php\/producto\/intercomunicador-ip-2-lineas-sip-2-relevadores-con-boton-para-llamada-anti-vandalico-ip65-e-ik10-poe-2\/"},"modified":"2026-03-19T17:14:12","modified_gmt":"2026-03-19T17:14:12","slug":"intercomunicador-ip-2-lineas-sip-2-relevadores-con-boton-para-llamada-anti-vandalico-ip65-e-ik10-poe-2","status":"publish","type":"product","link":"https:\/\/soydeaqui.ddns.net\/pachuca\/index.php\/producto\/intercomunicador-ip-2-lineas-sip-2-relevadores-con-boton-para-llamada-anti-vandalico-ip65-e-ik10-poe-2\/","title":{"rendered":"Intercomunicador IP, 2 l\u00edneas SIP, 2 relevadores con bot\u00f3n para llamada, anti-vand\u00e1lico, IP65 e IK10, PoE"},"content":{"rendered":"<div style='width: 100%; max-width: 1200px; margin: 0 auto; font-family: sans-serif; line-height: 1.6; color: inherit; background-color: transparent;'>\n<div style='display: flex; flex-direction: column; align-items: center; margin-bottom: 30px;'> <img style='width: 185px; height: auto; border: 1px solid rgba(150&comma;150&comma;150&comma;0.3); border-radius: 8px;' src='http:\/\/ftp3.syscom.mx\/usuarios\/hortega\/Fanvil\/Images\/FANVIL.PNG' alt='Logo Fanvil' \/> <\/div>\n<div style='display: flex; flex-wrap: wrap; gap: 30px; margin-bottom: 30px;'>\n<div style='flex: 1 1 300px; min-width: 280px;'>\n<h3 style='font-size: 22px; border-bottom: 2px solid currentColor; padding-bottom: 5px; margin-top: 0; color: inherit; opacity: 0.8;'>Descripci\u00f3n<\/h3>\n<p style='font-size: 15px; color: inherit;'> El intercom SIP i12 de Fanvil&comma; con la experiencia de Fanvil de 10 a\u00f1os de experiencia en tecnolog\u00eda y dise\u00f1o de producto&comma; combinando la tecnolog\u00eda IP junto con la industria del intercom perfectamente. La serie i12 de intercom&#8217;s SIP puede ser f\u00e1cilmente configurada en varias aplicaciones y escenarios como bancos&comma; escuelas&comma; miner\u00eda&comma; ciudades&comma; etc. <\/p>\n<\/p><\/div>\n<\/p><\/div>\n<div style='display: flex; flex-wrap: wrap; gap: 20px; margin-bottom: 30px;'>\n<div style='flex: 1 1 250px; border: 1px solid rgba(150&comma; 150&comma; 150&comma; 0.4); border-radius: 8px; overflow: hidden; display: flex; flex-direction: column;'>\n<div style='padding: 15px; border-bottom: 1px solid rgba(150&comma; 150&comma; 150&comma; 0.2); font-weight: bold; font-size: 18px; color: inherit;'>General<\/div>\n<div style='padding: 15px; color: inherit;'>\n<ul style='padding-left: 20px; margin: 0; font-size: 14px; list-style-type: disc;'>\n<li style='margin-bottom: 5px;'>2 Cuentas SIP<\/li>\n<li style='margin-bottom: 5px;'>PoE Habilitado<\/li>\n<li style='margin-bottom: 5px;'>Bocina Full-duplex (HF)<\/li>\n<li style='margin-bottom: 5px;'>Botones DSS Intelligentes (Speed Dial\/intercom etc)<\/li>\n<li style='margin-bottom: 5px;'>Reducci\u00f3n de Ruido integrado con MICs dual<\/li>\n<li style='margin-bottom: 5px;'>Omnidirectional pickup<\/li>\n<li style='margin-bottom: 5px;'>Alarma anti-desmantelamiento integrada<\/li>\n<li style='margin-bottom: 5px;'>Energizaci\u00f3n con fuente de poder externa (fuente no inclu\u00edda)<\/li>\n<li style='margin-bottom: 5px;'>Multicast<\/li>\n<li style='margin-bottom: 5px;'>Interfaz de salida de grabaci\u00f3n de llamadas<\/li>\n<li style='margin-bottom: 5px;'>All in ONE intercom and paging service and Security Linkage<\/li>\n<li style='margin-bottom: 5px;'>Montaje sobre muro<\/li>\n<\/ul><\/div>\n<\/p><\/div>\n<div style='flex: 1 1 250px; border: 1px solid rgba(150&comma; 150&comma; 150&comma; 0.4); border-radius: 8px; overflow: hidden; display: flex; flex-direction: column;'>\n<div style='padding: 15px; border-bottom: 1px solid rgba(150&comma; 150&comma; 150&comma; 0.2); font-weight: bold; font-size: 18px; color: inherit;'>Funciones de Llamada<\/div>\n<div style='padding: 15px; color: inherit;'>\n<ul style='padding-left: 20px; margin: 0; font-size: 14px; list-style-type: disc;'>\n<li style='margin-bottom: 5px;'>Voz\/video Intercom<\/li>\n<li style='margin-bottom: 5px;'>Marcaci\u00f3n r\u00e1pida (speed dial key)<\/li>\n<li style='margin-bottom: 5px;'>Auto-contestador (por linea)<\/li>\n<li style='margin-bottom: 5px;'>Mensaje de Voz (sobre servidor)<\/li>\n<li style='margin-bottom: 5px;'>Barge in and calls switched automatically<\/li>\n<li style='margin-bottom: 5px;'>Conferencia local de 3 v\u00edas<\/li>\n<\/ul><\/div>\n<\/p><\/div>\n<div style='flex: 1 1 250px; border: 1px solid rgba(150&comma; 150&comma; 150&comma; 0.4); border-radius: 8px; overflow: hidden; display: flex; flex-direction: column;'>\n<div style='padding: 15px; border-bottom: 1px solid rgba(150&comma; 150&comma; 150&comma; 0.2); font-weight: bold; font-size: 18px; color: inherit;'>Caracter\u00edsticas de Red<\/div>\n<div style='padding: 15px; color: inherit;'>\n<ul style='padding-left: 20px; margin: 0; font-size: 14px; list-style-type: disc;'>\n<li style='margin-bottom: 5px;'>802.3af PoE<\/li>\n<li style='margin-bottom: 5px;'>Configuraciones IP: Static \/ DHCP \/ PPPoE<\/li>\n<li style='margin-bottom: 5px;'>Control de acceso a la red: 802.1x<\/li>\n<li style='margin-bottom: 5px;'>VPN: L2TP \/ PPTP \/ IPSec<\/li>\n<li style='margin-bottom: 5px;'>VLAN: 802.1p\/q<\/li>\n<li style='margin-bottom: 5px;'>QoS: DSCP<\/li>\n<\/ul><\/div>\n<\/p><\/div>\n<div style='flex: 1 1 250px; border: 1px solid rgba(150&comma; 150&comma; 150&comma; 0.4); border-radius: 8px; overflow: hidden; display: flex; flex-direction: column;'>\n<div style='padding: 15px; border-bottom: 1px solid rgba(150&comma; 150&comma; 150&comma; 0.2); font-weight: bold; font-size: 18px; color: inherit;'>Protocolos<\/div>\n<div style='padding: 15px; color: inherit;'>\n<ul style='padding-left: 20px; margin: 0; font-size: 14px; list-style-type: disc;'>\n<li style='margin-bottom: 5px;'>SIP2.0 sobre UDP\/TCP\/TLS<\/li>\n<li style='margin-bottom: 5px;'>RTP\/RTCP\/SRTP<\/li>\n<li style='margin-bottom: 5px;'>STUN<\/li>\n<li style='margin-bottom: 5px;'>DHCP<\/li>\n<li style='margin-bottom: 5px;'>PPPoE<\/li>\n<li style='margin-bottom: 5px;'>802.1x<\/li>\n<li style='margin-bottom: 5px;'>OpenVPN<\/li>\n<li style='margin-bottom: 5px;'>SNTP<\/li>\n<li style='margin-bottom: 5px;'>FTP\/TFTP<\/li>\n<li style='margin-bottom: 5px;'>HTTP\/HTTPS<\/li>\n<li style='margin-bottom: 5px;'>TR069<\/li>\n<\/ul><\/div>\n<\/p><\/div>\n<div style='flex: 1 1 250px; border: 1px solid rgba(150&comma; 150&comma; 150&comma; 0.4); border-radius: 8px; overflow: hidden; display: flex; flex-direction: column;'>\n<div style='padding: 15px; border-bottom: 1px solid rgba(150&comma; 150&comma; 150&comma; 0.2); font-weight: bold; font-size: 18px; color: inherit;'>Especificaciones F\u00edsicas<\/div>\n<div style='padding: 15px; color: inherit;'>\n<ul style='padding-left: 20px; margin: 0; font-size: 14px; list-style-type: disc;'>\n<li style='margin-bottom: 5px;'>Keypad: 1 Bot\u00f3n DSS (Speed Dial)<\/li>\n<li style='margin-bottom: 5px;'>2 Interfaces Ethernet: 1 fast ethernet PoE (802.3 af) y 1 Fast Ethernet puenteado a la red<\/li>\n<li style='margin-bottom: 5px;'>Main Chipset: Broadcom<\/li>\n<li style='margin-bottom: 5px;'>SDRAM: 1GB DDR3<\/li>\n<li style='margin-bottom: 5px;'>Interfaz de salida para bocina activa<\/li>\n<li style='margin-bottom: 5px;'>Interfaz de salida para grabaci\u00f3n de audio<\/li>\n<li style='margin-bottom: 5px;'>2 relevadores de salida a 12V DC<\/li>\n<li style='margin-bottom: 5px;'>Amplificador de audio: 2.5W<\/li>\n<li style='margin-bottom: 5px;'>Bocina: 2W \/ 4 Ohms<\/li>\n<li style='margin-bottom: 5px;'>Cables: CAT5 o mejor<\/li>\n<li style='margin-bottom: 5px;'>Fuente de alimentaci\u00f3n: 9-16V\/1A DC o PoE<\/li>\n<li style='margin-bottom: 5px;'>Material de carcasa: cubierta de aluminio Cast-Aluminum back case<\/li>\n<li style='margin-bottom: 5px;'>Nivel de protecci\u00f3n: IP65 e Ik10<\/li>\n<li style='margin-bottom: 5px;'>Temperatura de almacenamiento: -40~70\u00b0C<\/li>\n<li style='margin-bottom: 5px;'>Humedad para operaci\u00f3n: 10~90%<\/li>\n<li style='margin-bottom: 5px;'>Dimensiones generales: 195 x 120 x 39 mm (W x H x L)<\/li>\n<li style='margin-bottom: 5px;'>Peso del paquete: 0.85 Kg<\/li>\n<\/ul><\/div>\n<\/p><\/div>\n<\/p><\/div>\n<\/p><\/div>\n","protected":false},"excerpt":{"rendered":"<p>Intercomunicador IP, 2 l\u00edneas SIP, 2 relevadores con bot\u00f3n para llamada, anti-vand\u00e1lico, IP65 e IK10, PoE<\/p>\n","protected":false},"featured_media":79229,"comment_status":"open","ping_status":"closed","template":"","meta":[],"product_brand":[],"product_cat":[907],"product_tag":[859,908,557],"class_list":{"0":"post-79230","1":"product","2":"type-product","3":"status-publish","4":"has-post-thumbnail","6":"product_cat-interfones","7":"product_tag-fanvil","8":"product_tag-interfones","9":"product_tag-videoporteros-e-interfonos","11":"first","12":"outofstock","13":"sale","14":"shipping-taxable","15":"purchasable","16":"product-type-simple"},"_links":{"self":[{"href":"https:\/\/soydeaqui.ddns.net\/pachuca\/index.php\/wp-json\/wp\/v2\/product\/79230","targetHints":{"allow":["GET"]}}],"collection":[{"href":"https:\/\/soydeaqui.ddns.net\/pachuca\/index.php\/wp-json\/wp\/v2\/product"}],"about":[{"href":"https:\/\/soydeaqui.ddns.net\/pachuca\/index.php\/wp-json\/wp\/v2\/types\/product"}],"replies":[{"embeddable":true,"href":"https:\/\/soydeaqui.ddns.net\/pachuca\/index.php\/wp-json\/wp\/v2\/comments?post=79230"}],"wp:featuredmedia":[{"embeddable":true,"href":"https:\/\/soydeaqui.ddns.net\/pachuca\/index.php\/wp-json\/wp\/v2\/media\/79229"}],"wp:attachment":[{"href":"https:\/\/soydeaqui.ddns.net\/pachuca\/index.php\/wp-json\/wp\/v2\/media?parent=79230"}],"wp:term":[{"taxonomy":"product_brand","embeddable":true,"href":"https:\/\/soydeaqui.ddns.net\/pachuca\/index.php\/wp-json\/wp\/v2\/product_brand?post=79230"},{"taxonomy":"product_cat","embeddable":true,"href":"https:\/\/soydeaqui.ddns.net\/pachuca\/index.php\/wp-json\/wp\/v2\/product_cat?post=79230"},{"taxonomy":"product_tag","embeddable":true,"href":"https:\/\/soydeaqui.ddns.net\/pachuca\/index.php\/wp-json\/wp\/v2\/product_tag?post=79230"}],"curies":[{"name":"wp","href":"https:\/\/api.w.org\/{rel}","templated":true}]}}