{"id":79210,"date":"2026-03-19T17:13:13","date_gmt":"2026-03-19T17:13:13","guid":{"rendered":"https:\/\/soydeaqui.ddns.net\/pachuca\/index.php\/producto\/jabra-link-14201-43-ehs-para-telefonos-cisco-6945-78xx-79xx-y-88xx\/"},"modified":"2026-03-19T17:13:24","modified_gmt":"2026-03-19T17:13:24","slug":"jabra-link-14201-43-ehs-para-telefonos-cisco-6945-78xx-79xx-y-88xx","status":"publish","type":"product","link":"https:\/\/soydeaqui.ddns.net\/pachuca\/index.php\/producto\/jabra-link-14201-43-ehs-para-telefonos-cisco-6945-78xx-79xx-y-88xx\/","title":{"rendered":"Jabra Link 14201-43 EHS para tel\u00e9fonos cisco 6945, 78xx, 79xx y 88xx."},"content":{"rendered":"<div style='width: 100%; max-width: 1200px; margin: 0 auto; font-family: sans-serif; line-height: 1.6; color: inherit; background-color: transparent;'>\n<div style='display: flex; flex-wrap: wrap; gap: 30px; margin-bottom: 30px;'>\n<div style='flex: 1 1 300px; min-width: 280px;'>\n<h3 style='font-size: 22px; border-bottom: 2px solid currentColor; padding-bottom: 5px; margin-top: 0; color: inherit; opacity: 0.8;'>Descripci\u00f3n<\/h3>\n<ul style='padding-left: 20px; font-size: 15px; color: inherit;'>\n<li style='margin-bottom: 5px;'>Permite controlar el descolgador mec\u00e1nico (EHS) remoto con auriculares Jabra inal\u00e1mbricos y tel\u00e9fonos Cisco Unified IP<\/li>\n<li style='margin-bottom: 5px;'>Mejora la productividad permitiendo responder y finalizar llamadas sin necesidad de acercarse al escritorio<\/li>\n<li style='margin-bottom: 5px;'>Integra tel\u00e9fono de escritorio y auriculares para mayor movilidad y capacidad de multitarea<\/li>\n<li style='margin-bottom: 5px;'>Ofrece libertad inal\u00e1mbrica hasta 150 metros (450 pies) del escritorio<\/li>\n<\/ul><\/div>\n<div style='flex: 1 1 300px; min-width: 280px;'>\n<h3 style='font-size: 22px; border-bottom: 2px solid currentColor; padding-bottom: 5px; margin-top: 0; color: inherit; opacity: 0.8;'>Funcionalidades<\/h3>\n<ul style='padding-left: 20px; font-size: 15px; color: inherit;'>\n<li style='margin-bottom: 5px;'>Permite escuchar tono de llamada desde los auriculares<\/li>\n<li style='margin-bottom: 5px;'>Posibilidad de responder y finalizar llamadas a distancia<\/li>\n<li style='margin-bottom: 5px;'>Control de muteo del micr\u00f3fono desde los auriculares<\/li>\n<li style='margin-bottom: 5px;'>Funci\u00f3n de actualizaci\u00f3n de firmware mediante USB<\/li>\n<li style='margin-bottom: 5px;'>Control de volumen (no sincronizado entre auriculares y tel\u00e9fono)<\/li>\n<\/ul><\/div>\n<\/p><\/div>\n<div style='display: flex; flex-wrap: wrap; gap: 20px; margin-bottom: 30px;'>\n<div style='flex: 1 1 250px; border: 1px solid rgba(150&comma; 150&comma; 150&comma; 0.4); border-radius: 8px; overflow: hidden; display: flex; flex-direction: column;'>\n<div style='padding: 15px; border-bottom: 1px solid rgba(150&comma; 150&comma; 150&comma; 0.2); font-weight: bold; font-size: 18px; color: inherit;'>Especificaciones<\/div>\n<div style='padding: 15px; color: inherit;'>\n<ul style='padding-left: 20px; margin: 0; font-size: 14px; list-style-type: disc;'>\n<li style='margin-bottom: 5px;'><strong>N\u00famero de art\u00edculo:<\/strong> 14201-43<\/li>\n<li style='margin-bottom: 5px;'><strong>Longitud de cables:<\/strong> 900 mm (35.43 pulgadas)<\/li>\n<li style='margin-bottom: 5px;'><strong>Certificaciones:<\/strong> CE&comma; FCC&comma; RCM<\/li>\n<li style='margin-bottom: 5px;'><strong>Garant\u00eda:<\/strong> 1 a\u00f1o en Norteam\u00e9rica&comma; 2 a\u00f1os en Europa y APAC<\/li>\n<\/ul><\/div>\n<\/p><\/div>\n<div style='flex: 1 1 250px; border: 1px solid rgba(150&comma; 150&comma; 150&comma; 0.4); border-radius: 8px; overflow: hidden; display: flex; flex-direction: column;'>\n<div style='padding: 15px; border-bottom: 1px solid rgba(150&comma; 150&comma; 150&comma; 0.2); font-weight: bold; font-size: 18px; color: inherit;'>Compatibilidad<\/div>\n<div style='padding: 15px; color: inherit;'>\n<ul style='padding-left: 20px; margin: 0; font-size: 14px; list-style-type: disc;'>\n<li style='margin-bottom: 5px;'><strong>Tel\u00e9fonos Cisco:<\/strong> 6945&comma; 78xx&comma; 79xx y 88xx<\/li>\n<li style='margin-bottom: 5px;'><strong>Auriculares Jabra:<\/strong> PRO\u2122 900 series&comma; PRO\u2122 9400 series&comma; Motion\u2122 Office y futuras series inal\u00e1mbricas<\/li>\n<\/ul><\/div>\n<\/p><\/div>\n<div style='flex: 1 1 250px; border: 1px solid rgba(150&comma; 150&comma; 150&comma; 0.4); border-radius: 8px; overflow: hidden; display: flex; flex-direction: column;'>\n<div style='padding: 15px; border-bottom: 1px solid rgba(150&comma; 150&comma; 150&comma; 0.2); font-weight: bold; font-size: 18px; color: inherit;'>Instalaci\u00f3n<\/div>\n<div style='padding: 15px; color: inherit;'>\n<ol style='padding-left: 20px; margin: 0; font-size: 14px;'>\n<li style='margin-bottom: 5px;'>Conectar el cable de audio normal (RJ9&comma; no incluido) del tel\u00e9fono Cisco a la base del auricular Jabra<\/li>\n<li style='margin-bottom: 5px;'>Conectar Link 14201-43 al puerto AUX de la base del auricular Jabra<\/li>\n<li style='margin-bottom: 5px;'>Conectar Link 14201-43 al puerto AUX del tel\u00e9fono Cisco<\/li>\n<\/ol><\/div>\n<\/p><\/div>\n<\/p><\/div>\n<div style='display: flex; flex-wrap: wrap; gap: 20px; margin-bottom: 30px;'>\n<div style='flex: 1 1 250px; border: 1px solid rgba(150&comma; 150&comma; 150&comma; 0.4); border-radius: 8px; overflow: hidden; display: flex; flex-direction: column;'>\n<div style='padding: 15px; border-bottom: 1px solid rgba(150&comma; 150&comma; 150&comma; 0.2); font-weight: bold; font-size: 18px; color: inherit;'>Funcionamiento<\/div>\n<div style='padding: 15px; color: inherit;'>\n<p style='margin: 0 0 10px 0;'>El adaptador Jabra Link 14201-43 convierte entre est\u00e1ndares:<\/p>\n<ul style='padding-left: 20px; margin: 0; font-size: 14px; list-style-type: disc;'>\n<li style='margin-bottom: 5px;'>Del est\u00e1ndar EHS usado en tel\u00e9fonos Cisco<\/li>\n<li style='margin-bottom: 5px;'>Al est\u00e1ndar Jabra IQ\u2122 usado en auriculares Jabra<\/li>\n<\/ul><\/div>\n<\/p><\/div>\n<div style='flex: 1 1 250px; border: 1px solid rgba(150&comma; 150&comma; 150&comma; 0.4); border-radius: 8px; overflow: hidden; display: flex; flex-direction: column;'>\n<div style='padding: 15px; border-bottom: 1px solid rgba(150&comma; 150&comma; 150&comma; 0.2); font-weight: bold; font-size: 18px; color: inherit;'>Caracter\u00edsticas T\u00e9cnicas<\/div>\n<div style='padding: 15px; color: inherit;'>\n<ul style='padding-left: 20px; margin: 0; font-size: 14px; list-style-type: disc;'>\n<li style='margin-bottom: 5px;'>Control de llamada electr\u00f3nica (EHS)<\/li>\n<li style='margin-bottom: 5px;'>Compatibilidad con m\u00faltiples modelos Cisco<\/li>\n<li style='margin-bottom: 5px;'>Actualizaci\u00f3n de firmware mediante conexi\u00f3n USB<\/li>\n<li style='margin-bottom: 5px;'>Dise\u00f1o compacto para f\u00e1cil instalaci\u00f3n<\/li>\n<\/ul><\/div>\n<\/p><\/div>\n<\/p><\/div>\n<hr style='border: 0; border-top: 1px solid rgba(150&comma; 150&comma; 150&comma; 0.3); margin: 30px 0;'> <\/div>\n","protected":false},"excerpt":{"rendered":"<p>Jabra Link 14201-43 EHS para tel\u00e9fonos cisco 6945, 78xx, 79xx y 88xx.<\/p>\n","protected":false},"featured_media":79209,"comment_status":"open","ping_status":"closed","template":"","meta":[],"product_brand":[],"product_cat":[2040],"product_tag":[93,2052,2004],"class_list":{"0":"post-79210","1":"product","2":"type-product","3":"status-publish","4":"has-post-thumbnail","6":"product_cat-accesorios-voip-telefonia-ip-videoconferencia","7":"product_tag-accesorios","8":"product_tag-jabra","9":"product_tag-voip-telefonia-ip-videoconferencia","11":"first","12":"instock","13":"sale","14":"shipping-taxable","15":"purchasable","16":"product-type-simple"},"_links":{"self":[{"href":"https:\/\/soydeaqui.ddns.net\/pachuca\/index.php\/wp-json\/wp\/v2\/product\/79210","targetHints":{"allow":["GET"]}}],"collection":[{"href":"https:\/\/soydeaqui.ddns.net\/pachuca\/index.php\/wp-json\/wp\/v2\/product"}],"about":[{"href":"https:\/\/soydeaqui.ddns.net\/pachuca\/index.php\/wp-json\/wp\/v2\/types\/product"}],"replies":[{"embeddable":true,"href":"https:\/\/soydeaqui.ddns.net\/pachuca\/index.php\/wp-json\/wp\/v2\/comments?post=79210"}],"wp:featuredmedia":[{"embeddable":true,"href":"https:\/\/soydeaqui.ddns.net\/pachuca\/index.php\/wp-json\/wp\/v2\/media\/79209"}],"wp:attachment":[{"href":"https:\/\/soydeaqui.ddns.net\/pachuca\/index.php\/wp-json\/wp\/v2\/media?parent=79210"}],"wp:term":[{"taxonomy":"product_brand","embeddable":true,"href":"https:\/\/soydeaqui.ddns.net\/pachuca\/index.php\/wp-json\/wp\/v2\/product_brand?post=79210"},{"taxonomy":"product_cat","embeddable":true,"href":"https:\/\/soydeaqui.ddns.net\/pachuca\/index.php\/wp-json\/wp\/v2\/product_cat?post=79210"},{"taxonomy":"product_tag","embeddable":true,"href":"https:\/\/soydeaqui.ddns.net\/pachuca\/index.php\/wp-json\/wp\/v2\/product_tag?post=79210"}],"curies":[{"name":"wp","href":"https:\/\/api.w.org\/{rel}","templated":true}]}}