{"id":79191,"date":"2026-03-19T17:12:25","date_gmt":"2026-03-19T17:12:25","guid":{"rendered":"https:\/\/soydeaqui.ddns.net\/pachuca\/index.php\/producto\/switch-administrable-capa-l2-giga-48x-10-100-1000-t-4x-sfp\/"},"modified":"2026-03-19T17:12:27","modified_gmt":"2026-03-19T17:12:27","slug":"switch-administrable-capa-l2-giga-48x-10-100-1000-t-4x-sfp","status":"publish","type":"product","link":"https:\/\/soydeaqui.ddns.net\/pachuca\/index.php\/producto\/switch-administrable-capa-l2-giga-48x-10-100-1000-t-4x-sfp\/","title":{"rendered":"Switch Administrable Capa L2+ Giga, 48x 10\/100\/1000-T, 4x SFP"},"content":{"rendered":"<div style='width: 100%; max-width: 1200px; margin: 0 auto; font-family: sans-serif; line-height: 1.6; color: inherit; background-color: transparent;'>\n<div style='margin-bottom: 30px;'>\n<h1 style='font-size: 28px; margin-top: 0; margin-bottom: 10px; font-weight: 400; color: inherit; line-height: 1.2em;'> Serie x220 <\/h1>\n<div style='margin-bottom: 20px; font-size: 15px; color: inherit;'> Conmutadores de capa 3 Gigabit administrados <\/div>\n<p style='margin-bottom: 20px; font-size: 15px; color: inherit;'> La serie x220 de Allied Telesis son conmutadores Gigabit Layer 3 de alto rendimiento totalmente administrados. <\/p>\n<p style='margin-bottom: 20px; font-size: 15px; color: inherit;'> Las caracter\u00edsticas de seguridad integradas y los puertos de cobre 48 Gigabit permiten conectividad de cobre de alta densidad en el borde de la red. <\/p>\n<\/p><\/div>\n<div style='display: flex; flex-wrap: wrap; gap: 30px; margin-bottom: 30px;'>\n<div style='flex: 1 1 300px; min-width: 280px;'>\n<h3 style='font-size: 22px; border-bottom: 2px solid currentColor; padding-bottom: 5px; margin-top: 0; color: inherit; opacity: 0.8;'> Visi\u00f3n general <\/h3>\n<ul style='padding-left: 20px; font-size: 15px; color: inherit; list-style-type: disc;'>\n<li style='margin-bottom: 10px;'><strong>Reduzca costos y automatice la administraci\u00f3n de redes y dispositivos con Autonomous Management Framework\u2122 (AMF)<\/strong><\/li>\n<li style='margin-bottom: 10px;'><strong>Expanda el alcance de la red mientras mantiene una operaci\u00f3n simple en entornos distribuidos con conectividad de fibra de larga distancia<\/strong><\/li>\n<li style='margin-bottom: 10px;'><strong>Evite el espionaje de datos confidenciales en enlaces de fibra con Active Fiber Monitoring<\/strong><\/li>\n<li style='margin-bottom: 10px;'><strong>Admite redes resistentes basadas en anillos de alta velocidad con Ethernet Protection Switched Ring (EPSRing\u2122)<\/strong><\/li>\n<li style='margin-bottom: 10px;'><strong>Conecte y encienda c\u00e1maras de seguridad&comma; puntos de acceso inal\u00e1mbricos y otros dispositivos con Power over Ethernet (PoE+)<\/strong><\/li>\n<\/ul><\/div>\n<div style='flex: 1 1 300px; min-width: 280px;'>\n<h3 style='font-size: 22px; border-bottom: 2px solid currentColor; padding-bottom: 5px; margin-top: 0; color: inherit; opacity: 0.8;'> Caracter\u00edsticas clave <\/h3>\n<ul style='padding-left: 20px; font-size: 15px; color: inherit; list-style-type: disc;'>\n<li style='margin-bottom: 10px;'><strong>Sistema operativo de clase empresarial AlliedWare Plus\u2122<\/strong><\/li>\n<li style='margin-bottom: 10px;'><strong>Enrutamiento est\u00e1tico y din\u00e1mico (RIP) para entornos L3<\/strong><\/li>\n<li style='margin-bottom: 10px;'><strong>Los modelos de puertos de fibra y cobre permiten una implementaci\u00f3n flexible<\/strong><\/li>\n<li style='margin-bottom: 10px;'><strong>sFlow permite la supervisi\u00f3n y optimizaci\u00f3n del rendimiento de la red<\/strong><\/li>\n<li style='margin-bottom: 10px;'><strong>Las ACL gestionan el acceso y el control del tr\u00e1fico en toda la red<\/strong><\/li>\n<li style='margin-bottom: 10px;'><strong>PoE continuo maximiza la conectividad de punto final<\/strong><\/li>\n<\/ul><\/div>\n<\/p><\/div>\n<div style='display: flex; flex-wrap: wrap; gap: 30px; margin-bottom: 30px;'>\n<div style='flex: 1 1 300px; min-width: 280px;'>\n<h3 style='font-size: 22px; border-bottom: 2px solid currentColor; padding-bottom: 5px; margin-top: 0; color: inherit; opacity: 0.8;'> Certificaciones y Cumplimiento <\/h3>\n<div style='margin-bottom: 20px;'>\n<h4 style='font-size: 18px; margin-top: 0; margin-bottom: 10px; color: inherit;'> FIP 140-2 <\/h4>\n<p style='margin-bottom: 15px; font-size: 15px; color: inherit;'> Creado por el gobierno de EE. UU.&comma; FIPS 140-2 es un est\u00e1ndar de seguridad que se utiliza para validar la solidez y la integridad de los m\u00f3dulos de software criptogr\u00e1fico. <\/p>\n<\/p><\/div>\n<div style='margin-bottom: 20px;'>\n<h4 style='font-size: 18px; margin-top: 0; margin-bottom: 10px; color: inherit;'> Listo para IPv6 <\/h4>\n<p style='margin-bottom: 0; font-size: 15px; color: inherit;'> Dirigida por IPv6 Forum&comma; la certificaci\u00f3n IPv6 Ready demuestra la conformidad con los est\u00e1ndares de IPv6 y valida la interoperabilidad de los productos IPv6. <\/p>\n<\/p><\/div>\n<\/p><\/div>\n<\/p><\/div>\n<\/p><\/div>\n","protected":false},"excerpt":{"rendered":"<p>Switch Administrable Capa L2+ Giga, 48x 10\/100\/1000-T, 4x SFP<\/p>\n","protected":false},"featured_media":79190,"comment_status":"open","ping_status":"closed","template":"","meta":[],"product_brand":[],"product_cat":[1970],"product_tag":[1995,664,1971],"class_list":{"0":"post-79191","1":"product","2":"type-product","3":"status-publish","4":"has-post-thumbnail","6":"product_cat-switches","7":"product_tag-allied-telesis","8":"product_tag-networking","9":"product_tag-switches","11":"first","12":"outofstock","13":"sale","14":"shipping-taxable","15":"purchasable","16":"product-type-simple"},"_links":{"self":[{"href":"https:\/\/soydeaqui.ddns.net\/pachuca\/index.php\/wp-json\/wp\/v2\/product\/79191","targetHints":{"allow":["GET"]}}],"collection":[{"href":"https:\/\/soydeaqui.ddns.net\/pachuca\/index.php\/wp-json\/wp\/v2\/product"}],"about":[{"href":"https:\/\/soydeaqui.ddns.net\/pachuca\/index.php\/wp-json\/wp\/v2\/types\/product"}],"replies":[{"embeddable":true,"href":"https:\/\/soydeaqui.ddns.net\/pachuca\/index.php\/wp-json\/wp\/v2\/comments?post=79191"}],"wp:featuredmedia":[{"embeddable":true,"href":"https:\/\/soydeaqui.ddns.net\/pachuca\/index.php\/wp-json\/wp\/v2\/media\/79190"}],"wp:attachment":[{"href":"https:\/\/soydeaqui.ddns.net\/pachuca\/index.php\/wp-json\/wp\/v2\/media?parent=79191"}],"wp:term":[{"taxonomy":"product_brand","embeddable":true,"href":"https:\/\/soydeaqui.ddns.net\/pachuca\/index.php\/wp-json\/wp\/v2\/product_brand?post=79191"},{"taxonomy":"product_cat","embeddable":true,"href":"https:\/\/soydeaqui.ddns.net\/pachuca\/index.php\/wp-json\/wp\/v2\/product_cat?post=79191"},{"taxonomy":"product_tag","embeddable":true,"href":"https:\/\/soydeaqui.ddns.net\/pachuca\/index.php\/wp-json\/wp\/v2\/product_tag?post=79191"}],"curies":[{"name":"wp","href":"https:\/\/api.w.org\/{rel}","templated":true}]}}