{"id":79169,"date":"2026-03-19T17:11:31","date_gmt":"2026-03-19T17:11:31","guid":{"rendered":"https:\/\/soydeaqui.ddns.net\/pachuca\/index.php\/producto\/etherhaul-8010fx-hasta-10-gigabit-full-duplex-70-80ghz-banda-e-frecuencia-baja\/"},"modified":"2026-03-19T17:11:44","modified_gmt":"2026-03-19T17:11:44","slug":"etherhaul-8010fx-hasta-10-gigabit-full-duplex-70-80ghz-banda-e-frecuencia-baja","status":"publish","type":"product","link":"https:\/\/soydeaqui.ddns.net\/pachuca\/index.php\/producto\/etherhaul-8010fx-hasta-10-gigabit-full-duplex-70-80ghz-banda-e-frecuencia-baja\/","title":{"rendered":"EtherHaul-8010FX hasta 10 Gigabit Full Duplex 70\/80GHz Banda-E (Frecuencia-Baja)"},"content":{"rendered":"<div style='width: 100%; max-width: 1200px; margin: 0 auto; font-family: sans-serif; line-height: 1.6; color: inherit; background-color: transparent;'>\n<div style='display: flex; flex-wrap: wrap; gap: 30px; margin-bottom: 30px;'>\n<div style='flex: 1 1 300px; min-width: 280px;'> <img style='width: 100%; height: auto; border: 1px solid rgba(150&comma;150&comma;150&comma;0.3); border-radius: 8px;' src='https:\/\/ftp3.syscom.mx\/usuarios\/hortega\/Siklu\/Siklu.png' alt='' \/> <\/div>\n<div style='flex: 1 1 300px; min-width: 280px;'>\n<h3 style='font-size: 22px; border-bottom: 2px solid currentColor; padding-bottom: 5px; margin-top: 0; color: inherit; opacity: 0.8;'>Caracter\u00edsticas Principales<\/h3>\n<div style='display: flex; flex-wrap: wrap; gap: 10px;'>\n<div style='flex: 1 1 120px; padding: 10px; border: 1px solid rgba(150&comma;150&comma;150&comma;0.3); border-radius: 8px; text-align: center;'>\n<div style='font-size: 16px; font-weight: bold; color: inherit;'>Banda-E<\/div>\n<div style='font-size: 14px; color: inherit;'>70-80 GHz<\/div>\n<\/p><\/div>\n<div style='flex: 1 1 120px; padding: 10px; border: 1px solid rgba(150&comma;150&comma;150&comma;0.3); border-radius: 8px; text-align: center;'>\n<div style='font-size: 16px; font-weight: bold; color: inherit;'>10 Gbps<\/div>\n<div style='font-size: 14px; color: inherit;'>Full Duplex<\/div>\n<\/p><\/div>\n<div style='flex: 1 1 120px; padding: 10px; border: 1px solid rgba(150&comma;150&comma;150&comma;0.3); border-radius: 8px; text-align: center;'>\n<div style='font-size: 16px; font-weight: bold; color: inherit;'>SIN<\/div>\n<div style='font-size: 14px; color: inherit;'>Interferencia<\/div>\n<\/p><\/div>\n<\/p><\/div>\n<\/p><\/div>\n<\/p><\/div>\n<div style='display: flex; flex-wrap: wrap; gap: 30px; margin-bottom: 30px;'>\n<div style='flex: 1 1 300px; min-width: 280px;'>\n<h3 style='font-size: 22px; border-bottom: 2px solid currentColor; padding-bottom: 5px; margin-top: 0; color: inherit; opacity: 0.8;'>Descripci\u00f3n<\/h3>\n<p style='font-size: 15px; color: inherit;'>Siklu EH-8010FX es un enlace de ondas milim\u00e9tricas en la banda E (sin interferencias) para montajes en azoteas y torres de telecomunicaciones&comma; de muy f\u00e1cil despliegue y con una capacidad m\u00e1xima de 10Gbps Full Duplex.<\/p>\n<p style='font-size: 15px; color: inherit;'><span style='color: #c0392b;'>Velocidad de 100 Mbps como base&comma; se requiere licencia para operar a 10 Gbps<\/span> <a style='color: #005cb9; text-decoration: none;' href='https:\/\/www.syscom.mx\/principal\/searchcont?route=EH-ICAP8010-10000-Siklu-171708&#038;autodetect=EH-ICAP8010-10000'>EH-ICAP8010-10000<\/a><\/p>\n<\/p><\/div>\n<div style='flex: 1 1 300px; min-width: 280px;'>\n<h3 style='font-size: 22px; border-bottom: 2px solid currentColor; padding-bottom: 5px; margin-top: 0; color: inherit; opacity: 0.8;'>Especificaciones<\/h3>\n<ul style='padding-left: 20px; font-size: 15px; color: inherit;'>\n<li style='margin-bottom: 5px;'>Banda \u2013 E 71-76Ghz\/81-86Ghz<\/li>\n<li style='margin-bottom: 5px;'>Canalizaci\u00f3n 2000Mhz<\/li>\n<li style='margin-bottom: 5px;'>Potencia de transmisi\u00f3n: 14dBm<\/li>\n<li style='margin-bottom: 5px;'>Tecnolog\u00eda FDD<\/li>\n<li style='margin-bottom: 5px;'>Interfaces: 1x 10GE SFP+ + 1GE RJ-45 para la gesti\u00f3n<\/li>\n<li style='margin-bottom: 5px;'>Web-GUI de f\u00e1cil uso para una configuraci\u00f3n en pocos pasos<\/li>\n<li style='margin-bottom: 5px;'>Configuraci\u00f3n con antenas en modelos de 24cm&comma;31cm y 65cm<\/li>\n<li style='margin-bottom: 5px;'>IP67<\/li>\n<\/ul><\/div>\n<\/p><\/div>\n<hr style='border: 0; border-top: 1px solid rgba(150&comma;150&comma;150&comma;0.3); margin: 30px 0;'>\n<div style='display: flex; flex-wrap: wrap; gap: 30px; margin-bottom: 30px;'>\n<div style='flex: 1 1 300px; min-width: 280px;'>\n<h3 style='font-size: 22px; border-bottom: 2px solid currentColor; padding-bottom: 5px; margin-top: 0; color: inherit; opacity: 0.8;'>Informaci\u00f3n Adicional<\/h3>\n<blockquote style='border-left: 4px solid rgba(150&comma;150&comma;150&comma;0.3); margin: 15px 0; padding: 10px 15px; color: inherit;'>\n<p style='margin: 0; font-size: 15px; color: inherit;'><strong>Los Equipos Siklu trabajan en banda Libre 100% en M\u00e9xico<\/strong><\/p>\n<p style='margin: 5px 0 10px; font-size: 15px; color: inherit;'>Consulta aqu\u00ed el Diario Oficial para ver su acreditaci\u00f3n<\/p>\n<p> <a style='color: #005cb9; text-decoration: none;' href='https:\/\/ftp3.syscom.mx\/usuarios\/hortega\/Siklu\/DOF-Se%20declara%20como%20banda%20de%20uso%20Libre%2080%20GHz.pdf'>Click Aqui<\/a> <\/p><\/blockquote>\n<blockquote style='border-left: 4px solid rgba(150&comma;150&comma;150&comma;0.3); margin: 15px 0; padding: 10px 15px; color: inherit;'>\n<p style='margin: 0; font-size: 15px; color: inherit;'><strong>Inventario de bandas de frecuencias de uso libre<\/strong><\/p>\n<p> <a style='color: #005cb9; text-decoration: none;' href='http:\/\/www.ift.org.mx\/espectro-radioelectrico\/bandas-de-frecuencias-del-espectro-radioelectrico-de-uso-libre'>Click Aqui<\/a> <\/p><\/blockquote><\/div>\n<\/p><\/div>\n<\/p><\/div>\n","protected":false},"excerpt":{"rendered":"<p>EtherHaul-8010FX hasta 10 Gigabit Full Duplex 70\/80GHz Banda-E (Frecuencia-Baja)<\/p>\n","protected":false},"featured_media":79168,"comment_status":"open","ping_status":"closed","template":"","meta":[],"product_brand":[],"product_cat":[2006],"product_tag":[1980,2007,2008],"class_list":{"0":"post-79169","1":"product","2":"type-product","3":"status-publish","4":"has-post-thumbnail","6":"product_cat-otras-bandas","7":"product_tag-enlaces-ptp-y-ptmp","8":"product_tag-otras-bandas","9":"product_tag-siklu","11":"first","12":"outofstock","13":"sale","14":"shipping-taxable","15":"purchasable","16":"product-type-simple"},"_links":{"self":[{"href":"https:\/\/soydeaqui.ddns.net\/pachuca\/index.php\/wp-json\/wp\/v2\/product\/79169","targetHints":{"allow":["GET"]}}],"collection":[{"href":"https:\/\/soydeaqui.ddns.net\/pachuca\/index.php\/wp-json\/wp\/v2\/product"}],"about":[{"href":"https:\/\/soydeaqui.ddns.net\/pachuca\/index.php\/wp-json\/wp\/v2\/types\/product"}],"replies":[{"embeddable":true,"href":"https:\/\/soydeaqui.ddns.net\/pachuca\/index.php\/wp-json\/wp\/v2\/comments?post=79169"}],"wp:featuredmedia":[{"embeddable":true,"href":"https:\/\/soydeaqui.ddns.net\/pachuca\/index.php\/wp-json\/wp\/v2\/media\/79168"}],"wp:attachment":[{"href":"https:\/\/soydeaqui.ddns.net\/pachuca\/index.php\/wp-json\/wp\/v2\/media?parent=79169"}],"wp:term":[{"taxonomy":"product_brand","embeddable":true,"href":"https:\/\/soydeaqui.ddns.net\/pachuca\/index.php\/wp-json\/wp\/v2\/product_brand?post=79169"},{"taxonomy":"product_cat","embeddable":true,"href":"https:\/\/soydeaqui.ddns.net\/pachuca\/index.php\/wp-json\/wp\/v2\/product_cat?post=79169"},{"taxonomy":"product_tag","embeddable":true,"href":"https:\/\/soydeaqui.ddns.net\/pachuca\/index.php\/wp-json\/wp\/v2\/product_tag?post=79169"}],"curies":[{"name":"wp","href":"https:\/\/api.w.org\/{rel}","templated":true}]}}