{"id":79163,"date":"2026-03-19T17:11:17","date_gmt":"2026-03-19T17:11:17","guid":{"rendered":"https:\/\/soydeaqui.ddns.net\/pachuca\/index.php\/producto\/etherhaul-8010fx-hasta-10-gigabit-full-duplex-70-80ghz-banda-e-frecuencia-alta\/"},"modified":"2026-03-19T17:11:29","modified_gmt":"2026-03-19T17:11:29","slug":"etherhaul-8010fx-hasta-10-gigabit-full-duplex-70-80ghz-banda-e-frecuencia-alta","status":"publish","type":"product","link":"https:\/\/soydeaqui.ddns.net\/pachuca\/index.php\/producto\/etherhaul-8010fx-hasta-10-gigabit-full-duplex-70-80ghz-banda-e-frecuencia-alta\/","title":{"rendered":"EtherHaul-8010FX hasta 10 Gigabit Full Duplex 70\/80GHz Banda-E  (Frecuencia-Alta)"},"content":{"rendered":"<div style='width: 100%; max-width: 1200px; margin: 0 auto; font-family: sans-serif; line-height: 1.6; color: inherit; background-color: transparent;'> <!-- Header con logo --> <\/p>\n<div style='text-align: center; margin: 20px 0;'> <img style='width: 120px; height: 39px; border: 1px solid rgba(150&comma;150&comma;150&comma;0.3); border-radius: 8px;' src='https:\/\/ftp3.syscom.mx\/usuarios\/hortega\/Siklu\/Siklu.png' alt='Logo Siklu'> <\/div>\n<p> <!-- Especificaciones principales --> <\/p>\n<div style='display: flex; flex-wrap: wrap; justify-content: center; gap: 15px; margin: 30px 0;'>\n<div style='background: #ebebeb; border-radius: 8px; padding: 15px; flex: 1 1 120px; min-width: 100px; text-align: center;'>\n<div style='font-size: 17px; font-weight: bold; color: #777777;'>Banda-E<\/div>\n<div style='font-size: 17px; color: #777777;'>70-80 GHz<\/div>\n<\/p><\/div>\n<div style='background: #ebebeb; border-radius: 8px; padding: 15px; flex: 1 1 120px; min-width: 100px; text-align: center;'>\n<div style='font-size: 17px; font-weight: bold; color: #777777;'>10 Gbps<\/div>\n<div style='font-size: 17px; color: #777777;'>Full Duplex<\/div>\n<\/p><\/div>\n<div style='background: #ebebeb; border-radius: 8px; padding: 15px; flex: 1 1 120px; min-width: 100px; text-align: center;'>\n<div style='font-size: 17px; font-weight: bold; color: #777777;'>SIN<\/div>\n<div style='font-size: 17px; color: #777777;'>Interferencia<\/div>\n<\/p><\/div>\n<\/p><\/div>\n<p> <!-- Descripci\u00f3n principal --> <\/p>\n<div style='margin: 30px 0;'>\n<p style='margin: 0 0 15px;'>Siklu EH-8010FX es un enlace de ondas milim\u00e9tricas en la banda E (sin interferencias) para montajes en azoteas y torres de telecomunicaciones&comma; de muy f\u00e1cil despliegue y con una capacidad m\u00e1xima de 10Gbps Full Duplex.<\/p>\n<p style='margin: 0; color: #c0392b; font-size: 14px;'> (Velocidad de 100 Mbps como base&comma; se requiere licencia para <a href='https:\/\/www.syscom.mx\/principal\/searchcont?route=EH-ICAP8010-10000-Siklu-171708&#038;autodetect=EH-ICAP8010-10000' style='color: #005cb9; text-decoration: underline;'> EH-ICAP8010-10000 <\/a> operar a 10 Gbps) <\/p>\n<\/p><\/div>\n<p> <!-- Imagen principal --> <\/p>\n<div style='margin: 30px 0;'> <img style='width: 100%; height: auto; border: 1px solid rgba(150&comma;150&comma;150&comma;0.3); border-radius: 8px;' src='https:\/\/ftp3.syscom.mx\/usuarios\/fotos\/EH8010FXODUHN2C1PEXD\/169856-etherhaul_8010fx.png' alt='EtherHaul 8010FX'> <\/div>\n<p> <!-- Caracter\u00edsticas t\u00e9cnicas --> <\/p>\n<div style='margin: 30px 0;'>\n<h3 style='font-size: 22px; border-bottom: 2px solid currentColor; padding-bottom: 5px; margin-top: 0; color: inherit; opacity: 0.8;'>Caracter\u00edsticas t\u00e9cnicas<\/h3>\n<ul style='padding-left: 20px; font-size: 15px; color: inherit;'>\n<li style='margin-bottom: 8px;'>Banda \u2013 E 71-76Ghz\/81-86Ghz<\/li>\n<li style='margin-bottom: 8px;'>Canalizaci\u00f3n 2000Mhz<\/li>\n<li style='margin-bottom: 8px;'>Potencia de transmisi\u00f3n: 14dBm<\/li>\n<li style='margin-bottom: 8px;'>Tecnolog\u00eda FDD<\/li>\n<li style='margin-bottom: 8px;'>Interfaces: 1x 10G SFP+ y 1GBE RJ-45 para la gesti\u00f3n<\/li>\n<li style='margin-bottom: 8px;'>Web-GUI de f\u00e1cil uso para una configuraci\u00f3n en pocos pasos<\/li>\n<li style='margin-bottom: 8px;'>Configuraci\u00f3n con antenas en modelos de 1 y 2 pies<\/li>\n<li style='margin-bottom: 8px;'>IP67<\/li>\n<\/ul><\/div>\n<p> <!-- Documentos importantes --> <\/p>\n<div style='margin: 30px 0;'>\n<h3 style='font-size: 22px; border-bottom: 2px solid currentColor; padding-bottom: 5px; margin-top: 0; color: inherit; opacity: 0.8;'>Documentaci\u00f3n<\/h3>\n<div style='background: #fff3f3; border-radius: 8px; padding: 20px; margin: 20px 0; border: 1px solid rgba(150&comma;150&comma;150&comma;0.3);'>\n<h4 style='margin-top: 0; color: #c0392b; font-size: 18px;'><strong>Los Equipos Siklu trabajan en banda Libre 100% en M\u00e9xico<\/strong><\/h4>\n<p style='margin: 10px 0; color: #c0392b; font-size: 14px;'> Consulta aqu\u00ed el Diario Oficial para ver su acreditaci\u00f3n <a href='https:\/\/ftp3.syscom.mx\/usuarios\/hortega\/Siklu\/DOF-Se%20declara%20como%20banda%20de%20uso%20Libre%2080%20GHz.pdf' style='color: #005cb9; text-decoration: underline;'> Click Aqui <\/a> <\/p>\n<\/p><\/div>\n<div style='background: #f0f0ff; border-radius: 8px; padding: 20px; margin: 20px 0; border: 1px solid rgba(150&comma;150&comma;150&comma;0.3);'>\n<h4 style='margin-top: 0;'><strong>Inventario de bandas de frecuencias de uso libre<\/strong><\/h4>\n<p style='margin: 10px 0;'> <a href='http:\/\/www.ift.org.mx\/espectro-radioelectrico\/bandas-de-frecuencias-del-espectro-radioelectrico-de-uso-libre' style='color: #005cb9; text-decoration: underline;'> Click Aqui <\/a> <\/p>\n<\/p><\/div>\n<\/p><\/div>\n<p> <!-- Separador final --> <\/p>\n<hr style='border: 0; border-top: 1px solid rgba(150&comma; 150&comma; 150&comma; 0.3); margin: 30px 0;'> <\/div>\n","protected":false},"excerpt":{"rendered":"<p>EtherHaul-8010FX hasta 10 Gigabit Full Duplex 70\/80GHz Banda-E  (Frecuencia-Alta)<\/p>\n","protected":false},"featured_media":79162,"comment_status":"open","ping_status":"closed","template":"","meta":[],"product_brand":[],"product_cat":[2006],"product_tag":[1980,2007,2008],"class_list":{"0":"post-79163","1":"product","2":"type-product","3":"status-publish","4":"has-post-thumbnail","6":"product_cat-otras-bandas","7":"product_tag-enlaces-ptp-y-ptmp","8":"product_tag-otras-bandas","9":"product_tag-siklu","11":"first","12":"outofstock","13":"sale","14":"shipping-taxable","15":"purchasable","16":"product-type-simple"},"_links":{"self":[{"href":"https:\/\/soydeaqui.ddns.net\/pachuca\/index.php\/wp-json\/wp\/v2\/product\/79163","targetHints":{"allow":["GET"]}}],"collection":[{"href":"https:\/\/soydeaqui.ddns.net\/pachuca\/index.php\/wp-json\/wp\/v2\/product"}],"about":[{"href":"https:\/\/soydeaqui.ddns.net\/pachuca\/index.php\/wp-json\/wp\/v2\/types\/product"}],"replies":[{"embeddable":true,"href":"https:\/\/soydeaqui.ddns.net\/pachuca\/index.php\/wp-json\/wp\/v2\/comments?post=79163"}],"wp:featuredmedia":[{"embeddable":true,"href":"https:\/\/soydeaqui.ddns.net\/pachuca\/index.php\/wp-json\/wp\/v2\/media\/79162"}],"wp:attachment":[{"href":"https:\/\/soydeaqui.ddns.net\/pachuca\/index.php\/wp-json\/wp\/v2\/media?parent=79163"}],"wp:term":[{"taxonomy":"product_brand","embeddable":true,"href":"https:\/\/soydeaqui.ddns.net\/pachuca\/index.php\/wp-json\/wp\/v2\/product_brand?post=79163"},{"taxonomy":"product_cat","embeddable":true,"href":"https:\/\/soydeaqui.ddns.net\/pachuca\/index.php\/wp-json\/wp\/v2\/product_cat?post=79163"},{"taxonomy":"product_tag","embeddable":true,"href":"https:\/\/soydeaqui.ddns.net\/pachuca\/index.php\/wp-json\/wp\/v2\/product_tag?post=79163"}],"curies":[{"name":"wp","href":"https:\/\/api.w.org\/{rel}","templated":true}]}}