{"id":7915,"date":"2026-03-18T07:02:26","date_gmt":"2026-03-18T07:02:26","guid":{"rendered":"https:\/\/soydeaqui.ddns.net\/pachuca\/index.php\/producto\/sensor-pir-para-activacion-y-seguridad-de-puertas-automaticas\/"},"modified":"2026-03-18T07:02:26","modified_gmt":"2026-03-18T07:02:26","slug":"sensor-pir-para-activacion-y-seguridad-de-puertas-automaticas","status":"publish","type":"product","link":"https:\/\/soydeaqui.ddns.net\/pachuca\/index.php\/producto\/sensor-pir-para-activacion-y-seguridad-de-puertas-automaticas\/","title":{"rendered":"Sensor PIR para activaci\u00f3n y seguridad de puertas autom\u00e1ticas"},"content":{"rendered":"<div style='width: 100%; max-width: 1200px; margin: 0 auto; font-family: sans-serif; line-height: 1.6; color: inherit; background-color: transparent;'>\n<div style='display: flex; flex-wrap: wrap; gap: 30px; margin-bottom: 30px;'>\n<div style='flex: 1 1 300px; min-width: 280px;'>\n<h3 style='font-size: 22px; border-bottom: 2px solid currentColor; padding-bottom: 5px; margin-top: 0; color: inherit; opacity: 0.8;'>Descripci\u00f3n<\/h3>\n<p style='font-size: 15px; color: inherit;'>El sensor de puerta infrarrojo pasivo Optex OP-08CW es un sensor confiable y econ\u00f3mico para cada tipo de aplicaci\u00f3n de puerta autom\u00e1tica. La carcasa compacta tambi\u00e9n lo hace adecuado para el montaje empotrado&comma; y aporta un aspecto atractivo&comma; versatilidad y alto rendimiento a las aplicaciones PIR de solicitud de salida. El OP-08CW se monta en el travesa\u00f1o o techo y tiene 10 zonas de detecci\u00f3n individuales que se pueden enmascarar f\u00e1cilmente para controlar la detecci\u00f3n. Su ajuste especial de patr\u00f3n &#8216;Ancho y profundo&#8217; duplica sus opciones de patr\u00f3n de detecci\u00f3n. Disponible en negro o blanco&comma; el OP-08 es seleccionable a prueba de fallas o falla&comma; 12-24V CA \/ CC&comma; y tiene un rel\u00e9 en forma C.<\/p>\n<\/div>\n<\/div>\n<div style='display: flex; flex-wrap: wrap; gap: 20px; margin-bottom: 30px;'>\n<div style='flex: 1 1 250px; border: 1px solid rgba(150&comma; 150&comma; 150&comma; 0.4); border-radius: 8px; overflow: hidden; display: flex; flex-direction: column;'>\n<div style='padding: 15px; border-bottom: 1px solid rgba(150&comma; 150&comma; 150&comma; 0.2); font-weight: bold; font-size: 18px; color: inherit;'>Caracter\u00edsticas principales<\/div>\n<div style='padding: 15px; color: inherit;'>\n<ul style='padding-left: 20px; margin: 0; font-size: 14px; list-style-type: disc;'>\n<li style='margin-bottom: 5px;'>Corte tangencial y perforaci\u00f3n con 600g fuerza m\u00e1xima<\/li>\n<li style='margin-bottom: 5px;'>Velocidad m\u00e1xima de 1485 mm\/s en corte a 45\u00b0<\/li>\n<li style='margin-bottom: 5px;'>Ancho de corte amplio de 1016 mm<\/li>\n<li style='margin-bottom: 5px;'>Resoluci\u00f3n mec\u00e1nica precisa de 0.005 mm<\/li>\n<li style='margin-bottom: 5px;'>Sistema de alineaci\u00f3n autom\u00e1tica con sensor \u00f3ptico<\/li>\n<\/ul>\n<\/div>\n<\/div>\n<\/div>\n<hr style='border: 0; border-top: 1px solid rgba(150&comma; 150&comma; 150&comma; 0.3); margin: 30px 0;'><\/div>\n","protected":false},"excerpt":{"rendered":"<p>Sensor PIR para activaci\u00f3n y seguridad de puertas autom\u00e1ticas<\/p>\n","protected":false},"featured_media":7914,"comment_status":"open","ping_status":"closed","template":"","meta":[],"product_brand":[],"product_cat":[226],"product_tag":[106,104,227],"class_list":{"0":"post-7915","1":"product","2":"type-product","3":"status-publish","4":"has-post-thumbnail","6":"product_cat-sensores-de-movimiento-para-exterior","7":"product_tag-optex","8":"product_tag-proteccion-perimetral","9":"product_tag-sensores-de-movimiento-para-exterior","11":"first","12":"outofstock","13":"sale","14":"shipping-taxable","15":"purchasable","16":"product-type-simple"},"_links":{"self":[{"href":"https:\/\/soydeaqui.ddns.net\/pachuca\/index.php\/wp-json\/wp\/v2\/product\/7915","targetHints":{"allow":["GET"]}}],"collection":[{"href":"https:\/\/soydeaqui.ddns.net\/pachuca\/index.php\/wp-json\/wp\/v2\/product"}],"about":[{"href":"https:\/\/soydeaqui.ddns.net\/pachuca\/index.php\/wp-json\/wp\/v2\/types\/product"}],"replies":[{"embeddable":true,"href":"https:\/\/soydeaqui.ddns.net\/pachuca\/index.php\/wp-json\/wp\/v2\/comments?post=7915"}],"wp:featuredmedia":[{"embeddable":true,"href":"https:\/\/soydeaqui.ddns.net\/pachuca\/index.php\/wp-json\/wp\/v2\/media\/7914"}],"wp:attachment":[{"href":"https:\/\/soydeaqui.ddns.net\/pachuca\/index.php\/wp-json\/wp\/v2\/media?parent=7915"}],"wp:term":[{"taxonomy":"product_brand","embeddable":true,"href":"https:\/\/soydeaqui.ddns.net\/pachuca\/index.php\/wp-json\/wp\/v2\/product_brand?post=7915"},{"taxonomy":"product_cat","embeddable":true,"href":"https:\/\/soydeaqui.ddns.net\/pachuca\/index.php\/wp-json\/wp\/v2\/product_cat?post=7915"},{"taxonomy":"product_tag","embeddable":true,"href":"https:\/\/soydeaqui.ddns.net\/pachuca\/index.php\/wp-json\/wp\/v2\/product_tag?post=7915"}],"curies":[{"name":"wp","href":"https:\/\/api.w.org\/{rel}","templated":true}]}}