{"id":79135,"date":"2026-03-19T17:10:01","date_gmt":"2026-03-19T17:10:01","guid":{"rendered":"https:\/\/soydeaqui.ddns.net\/pachuca\/index.php\/producto\/fuente-de-poder-pwra-ca-para-olt-an6001-g16-con-cable-de-alimentacion\/"},"modified":"2026-03-19T17:10:17","modified_gmt":"2026-03-19T17:10:17","slug":"fuente-de-poder-pwra-ca-para-olt-an6001-g16-con-cable-de-alimentacion","status":"publish","type":"product","link":"https:\/\/soydeaqui.ddns.net\/pachuca\/index.php\/producto\/fuente-de-poder-pwra-ca-para-olt-an6001-g16-con-cable-de-alimentacion\/","title":{"rendered":"Fuente de Poder PWRA CA para OLT AN6001-G16 con cable de alimentaci\u00f3n"},"content":{"rendered":"<div style='width: 100%; max-width: 1200px; margin: 0 auto; font-family: sans-serif; line-height: 1.6; color: inherit; background-color: transparent;'> <!-- Imagen principal --> <\/p>\n<div style='width: 100%; margin-bottom: 30px;'> <img style='width: 100%; height: auto; border: 1px solid rgba(150&comma;150&comma;150&comma;0.3); border-radius: 8px; display: block; margin: 0 auto;' src='https:\/\/ftp3.syscom.mx\/usuarios\/fotos\/HG6543C\/187432-fiberjom.jpg' alt=''> <\/div>\n<p> <!-- Descripci\u00f3n general --> <\/p>\n<div style='margin-bottom: 30px; font-size: 16px; color: inherit;'>\n<p style='text-align: justify; margin: 0 0 15px 0;'>El AN6001-G16PWRA admite un voltaje de entrada CA de 110 V\/220 V en estado activo o en standby&comma; con protecci\u00f3n contra descargas&comma; filtraje&comma; alarma de falla de protecci\u00f3n contra descargas y detecci\u00f3n de voltaje de entrada.<\/p>\n<\/p><\/div>\n<p> <!-- Caracter\u00edsticas --> <\/p>\n<div style='display: flex; flex-wrap: wrap; gap: 30px; margin-bottom: 30px;'>\n<div style='flex: 1 1 300px; min-width: 280px;'>\n<h3 style='font-size: 22px; border-bottom: 2px solid currentColor; padding-bottom: 5px; margin-top: 0; color: inherit; opacity: 0.8;'>Caracter\u00edsticas<\/h3>\n<ul style='padding-left: 20px; font-size: 15px; color: inherit;'>\n<li style='margin-bottom: 5px;'><strong>Voltaje de entrada:<\/strong>\n<ul style='padding-left: 20px; margin-top: 5px; margin-bottom: 5px;'>\n<li>100 &#8211; 240 VCA<\/li>\n<\/ul>\n<\/li>\n<li style='margin-bottom: 5px;'><strong>Frecuencia:<\/strong>\n<ul style='padding-left: 20px; margin-top: 5px; margin-bottom: 5px;'>\n<li>50 &#8211; 60 Hz<\/li>\n<\/ul>\n<\/li>\n<\/ul><\/div>\n<\/p><\/div>\n<p> <!-- Secci\u00f3n de administraci\u00f3n UNM2000 --> <\/p>\n<div style='display: flex; flex-wrap: wrap; gap: 30px; margin-bottom: 30px;'>\n<div style='flex: 1 1 400px; min-width: 300px;'> <img style='width: 100%; height: auto; border: 1px solid rgba(150&comma;150&comma;150&comma;0.3); border-radius: 8px;' src='https:\/\/ftp3.syscom.mx\/usuarios\/fotos\/HG6543C\/187432-interfaz_unm2000-2_.png' alt='Interfaz UNM2000'> <\/div>\n<div style='flex: 1 1 400px; min-width: 300px;'>\n<h2 style='font-size: 20px; color: #f74902; margin-top: 0; margin-bottom: 15px;'>Software de administraci\u00f3n Fiberhome UNM2000<\/h2>\n<ul style='padding-left: 20px; font-size: 15px; color: inherit;'>\n<li style='margin-bottom: 5px;'><strong>Licencia sin costo.<\/strong><\/li>\n<li style='margin-bottom: 5px;'><strong>Mejora la eficiencia en la gesti\u00f3n.<\/strong><\/li>\n<li style='margin-bottom: 5px;'><strong>Configuraci\u00f3n de ONU\u00b4s\/ONT\u00b4s Fiberhome directamente desde la OLT.<\/strong><\/li>\n<li style='margin-bottom: 5px;'><strong>Reduce costos de mantenimiento.<\/strong><\/li>\n<li style='margin-bottom: 5px;'><strong>Perfil de autoaprovisionamiento con ONUs Fiberhome.<\/strong><\/li>\n<li><a href='https:\/\/drive.google.com\/drive\/folders\/17-if5U0Fwp6xX6BKXh4kcp7XbTkzXJKH' target='_blank' rel='noopener' style='color: #f74902; text-decoration: none; font-weight: bold;'>Descargue el software aqu\u00ed<\/a><\/li>\n<\/ul><\/div>\n<\/p><\/div>\n<\/p><\/div>\n","protected":false},"excerpt":{"rendered":"<p>Fuente de Poder PWRA CA para OLT AN6001-G16 con cable de alimentaci\u00f3n<\/p>\n","protected":false},"featured_media":79134,"comment_status":"open","ping_status":"closed","template":"","meta":[],"product_brand":[],"product_cat":[2018],"product_tag":[639,2019,2011],"class_list":{"0":"post-79135","1":"product","2":"type-product","3":"status-publish","4":"has-post-thumbnail","6":"product_cat-olts","7":"product_tag-fiberhome","8":"product_tag-olts","9":"product_tag-redes-ftth-pon","11":"first","12":"instock","13":"sale","14":"shipping-taxable","15":"purchasable","16":"product-type-simple"},"_links":{"self":[{"href":"https:\/\/soydeaqui.ddns.net\/pachuca\/index.php\/wp-json\/wp\/v2\/product\/79135","targetHints":{"allow":["GET"]}}],"collection":[{"href":"https:\/\/soydeaqui.ddns.net\/pachuca\/index.php\/wp-json\/wp\/v2\/product"}],"about":[{"href":"https:\/\/soydeaqui.ddns.net\/pachuca\/index.php\/wp-json\/wp\/v2\/types\/product"}],"replies":[{"embeddable":true,"href":"https:\/\/soydeaqui.ddns.net\/pachuca\/index.php\/wp-json\/wp\/v2\/comments?post=79135"}],"wp:featuredmedia":[{"embeddable":true,"href":"https:\/\/soydeaqui.ddns.net\/pachuca\/index.php\/wp-json\/wp\/v2\/media\/79134"}],"wp:attachment":[{"href":"https:\/\/soydeaqui.ddns.net\/pachuca\/index.php\/wp-json\/wp\/v2\/media?parent=79135"}],"wp:term":[{"taxonomy":"product_brand","embeddable":true,"href":"https:\/\/soydeaqui.ddns.net\/pachuca\/index.php\/wp-json\/wp\/v2\/product_brand?post=79135"},{"taxonomy":"product_cat","embeddable":true,"href":"https:\/\/soydeaqui.ddns.net\/pachuca\/index.php\/wp-json\/wp\/v2\/product_cat?post=79135"},{"taxonomy":"product_tag","embeddable":true,"href":"https:\/\/soydeaqui.ddns.net\/pachuca\/index.php\/wp-json\/wp\/v2\/product_tag?post=79135"}],"curies":[{"name":"wp","href":"https:\/\/api.w.org\/{rel}","templated":true}]}}