{"id":79129,"date":"2026-03-19T17:09:47","date_gmt":"2026-03-19T17:09:47","guid":{"rendered":"https:\/\/soydeaqui.ddns.net\/pachuca\/index.php\/producto\/router-inalambrico-mesh-interior-para-hogar-doble-banda-wi-fi-5-ac1200-mbps-2-puerto-gigabit-wan-lan-2-antenas-internas-administracion-mediante-la-app-deco-ios-android\/"},"modified":"2026-03-19T17:09:58","modified_gmt":"2026-03-19T17:09:58","slug":"router-inalambrico-mesh-interior-para-hogar-doble-banda-wi-fi-5-ac1200-mbps-2-puerto-gigabit-wan-lan-2-antenas-internas-administracion-mediante-la-app-deco-ios-android","status":"publish","type":"product","link":"https:\/\/soydeaqui.ddns.net\/pachuca\/index.php\/producto\/router-inalambrico-mesh-interior-para-hogar-doble-banda-wi-fi-5-ac1200-mbps-2-puerto-gigabit-wan-lan-2-antenas-internas-administracion-mediante-la-app-deco-ios-android\/","title":{"rendered":"Router Inal\u00e1mbrico MESH Interior para Hogar \/ Doble Banda Wi-Fi 5 AC1200 Mbps \/ 2 Puerto Gigabit WAN\/LAN \/ 2 Antenas Internas \/ Administraci\u00f3n Mediante la App Deco (iOS, Android)"},"content":{"rendered":"<div style='width: 100%; max-width: 1200px; margin: 0 auto; font-family: sans-serif; line-height: 1.6; color: inherit; background-color: transparent;'> <!-- Imagen principal --> <\/p>\n<div style='margin-bottom: 30px;'> <img style='width: 100%; height: auto; border: 1px solid rgba(150&comma;150&comma;150&comma;0.3); border-radius: 8px;' src='https:\/\/ftp3.syscom.mx\/usuarios\/fotos\/DECOM4\/169873-captura_de_pantalla_2024-02-29_a_la(s)_2.09.24 p.m..png' alt=''> <\/div>\n<p> <!-- Secci\u00f3n de caracter\u00edsticas principales --> <\/p>\n<div style='margin-bottom: 30px;'>\n<h3 style='font-size: 24px; text-align: center; border-bottom: 2px solid currentColor; padding-bottom: 5px; margin: 0 0 20px 0; color: inherit; opacity: 0.8;'>Caracter\u00edsticas Principales<\/h3>\n<div style='display: flex; justify-content: center; margin-bottom: 20px;'> <img style='width: 100%; height: auto; max-width: 800px; border: 1px solid rgba(150&comma;150&comma;150&comma;0.3); border-radius: 8px;' src='https:\/\/ftp3.syscom.mx\/usuarios\/fotos\/DECOM4\/169873-captura_de_pantalla_2024-02-29_a_la(s)_2.11.19 p.m..png' alt=''> <\/div>\n<\/p><\/div>\n<p> <!-- Secci\u00f3n de roaming --> <\/p>\n<div style='margin-bottom: 30px;'>\n<h3 style='font-size: 24px; text-align: center; border-bottom: 2px solid currentColor; padding-bottom: 5px; margin: 0 0 20px 0; color: inherit; opacity: 0.8;'>Roaming sin interrupciones<\/h3>\n<div style='display: flex; justify-content: center;'> <img style='width: 100%; height: auto; max-width: 800px; border: 1px solid rgba(150&comma;150&comma;150&comma;0.3); border-radius: 8px;' src='https:\/\/ftp3.syscom.mx\/usuarios\/fotos\/DECOM4\/169873-captura_de_pantalla_2024-02-29_a_la(s)_2.09.59 p.m..png' alt=''> <\/div>\n<\/p><\/div>\n<p> <!-- Secci\u00f3n de modos de operaci\u00f3n --> <\/p>\n<div style='margin-bottom: 30px;'>\n<h3 style='font-size: 24px; text-align: center; border-bottom: 2px solid currentColor; padding-bottom: 5px; margin: 0 0 20px 0; color: inherit; opacity: 0.8;'>Modos de Operaci\u00f3n: Punto de Acceso y Router<\/h3>\n<div style='display: flex; justify-content: center;'> <img style='width: 100%; height: auto; max-width: 800px; border: 1px solid rgba(150&comma;150&comma;150&comma;0.3); border-radius: 8px;' src='https:\/\/ftp3.syscom.mx\/usuarios\/fotos\/DECOS7\/228180-captura_de_pantalla_2024-02-29_a_la(s)_11.24.14 a.m..png' alt=''> <\/div>\n<\/p><\/div>\n<p> <!-- Secci\u00f3n de configuraci\u00f3n sencilla --> <\/p>\n<div style='margin-bottom: 30px;'>\n<h3 style='font-size: 24px; text-align: center; border-bottom: 2px solid currentColor; padding-bottom: 5px; margin: 0 0 20px 0; color: inherit; opacity: 0.8;'>Configuraci\u00f3n Sencilla<\/h3>\n<div style='display: flex; justify-content: center;'> <img style='width: 100%; height: auto; max-width: 800px; border: 1px solid rgba(150&comma;150&comma;150&comma;0.3); border-radius: 8px;' src='https:\/\/ftp3.syscom.mx\/usuarios\/fotos\/DECOM4\/169873-captura_de_pantalla_2024-02-29_a_la(s)_2.10.11 p.m..png' alt=''> <\/div>\n<\/p><\/div>\n<p> <!-- Secci\u00f3n de controles parentales --> <\/p>\n<div style='margin-bottom: 30px;'>\n<h3 style='font-size: 24px; text-align: center; border-bottom: 2px solid currentColor; padding-bottom: 5px; margin: 0 0 20px 0; color: inherit; opacity: 0.8;'>Controles Parentales B\u00e1sicos<\/h3>\n<div style='display: flex; justify-content: center;'> <img style='width: 100%; height: auto; max-width: 800px; border: 1px solid rgba(150&comma;150&comma;150&comma;0.3); border-radius: 8px;' src='https:\/\/ftp3.syscom.mx\/usuarios\/fotos\/DECOS7\/228180-captura_de_pantalla_2024-02-29_a_la(s)_11.24.48 a.m..png' alt=''> <\/div>\n<\/p><\/div>\n<p> <!-- Separador --> <\/p>\n<hr style='border: 0; border-top: 1px solid rgba(150&comma; 150&comma; 150&comma; 0.3); margin: 30px 0;'> <!-- Secci\u00f3n de especificaciones --> <\/p>\n<div style='margin-bottom: 30px;'>\n<h3 style='font-size: 24px; border-bottom: 2px solid currentColor; padding-bottom: 5px; margin: 0 0 20px 0; color: inherit; opacity: 0.8;'>Especificaciones<\/h3>\n<div style='display: flex; flex-wrap: wrap; gap: 20px;'>\n<div style='flex: 1 1 250px; border: 1px solid rgba(150&comma; 150&comma; 150&comma; 0.4); border-radius: 8px; overflow: hidden; display: flex; flex-direction: column;'>\n<div style='padding: 15px; border-bottom: 1px solid rgba(150&comma; 150&comma; 150&comma; 0.2); font-weight: bold; font-size: 18px; color: inherit;'>Especificaciones Generales<\/div>\n<div style='padding: 15px; color: inherit;'>\n<ul style='padding-left: 20px; margin: 0; font-size: 14px; list-style-type: disc;'>\n<li style='margin-bottom: 5px;'><strong>Dimensiones:<\/strong> 90.7 x 90.7 x 190 mm<\/li>\n<li style='margin-bottom: 5px;'><strong>Puertos:<\/strong> (2) Puerto 10\/100\/1000 Mbps Detecci\u00f3n Autom\u00e1tica WAN\/LAN<\/li>\n<li style='margin-bottom: 5px;'><strong>Modos de Operaci\u00f3n:<\/strong> Router \/ Punto de Acceso<\/li>\n<li style='margin-bottom: 5px;'><strong>Garant\u00eda:<\/strong> 2 a\u00f1os<\/li>\n<li style='margin-bottom: 5px;'><strong>Gesti\u00f3n:<\/strong> Mediante Aplicaci\u00f3n (iOS \/ Android)<\/li>\n<li style='margin-bottom: 5px;'><strong>Consumo m\u00e1ximo:<\/strong> 15.7 W<\/li>\n<li style='margin-bottom: 5px;'><strong>Alimentaci\u00f3n:<\/strong> 12 Vcc \/ 1A<\/li>\n<li style='margin-bottom: 5px;'><strong>Antenas:<\/strong> 2 Antenas Internas<\/li>\n<li style='margin-bottom: 5px;'><strong>WiFi:<\/strong> Doble Banda Wi-Fi 5 AC1200 Mbps<\/li>\n<li style='margin-bottom: 5px;'><strong>Bot\u00f3n Reset:<\/strong> S\u00ed<\/li>\n<\/ul><\/div>\n<\/p><\/div>\n<div style='flex: 1 1 250px; border: 1px solid rgba(150&comma; 150&comma; 150&comma; 0.4); border-radius: 8px; overflow: hidden; display: flex; flex-direction: column;'>\n<div style='padding: 15px; border-bottom: 1px solid rgba(150&comma; 150&comma; 150&comma; 0.2); font-weight: bold; font-size: 18px; color: inherit;'>Caracter\u00edsticas de Red<\/div>\n<div style='padding: 15px; color: inherit;'>\n<ul style='padding-left: 20px; margin: 0; font-size: 14px; list-style-type: disc;'>\n<li style='margin-bottom: 5px;'><strong>Seguridad Inal\u00e1mbrica:<\/strong> WPA\/WPA2<\/li>\n<li style='margin-bottom: 5px;'><strong>Reenv\u00edo NAT:<\/strong> Reenv\u00edo de puertos&comma; uPnP<\/li>\n<li style='margin-bottom: 5px;'><strong>Tipos de conexi\u00f3n WAN:<\/strong> IP est\u00e1tica\/din\u00e1mica&comma; PPPoE&comma; PPTP&comma; L2TP&comma; Banda ancha m\u00f3vil<\/li>\n<li style='margin-bottom: 5px;'><strong>IPv6\/IPv4:<\/strong> Conexi\u00f3n WAN<\/li>\n<li style='margin-bottom: 5px;'><strong>IPTV:<\/strong> Proxy IGMP<\/li>\n<li style='margin-bottom: 5px;'><strong>Temperatura de operaci\u00f3n:<\/strong> 0 a 40\u00b0 C<\/li>\n<li style='margin-bottom: 5px;'><strong>Certificaciones:<\/strong> CE&comma; FCC&comma; RoHS<\/li>\n<\/ul><\/div>\n<\/p><\/div>\n<div style='flex: 1 1 250px; border: 1px solid rgba(150&comma; 150&comma; 150&comma; 0.4); border-radius: 8px; overflow: hidden; display: flex; flex-direction: column;'>\n<div style='padding: 15px; border-bottom: 1px solid rgba(150&comma; 150&comma; 150&comma; 0.2); font-weight: bold; font-size: 18px; color: inherit;'>Caracter\u00edsticas Adicionales<\/div>\n<div style='padding: 15px; color: inherit;'>\n<ul style='padding-left: 20px; margin: 0; font-size: 14px; list-style-type: disc;'>\n<li style='margin-bottom: 5px;'><strong>WiFi:<\/strong> Tecnolog\u00eda Mesh TP-Link (Solo Compatible con Decos)&comma; MU-MIMO 2X2<\/li>\n<li style='margin-bottom: 5px;'><strong>Control Parental:<\/strong> Filtrado de URL&comma; L\u00edmites de tiempo<\/li>\n<li style='margin-bottom: 5px;'><strong>Potencia de Transmisi\u00f3n WiFi:<\/strong> CE: <20 dBm (2&comma;4 GHz) \/ <23 dBm (5 GHz)&comma; FCC:<30 dBm (5 GHz)<\/li>\n<\/ul><\/div>\n<\/p><\/div>\n<div style='flex: 1 1 250px; border: 1px solid rgba(150&comma; 150&comma; 150&comma; 0.4); border-radius: 8px; overflow: hidden; display: flex; flex-direction: column;'>\n<div style='padding: 15px; border-bottom: 1px solid rgba(150&comma; 150&comma; 150&comma; 0.2); font-weight: bold; font-size: 18px; color: inherit;'>Contenido del Paquete<\/div>\n<div style='padding: 15px; color: inherit;'>\n<ul style='padding-left: 20px; margin: 0; font-size: 14px; list-style-type: disc;'>\n<li style='margin-bottom: 5px;'>1 Deco M4<\/li>\n<li style='margin-bottom: 5px;'>1 Cable Ethernet RJ45<\/li>\n<li style='margin-bottom: 5px;'>1 Fuente de Poder<\/li>\n<li style='margin-bottom: 5px;'>1 Gu\u00eda de instalaci\u00f3n r\u00e1pida<\/li>\n<\/ul><\/div>\n<\/p><\/div>\n<\/p><\/div>\n<\/p><\/div>\n<\/p><\/div>\n","protected":false},"excerpt":{"rendered":"<p>Router Inal\u00e1mbrico MESH Interior para Hogar \/ Doble Banda Wi-Fi 5 AC1200 Mbps \/ 2 Puerto Gigabit WAN\/LAN \/ 2 Antenas Internas \/ Administraci\u00f3n Mediante la App Deco (iOS, Android)<\/p>\n","protected":false},"featured_media":79128,"comment_status":"open","ping_status":"closed","template":"","meta":[],"product_brand":[],"product_cat":[2036,2035,2034],"product_tag":[2039,2038,664,2037,71],"class_list":{"0":"post-79129","1":"product","2":"type-product","3":"status-publish","4":"has-post-thumbnail","6":"product_cat-balanceadores","7":"product_cat-firewalls","8":"product_cat-routers","9":"product_tag-balanceadores","10":"product_tag-firewalls","11":"product_tag-networking","12":"product_tag-routers","13":"product_tag-tp-link","15":"first","16":"instock","17":"sale","18":"shipping-taxable","19":"purchasable","20":"product-type-simple"},"_links":{"self":[{"href":"https:\/\/soydeaqui.ddns.net\/pachuca\/index.php\/wp-json\/wp\/v2\/product\/79129","targetHints":{"allow":["GET"]}}],"collection":[{"href":"https:\/\/soydeaqui.ddns.net\/pachuca\/index.php\/wp-json\/wp\/v2\/product"}],"about":[{"href":"https:\/\/soydeaqui.ddns.net\/pachuca\/index.php\/wp-json\/wp\/v2\/types\/product"}],"replies":[{"embeddable":true,"href":"https:\/\/soydeaqui.ddns.net\/pachuca\/index.php\/wp-json\/wp\/v2\/comments?post=79129"}],"wp:featuredmedia":[{"embeddable":true,"href":"https:\/\/soydeaqui.ddns.net\/pachuca\/index.php\/wp-json\/wp\/v2\/media\/79128"}],"wp:attachment":[{"href":"https:\/\/soydeaqui.ddns.net\/pachuca\/index.php\/wp-json\/wp\/v2\/media?parent=79129"}],"wp:term":[{"taxonomy":"product_brand","embeddable":true,"href":"https:\/\/soydeaqui.ddns.net\/pachuca\/index.php\/wp-json\/wp\/v2\/product_brand?post=79129"},{"taxonomy":"product_cat","embeddable":true,"href":"https:\/\/soydeaqui.ddns.net\/pachuca\/index.php\/wp-json\/wp\/v2\/product_cat?post=79129"},{"taxonomy":"product_tag","embeddable":true,"href":"https:\/\/soydeaqui.ddns.net\/pachuca\/index.php\/wp-json\/wp\/v2\/product_tag?post=79129"}],"curies":[{"name":"wp","href":"https:\/\/api.w.org\/{rel}","templated":true}]}}