{"id":79110,"date":"2026-03-19T17:08:58","date_gmt":"2026-03-19T17:08:58","guid":{"rendered":"https:\/\/soydeaqui.ddns.net\/pachuca\/index.php\/producto\/punto-de-acceso-ptp-y-ptmp-conectorizado-en-5-1-5-8-ghz-mimo-2x2-hasta-800-mw-de-potencia-2-conectores-sma-hembra-inverso-carcasa-ip55-administracion-en-nube-gratis-con-insights\/"},"modified":"2026-03-19T17:09:08","modified_gmt":"2026-03-19T17:09:08","slug":"punto-de-acceso-ptp-y-ptmp-conectorizado-en-5-1-5-8-ghz-mimo-2x2-hasta-800-mw-de-potencia-2-conectores-sma-hembra-inverso-carcasa-ip55-administracion-en-nube-gratis-con-insights","status":"publish","type":"product","link":"https:\/\/soydeaqui.ddns.net\/pachuca\/index.php\/producto\/punto-de-acceso-ptp-y-ptmp-conectorizado-en-5-1-5-8-ghz-mimo-2x2-hasta-800-mw-de-potencia-2-conectores-sma-hembra-inverso-carcasa-ip55-administracion-en-nube-gratis-con-insights\/","title":{"rendered":"Punto de Acceso (PTP y PTMP) . Conectorizado en 5.1 &#8211; 5.8 GHz MIMO 2X2, Hasta 800 mW de Potencia, 2 Conectores SMA Hembra Inverso, Carcasa IP55, Administraci\u00f3n en Nube Gratis con INSIGHTS"},"content":{"rendered":"<div style='width: 100%; max-width: 1200px; margin: 0 auto; font-family: sans-serif; line-height: 1.6; color: inherit; background-color: transparent;'> <!-- Im\u00e1genes principales --> <\/p>\n<div style='display: flex; flex-wrap: wrap; justify-content: center; gap: 20px; margin-bottom: 30px;'> <img style='width: 100%; max-width: 300px; height: auto; border: 1px solid rgba(150&comma;150&comma;150&comma;0.3); border-radius: 8px;' src='https:\/\/ftp3.syscom.mx\/usuarios\/hortega\/Altai\/Altai.png' alt='Logo Altai'> <img style='width: 100%; max-width: 850px; height: auto; border: 1px solid rgba(150&comma;150&comma;150&comma;0.3); border-radius: 8px;' src='https:\/\/www.altaitechnologies.com\/wp-content\/uploads\/2024\/08\/Insights_Banner.png' alt='Banner Insights'> <\/div>\n<p> <!-- Enlace a Insights --> <\/p>\n<div style='text-align: center; margin: 20px 0;'> <a style='font-size: 18px; font-weight: bold; color: #f29d12; text-decoration: none; background-color: #34495e; padding: 10px 20px; border-radius: 5px;' href='https:\/\/forum.insights.altaitechnologies.com\/login' target='_blank' rel='noopener'>Crea AQUI tu cuenta INSIGHTS<\/a> <\/div>\n<p> <!-- Imagen de distancia --> <\/p>\n<div style='text-align: center; margin: 20px 0;'> <img style='width: 100%; max-width: 300px; height: auto; border: 1px solid rgba(150&comma;150&comma;150&comma;0.3); border-radius: 8px;' src='https:\/\/ftp3.syscom.mx\/usuarios\/hortega\/Altai\/Distancias\/c1an.png' alt='Distancia C1XAN'> <\/p>\n<p style='margin-top: 10px; font-size: 15px; color: inherit;'>Distancia M\u00e1xima: Hasta <strong>800 metros con antenas de 10 dBi<\/strong> para dispositivos Wi-Fi<\/p>\n<\/p><\/div>\n<p> <!-- Especificaciones t\u00e9cnicas en grid --> <\/p>\n<div style='display: grid; grid-template-columns: repeat(auto-fit&comma; minmax(250px&comma; 1fr)); gap: 20px; margin: 30px 0;'>\n<div style='border: 1px solid rgba(150&comma;150&comma;150&comma;0.4); border-radius: 8px; overflow: hidden; display: flex; flex-direction: column;'>\n<div style='padding: 15px; border-bottom: 1px solid rgba(150&comma;150&comma;150&comma;0.2); font-weight: bold; font-size: 18px; background-color: rgba(52&comma; 73&comma; 94&comma; 0.1); color: inherit;'>Conectividad Wi-Fi<\/div>\n<div style='padding: 15px; color: inherit;'>\n<div style='display: flex; align-items: center; margin-bottom: 15px;'> <img style='width: 40px; height: 40px; margin-right: 10px;' src='https:\/\/ftp3.syscom.mx\/usuarios\/hortega\/Altai\/Logos\/Wifi.png' alt='Wi-Fi'> <span style='font-size: 16px;'><strong>802.11 a\/n<\/strong><\/span> <\/div>\n<div style='display: flex; align-items: center;'> <img style='width: 40px; height: 40px; margin-right: 10px;' src='https:\/\/ftp3.syscom.mx\/usuarios\/hortega\/Altai\/Logos\/usuarios.png' alt='Usuarios'> <span style='font-size: 16px;'>Hasta <strong>128 dispositivos concurrentes<\/strong><\/span> <\/div>\n<\/p><\/div>\n<\/p><\/div>\n<div style='border: 1px solid rgba(150&comma;150&comma;150&comma;0.4); border-radius: 8px; overflow: hidden; display: flex; flex-direction: column;'>\n<div style='padding: 15px; border-bottom: 1px solid rgba(150&comma;150&comma;150&comma;0.2); font-weight: bold; font-size: 18px; background-color: rgba(52&comma; 73&comma; 94&comma; 0.1); color: inherit;'>Rendimiento<\/div>\n<div style='padding: 15px; color: inherit;'>\n<div style='display: flex; align-items: center; margin-bottom: 15px;'> <img style='width: 40px; height: 40px; margin-right: 10px;' src='https:\/\/ftp3.syscom.mx\/usuarios\/hortega\/Altai\/Logos\/velocidad.png' alt='Velocidad'> <span style='font-size: 16px;'>Hasta <strong>300 Mbps<\/strong><\/span> <\/div>\n<div style='display: flex; align-items: center;'> <img style='width: 40px; height: 40px; margin-right: 10px;' src='https:\/\/ftp3.syscom.mx\/usuarios\/hortega\/Altai\/Logos\/repetidor.png' alt='Modos'> <span style='font-size: 16px;'>Modos: Access Point \/ Cliente \/ Repetidor Altai \/ Bridge<\/span> <\/div>\n<\/p><\/div>\n<\/p><\/div>\n<div style='border: 1px solid rgba(150&comma;150&comma;150&comma;0.4); border-radius: 8px; overflow: hidden; display: flex; flex-direction: column;'>\n<div style='padding: 15px; border-bottom: 1px solid rgba(150&comma;150&comma;150&comma;0.2); font-weight: bold; font-size: 18px; background-color: rgba(52&comma; 73&comma; 94&comma; 0.1); color: inherit;'>Especificaciones F\u00edsicas<\/div>\n<div style='padding: 15px; color: inherit;'>\n<div style='display: flex; align-items: center; margin-bottom: 15px;'> <img style='width: 40px; height: 40px; margin-right: 10px;' src='https:\/\/ftp3.syscom.mx\/usuarios\/hortega\/Altai\/Logos\/potencia.png' alt='Potencia'> <span style='font-size: 16px;'>Potencia Max. TX: <strong>29 dBm<\/strong><\/span> <\/div>\n<div style='display: flex; align-items: center;'> <img style='width: 40px; height: 40px; margin-right: 10px;' src='https:\/\/ftp3.syscom.mx\/usuarios\/hortega\/Altai\/Logos\/nube.png' alt='Gesti\u00f3n'> <span style='font-size: 16px;'>Gesti\u00f3n: Altai Care \/ On-Premise<\/span> <\/div>\n<\/p><\/div>\n<\/p><\/div>\n<\/p><\/div>\n<p> <!-- Descripci\u00f3n general --> <\/p>\n<div style='margin: 30px 0;'>\n<h2 style='font-size: 20px; color: inherit; margin-bottom: 15px;'>Soluciones de S\u00faper Cobertura WiFi<\/h2>\n<h3 style='font-size: 18px; color: inherit; margin-bottom: 15px;'>Serie C1xan 802.11a\/n<\/h3>\n<p style='font-size: 15px; color: inherit; margin-bottom: 15px;'>Los puntos de acceso profesionales de la serie C1xan S\u00faper Wi-Fi MIMO 2X2&comma; han sido dise\u00f1ados para enlaces punto a punto o punto a multipunto. Gracias a sus m\u00faltiples tecnolog\u00edas como antenas inteligentes&comma; alta sensibilidad en recepci\u00f3n y reducci\u00f3n de interferencias; los hace ideales para aplicaciones de video vigilancia&comma; WISP&comma; comunicaci\u00f3n de negocios y muchas aplicaciones m\u00e1s.<\/p>\n<\/p><\/div>\n<p> <!-- Caracter\u00edsticas principales --> <\/p>\n<div style='margin: 30px 0;'>\n<h3 style='font-size: 22px; border-bottom: 2px solid currentColor; padding-bottom: 5px; margin-top: 0; color: inherit; opacity: 0.8;'>Caracter\u00edsticas principales<\/h3>\n<ul style='padding-left: 20px; font-size: 15px; color: inherit; margin-top: 15px;'>\n<li style='margin-bottom: 10px;'>Modos de operaci\u00f3n: <strong>AP\/CPE\/Bridge\/Repetidor<\/strong><\/li>\n<li style='margin-bottom: 10px;'>Potencia Max. <strong>29 dBm<\/strong><\/li>\n<li style='margin-bottom: 10px;'>Hasta 700 m de cobertura con antena de 9 dBi (no incluida)<\/li>\n<li style='margin-bottom: 10px;'>Hasta 300 Mbps<\/li>\n<li style='margin-bottom: 10px;'>Gesti\u00f3n del umbral de conexi\u00f3n SNR para control de c\u00e9lulas de cobertura<\/li>\n<li style='margin-bottom: 10px;'>Fast Roaming 802.11r<\/li>\n<li style='margin-bottom: 10px;'>Soporta <strong>16 SSID<\/strong><\/li>\n<li style='margin-bottom: 10px;'>Control de ancho de banda por SSID\/Cliente<\/li>\n<li style='margin-bottom: 10px;'>Plataformas de gesti\u00f3n: AltaiGate&comma; AltaiCare<\/li>\n<\/ul><\/div>\n<p> <!-- Caracter\u00edsticas f\u00edsicas y el\u00e9ctricas --> <\/p>\n<div style='margin: 30px 0;'>\n<h3 style='font-size: 22px; border-bottom: 2px solid currentColor; padding-bottom: 5px; margin-top: 0; color: inherit; opacity: 0.8;'>Caracter\u00edsticas F\u00edsicas y El\u00e9ctricas<\/h3>\n<ul style='padding-left: 20px; font-size: 15px; color: inherit; margin-top: 15px;'>\n<li style='margin-bottom: 10px;'>Dimensiones: 28x8x2.7 cm<\/li>\n<li style='margin-bottom: 10px;'>2 Conectores SMA Hembra Inverso<\/li>\n<li style='margin-bottom: 10px;'>Peso: 0.4 kg<\/li>\n<li style='margin-bottom: 10px;'>Temperatura de operaci\u00f3n: -20 a 55 \u00b0C<\/li>\n<li style='margin-bottom: 10px;'>Instalaci\u00f3n en pared&comma; m\u00e1stil o poste<\/li>\n<li style='margin-bottom: 10px;'>Puerto Ethernet de 10\/100 Mbps<\/li>\n<li style='margin-bottom: 10px;'>Soporta PoE pasivo de <strong>18V<\/strong><\/li>\n<li style='margin-bottom: 10px;'>PoE recomendado: <a style='color: inherit; text-decoration: underline;' href='https:\/\/www.syscom.mx\/producto\/SD.PE-C1N1-US-ALTAI-TECHNOLOGIES-215331.html' target='_blank' rel='noopener'>SD.PE-C1N1-US<\/a><\/li>\n<li style='margin-bottom: 10px;'>Consumo: 6W<\/li>\n<\/ul><\/div>\n<p> <!-- Contenido del paquete --> <\/p>\n<div style='margin: 30px 0;'>\n<h3 style='font-size: 22px; border-bottom: 2px solid currentColor; padding-bottom: 5px; margin-top: 0; color: inherit; opacity: 0.8;'>El Paquete Incluye<\/h3>\n<ul style='padding-left: 20px; font-size: 15px; color: inherit; margin-top: 15px;'>\n<li style='margin-bottom: 10px;'>1 Punto de acceso C1XAN<\/li>\n<li style='margin-bottom: 10px;'>1 Inyector PoE<\/li>\n<li style='margin-bottom: 10px;'>1 Corbata o Cincho<\/li>\n<\/ul><\/div>\n<p> <!-- Separador --> <\/p>\n<hr style='border: 0; border-top: 1px solid rgba(150&comma;150&comma;150&comma;0.3); margin: 30px 0;'> <!-- Videos de YouTube --> <\/p>\n<div style='margin: 30px 0;'>\n<h3 style='font-size: 22px; border-bottom: 2px solid currentColor; padding-bottom: 5px; margin-top: 0; color: inherit; opacity: 0.8;'>Videos Informativos<\/h3>\n<div style='display: flex; flex-wrap: wrap; gap: 20px; margin-top: 20px;'>\n<div style='flex: 1 1 500px; min-width: 300px;'>\n<div style='position: relative; padding-bottom: 56.25%; height: 0; overflow: hidden;'>   <\/div>\n<p style='margin-top: 10px; text-align: center; font-size: 15px; color: inherit;'>Gu\u00eda R\u00e1pida de Configuraci\u00f3n de Access Point Altai<\/p>\n<\/p><\/div>\n<div style='flex: 1 1 500px; min-width: 300px;'>\n<div style='position: relative; padding-bottom: 56.25%; height: 0; overflow: hidden;'>   <\/div>\n<p style='margin-top: 10px; text-align: center; font-size: 15px; color: inherit;'>Esquema de Licenciamiento de los Sistemas de Gesti\u00f3n de Altai<\/p>\n<\/p><\/div>\n<div style='flex: 1 1 500px; min-width: 300px;'>\n<div style='position: relative; padding-bottom: 56.25%; height: 0; overflow: hidden;'>   <\/div>\n<p style='margin-top: 10px; text-align: center; font-size: 15px; color: inherit;'>Crea tu Hotspot WiFi con AltaiCare<\/p>\n<\/p><\/div>\n<div style='flex: 1 1 500px; min-width: 300px;'>\n<div style='position: relative; padding-bottom: 56.25%; height: 0; overflow: hidden;'>   <\/div>\n<p style='margin-top: 10px; text-align: center; font-size: 15px; color: inherit;'>Crea Campa\u00f1as Publicitarias con tu Hotspot WiFi de AltaiCare<\/p>\n<\/p><\/div>\n<div style='flex: 1 1 500px; min-width: 300px;'>\n<div style='position: relative; padding-bottom: 56.25%; height: 0; overflow: hidden;'>   <\/div>\n<p style='margin-top: 10px; text-align: center; font-size: 15px; color: inherit;'>Gestiona Reportes &#038; Alertas de tu red WiFi con AltaiCare<\/p>\n<\/p><\/div>\n<\/p><\/div>\n<\/p><\/div>\n<p> <!-- Nota importante --> <\/p>\n<div style='margin: 30px 0; font-size: 14px; color: #b8312f; background-color: rgba(184&comma;49&comma;47&comma;0.1); padding: 15px; border-radius: 5px;'> La m\u00e1xima distancia en cobertura&comma; capacidad de dispositivos m\u00f3viles WiFi&comma; velocidades de conexi\u00f3n&comma; etc. depender\u00e1 particularmente de cada sitio de instalaci\u00f3n&comma; l\u00ednea de vista plena 100%&comma; niveles de ruido e interferencia&comma; tipo de dispositivos WiFi&comma; alineaci\u00f3n y altura de las antenas. <\/div>\n<\/p><\/div>\n","protected":false},"excerpt":{"rendered":"<p>Punto de Acceso (PTP y PTMP) . Conectorizado en 5.1 &#8211; 5.8 GHz MIMO 2X2, Hasta 800 mW de Potencia, 2 Conectores SMA Hembra Inverso, Carcasa IP55, Administraci\u00f3n en Nube Gratis con INSIGHTS<\/p>\n","protected":false},"featured_media":79109,"comment_status":"open","ping_status":"closed","template":"","meta":[],"product_brand":[],"product_cat":[1998],"product_tag":[1999,1950,1980],"class_list":{"0":"post-79110","1":"product","2":"type-product","3":"status-publish","4":"has-post-thumbnail","6":"product_cat-5-y-6-ghz","7":"product_tag-5-y-6-ghz","8":"product_tag-altai-technologies","9":"product_tag-enlaces-ptp-y-ptmp","11":"first","12":"outofstock","13":"sale","14":"shipping-taxable","15":"purchasable","16":"product-type-simple"},"_links":{"self":[{"href":"https:\/\/soydeaqui.ddns.net\/pachuca\/index.php\/wp-json\/wp\/v2\/product\/79110","targetHints":{"allow":["GET"]}}],"collection":[{"href":"https:\/\/soydeaqui.ddns.net\/pachuca\/index.php\/wp-json\/wp\/v2\/product"}],"about":[{"href":"https:\/\/soydeaqui.ddns.net\/pachuca\/index.php\/wp-json\/wp\/v2\/types\/product"}],"replies":[{"embeddable":true,"href":"https:\/\/soydeaqui.ddns.net\/pachuca\/index.php\/wp-json\/wp\/v2\/comments?post=79110"}],"wp:featuredmedia":[{"embeddable":true,"href":"https:\/\/soydeaqui.ddns.net\/pachuca\/index.php\/wp-json\/wp\/v2\/media\/79109"}],"wp:attachment":[{"href":"https:\/\/soydeaqui.ddns.net\/pachuca\/index.php\/wp-json\/wp\/v2\/media?parent=79110"}],"wp:term":[{"taxonomy":"product_brand","embeddable":true,"href":"https:\/\/soydeaqui.ddns.net\/pachuca\/index.php\/wp-json\/wp\/v2\/product_brand?post=79110"},{"taxonomy":"product_cat","embeddable":true,"href":"https:\/\/soydeaqui.ddns.net\/pachuca\/index.php\/wp-json\/wp\/v2\/product_cat?post=79110"},{"taxonomy":"product_tag","embeddable":true,"href":"https:\/\/soydeaqui.ddns.net\/pachuca\/index.php\/wp-json\/wp\/v2\/product_tag?post=79110"}],"curies":[{"name":"wp","href":"https:\/\/api.w.org\/{rel}","templated":true}]}}