{"id":79075,"date":"2026-03-19T17:07:27","date_gmt":"2026-03-19T17:07:27","guid":{"rendered":"https:\/\/soydeaqui.ddns.net\/pachuca\/index.php\/producto\/net-cover-advanced-5-anos-para-atx93052gpx\/"},"modified":"2026-03-19T17:07:29","modified_gmt":"2026-03-19T17:07:29","slug":"net-cover-advanced-5-anos-para-atx93052gpx","status":"publish","type":"product","link":"https:\/\/soydeaqui.ddns.net\/pachuca\/index.php\/producto\/net-cover-advanced-5-anos-para-atx93052gpx\/","title":{"rendered":"NET. COVER ADVANCED &#8211; 5 A\u00d1OS PARA ATX93052GPX"},"content":{"rendered":"<div style='width: 100%; max-width: 1200px; margin: 0 auto; font-family: sans-serif; line-height: 1.6; color: inherit; background-color: transparent;'> <!-- Secci\u00f3n principal --> <\/p>\n<div style='margin-bottom: 30px;'>\n<h1 style='font-size: 26px; margin: 20px 0 10px; font-weight: 500; color: inherit;'> <strong>Net<\/strong>.Cover <\/h1>\n<h2 style='font-size: 24px; margin: 20px 0 10px; font-weight: 500; color: inherit;'> Programas de soporte <\/h2>\n<p style='margin: 0 0 15px; color: inherit; font-size: 15px;'> Allied Telesis Net.Cover\u00ae programas de soporte&comma; est\u00e1n dise\u00f1ados para proporcionar una cobertura completa y dedicada para su red. Brindar los m\u00e1s altos niveles de soporte t\u00e9cnico&comma; medidas superiores de mitigaci\u00f3n de riesgos y servicios proactivos&comma; para garantizar alta disponibilidad&comma; continuidad comercial y tranquilidad. Entre los servicios disponibles con nuestros programas de soporte Net.Cover se encuentran el soporte t\u00e9cnico telef\u00f3nico de varios niveles&comma; las colas de prioridad y el reemplazo avanzado de productos; asegurando el m\u00e1ximo tiempo de actividad y facilitando la resoluci\u00f3n de problemas de hardware y software de red vitales. <\/p>\n<p style='margin: 0 0 15px; color: inherit; font-size: 15px;'> Disponible por per\u00edodos de uno&comma; tres y cinco a\u00f1os&comma; Net.Cover ofrece opciones de soporte para los clientes que deseen mejorar las caracter\u00edsticas ofrecidas por la garant\u00eda est\u00e1ndar solamente&comma; para proteger a\u00fan m\u00e1s su red y simplificar su presupuesto de mantenimiento con una tarifa \u00fanica. <\/p>\n<p style='margin: 0 0 15px;'> <img style='width: 100%; height: auto; border: 1px solid rgba(150&comma;150&comma;150&comma;0.3); border-radius: 8px;' src='https:\/\/ftp3.syscom.mx\/usuarios\/raragon\/Allied_Telesis\/NetCover\/NetCover_Caracteristicas.png' alt=''> <\/p>\n<p style='margin: 0 0 15px; color: inherit; font-size: 15px;'> Los programas de soporte Net.Cover Premium&comma; Advanced y Elite est\u00e1n disponibles en los productos actuales de Allied Telesis. Para los clientes que buscan protecci\u00f3n continua en productos de fin de venta&comma; Net.Cover TAC ofrece acceso a actualizaciones de software y mejoras&comma; junto con acceso a nuestro Centro de asistencia t\u00e9cnica (TAC). Para comprobar si Net.Cover TAC est\u00e1 disponible para su producto y obtener una cotizaci\u00f3n&comma; comun\u00edquese con su representante local de Allied Telesis. <\/p>\n<\/p><\/div>\n<p> <!-- Secci\u00f3n de caracter\u00edsticas --> <\/p>\n<div style='margin-bottom: 30px;'>\n<h2 style='font-size: 24px; margin: 20px 0 10px; font-weight: 500; color: inherit;'> Los programas de Net.Cover ofrecen: <\/h2>\n<\/p><\/div>\n<p> <!-- Tarjetas de caracter\u00edsticas --> <\/p>\n<div style='display: flex; flex-wrap: wrap; gap: 20px; margin-bottom: 30px;'>\n<div style='flex: 1 1 250px; min-width: 280px; border: 1px solid rgba(150&comma; 150&comma; 150&comma; 0.4); border-radius: 8px; overflow: hidden; display: flex; flex-direction: column;'>\n<div style='padding: 15px; border-bottom: 1px solid rgba(150&comma; 150&comma; 150&comma; 0.2); font-weight: bold; font-size: 18px; color: inherit; background-color: rgba(0&comma; 145&comma; 255&comma; 0.05);'> Servicios en l\u00ednea: <\/div>\n<div style='padding: 15px; color: inherit;'>\n<p style='margin: 0 0 15px; font-size: 14px;'> Allied Telesis ofrece un servicio de soporte en l\u00ednea basado en la web&comma; disponible las 24 horas del d\u00eda&comma; los siete d\u00edas de la semana. Con su cuenta personalizada&comma; puede generar y realizar un seguimiento del estado de sus incidentes de soporte t\u00e9cnico. <\/p>\n<\/p><\/div>\n<\/p><\/div>\n<div style='flex: 1 1 250px; min-width: 280px; border: 1px solid rgba(150&comma; 150&comma; 150&comma; 0.4); border-radius: 8px; overflow: hidden; display: flex; flex-direction: column;'>\n<div style='padding: 15px; border-bottom: 1px solid rgba(150&comma; 150&comma; 150&comma; 0.2); font-weight: bold; font-size: 18px; color: inherit; background-color: rgba(0&comma; 145&comma; 255&comma; 0.05);'> Base de conocimientos: <\/div>\n<div style='padding: 15px; color: inherit;'>\n<p style='margin: 0 0 15px; font-size: 14px;'> Los clientes de Net.Cover se registrar\u00e1n en el portal de soporte de Allied Telesis con acceso inmediato a la base de conocimientos. <\/p>\n<\/p><\/div>\n<\/p><\/div>\n<div style='flex: 1 1 250px; min-width: 280px; border: 1px solid rgba(150&comma; 150&comma; 150&comma; 0.4); border-radius: 8px; overflow: hidden; display: flex; flex-direction: column;'>\n<div style='padding: 15px; border-bottom: 1px solid rgba(150&comma; 150&comma; 150&comma; 0.2); font-weight: bold; font-size: 18px; color: inherit; background-color: rgba(0&comma; 145&comma; 255&comma; 0.05);'> Actualizaciones de software: <\/div>\n<div style='padding: 15px; color: inherit;'>\n<p style='margin: 0 0 15px; font-size: 14px;'> El soporte de software de Allied Telesis brinda acceso en l\u00ednea a actualizaciones de software&comma; actualizaciones y correcci\u00f3n de errores para todos los productos cubiertos. Estas actualizaciones ofrecen funciones y mejoras oportunas en respuesta a los cambios constantes que experimentan nuestros clientes en sus entornos de red. <\/p>\n<ul style='padding-left: 20px; margin: 0 0 15px; font-size: 14px; list-style-type: disc; color: inherit;'>\n<li style='margin-bottom: 5px;'>Acceso al software 24 x 7<\/li>\n<li style='margin-bottom: 5px;'>Actualizaciones y mejoras de software<\/li>\n<li style='margin-bottom: 5px;'>Notas de la versi\u00f3n y documentaci\u00f3n<\/li>\n<\/ul><\/div>\n<\/p><\/div>\n<div style='flex: 1 1 250px; min-width: 280px; border: 1px solid rgba(150&comma; 150&comma; 150&comma; 0.4); border-radius: 8px; overflow: hidden; display: flex; flex-direction: column;'>\n<div style='padding: 15px; border-bottom: 1px solid rgba(150&comma; 150&comma; 150&comma; 0.2); font-weight: bold; font-size: 18px; color: inherit; background-color: rgba(0&comma; 145&comma; 255&comma; 0.05);'> Soporte de hardware: <\/div>\n<div style='padding: 15px; color: inherit;'>\n<p style='margin: 0 0 15px; font-size: 14px;'> Proporcionar soluci\u00f3n de problemas de hardware y diagn\u00f3stico de fallas. El soporte de hardware de Allied Telesis cubrir\u00e1 el costo de las reparaciones en caso de falla del hardware&comma; evitando gastos imprevistos. La opci\u00f3n de reemplazo avanzado de hardware garantiza un m\u00ednimo de tiempo de inactividad de la red para aplicaciones de misi\u00f3n cr\u00edtica. Los clientes sin un plan de mantenimiento Net.Cover v\u00e1lido recibir\u00e1n instrucciones para la resoluci\u00f3n de problemas b\u00e1sicos de hardware&comma; mientras los clientes de Net.Cover ser\u00e1n guiados a trav\u00e9s del procedimiento de an\u00e1lisis de fallas para un diagn\u00f3stico y resoluci\u00f3n r\u00e1pidos. <\/p>\n<ul style='padding-left: 20px; margin: 0 0 15px; font-size: 14px; list-style-type: disc; color: inherit;'>\n<li style='margin-bottom: 5px;'>Reparaci\u00f3n y devoluci\u00f3n de hardware<\/li>\n<li style='margin-bottom: 5px;'>Env\u00edo al siguiente d\u00eda h\u00e1bil para Reemplazo avanzado de hardware (Programas Advanced y Elite)<\/li>\n<li style='margin-bottom: 5px;'>Diagn\u00f3stico de fallas de hardware<\/li>\n<\/ul><\/div>\n<\/p><\/div>\n<div style='flex: 1 1 250px; min-width: 280px; border: 1px solid rgba(150&comma; 150&comma; 150&comma; 0.4); border-radius: 8px; overflow: hidden; display: flex; flex-direction: column;'>\n<div style='padding: 15px; border-bottom: 1px solid rgba(150&comma; 150&comma; 150&comma; 0.2); font-weight: bold; font-size: 18px; color: inherit; background-color: rgba(0&comma; 145&comma; 255&comma; 0.05);'> Cola de prioridad: <\/div>\n<div style='padding: 15px; color: inherit;'>\n<p style='margin: 0 0 15px; font-size: 14px;'> Las solicitudes de los clientes de Net.Cover se priorizar\u00e1n de acuerdo con el plan suscrito y se les otorgar\u00e1 acceso a trav\u00e9s de n\u00fameros de tel\u00e9fono locales gratuitos de llamada en vivo. <\/p>\n<\/p><\/div>\n<\/p><\/div>\n<div style='flex: 1 1 250px; min-width: 280px; border: 1px solid rgba(150&comma; 150&comma; 150&comma; 0.4); border-radius: 8px; overflow: hidden; display: flex; flex-direction: column;'>\n<div style='padding: 15px; border-bottom: 1px solid rgba(150&comma; 150&comma; 150&comma; 0.2); font-weight: bold; font-size: 18px; color: inherit; background-color: rgba(0&comma; 145&comma; 255&comma; 0.05);'> Soporte telef\u00f3nico: <\/div>\n<div style='padding: 15px; color: inherit;'>\n<p style='margin: 0 0 15px; font-size: 14px;'> La suscripci\u00f3n a un plan Net.Cover le dar\u00e1 derecho a recibir soporte en vivo del servicio de asistencia t\u00e9cnica de Allied Telesis&comma; que lo guiar\u00e1 paso a paso para identificar y resolver problemas relacionados con la red. El servicio de asistencia t\u00e9cnica de Allied Telesis est\u00e1 compuesto por ingenieros con experiencia&comma; tanto en los productos de Allied Telesis como en una amplia gama de tecnolog\u00edas de redes. Consulte nuestro sitio web para obtener la lista actualizada de n\u00fameros de tel\u00e9fono de su pa\u00eds. <\/p>\n<\/p><\/div>\n<\/p><\/div>\n<div style='flex: 1 1 250px; min-width: 280px; border: 1px solid rgba(150&comma; 150&comma; 150&comma; 0.4); border-radius: 8px; overflow: hidden; display: flex; flex-direction: column;'>\n<div style='padding: 15px; border-bottom: 1px solid rgba(150&comma; 150&comma; 150&comma; 0.2); font-weight: bold; font-size: 18px; color: inherit; background-color: rgba(0&comma; 145&comma; 255&comma; 0.05);'> Evaluaci\u00f3n de la configuraci\u00f3n: <\/div>\n<div style='padding: 15px; color: inherit;'>\n<p style='margin: 0 0 15px; font-size: 14px;'> Esta funci\u00f3n proporciona a un ingeniero de Allied Telesis para evaluar sus archivos de configuraci\u00f3n b\u00e1sicos de hardware y software. Si se requieren servicios adicionales&comma; la organizaci\u00f3n de Servicios Profesionales de Allied Telesis est\u00e1 disponible para brindar servicios completos de ingenier\u00eda&comma; incluida la consulta de dise\u00f1o&comma; implementaci\u00f3n&comma; documentaci\u00f3n y an\u00e1lisis de redes remotas y en el sitio resoluci\u00f3n de problemas&comma; que se facturan por separado. Para obtener detalles y precios de las ofertas de servicios profesionales de Allied Telesis&comma; comun\u00edquese con su representante de ventas. <\/p>\n<\/p><\/div>\n<\/p><\/div>\n<div style='flex: 1 1 250px; min-width: 280px; border: 1px solid rgba(150&comma; 150&comma; 150&comma; 0.4); border-radius: 8px; overflow: hidden; display: flex; flex-direction: column;'>\n<div style='padding: 15px; border-bottom: 1px solid rgba(150&comma; 150&comma; 150&comma; 0.2); font-weight: bold; font-size: 18px; color: inherit; background-color: rgba(0&comma; 145&comma; 255&comma; 0.05);'> Soporte de cuenta directo: <\/div>\n<div style='padding: 15px; color: inherit;'>\n<p style='margin: 0 0 15px; font-size: 14px;'> Los clientes de \u00e9lite tienen contacto directo con los gerentes de cuentas y especialistas de Allied Telesis&comma; quienes ayudan en la selecci\u00f3n de las soluciones y tecnolog\u00edas m\u00e1s adecuadas y brindan apoyo para la resoluci\u00f3n r\u00e1pida de problemas. <\/p>\n<\/p><\/div>\n<\/p><\/div>\n<\/p><\/div>\n<p> <!-- Separador final --> <\/p>\n<hr style='border: 0; border-top: 1px solid rgba(150&comma; 150&comma; 150&comma; 0.3); margin: 30px 0;'> <\/div>\n","protected":false},"excerpt":{"rendered":"<p>NET. COVER ADVANCED &#8211; 5 A\u00d1OS PARA ATX93052GPX<\/p>\n","protected":false},"featured_media":79074,"comment_status":"open","ping_status":"closed","template":"","meta":[],"product_brand":[],"product_cat":[1993],"product_tag":[1995,664,1994],"class_list":{"0":"post-79075","1":"product","2":"type-product","3":"status-publish","4":"has-post-thumbnail","6":"product_cat-polizas-de-garantia","7":"product_tag-allied-telesis","8":"product_tag-networking","9":"product_tag-polizas-de-garantia","11":"first","12":"outofstock","13":"sale","14":"shipping-taxable","15":"purchasable","16":"product-type-simple"},"_links":{"self":[{"href":"https:\/\/soydeaqui.ddns.net\/pachuca\/index.php\/wp-json\/wp\/v2\/product\/79075","targetHints":{"allow":["GET"]}}],"collection":[{"href":"https:\/\/soydeaqui.ddns.net\/pachuca\/index.php\/wp-json\/wp\/v2\/product"}],"about":[{"href":"https:\/\/soydeaqui.ddns.net\/pachuca\/index.php\/wp-json\/wp\/v2\/types\/product"}],"replies":[{"embeddable":true,"href":"https:\/\/soydeaqui.ddns.net\/pachuca\/index.php\/wp-json\/wp\/v2\/comments?post=79075"}],"wp:featuredmedia":[{"embeddable":true,"href":"https:\/\/soydeaqui.ddns.net\/pachuca\/index.php\/wp-json\/wp\/v2\/media\/79074"}],"wp:attachment":[{"href":"https:\/\/soydeaqui.ddns.net\/pachuca\/index.php\/wp-json\/wp\/v2\/media?parent=79075"}],"wp:term":[{"taxonomy":"product_brand","embeddable":true,"href":"https:\/\/soydeaqui.ddns.net\/pachuca\/index.php\/wp-json\/wp\/v2\/product_brand?post=79075"},{"taxonomy":"product_cat","embeddable":true,"href":"https:\/\/soydeaqui.ddns.net\/pachuca\/index.php\/wp-json\/wp\/v2\/product_cat?post=79075"},{"taxonomy":"product_tag","embeddable":true,"href":"https:\/\/soydeaqui.ddns.net\/pachuca\/index.php\/wp-json\/wp\/v2\/product_tag?post=79075"}],"curies":[{"name":"wp","href":"https:\/\/api.w.org\/{rel}","templated":true}]}}