{"id":79005,"date":"2026-03-19T17:04:27","date_gmt":"2026-03-19T17:04:27","guid":{"rendered":"https:\/\/soydeaqui.ddns.net\/pachuca\/index.php\/producto\/telefono-ip-empresarial-para-2-lineas-sip-con-pantalla-lcd-128-x-48-px-y-conferencia-de-3-vias-poe-2\/"},"modified":"2026-03-19T17:04:35","modified_gmt":"2026-03-19T17:04:35","slug":"telefono-ip-empresarial-para-2-lineas-sip-con-pantalla-lcd-128-x-48-px-y-conferencia-de-3-vias-poe-2","status":"publish","type":"product","link":"https:\/\/soydeaqui.ddns.net\/pachuca\/index.php\/producto\/telefono-ip-empresarial-para-2-lineas-sip-con-pantalla-lcd-128-x-48-px-y-conferencia-de-3-vias-poe-2\/","title":{"rendered":"Tel\u00e9fono IP empresarial para 2 lineas SIP con pantalla LCD 128 x 48 Px y conferencia de 3 v\u00edas, PoE"},"content":{"rendered":"<div style='width: 100%; max-width: 1200px; margin: 0 auto; font-family: sans-serif; line-height: 1.6; color: inherit; background-color: transparent;'> <!-- Descripci\u00f3n principal --> <\/p>\n<div style='margin-bottom: 30px; font-size: 15px;'>\n<p>Fanvil <strong>X1 \/ X1P<\/strong> es un tel\u00e9fono ip de escritorio profesional a nivel de costo beneficio&comma; acoplado con caracter\u00edsticas b\u00e1sicas&comma; incluidas las 2 lineas SIP&comma; funci\u00f3n de conferencia de 3 v\u00edas&comma; facilidad de lectura de pantalla LCD de retroiluminaci\u00f3n.<\/p>\n<p> <!-- Im\u00e1genes --> <\/p>\n<div style='display: flex; flex-wrap: wrap; gap: 15px; margin: 20px 0;'> <img style='flex: 1 1 300px; max-width: 100%; height: auto; border: 1px solid rgba(150&comma;150&comma;150&comma;0.3); border-radius: 8px;' src='https:\/\/ftp3.syscom.mx\/usuarios\/esanchez\/FANVIL\/x1.JPG' alt=''> <img style='flex: 1 1 300px; max-width: 100%; height: auto; border: 1px solid rgba(150&comma;150&comma;150&comma;0.3); border-radius: 8px;' src='https:\/\/ftp3.syscom.mx\/usuarios\/esanchez\/FANVIL\/x1\/x1.JPG' alt=''> <\/div>\n<\/p><\/div>\n<p> <!-- Secciones de caracter\u00edsticas --> <\/p>\n<div style='display: flex; flex-wrap: wrap; gap: 30px; margin-bottom: 30px;'> <!-- Caracter\u00edsticas principales --> <\/p>\n<div style='flex: 1 1 300px; min-width: 280px;'>\n<h3 style='font-size: 22px; border-bottom: 2px solid currentColor; padding-bottom: 5px; margin-top: 0; color: inherit; opacity: 0.8;'>Caracter\u00edsticas principales<\/h3>\n<ul style='padding-left: 20px; font-size: 15px; color: inherit;'>\n<li style='margin-bottom: 5px;'>Pantalla LCD 128 x 48 Pixeles<\/li>\n<li style='margin-bottom: 5px;'>PoE Habilitado<\/li>\n<li style='margin-bottom: 5px;'>2 Cuentas SIP<\/li>\n<li style='margin-bottom: 5px;'>Voz HD<\/li>\n<li style='margin-bottom: 5px;'>PoE Deshabilitado<\/li>\n<li style='margin-bottom: 5px;'>Handset (HS) \/ Hands-free (HF) \/ Headphone (HP) modo EHS (soporte para Plantronics headsets)<\/li>\n<li style='margin-bottom: 5px;'>Certificaciones standard industriales: CE\/FCC<\/li>\n<\/ul><\/div>\n<p> <!-- Caracter\u00edsticas de red --> <\/p>\n<div style='flex: 1 1 300px; min-width: 280px;'>\n<h3 style='font-size: 22px; border-bottom: 2px solid currentColor; padding-bottom: 5px; margin-top: 0; color: inherit; opacity: 0.8;'>Caracter\u00edsticas de red<\/h3>\n<ul style='padding-left: 20px; font-size: 15px; color: inherit;'>\n<li style='margin-bottom: 5px;'>2 puertos Ethernet 10\/100 Mbps modo puente para bypass a PC<\/li>\n<li style='margin-bottom: 5px;'>Configuraci\u00f3n de IP: est\u00e1tico \/ DHCP \/ PPPoE<\/li>\n<li style='margin-bottom: 5px;'>Control de acceso por red: 802.1x<\/li>\n<li style='margin-bottom: 5px;'>VPN: L2TP (Desencriptado b\u00e1sico)<\/li>\n<li style='margin-bottom: 5px;'>VLAN<\/li>\n<li style='margin-bottom: 5px;'>QoS<\/li>\n<\/ul><\/div>\n<p> <!-- Especificaciones f\u00edsicas y el\u00e9ctricas --> <\/p>\n<div style='flex: 1 1 300px; min-width: 280px;'>\n<h3 style='font-size: 22px; border-bottom: 2px solid currentColor; padding-bottom: 5px; margin-top: 0; color: inherit; opacity: 0.8;'>Especificaciones f\u00edsicas y el\u00e9ctricas<\/h3>\n<ul style='padding-left: 20px; font-size: 15px; color: inherit;'>\n<li style='margin-bottom: 5px;'>Instalaci\u00f3n en escritorio<\/li>\n<li style='margin-bottom: 5px;'>Alimentaci\u00f3n: 5 Vcc @ 600 mA (no incluye transformador)<\/li>\n<li style='margin-bottom: 5px;'>Consumo de potencia: inactivo \u2013 ~ 1.1 W&comma; activo \u2013 ~ 1.8 W<\/li>\n<li style='margin-bottom: 5px;'>Dimensiones de empaquetado: 275 x 215 x 62 mm (W x H x L)<\/li>\n<li style='margin-bottom: 5px;'>2 puertos RJ9 (Handset y Headphone)<\/li>\n<\/ul><\/div>\n<\/p><\/div>\n<p> <!-- Separador final --> <\/p>\n<hr style='border: 0; border-top: 1px solid rgba(150&comma; 150&comma; 150&comma; 0.3); margin: 30px 0;'> <\/div>\n","protected":false},"excerpt":{"rendered":"<p>Tel\u00e9fono IP empresarial para 2 lineas SIP con pantalla LCD 128 x 48 Px y conferencia de 3 v\u00edas, PoE<\/p>\n","protected":false},"featured_media":72509,"comment_status":"open","ping_status":"closed","template":"","meta":[],"product_brand":[],"product_cat":[2003],"product_tag":[859,2005,2004],"class_list":{"0":"post-79005","1":"product","2":"type-product","3":"status-publish","4":"has-post-thumbnail","6":"product_cat-telefonos-ip","7":"product_tag-fanvil","8":"product_tag-telefonos-ip","9":"product_tag-voip-telefonia-ip-videoconferencia","11":"first","12":"outofstock","13":"sale","14":"shipping-taxable","15":"purchasable","16":"product-type-simple"},"_links":{"self":[{"href":"https:\/\/soydeaqui.ddns.net\/pachuca\/index.php\/wp-json\/wp\/v2\/product\/79005","targetHints":{"allow":["GET"]}}],"collection":[{"href":"https:\/\/soydeaqui.ddns.net\/pachuca\/index.php\/wp-json\/wp\/v2\/product"}],"about":[{"href":"https:\/\/soydeaqui.ddns.net\/pachuca\/index.php\/wp-json\/wp\/v2\/types\/product"}],"replies":[{"embeddable":true,"href":"https:\/\/soydeaqui.ddns.net\/pachuca\/index.php\/wp-json\/wp\/v2\/comments?post=79005"}],"wp:featuredmedia":[{"embeddable":true,"href":"https:\/\/soydeaqui.ddns.net\/pachuca\/index.php\/wp-json\/wp\/v2\/media\/72509"}],"wp:attachment":[{"href":"https:\/\/soydeaqui.ddns.net\/pachuca\/index.php\/wp-json\/wp\/v2\/media?parent=79005"}],"wp:term":[{"taxonomy":"product_brand","embeddable":true,"href":"https:\/\/soydeaqui.ddns.net\/pachuca\/index.php\/wp-json\/wp\/v2\/product_brand?post=79005"},{"taxonomy":"product_cat","embeddable":true,"href":"https:\/\/soydeaqui.ddns.net\/pachuca\/index.php\/wp-json\/wp\/v2\/product_cat?post=79005"},{"taxonomy":"product_tag","embeddable":true,"href":"https:\/\/soydeaqui.ddns.net\/pachuca\/index.php\/wp-json\/wp\/v2\/product_tag?post=79005"}],"curies":[{"name":"wp","href":"https:\/\/api.w.org\/{rel}","templated":true}]}}