{"id":78997,"date":"2026-03-19T17:04:04","date_gmt":"2026-03-19T17:04:04","guid":{"rendered":"https:\/\/soydeaqui.ddns.net\/pachuca\/index.php\/producto\/ups-de-600va-360w-topologia-linea-interactiva-entrada-y-salida-120-vca-clavija-nema-5-15p-4-tomas-nema-5-15r\/"},"modified":"2026-03-19T17:04:24","modified_gmt":"2026-03-19T17:04:24","slug":"ups-de-600va-360w-topologia-linea-interactiva-entrada-y-salida-120-vca-clavija-nema-5-15p-4-tomas-nema-5-15r","status":"publish","type":"product","link":"https:\/\/soydeaqui.ddns.net\/pachuca\/index.php\/producto\/ups-de-600va-360w-topologia-linea-interactiva-entrada-y-salida-120-vca-clavija-nema-5-15p-4-tomas-nema-5-15r\/","title":{"rendered":"UPS de 600VA\/360W \/ Topolog\u00eda L\u00ednea Interactiva \/ Entrada y Salida 120 Vca \/ Clavija NEMA 5-15P \/ 4 Tomas NEMA 5-15R"},"content":{"rendered":"<div style='width: 100%; max-width: 1200px; margin: 0 auto; font-family: sans-serif; line-height: 1.6; color: inherit; background-color: transparent;'>\n<div style='display: flex; flex-wrap: wrap; gap: 30px; margin-bottom: 30px;'>\n<div style='flex: 1 1 300px; min-width: 280px;'>\n<h3 style='font-size: 22px; border-bottom: 2px solid currentColor; padding-bottom: 5px; margin-top: 0; color: inherit; opacity: 0.8;'>Descripci\u00f3n<\/h3>\n<p style='font-size: 15px; color: inherit;'>La l\u00ednea de UPS de Epcom Power Line fue dise\u00f1ada para brindar alto desempe\u00f1o y una excelente calidad&comma; son usados para proteger y energizar equipos tales como computadoras personales&comma; conmutadores de peque\u00f1a escala&comma; puntos de venta&comma; etc. Prove\u00e9 protecci\u00f3n de potencia contra sobrevoltajes y picos. Tambi\u00e9n suministra voltaje puro con Regulador Autom\u00e1tico de Voltaje (AVR) en boost y buck. Es simple&comma; a bajo costo y su instalaci\u00f3n es sencilla y r\u00e1pida.<\/p>\n<\/p><\/div>\n<\/p><\/div>\n<div style='display: flex; flex-wrap: wrap; gap: 20px; margin-bottom: 30px;'>\n<div style='flex: 1 1 250px; border: 1px solid rgba(150&comma; 150&comma; 150&comma; 0.4); border-radius: 8px; overflow: hidden; display: flex; flex-direction: column;'>\n<div style='padding: 15px; border-bottom: 1px solid rgba(150&comma; 150&comma; 150&comma; 0.2); font-weight: bold; font-size: 18px; color: inherit;'>Caracter\u00edsticas Principales<\/div>\n<div style='padding: 15px; color: inherit;'>\n<ul style='padding-left: 20px; margin: 0; font-size: 14px; list-style-type: disc;'>\n<li style='margin-bottom: 5px;'><strong>Capacidad:<\/strong> 600 VA \/ 360 W<\/li>\n<li style='margin-bottom: 5px;'><strong>Topolog\u00eda:<\/strong> L\u00ednea Interactiva<\/li>\n<li style='margin-bottom: 5px;'><strong>Pantalla:<\/strong> LCD<\/li>\n<li style='margin-bottom: 5px;'><strong>Tipo de onda:<\/strong> Onda senoidal simulada<\/li>\n<li style='margin-bottom: 5px;'><strong>Salida:<\/strong> 120 VCA \u00b15%<\/li>\n<li style='margin-bottom: 5px;'><strong>Tipo de conector y cable:<\/strong> NEMA 5-15P<\/li>\n<li style='margin-bottom: 5px;'><strong>Total de salidas:<\/strong> 4 x NEMA 5-15R (1 Salida color blanco sin respaldo&comma; solo protecci\u00f3n)<\/li>\n<li style='margin-bottom: 5px;'><strong>Bater\u00eda:<\/strong> 1 x 12V\/7 A (modelo de reemplazo sugerido para mejorar rendimiento es: <a href='https:\/\/www.syscom.mx\/principal\/searchcont?route=PL-9-12FR-EPCOM-POWERLINE-195489&#038;autodetect=pl912fr' style='color: inherit; text-decoration: underline;'>PL-9-12FR<\/a>)<\/li>\n<\/ul><\/div>\n<\/p><\/div>\n<div style='flex: 1 1 250px; border: 1px solid rgba(150&comma; 150&comma; 150&comma; 0.4); border-radius: 8px; overflow: hidden; display: flex; flex-direction: column;'>\n<div style='padding: 15px; border-bottom: 1px solid rgba(150&comma; 150&comma; 150&comma; 0.2); font-weight: bold; font-size: 18px; color: inherit;'>Tiempo de Respaldo<\/div>\n<div style='padding: 15px; color: inherit;'>\n<ul style='padding-left: 20px; margin: 0; font-size: 14px; list-style-type: disc;'>\n<li style='margin-bottom: 5px;'>Duraci\u00f3n a media carga: 7.0 min<\/li>\n<li style='margin-bottom: 5px;'>Duraci\u00f3n a carga completa: 1.8 min<\/li>\n<li style='margin-bottom: 5px;'>Duraci\u00f3n con 50W: 23.0 min<\/li>\n<li style='margin-bottom: 5px;'>Duraci\u00f3n con 100W: 13.0 min<\/li>\n<li style='margin-bottom: 5px;'>Duraci\u00f3n con 200W: 4.0 min<\/li>\n<li style='margin-bottom: 5px;'>Duraci\u00f3n con 300W: 2.0 min<\/li>\n<\/ul><\/div>\n<\/p><\/div>\n<\/p><\/div>\n<div style='display: flex; flex-wrap: wrap; gap: 20px; margin-bottom: 30px;'>\n<div style='flex: 1 1 250px; border: 1px solid rgba(150&comma; 150&comma; 150&comma; 0.4); border-radius: 8px; overflow: hidden; display: flex; flex-direction: column;'>\n<div style='padding: 15px; border-bottom: 1px solid rgba(150&comma; 150&comma; 150&comma; 0.2); font-weight: bold; font-size: 18px; color: inherit;'>Notas Importantes<\/div>\n<div style='padding: 15px; color: inherit;'>\n<ul style='padding-left: 20px; margin: 0; font-size: 14px; list-style-type: disc;'>\n<li style='margin-bottom: 5px;'>El tiempo de respaldo puede variar dependiendo de la carga conectada&comma; temperatura ambiente y estado de las bater\u00edas<\/li>\n<li style='margin-bottom: 5px;'>1 A\u00f1o de garant\u00eda<\/li>\n<li style='margin-bottom: 5px;'>Equipo no monitoreable<\/li>\n<\/ul><\/div>\n<\/p><\/div>\n<div style='flex: 1 1 250px; border: 1px solid rgba(150&comma; 150&comma; 150&comma; 0.4); border-radius: 8px; overflow: hidden; display: flex; flex-direction: column;'>\n<div style='padding: 15px; border-bottom: 1px solid rgba(150&comma; 150&comma; 150&comma; 0.2); font-weight: bold; font-size: 18px; color: inherit;'>Tecnolog\u00eda<\/div>\n<div style='padding: 15px; color: inherit;'>\n<ul style='padding-left: 20px; margin: 0; font-size: 14px; list-style-type: disc;'>\n<li style='margin-bottom: 5px;'>Los UPS de la l\u00ednea interactiva son especiales para suplir necesidades tales como hardware de redes&comma; computadoras&comma; etc.<\/li>\n<li style='margin-bottom: 5px;'>Corrigen fluctuaciones menores de energ\u00eda sin necesidad de cambiar a modo bater\u00eda<\/li>\n<li style='margin-bottom: 5px;'>Hacen m\u00e1s longevo el tiempo de vida de la bater\u00eda<\/li>\n<\/ul><\/div>\n<\/p><\/div>\n<\/p><\/div>\n<div style='display: flex; flex-wrap: wrap; gap: 20px; margin-bottom: 30px;'>\n<div style='flex: 1 1 250px; border: 1px solid rgba(150&comma; 150&comma; 150&comma; 0.4); border-radius: 8px; overflow: hidden; display: flex; flex-direction: column;'>\n<div style='padding: 15px; border-bottom: 1px solid rgba(150&comma; 150&comma; 150&comma; 0.2); font-weight: bold; font-size: 18px; color: inherit;'>AVR &#8211; Regulador Autom\u00e1tico de Voltaje<\/div>\n<div style='padding: 15px; color: inherit;'>\n<p style='margin-bottom: 10px;'>El rango din\u00e1mico de voltaje (AVR) en los UPS de Epcom Power Line ayuda a estabilizar la se\u00f1al entrante de CA&comma; controla los voltajes altos y bajos&comma; manteniendo la energ\u00eda de salida a un nivel nominal de 120V&comma; reduce fallas del sistema e incrementa significativamente la vida de la bater\u00eda.<\/p>\n<\/p><\/div>\n<\/p><\/div>\n<div style='flex: 1 1 250px; border: 1px solid rgba(150&comma; 150&comma; 150&comma; 0.4); border-radius: 8px; overflow: hidden; display: flex; flex-direction: column;'>\n<div style='padding: 15px; border-bottom: 1px solid rgba(150&comma; 150&comma; 150&comma; 0.2); font-weight: bold; font-size: 18px; color: inherit;'>Voltajes Configurables<\/div>\n<div style='padding: 15px; color: inherit;'>\n<p style='margin-bottom: 10px;'>Algunos modelos de Epcom Power Line pueden ser configurables con voltaje de salida seleccionable: 100 V \/ 110 V \/ 115 V \/ 120 V \/ 127 V AC.<\/p>\n<\/p><\/div>\n<\/p><\/div>\n<\/p><\/div>\n<div style='display: flex; flex-wrap: wrap; gap: 30px; margin-bottom: 30px;'>\n<div style='flex: 1 1 300px; min-width: 280px;'>\n<h3 style='font-size: 22px; border-bottom: 2px solid currentColor; padding-bottom: 5px; margin-top: 0; color: inherit; opacity: 0.8;'>Especificaciones Adicionales<\/h3>\n<ul style='padding-left: 20px; font-size: 15px; color: inherit;'>\n<li style='margin-bottom: 5px;'>Los UPS On-Line ofrecen tecnolog\u00eda de alta eficiencia de conversi\u00f3n en l\u00ednea doble<\/li>\n<li style='margin-bottom: 5px;'>Onda senoidal pura<\/li>\n<li style='margin-bottom: 5px;'>Funcionamiento en modo Eco para el ahorro energ\u00e9tico<\/li>\n<li style='margin-bottom: 5px;'>Rango din\u00e1mico de voltaje<\/li>\n<li style='margin-bottom: 5px;'>Voltaje configurable de salida v\u00eda LCD<\/li>\n<li style='margin-bottom: 5px;'>M\u00f3dulo de bater\u00edas para extender tiempo de respaldo<\/li>\n<li style='margin-bottom: 5px;'>Instalaci\u00f3n Rack\/Torre<\/li>\n<li style='margin-bottom: 5px;'>Los UPS de topolog\u00eda On-line pueden ser configurados horizontal o verticalmente<\/li>\n<\/ul><\/div>\n<\/p><\/div>\n<div style='display: flex; flex-wrap: wrap; gap: 30px; margin-bottom: 30px;'>\n<div style='flex: 1 1 300px; min-width: 280px;'>\n<h3 style='font-size: 22px; border-bottom: 2px solid currentColor; padding-bottom: 5px; margin-top: 0; color: inherit; opacity: 0.8;'>Calculador de Tiempo de Respaldo<\/h3>\n<p style='font-size: 15px; color: inherit;'>Puede descargar el calculador de tiempo de respaldo para determinar el tiempo real de operaci\u00f3n con diferentes cargas.<\/p>\n<p style='font-size: 15px; color: inherit; text-align: center;'> <a href='https:\/\/ftp3.syscom.mx\/principal\/searchcont?route=PL-9-12FR-EPCOM-POWERLINE-195489&#038;autodetect=pl912fr' style='color: inherit; text-decoration: underline; font-weight: bold; font-size: 18px;'>DESCARGA EL CALCULADOR DE TIEMPO DE RESPALDO<\/a> <\/p>\n<\/p><\/div>\n<\/p><\/div>\n<div style='display: flex; flex-wrap: wrap; gap: 30px; margin-bottom: 30px;'>\n<div style='flex: 1 1 300px; min-width: 280px;'>\n<h3 style='font-size: 22px; border-bottom: 2px solid currentColor; padding-bottom: 5px; margin-top: 0; color: inherit; opacity: 0.8;'>Im\u00e1genes del Producto<\/h3>\n<p> <img style='width: 100%; height: auto; border: 1px solid rgba(150&comma;150&comma;150&comma;0.3); border-radius: 8px;' src='https:\/\/ftp3.syscom.mx\/usuarios\/acordova\/epcom%20Power%20line\/EPU600LCD.PNG' alt=''> <\/p>\n<div style='display: flex; flex-wrap: wrap; gap: 10px; margin-top: 15px;'> <img style='width: 49%; height: auto; border: 1px solid rgba(150&comma;150&comma;150&comma;0.3); border-radius: 8px;' src='http:\/\/ftp3.syscom.mx\/usuarios\/ftp\/single_page\/epcom_powerline\/ups_img2.png' alt=''> <img style='width: 49%; height: auto; border: 1px solid rgba(150&comma;150&comma;150&comma;0.3); border-radius: 8px;' src='http:\/\/ftp3.syscom.mx\/usuarios\/ftp\/single_page\/epcom_powerline\/ups_3.png' alt=''> <img style='width: 49%; height: auto; border: 1px solid rgba(150&comma;150&comma;150&comma;0.3); border-radius: 8px;' src='http:\/\/ftp3.syscom.mx\/usuarios\/ftp\/single_page\/epcom_powerline\/ups_img1.png' alt=''> <img style='width: 49%; height: auto; border: 1px solid rgba(150&comma;150&comma;150&comma;0.3); border-radius: 8px;' src='http:\/\/ftp3.syscom.mx\/usuarios\/ftp\/single_page\/epcom_powerline\/ups_5.png' alt=''> <\/div>\n<\/p><\/div>\n<\/p><\/div>\n<div style='display: flex; flex-wrap: wrap; gap: 30px; margin-bottom: 30px;'>\n<div style='flex: 1 1 300px; min-width: 280px;'>\n<h3 style='font-size: 22px; border-bottom: 2px solid currentColor; padding-bottom: 5px; margin-top: 0; color: inherit; opacity: 0.8;'>Diagrama de Aplicaci\u00f3n<\/h3>\n<p> <img style='width: 100%; height: auto; border: 1px solid rgba(150&comma;150&comma;150&comma;0.3); border-radius: 8px;' src='http:\/\/ftp3.syscom.mx\/usuarios\/ftp\/single_page\/epcom_powerline\/ups_header.png' alt=''> <\/div>\n<\/p><\/div>\n<hr style='border: 0; border-top: 1px solid rgba(150&comma; 150&comma; 150&comma; 0.3); margin: 30px 0;'> <\/div>\n","protected":false},"excerpt":{"rendered":"<p>UPS de 600VA\/360W \/ Topolog\u00eda L\u00ednea Interactiva \/ Entrada y Salida 120 Vca \/ Clavija NEMA 5-15P \/ 4 Tomas NEMA 5-15R<\/p>\n","protected":false},"featured_media":78996,"comment_status":"open","ping_status":"closed","template":"","meta":[],"product_brand":[],"product_cat":[1061],"product_tag":[454,1063,1062],"class_list":{"0":"post-78997","1":"product","2":"type-product","3":"status-publish","4":"has-post-thumbnail","6":"product_cat-ups-no-breaks","7":"product_tag-epcom-powerline","8":"product_tag-ups-no-breaks","9":"product_tag-ups-respaldo","11":"first","12":"outofstock","13":"sale","14":"shipping-taxable","15":"purchasable","16":"product-type-simple"},"_links":{"self":[{"href":"https:\/\/soydeaqui.ddns.net\/pachuca\/index.php\/wp-json\/wp\/v2\/product\/78997","targetHints":{"allow":["GET"]}}],"collection":[{"href":"https:\/\/soydeaqui.ddns.net\/pachuca\/index.php\/wp-json\/wp\/v2\/product"}],"about":[{"href":"https:\/\/soydeaqui.ddns.net\/pachuca\/index.php\/wp-json\/wp\/v2\/types\/product"}],"replies":[{"embeddable":true,"href":"https:\/\/soydeaqui.ddns.net\/pachuca\/index.php\/wp-json\/wp\/v2\/comments?post=78997"}],"wp:featuredmedia":[{"embeddable":true,"href":"https:\/\/soydeaqui.ddns.net\/pachuca\/index.php\/wp-json\/wp\/v2\/media\/78996"}],"wp:attachment":[{"href":"https:\/\/soydeaqui.ddns.net\/pachuca\/index.php\/wp-json\/wp\/v2\/media?parent=78997"}],"wp:term":[{"taxonomy":"product_brand","embeddable":true,"href":"https:\/\/soydeaqui.ddns.net\/pachuca\/index.php\/wp-json\/wp\/v2\/product_brand?post=78997"},{"taxonomy":"product_cat","embeddable":true,"href":"https:\/\/soydeaqui.ddns.net\/pachuca\/index.php\/wp-json\/wp\/v2\/product_cat?post=78997"},{"taxonomy":"product_tag","embeddable":true,"href":"https:\/\/soydeaqui.ddns.net\/pachuca\/index.php\/wp-json\/wp\/v2\/product_tag?post=78997"}],"curies":[{"name":"wp","href":"https:\/\/api.w.org\/{rel}","templated":true}]}}