{"id":78968,"date":"2026-03-19T17:02:55","date_gmt":"2026-03-19T17:02:55","guid":{"rendered":"https:\/\/soydeaqui.ddns.net\/pachuca\/index.php\/producto\/gateway-gsm-3g-con-2-puertos-para-sim-compatible-con-grandstream-y-3cx-protocolo-sip-e-iax2\/"},"modified":"2026-03-19T17:03:02","modified_gmt":"2026-03-19T17:03:02","slug":"gateway-gsm-3g-con-2-puertos-para-sim-compatible-con-grandstream-y-3cx-protocolo-sip-e-iax2","status":"publish","type":"product","link":"https:\/\/soydeaqui.ddns.net\/pachuca\/index.php\/producto\/gateway-gsm-3g-con-2-puertos-para-sim-compatible-con-grandstream-y-3cx-protocolo-sip-e-iax2\/","title":{"rendered":"Gateway GSM 3G, con 2 puertos para SIM, compatible con Grandstream y 3CX, protocolo SIP e IAX2"},"content":{"rendered":"<div style='width: 100%; max-width: 1200px; margin: 0 auto; font-family: sans-serif; line-height: 1.6; color: inherit; background-color: transparent;'>\n<div style='display: flex; flex-wrap: wrap; gap: 30px; margin-bottom: 30px;'>\n<div style='flex: 1 1 300px; min-width: 280px;'>\n<h3 style='font-size: 22px; border-bottom: 2px solid currentColor; padding-bottom: 5px; margin-top: 0; color: inherit; opacity: 0.8;'>Descripci\u00f3n<\/h3>\n<p style='font-size: 15px; color: inherit;'>OpenVox WGW1002G es la primera soluci\u00f3n GSMVoIP Gateway basada en asterik de c\u00f3digo abierto para pymes. Admite 2 tarjetas SIM con hot-swap. Tambi\u00e9n se puede completar el desarrollo secundario a trav\u00e9s de AMI.<\/p>\n<p style='font-size: 15px; color: inherit;'>Admite el env\u00edo y recepci\u00f3n de mensajes SMS y el env\u00edo grupal y SMS a correo electr\u00f3nico. Los Gateway GSM utilizan el protocolo SIP est\u00e1ndar y son compatibles con la plataforma l\u00edder IMS \/ NGN&comma; servidores IPPBX y SIP&comma; admiten la mayor\u00eda de las plataformas operativas VoIP como Asterisk&comma; Elastix&comma; 3CX&comma; FreeSWITCH&comma; Broadsoft&comma; etc.<\/p>\n<\/p><\/div>\n<\/p><\/div>\n<div style='display: flex; flex-wrap: wrap; gap: 20px; margin-bottom: 30px;'>\n<div style='flex: 1 1 250px; border: 1px solid rgba(150&comma; 150&comma; 150&comma; 0.4); border-radius: 8px; overflow: hidden; display: flex; flex-direction: column;'>\n<div style='padding: 15px; border-bottom: 1px solid rgba(150&comma; 150&comma; 150&comma; 0.2); font-weight: bold; font-size: 18px; color: inherit;'>Caracter\u00edsticas principales<\/div>\n<div style='padding: 15px; color: inherit;'>\n<ul style='padding-left: 20px; margin: 0; font-size: 14px; list-style-type: disc;'>\n<li style='margin-bottom: 5px;'>2 canales GSM<\/li>\n<li style='margin-bottom: 5px;'>1 tarjeta SIM por canal GSM<\/li>\n<li style='margin-bottom: 5px;'>1 10 \/ 100M interfaces LAN<\/li>\n<li style='margin-bottom: 5px;'>2 interfaces est\u00e1ndar SMA-K<\/li>\n<li style='margin-bottom: 5px;'>Configuraci\u00f3n simple y conveniente a trav\u00e9s de Web GUI<\/li>\n<li style='margin-bottom: 5px;'>Soporte de codecs: G.711A&comma; G.711U&comma; G.729&comma; G.723.1&comma; G.722&comma; G.726&comma; GSM<\/li>\n<li style='margin-bottom: 5px;'>Cuatribanda GSM 850\/900\/1800\/1900 MHz y enlace de banda<\/li>\n<li style='margin-bottom: 5px;'>Soporta diversos protocolos SIP&comma; IAX2.<\/li>\n<li style='margin-bottom: 5px;'>Modelos Multiples SIP \/ IAX2 Registro: Ninguno&comma; servidor&comma; cliente<\/li>\n<li style='margin-bottom: 5px;'>Portabilidad de n\u00famero m\u00f3vil (MNP)<\/li>\n<li style='margin-bottom: 5px;'>Configuraci\u00f3n de enrutamiento flexible y reglas de enrutamiento ilimitadas<\/li>\n<li style='margin-bottom: 5px;'>Compatible con servidor sip&comma; como: Asterisk&comma; Elastix&comma; 3CX&comma; FreeSWITCH&comma; etc.<\/li>\n<li style='margin-bottom: 5px;'>Garant\u00eda de un a\u00f1o<\/li>\n<\/ul><\/div>\n<\/p><\/div>\n<div style='flex: 1 1 250px; border: 1px solid rgba(150&comma; 150&comma; 150&comma; 0.4); border-radius: 8px; overflow: hidden; display: flex; flex-direction: column;'>\n<div style='padding: 15px; border-bottom: 1px solid rgba(150&comma; 150&comma; 150&comma; 0.2); font-weight: bold; font-size: 18px; color: inherit;'>Caracter\u00edsticas f\u00edsicas y el\u00e9ctricas<\/div>\n<div style='padding: 15px; color: inherit;'>\n<ul style='padding-left: 20px; margin: 0; font-size: 14px; list-style-type: disc;'>\n<li style='margin-bottom: 5px;'>Rango de temperatura de almacenamiento: -20 ~ 70 \u2103<\/li>\n<li style='margin-bottom: 5px;'>Rango de temperatura de operaci\u00f3n: 0 ~ 40 \u2103<\/li>\n<li style='margin-bottom: 5px;'>Rango de humedad de operaci\u00f3n: 10% ~ 90% sin condensaci\u00f3n<\/li>\n<li style='margin-bottom: 5px;'>Fuente de energ\u00eda: 12V DC \/ 2.33A<\/li>\n<li style='margin-bottom: 5px;'>Consumo de energ\u00eda: 6W<\/li>\n<li style='margin-bottom: 5px;'>Dimensi\u00f3n: 16cm * 10.1cm * 3.1cm<\/li>\n<li style='margin-bottom: 5px;'>Peso: 237g<\/li>\n<\/ul><\/div>\n<\/p><\/div>\n<\/p><\/div>\n<div style='display: flex; flex-wrap: wrap; gap: 30px; margin-bottom: 30px;'>\n<div style='flex: 1 1 300px; min-width: 280px;'>\n<p style='font-size: 15px; color: inherit; font-weight: bold; border-left: 4px solid currentColor; padding-left: 10px; margin: 0;'>Nota: Compatible \u00fanicamente con Telcel y Movistar.<\/p>\n<\/p><\/div>\n<\/p><\/div>\n<hr style='border: 0; border-top: 1px solid rgba(150&comma; 150&comma; 150&comma; 0.3); margin: 30px 0;'> <\/div>\n","protected":false},"excerpt":{"rendered":"<p>Gateway GSM 3G, con 2 puertos para SIM, compatible con Grandstream y 3CX, protocolo SIP e IAX2<\/p>\n","protected":false},"featured_media":78967,"comment_status":"open","ping_status":"closed","template":"","meta":[],"product_brand":[],"product_cat":[2070],"product_tag":[2071,2111,2004],"class_list":{"0":"post-78968","1":"product","2":"type-product","3":"status-publish","4":"has-post-thumbnail","6":"product_cat-gateways-y-atas","7":"product_tag-gateways-y-atas","8":"product_tag-openvox","9":"product_tag-voip-telefonia-ip-videoconferencia","11":"first","12":"outofstock","13":"sale","14":"shipping-taxable","15":"purchasable","16":"product-type-simple"},"_links":{"self":[{"href":"https:\/\/soydeaqui.ddns.net\/pachuca\/index.php\/wp-json\/wp\/v2\/product\/78968","targetHints":{"allow":["GET"]}}],"collection":[{"href":"https:\/\/soydeaqui.ddns.net\/pachuca\/index.php\/wp-json\/wp\/v2\/product"}],"about":[{"href":"https:\/\/soydeaqui.ddns.net\/pachuca\/index.php\/wp-json\/wp\/v2\/types\/product"}],"replies":[{"embeddable":true,"href":"https:\/\/soydeaqui.ddns.net\/pachuca\/index.php\/wp-json\/wp\/v2\/comments?post=78968"}],"wp:featuredmedia":[{"embeddable":true,"href":"https:\/\/soydeaqui.ddns.net\/pachuca\/index.php\/wp-json\/wp\/v2\/media\/78967"}],"wp:attachment":[{"href":"https:\/\/soydeaqui.ddns.net\/pachuca\/index.php\/wp-json\/wp\/v2\/media?parent=78968"}],"wp:term":[{"taxonomy":"product_brand","embeddable":true,"href":"https:\/\/soydeaqui.ddns.net\/pachuca\/index.php\/wp-json\/wp\/v2\/product_brand?post=78968"},{"taxonomy":"product_cat","embeddable":true,"href":"https:\/\/soydeaqui.ddns.net\/pachuca\/index.php\/wp-json\/wp\/v2\/product_cat?post=78968"},{"taxonomy":"product_tag","embeddable":true,"href":"https:\/\/soydeaqui.ddns.net\/pachuca\/index.php\/wp-json\/wp\/v2\/product_tag?post=78968"}],"curies":[{"name":"wp","href":"https:\/\/api.w.org\/{rel}","templated":true}]}}