{"id":78952,"date":"2026-03-19T17:02:13","date_gmt":"2026-03-19T17:02:13","guid":{"rendered":"https:\/\/soydeaqui.ddns.net\/pachuca\/index.php\/producto\/router-amplifi-instant-para-wifi-mesh-en-residencias-medianas-es-solo-el-router\/"},"modified":"2026-03-19T17:02:17","modified_gmt":"2026-03-19T17:02:17","slug":"router-amplifi-instant-para-wifi-mesh-en-residencias-medianas-es-solo-el-router","status":"publish","type":"product","link":"https:\/\/soydeaqui.ddns.net\/pachuca\/index.php\/producto\/router-amplifi-instant-para-wifi-mesh-en-residencias-medianas-es-solo-el-router\/","title":{"rendered":"Router AmpliFi Instant para WiFi Mesh en residencias medianas  (Es solo el Router)"},"content":{"rendered":"<div style='width: 100%; max-width: 1200px; margin: 0 auto; font-family: sans-serif; line-height: 1.6; color: inherit; background-color: transparent;'>\n<div style='text-align: center; margin-bottom: 30px;'> <img style='width: 100%; max-width: 300px; height: auto; border: 1px solid rgba(150&comma;150&comma;150&comma;0.3); border-radius: 8px;' src='http:\/\/ftp3.syscom.mx\/usuarios\/ftp\/single_page\/amplifi\/amplifi_logo.png' alt='Logo AmpliFi'> <\/p>\n<h1 style='font-size: 32px; font-weight: 400; margin: 20px 0 10px; color: inherit;'>WiFi para todo el hogar en menos de 2 minutos <small style='display: block; font-size: 18px; font-weight: 300; color: inherit; opacity: 0.8;'>Configuraci\u00f3n f\u00e1cil y r\u00e1pida tambi\u00e9n ofrece WiFi r\u00e1pido y confiable para todo el hogar.<\/small> <\/h1>\n<\/p><\/div>\n<div style='text-align: center; margin-bottom: 30px;'> <img style='width: 100%; max-width: 800px; height: auto; border: 1px solid rgba(150&comma;150&comma;150&comma;0.3); border-radius: 8px;' src='http:\/\/ftp3.syscom.mx\/usuarios\/ftp\/single_page\/amplifi\/amplifi_header.jpg' alt='AmpliFi Header'> <\/p>\n<p style='margin-top: 15px; font-weight: bold; color: inherit;'>No solo un Router WiFi&comma; es un sistema Mesh WiFi<\/p>\n<\/p><\/div>\n<div style='margin-bottom: 30px;'>\n<h2 style='font-size: 24px; font-weight: 400; margin: 0 0 15px; color: inherit;'>F\u00e1cil de configurar y listo en poco tiempo <small style='display: block; font-size: 16px; font-weight: 300; color: inherit; opacity: 0.8;'>Una aplicaci\u00f3n intuitiva que permite una configuraci\u00f3n instant\u00e1nea&comma; poderosas m\u00e9tricas de informes y el f\u00e1cil acceso de los invitados en 2 minutos.<\/small> <\/h2>\n<\/p><\/div>\n<div style='display: flex; flex-wrap: wrap; gap: 30px; margin-bottom: 30px;'>\n<div style='flex: 1 1 300px; min-width: 280px;'> <img style='width: 100%; max-width: 800px; height: auto; border: 1px solid rgba(150&comma;150&comma;150&comma;0.3); border-radius: 8px;' src='http:\/\/ftp3.syscom.mx\/usuarios\/ftp\/single_page\/amplifi\/amplifi_connect_01.gif' alt='Conexi\u00f3n 1'> <\/div>\n<div style='flex: 1 1 300px; min-width: 280px;'>\n<div style='margin-bottom: 20px;'> <img style='width: 60px; height: auto; vertical-align: middle; border: 1px solid rgba(150&comma;150&comma;150&comma;0.3); border-radius: 8px;' src='http:\/\/ftp3.syscom.mx\/usuarios\/ftp\/single_page\/amplifi\/01.png' alt='Icono 1'> <\/p>\n<h3 style='display: inline-block; vertical-align: middle; margin-left: 10px; font-size: 18px; color: inherit;'>Conecte el Router instant a la alimentaci\u00f3n e Internet<\/h3>\n<p style='margin-top: 10px; color: inherit;'>Solo con\u00e9ctelo a los cables de alimentaci\u00f3n y Ethernet para obtener Wi-Fi instant\u00e1neo.<\/p>\n<\/p><\/div>\n<div style='display: flex; flex-wrap: wrap; gap: 15px;'>\n<div style='flex: 1 1 120px; text-align: center; border: 1px solid rgba(150&comma;150&comma;150&comma;0.3); border-radius: 8px; padding: 10px; background-color: rgba(150&comma;150&comma;150&comma;0.05);'> <img style='max-height: 50px; width: auto; height: 50px; border: 1px solid rgba(150&comma;150&comma;150&comma;0.3); border-radius: 8px;' src='http:\/\/ftp3.syscom.mx\/usuarios\/ftp\/single_page\/amplifi\/icon-_engrane.png' alt='Configuraci\u00f3n'> <\/p>\n<p style='margin: 8px 0 0; color: inherit;'>Configuraci\u00f3n s\u00faper f\u00e1cil<\/p>\n<\/p><\/div>\n<div style='flex: 1 1 120px; text-align: center; border: 1px solid rgba(150&comma;150&comma;150&comma;0.3); border-radius: 8px; padding: 10px; background-color: rgba(150&comma;150&comma;150&comma;0.05);'> <img style='max-height: 50px; width: auto; height: 50px; border: 1px solid rgba(150&comma;150&comma;150&comma;0.3); border-radius: 8px;' src='http:\/\/ftp3.syscom.mx\/usuarios\/ftp\/single_page\/amplifi\/icon-_wifi.png' alt='WiFi'> <\/p>\n<p style='margin: 8px 0 0; color: inherit;'>Turbocharged<br \/>802.11ac WiFi<\/p>\n<\/p><\/div>\n<div style='flex: 1 1 120px; text-align: center; border: 1px solid rgba(150&comma;150&comma;150&comma;0.3); border-radius: 8px; padding: 10px; background-color: rgba(150&comma;150&comma;150&comma;0.05);'> <img style='max-height: 50px; width: auto; height: 50px; border: 1px solid rgba(150&comma;150&comma;150&comma;0.3); border-radius: 8px;' src='http:\/\/ftp3.syscom.mx\/usuarios\/ftp\/single_page\/amplifi\/icon-_bio.png' alt='Pantalla t\u00e1ctil'> <\/p>\n<p style='margin: 8px 0 0; color: inherit;'>Pantalla t\u00e1ctil<\/p>\n<\/p><\/div>\n<div style='flex: 1 1 120px; text-align: center; border: 1px solid rgba(150&comma;150&comma;150&comma;0.3); border-radius: 8px; padding: 10px; background-color: rgba(150&comma;150&comma;150&comma;0.05);'> <img style='max-height: 50px; width: auto; height: 50px; border: 1px solid rgba(150&comma;150&comma;150&comma;0.3); border-radius: 8px;' src='http:\/\/ftp3.syscom.mx\/usuarios\/ftp\/single_page\/amplifi\/icon--04.png' alt='Tecnolog\u00eda Mesh'> <\/p>\n<p style='margin: 8px 0 0; color: inherit;'>Tecnolog\u00eda Mesh<\/p>\n<\/p><\/div>\n<\/p><\/div>\n<\/p><\/div>\n<\/p><\/div>\n<div style='display: flex; flex-wrap: wrap; gap: 30px; margin-bottom: 30px;'>\n<div style='flex: 1 1 300px; min-width: 280px;'>\n<div style='margin-bottom: 20px;'> <img style='width: 60px; height: auto; vertical-align: middle; border: 1px solid rgba(150&comma;150&comma;150&comma;0.3); border-radius: 8px;' src='http:\/\/ftp3.syscom.mx\/usuarios\/ftp\/single_page\/amplifi\/02.png' alt='Icono 2'> <\/p>\n<h3 style='display: inline-block; vertical-align: middle; margin-left: 10px; font-size: 18px; color: inherit;'>Conecte el Instant mesh a la alimentaci\u00f3n<\/h3>\n<p style='margin-top: 10px; color: inherit;'>Agregue un punto mesh para una cobertura adicional en \u00e1reas que reciben una se\u00f1al d\u00e9bil.<\/p>\n<\/p><\/div>\n<div style='display: flex; flex-wrap: wrap; gap: 15px;'>\n<div style='flex: 1 1 120px; text-align: center; border: 1px solid rgba(150&comma;150&comma;150&comma;0.3); border-radius: 8px; padding: 10px; background-color: rgba(150&comma;150&comma;150&comma;0.05);'> <img style='max-height: 50px; width: auto; height: 50px; border: 1px solid rgba(150&comma;150&comma;150&comma;0.3); border-radius: 8px;' src='http:\/\/ftp3.syscom.mx\/usuarios\/ftp\/single_page\/amplifi\/icon-_engrane.png' alt='Configuraci\u00f3n'> <\/p>\n<p style='margin: 8px 0 0; color: inherit;'>Configuraci\u00f3n s\u00faper f\u00e1cil<\/p>\n<\/p><\/div>\n<div style='flex: 1 1 120px; text-align: center; border: 1px solid rgba(150&comma;150&comma;150&comma;0.3); border-radius: 8px; padding: 10px; background-color: rgba(150&comma;150&comma;150&comma;0.05);'> <img style='max-height: 50px; width: auto; height: 50px; border: 1px solid rgba(150&comma;150&comma;150&comma;0.3); border-radius: 8px;' src='http:\/\/ftp3.syscom.mx\/usuarios\/ftp\/single_page\/amplifi\/icon-_wifi.png' alt='WiFi'> <\/p>\n<p style='margin: 8px 0 0; color: inherit;'>Turbocharged<br \/>802.11ac WiFi<\/p>\n<\/p><\/div>\n<div style='flex: 1 1 120px; text-align: center; border: 1px solid rgba(150&comma;150&comma;150&comma;0.3); border-radius: 8px; padding: 10px; background-color: rgba(150&comma;150&comma;150&comma;0.05);'> <img style='max-height: 50px; width: auto; height: 50px; border: 1px solid rgba(150&comma;150&comma;150&comma;0.3); border-radius: 8px;' src='http:\/\/ftp3.syscom.mx\/usuarios\/ftp\/single_page\/amplifi\/icon-_ethernet.png' alt='Ethernet'> <\/p>\n<p style='margin: 8px 0 0; color: inherit;'>Cable Ethernet Extendido<\/p>\n<\/p><\/div>\n<div style='flex: 1 1 120px; text-align: center; border: 1px solid rgba(150&comma;150&comma;150&comma;0.3); border-radius: 8px; padding: 10px; background-color: rgba(150&comma;150&comma;150&comma;0.05);'> <img style='max-height: 50px; width: auto; height: 50px; border: 1px solid rgba(150&comma;150&comma;150&comma;0.3); border-radius: 8px;' src='http:\/\/ftp3.syscom.mx\/usuarios\/ftp\/single_page\/amplifi\/icon--04.png' alt='Tecnolog\u00eda Mesh'> <\/p>\n<p style='margin: 8px 0 0; color: inherit;'>Tecnolog\u00eda Mesh<\/p>\n<\/p><\/div>\n<\/p><\/div>\n<\/p><\/div>\n<div style='flex: 1 1 300px; min-width: 280px;'> <img style='width: 100%; max-width: 800px; height: auto; border: 1px solid rgba(150&comma;150&comma;150&comma;0.3); border-radius: 8px;' src='http:\/\/ftp3.syscom.mx\/usuarios\/ftp\/single_page\/amplifi\/amplifi_connetc-02.gif' alt='Conexi\u00f3n 2'> <\/div>\n<\/p><\/div>\n<div style='display: flex; flex-wrap: wrap; gap: 30px; margin-bottom: 30px;'>\n<div style='flex: 1 1 300px; min-width: 280px;'> <img style='width: 100%; max-width: 800px; height: auto; border: 1px solid rgba(150&comma;150&comma;150&comma;0.3); border-radius: 8px;' src='http:\/\/ftp3.syscom.mx\/usuarios\/ftp\/single_page\/amplifi\/amplifi_connect-03.gif' alt='Conexi\u00f3n 3'> <\/div>\n<div style='flex: 1 1 300px; min-width: 280px;'>\n<div style='margin-bottom: 20px;'> <img style='width: 60px; height: auto; vertical-align: middle; border: 1px solid rgba(150&comma;150&comma;150&comma;0.3); border-radius: 8px;' src='http:\/\/ftp3.syscom.mx\/usuarios\/ftp\/single_page\/amplifi\/03.png' alt='Icono 3'> <\/p>\n<h3 style='display: inline-block; vertical-align: middle; margin-left: 10px; font-size: 18px; color: inherit;'>Experiencia de usuario perfeccionada<\/h3>\n<p style='margin-top: 10px; color: inherit;'>Una aplicaci\u00f3n intuitiva permite una configuraci\u00f3n instant\u00e1nea&comma; poderosas m\u00e9tricas de informes y f\u00e1cil acceso para invitados.<\/p>\n<\/p><\/div>\n<div style='display: flex; flex-wrap: wrap; gap: 15px;'>\n<div style='flex: 1 1 120px; text-align: center; border: 1px solid rgba(150&comma;150&comma;150&comma;0.3); border-radius: 8px; padding: 10px; background-color: rgba(150&comma;150&comma;150&comma;0.05);'> <img style='max-height: 50px; width: auto; height: 50px; border: 1px solid rgba(150&comma;150&comma;150&comma;0.3); border-radius: 8px;' src='http:\/\/ftp3.syscom.mx\/usuarios\/ftp\/single_page\/amplifi\/icon-_ethernet.png' alt='Ethernet'> <\/p>\n<p style='margin: 8px 0 0; color: inherit;'>Configuraci\u00f3n simple<\/p>\n<\/p><\/div>\n<div style='flex: 1 1 120px; text-align: center; border: 1px solid rgba(150&comma;150&comma;150&comma;0.3); border-radius: 8px; padding: 10px; background-color: rgba(150&comma;150&comma;150&comma;0.05);'> <img style='max-height: 50px; width: auto; height: 50px; border: 1px solid rgba(150&comma;150&comma;150&comma;0.3); border-radius: 8px;' src='http:\/\/ftp3.syscom.mx\/usuarios\/ftp\/single_page\/amplifi\/icon-_computer.png' alt='Red'> <\/p>\n<p style='margin: 8px 0 0; color: inherit;'>Conozca su red<\/p>\n<\/p><\/div>\n<div style='flex: 1 1 120px; text-align: center; border: 1px solid rgba(150&comma;150&comma;150&comma;0.3); border-radius: 8px; padding: 10px; background-color: rgba(150&comma;150&comma;150&comma;0.05);'> <img style='max-height: 50px; width: auto; height: 50px; border: 1px solid rgba(150&comma;150&comma;150&comma;0.3); border-radius: 8px;' src='http:\/\/ftp3.syscom.mx\/usuarios\/ftp\/single_page\/amplifi\/icon-_users.png' alt='Usuarios'> <\/p>\n<p style='margin: 8px 0 0; color: inherit;'>Acceso de invitados<\/p>\n<\/p><\/div>\n<div style='flex: 1 1 120px; text-align: center; border: 1px solid rgba(150&comma;150&comma;150&comma;0.3); border-radius: 8px; padding: 10px; background-color: rgba(150&comma;150&comma;150&comma;0.05);'> <img style='max-height: 50px; width: auto; height: 50px; border: 1px solid rgba(150&comma;150&comma;150&comma;0.3); border-radius: 8px;' src='http:\/\/ftp3.syscom.mx\/usuarios\/ftp\/single_page\/amplifi\/icon-_fast.png' alt='Diagn\u00f3stico'> <\/p>\n<p style='margin: 8px 0 0; color: inherit;'>Diagn\u00f3stico r\u00e1pido<\/p>\n<\/p><\/div>\n<\/p><\/div>\n<div style='margin-top: 20px;'>\n<p style='color: inherit;'>Descargue la aplicaci\u00f3n y configure AmpliFi Instant en menos de 2 minutos. La aplicaci\u00f3n AmpliFi le permite configurar y verificar su red desde su casa o de forma remota.<\/p>\n<div style='display: flex; gap: 15px; flex-wrap: wrap; margin-top: 15px;'> <img style='max-width: 120px; height: auto; border: 1px solid rgba(150&comma;150&comma;150&comma;0.3); border-radius: 8px;' src='http:\/\/ftp3.syscom.mx\/usuarios\/ftp\/single_page\/m2m\/playstore.jpg' alt='Play Store'> <img style='max-width: 120px; height: auto; border: 1px solid rgba(150&comma;150&comma;150&comma;0.3); border-radius: 8px;' src='http:\/\/ftp3.syscom.mx\/usuarios\/ftp\/single_page\/m2m\/appstore.jpg' alt='App Store'> <\/div>\n<\/p><\/div>\n<\/p><\/div>\n<\/p><\/div>\n<div style='display: flex; flex-wrap: wrap; gap: 30px; margin-bottom: 30px;'>\n<div style='flex: 1 1 300px; min-width: 280px;'>\n<h3 style='font-size: 20px; margin-top: 0; color: inherit;'>Diga hola a una est\u00e9tica de dise\u00f1o fresco.<\/h3>\n<p style='color: inherit;'>Y adi\u00f3s a tratar de ocultar discretamente su Router. Usted necesita su Router donde m\u00e1s utiliza sus dispositivos; Como la oficina&comma; habitaci\u00f3n familiar o dormitorio. El AmpliFi Instant est\u00e1 dise\u00f1ado para complementar el interior de su hogar tanto funcional como est\u00e9ticamente. Ahora puede colocar su Router en el escritorio&comma; mesilla o mesa de noche sin arruinar la decoraci\u00f3n de su hogar.<\/p>\n<\/p><\/div>\n<div style='flex: 1 1 300px; min-width: 280px;'> <img style='width: 100%; max-width: 600px; height: auto; border: 1px solid rgba(150&comma;150&comma;150&comma;0.3); border-radius: 8px;' src='http:\/\/ftp3.syscom.mx\/usuarios\/ftp\/single_page\/amplifi\/say_hello.png' alt='Dise\u00f1o est\u00e9tico'> <\/div>\n<\/p><\/div>\n<div style='display: flex; flex-wrap: wrap; gap: 30px; margin-bottom: 30px;'>\n<div style='flex: 1 1 300px; min-width: 280px;'> <img style='width: 100%; max-width: 600px; height: auto; border: 1px solid rgba(150&comma;150&comma;150&comma;0.3); border-radius: 8px;' src='http:\/\/ftp3.syscom.mx\/usuarios\/ftp\/single_page\/amplifi\/amplifi_features.png' alt='Caracter\u00edsticas'> <\/div>\n<div style='flex: 1 1 300px; min-width: 280px;'>\n<h3 style='font-size: 20px; margin-top: 0; color: inherit;'>Caracter\u00edsticas que desea de un sistema que pueda entender.<\/h3>\n<p style='color: inherit;'>AmpliFi Instant tiene las funciones que desea&comma; como el estado del dispositivo y el acceso de invitados&comma; con una interfaz simple que no requiere t\u00edtulos t\u00e9cnicos avanzados. Su brillante luz LED indica el estado del sistema&comma; mientras que la aplicaci\u00f3n AmpliFi le permite controlar su WiFi.<\/p>\n<\/p><\/div>\n<\/p><\/div>\n<div style='display: flex; flex-wrap: wrap; gap: 30px; margin-bottom: 30px;'>\n<div style='flex: 1 1 300px; min-width: 280px;'>\n<h3 style='font-size: 20px; margin-top: 0; color: inherit;'>Sistema Mesh con AmpliFi Instant<\/h3>\n<p style='color: inherit;'>Mezcle y combine su tecnolog\u00eda Mesh para fortalecer las se\u00f1ales de WiFi en las \u00e1reas de su hogar donde m\u00e1s lo necesita. Adem\u00e1s del kit AmpliFi Instant que cuenta con un Meshpoint Instant&comma; puede agregar m\u00e1s Meshpoints HD de AmpliFi o Router HD de AmpliFi para garantizar una cobertura completa<\/p>\n<\/p><\/div>\n<div style='flex: 1 1 300px; min-width: 280px;'> <img style='width: 100%; max-width: 600px; height: auto; border: 1px solid rgba(150&comma;150&comma;150&comma;0.3); border-radius: 8px;' src='http:\/\/ftp3.syscom.mx\/usuarios\/ftp\/single_page\/amplifi\/amplifi_mesh.png' alt='Sistema Mesh'> <\/div>\n<\/p><\/div>\n<div style='margin-bottom: 30px;'>\n<h3 style='font-size: 20px; margin-top: 0; margin-bottom: 15px; color: inherit; border-bottom: 2px solid rgba(150&comma;150&comma;150&comma;0.3); padding-bottom: 5px;'>Caracter\u00edsticas principales de AmpliFi Instant:<\/h3>\n<ul style='padding-left: 20px; color: inherit;'>\n<li style='margin-bottom: 5px;'>MIMO 2X2 en 2.4 y 5GHz<\/li>\n<li style='margin-bottom: 5px;'>Standard WiFi 802.11 a\/b\/g\/n\/ac.<\/li>\n<li style='margin-bottom: 5px;'>Potencia de salida: 22dBm (158mW)<\/li>\n<li style='margin-bottom: 5px;'>1 antena doble banda<\/li>\n<li style='margin-bottom: 5px;'>Consumo m\u00e1ximo: 9W<\/li>\n<li style='margin-bottom: 5px;'>Temperatura soportada: -10\u00b0 a 55\u00b0 C<\/li>\n<li style='margin-bottom: 5px;'>Hasta 867 Mbps en 5 GHz<\/li>\n<li style='margin-bottom: 5px;'>Hasta 300 Mbps en 2.4 GHz<\/li>\n<li style='margin-bottom: 5px;'>Pantalla touchscreen<\/li>\n<li style='margin-bottom: 5px;'>1 puertos LAN Gigabit<\/li>\n<li style='margin-bottom: 5px;'>1 puertos WAN Gigabit<\/li>\n<\/ul><\/div>\n<\/p><\/div>\n","protected":false},"excerpt":{"rendered":"<p>Router AmpliFi Instant para WiFi Mesh en residencias medianas  (Es solo el Router)<\/p>\n","protected":false},"featured_media":78951,"comment_status":"open","ping_status":"closed","template":"","meta":[],"product_brand":[],"product_cat":[2026],"product_tag":[1479,2027,166],"class_list":{"0":"post-78952","1":"product","2":"type-product","3":"status-publish","4":"has-post-thumbnail","6":"product_cat-repetidores-de-senal","7":"product_tag-redes-wifi","8":"product_tag-repetidores-de-senal","9":"product_tag-ubiquiti","11":"first","12":"outofstock","13":"sale","14":"shipping-taxable","15":"purchasable","16":"product-type-simple"},"_links":{"self":[{"href":"https:\/\/soydeaqui.ddns.net\/pachuca\/index.php\/wp-json\/wp\/v2\/product\/78952","targetHints":{"allow":["GET"]}}],"collection":[{"href":"https:\/\/soydeaqui.ddns.net\/pachuca\/index.php\/wp-json\/wp\/v2\/product"}],"about":[{"href":"https:\/\/soydeaqui.ddns.net\/pachuca\/index.php\/wp-json\/wp\/v2\/types\/product"}],"replies":[{"embeddable":true,"href":"https:\/\/soydeaqui.ddns.net\/pachuca\/index.php\/wp-json\/wp\/v2\/comments?post=78952"}],"wp:featuredmedia":[{"embeddable":true,"href":"https:\/\/soydeaqui.ddns.net\/pachuca\/index.php\/wp-json\/wp\/v2\/media\/78951"}],"wp:attachment":[{"href":"https:\/\/soydeaqui.ddns.net\/pachuca\/index.php\/wp-json\/wp\/v2\/media?parent=78952"}],"wp:term":[{"taxonomy":"product_brand","embeddable":true,"href":"https:\/\/soydeaqui.ddns.net\/pachuca\/index.php\/wp-json\/wp\/v2\/product_brand?post=78952"},{"taxonomy":"product_cat","embeddable":true,"href":"https:\/\/soydeaqui.ddns.net\/pachuca\/index.php\/wp-json\/wp\/v2\/product_cat?post=78952"},{"taxonomy":"product_tag","embeddable":true,"href":"https:\/\/soydeaqui.ddns.net\/pachuca\/index.php\/wp-json\/wp\/v2\/product_tag?post=78952"}],"curies":[{"name":"wp","href":"https:\/\/api.w.org\/{rel}","templated":true}]}}