{"id":78936,"date":"2026-03-19T17:01:25","date_gmt":"2026-03-19T17:01:25","guid":{"rendered":"https:\/\/soydeaqui.ddns.net\/pachuca\/index.php\/producto\/gateway-voip-de-8-puertos-fxo-1-puerto-lan-10-100-mbps-protocolo-sip-compatible-con-grandstream-y-3cx\/"},"modified":"2026-03-19T17:01:30","modified_gmt":"2026-03-19T17:01:30","slug":"gateway-voip-de-8-puertos-fxo-1-puerto-lan-10-100-mbps-protocolo-sip-compatible-con-grandstream-y-3cx","status":"publish","type":"product","link":"https:\/\/soydeaqui.ddns.net\/pachuca\/index.php\/producto\/gateway-voip-de-8-puertos-fxo-1-puerto-lan-10-100-mbps-protocolo-sip-compatible-con-grandstream-y-3cx\/","title":{"rendered":"Gateway VoIP de 8 puertos FXO, 1 puerto LAN 10\/100 Mbps, protocolo SIP, compatible con Grandstream y 3CX"},"content":{"rendered":"<div style='width: 100%; max-width: 1200px; margin: 0 auto; font-family: sans-serif; line-height: 1.6; color: inherit; background-color: transparent;'> <!-- Secci\u00f3n de descripci\u00f3n --> <\/p>\n<div style='margin-bottom: 30px;'>\n<p style='font-size: 15px; margin-bottom: 15px; color: inherit;'>El Gateway VoIP a anal\u00f3gica OpenVox iAG804 \/ iAG808 FXO admite 4\/8 puertos FXO. Con caracter\u00edsticas de tama\u00f1o peque\u00f1o&comma; gabinete exquisito y alto rendimiento&comma; el iAG Analog VoIP Gateway est\u00e1 especialmente dise\u00f1ado para ahorrar espacio y maximizar el ahorro de costos&comma; es ideal para PYMES y SOHO.<\/p>\n<p style='font-size: 15px; margin-bottom: 15px; color: inherit;'>Puede configurarse para diferentes usos de pa\u00eds&comma; proporciona una amplia selecci\u00f3n de codecs que incluyen G.711A&comma; G.711U&comma; G.729&comma; G.722&comma; G.723&comma; ILBC. Las puertas de enlace anal\u00f3gicas VoIP de iAG utilizan el protocolo SIP est\u00e1ndar y totalmente compatible con la plataforma l\u00edder IMS \/ NGN&comma; IPPBX y servidores SIP.<\/p>\n<\/p><\/div>\n<p> <!-- Secci\u00f3n de caracter\u00edsticas --> <\/p>\n<div style='display: flex; flex-wrap: wrap; gap: 20px; margin-bottom: 30px;'>\n<div style='flex: 1 1 300px; min-width: 280px;'>\n<h3 style='font-size: 20px; border-bottom: 2px solid currentColor; padding-bottom: 5px; margin-top: 0; margin-bottom: 15px; color: inherit; opacity: 0.8;'>Caracter\u00edsticas principales<\/h3>\n<ul style='padding-left: 20px; font-size: 15px; color: inherit; list-style-type: disc;'>\n<li style='margin-bottom: 5px;'>4 puertos FXO<\/li>\n<li style='margin-bottom: 5px;'>1 puerto RJ45 10\/100Mbps<\/li>\n<li style='margin-bottom: 5px;'>Configuraci\u00f3n simple y conveniente a trav\u00e9s de Web GUI<\/li>\n<li style='margin-bottom: 5px;'>Abundantes caracter\u00edsticas de registro<\/li>\n<li style='margin-bottom: 5px;'>Interfaz API abierta (AMI)<\/li>\n<li style='margin-bottom: 5px;'>Admite el rel\u00e9 de fax T.38 y el fax T.30 transparente&comma; puede enviar m\u00faltiples p\u00e1ginas continuamente<\/li>\n<li style='margin-bottom: 5px;'>Cancelaci\u00f3n de eco y buffer de jitter est\u00e1tico<\/li>\n<li style='margin-bottom: 5px;'>Soporte rel\u00e9 DTMF<\/li>\n<li style='margin-bottom: 5px;'>Soporte de cadencia de anillo y ajuste de frecuencia<\/li>\n<li style='margin-bottom: 5px;'>Control de volumen de apoyo<\/li>\n<li style='margin-bottom: 5px;'>Soporte MWI (indicador de mensaje en espera)<\/li>\n<li style='margin-bottom: 5px;'>Admite DHCP&comma; DNS \/ DDNS networking redes NAT<\/li>\n<li style='margin-bottom: 5px;'>Soporta diversos protocolos SIP<\/li>\n<li style='margin-bottom: 5px;'>Compatible con Asterisk&comma; Elastix&comma; 3CX&comma; FreeSWITCH Sip Server y la plataforma operativa VOS VoIP<\/li>\n<li style='margin-bottom: 5px;'>Garant\u00eda de un a\u00f1o<\/li>\n<\/ul><\/div>\n<div style='flex: 1 1 300px; min-width: 280px;'>\n<h3 style='font-size: 20px; border-bottom: 2px solid currentColor; padding-bottom: 5px; margin-top: 0; margin-bottom: 15px; color: inherit; opacity: 0.8;'>Caracter\u00edsticas f\u00edsicas y el\u00e9ctricas<\/h3>\n<ul style='padding-left: 20px; font-size: 15px; color: inherit; list-style-type: disc;'>\n<li style='margin-bottom: 5px;'>Peso: 580g<\/li>\n<li style='margin-bottom: 5px;'>Dimensiones: 21cm*21cm*3.6cm<\/li>\n<li style='margin-bottom: 5px;'>Fuente de alimentaci\u00f3n: 12V DC\/2.33A<\/li>\n<li style='margin-bottom: 5px;'>M\u00e1ximo consumo: 5W<\/li>\n<\/ul><\/div>\n<\/p><\/div>\n<p> <!-- Separador --> <\/p>\n<hr style='border: 0; border-top: 1px solid rgba(150&comma; 150&comma; 150&comma; 0.3); margin: 30px 0;'> <\/div>\n","protected":false},"excerpt":{"rendered":"<p>Gateway VoIP de 8 puertos FXO, 1 puerto LAN 10\/100 Mbps, protocolo SIP, compatible con Grandstream y 3CX<\/p>\n","protected":false},"featured_media":78935,"comment_status":"open","ping_status":"closed","template":"","meta":[],"product_brand":[],"product_cat":[2070],"product_tag":[2071,2111,2004],"class_list":{"0":"post-78936","1":"product","2":"type-product","3":"status-publish","4":"has-post-thumbnail","6":"product_cat-gateways-y-atas","7":"product_tag-gateways-y-atas","8":"product_tag-openvox","9":"product_tag-voip-telefonia-ip-videoconferencia","11":"first","12":"outofstock","13":"sale","14":"shipping-taxable","15":"purchasable","16":"product-type-simple"},"_links":{"self":[{"href":"https:\/\/soydeaqui.ddns.net\/pachuca\/index.php\/wp-json\/wp\/v2\/product\/78936","targetHints":{"allow":["GET"]}}],"collection":[{"href":"https:\/\/soydeaqui.ddns.net\/pachuca\/index.php\/wp-json\/wp\/v2\/product"}],"about":[{"href":"https:\/\/soydeaqui.ddns.net\/pachuca\/index.php\/wp-json\/wp\/v2\/types\/product"}],"replies":[{"embeddable":true,"href":"https:\/\/soydeaqui.ddns.net\/pachuca\/index.php\/wp-json\/wp\/v2\/comments?post=78936"}],"wp:featuredmedia":[{"embeddable":true,"href":"https:\/\/soydeaqui.ddns.net\/pachuca\/index.php\/wp-json\/wp\/v2\/media\/78935"}],"wp:attachment":[{"href":"https:\/\/soydeaqui.ddns.net\/pachuca\/index.php\/wp-json\/wp\/v2\/media?parent=78936"}],"wp:term":[{"taxonomy":"product_brand","embeddable":true,"href":"https:\/\/soydeaqui.ddns.net\/pachuca\/index.php\/wp-json\/wp\/v2\/product_brand?post=78936"},{"taxonomy":"product_cat","embeddable":true,"href":"https:\/\/soydeaqui.ddns.net\/pachuca\/index.php\/wp-json\/wp\/v2\/product_cat?post=78936"},{"taxonomy":"product_tag","embeddable":true,"href":"https:\/\/soydeaqui.ddns.net\/pachuca\/index.php\/wp-json\/wp\/v2\/product_tag?post=78936"}],"curies":[{"name":"wp","href":"https:\/\/api.w.org\/{rel}","templated":true}]}}