{"id":78916,"date":"2026-03-19T17:00:34","date_gmt":"2026-03-19T17:00:34","guid":{"rendered":"https:\/\/soydeaqui.ddns.net\/pachuca\/index.php\/producto\/antena-modular-dual-slant-4-9-6-4-ghz-dimensiones-7-6-cm-apertura-45-ganancia-de-12-dbi-disenada-para-radio-c5x\/"},"modified":"2026-03-19T17:00:46","modified_gmt":"2026-03-19T17:00:46","slug":"antena-modular-dual-slant-4-9-6-4-ghz-dimensiones-7-6-cm-apertura-45-ganancia-de-12-dbi-disenada-para-radio-c5x","status":"publish","type":"product","link":"https:\/\/soydeaqui.ddns.net\/pachuca\/index.php\/producto\/antena-modular-dual-slant-4-9-6-4-ghz-dimensiones-7-6-cm-apertura-45-ganancia-de-12-dbi-disenada-para-radio-c5x\/","title":{"rendered":"Antena Modular Dual Slant, 4.9 &#8211; 6.4 GHz, Dimensiones (7.6 cm), Apertura 45\u00b0, Ganancia de 12 dBi, Dise\u00f1ada para radio C5x"},"content":{"rendered":"<div style='width: 100%; max-width: 1200px; margin: 0 auto; font-family: sans-serif; line-height: 1.6; color: inherit; background-color: transparent;'> <!-- Secci\u00f3n principal con imagen y caracter\u00edsticas --> <\/p>\n<div style='display: flex; flex-wrap: wrap; gap: 30px; margin-bottom: 30px;'>\n<div style='flex: 1 1 300px; min-width: 280px;'>\n<h3 style='font-size: 22px; border-bottom: 2px solid currentColor; padding-bottom: 5px; margin-top: 0; color: inherit; opacity: 0.8;'>Caracter\u00edsticas principales<\/h3>\n<ul style='padding-left: 20px; font-size: 15px; color: inherit;'>\n<li style='margin-bottom: 5px;'><strong>Ganancia:<\/strong> 12 dBi<\/li>\n<li style='margin-bottom: 5px;'><strong>Dimensiones:<\/strong> Di\u00e1metro: 76 mm (2.99&#8242;) Profundidad: 67 mm (2.63&#8242;)<\/li>\n<li style='margin-bottom: 5px;'><strong>Peso:<\/strong> 0.16 kg (0.35 lbs)<\/li>\n<li style='margin-bottom: 5px;'><strong>Rango de frecuencia:<\/strong> 4.9-6.4 GHz<\/li>\n<li style='margin-bottom: 5px;'><strong>Front-to-Back:<\/strong> 29 dB<\/li>\n<li style='margin-bottom: 5px;'><strong>Di\u00e1metro:<\/strong> 76 mm<\/li>\n<\/ul><\/div>\n<div style='flex: 1 1 300px; min-width: 280px;'> <img style='width: 100%; height: auto; border: 1px solid rgba(150&comma;150&comma;150&comma;0.3); border-radius: 8px;' src='https:\/\/ftp3.syscom.mx\/usuarios\/ftp\/single_page\/mimosa_c5x\/C5x_hero.png' alt='Mimosa C5x Antenna'> <\/div>\n<\/p><\/div>\n<p> <!-- Secci\u00f3n de especificaciones t\u00e9cnicas --> <\/p>\n<div style='display: flex; flex-wrap: wrap; gap: 20px; margin-bottom: 30px;'>\n<div style='flex: 1 1 250px; border: 1px solid rgba(150&comma; 150&comma; 150&comma; 0.4); border-radius: 8px; overflow: hidden; display: flex; flex-direction: column;'>\n<div style='padding: 15px; border-bottom: 1px solid rgba(150&comma; 150&comma; 150&comma; 0.2); font-weight: bold; font-size: 18px; color: inherit;'>Rendimiento<\/div>\n<div style='padding: 15px; color: inherit;'>\n<ul style='padding-left: 20px; margin: 0; font-size: 14px; list-style-type: disc;'>\n<li style='margin-bottom: 5px;'><strong>Ganancia:<\/strong> 12 dBi<\/li>\n<li style='margin-bottom: 5px;'><strong>Front-to-Back:<\/strong> 29 dB<\/li>\n<li style='margin-bottom: 5px;'><strong>Front-to-Side:<\/strong> 27 dB<\/li>\n<\/ul><\/div>\n<\/p><\/div>\n<div style='flex: 1 1 250px; border: 1px solid rgba(150&comma; 150&comma; 150&comma; 0.4); border-radius: 8px; overflow: hidden; display: flex; flex-direction: column;'>\n<div style='padding: 15px; border-bottom: 1px solid rgba(150&comma; 150&comma; 150&comma; 0.2); font-weight: bold; font-size: 18px; color: inherit;'>Frecuencia<\/div>\n<div style='padding: 15px; color: inherit;'>\n<ul style='padding-left: 20px; margin: 0; font-size: 14px; list-style-type: disc;'>\n<li style='margin-bottom: 5px;'><strong>Rango:<\/strong> 4.9-6.4 GHz<\/li>\n<li style='margin-bottom: 5px;'><strong>Soporte:<\/strong> Frecuencias autorizadas y 4.9 GHz<\/li>\n<\/ul><\/div>\n<\/p><\/div>\n<div style='flex: 1 1 250px; border: 1px solid rgba(150&comma; 150&comma; 150&comma; 0.4); border-radius: 8px; overflow: hidden; display: flex; flex-direction: column;'>\n<div style='padding: 15px; border-bottom: 1px solid rgba(150&comma; 150&comma; 150&comma; 0.2); font-weight: bold; font-size: 18px; color: inherit;'>F\u00edsico<\/div>\n<div style='padding: 15px; color: inherit;'>\n<ul style='padding-left: 20px; margin: 0; font-size: 14px; list-style-type: disc;'>\n<li style='margin-bottom: 5px;'><strong>Di\u00e1metro:<\/strong> 76 mm<\/li>\n<li style='margin-bottom: 5px;'><strong>Profundidad:<\/strong> 67 mm<\/li>\n<li style='margin-bottom: 5px;'><strong>Peso:<\/strong> 0.16 kg<\/li>\n<\/ul><\/div>\n<\/p><\/div>\n<\/p><\/div>\n<p> <!-- Separador --> <\/p>\n<hr style='border: 0; border-top: 1px solid rgba(150&comma; 150&comma; 150&comma; 0.3); margin: 30px 0;'> <!-- Secci\u00f3n de modelos comparativos --> <\/p>\n<div style='display: flex; flex-wrap: wrap; gap: 20px; margin-bottom: 30px;'>\n<div style='flex: 1 1 250px; border: 1px solid rgba(150&comma; 150&comma; 150&comma; 0.4); border-radius: 8px; overflow: hidden; display: flex; flex-direction: column;'>\n<div style='padding: 15px; border-bottom: 1px solid rgba(150&comma; 150&comma; 150&comma; 0.2); font-weight: bold; font-size: 18px; color: inherit;'>N5-X12<\/div>\n<div style='padding: 15px; color: inherit;'> <img style='width: 100%; height: auto; border: 1px solid rgba(150&comma;150&comma;150&comma;0.3); border-radius: 8px;' src='https:\/\/ftp3.syscom.mx\/usuarios\/ftp\/single_page\/mimosa_c5x\/x12_181002_233949.png' alt='N5-X12'> <\/p>\n<p style='text-align: center; margin-top: 20px; font-size: 14px; color: inherit;'>12 dBi 29 dB F\/B 27 dB F\/S<\/p>\n<\/p><\/div>\n<\/p><\/div>\n<div style='flex: 1 1 250px; border: 1px solid rgba(150&comma; 150&comma; 150&comma; 0.4); border-radius: 8px; overflow: hidden; display: flex; flex-direction: column;'>\n<div style='padding: 15px; border-bottom: 1px solid rgba(150&comma; 150&comma; 150&comma; 0.2); font-weight: bold; font-size: 18px; color: inherit;'>N5-X16<\/div>\n<div style='padding: 15px; color: inherit;'> <img style='width: 100%; height: auto; border: 1px solid rgba(150&comma;150&comma;150&comma;0.3); border-radius: 8px;' src='https:\/\/ftp3.syscom.mx\/usuarios\/ftp\/single_page\/mimosa_c5x\/X16_181002_233947.png' alt='N5-X16'> <\/p>\n<p style='text-align: center; margin-top: 20px; font-size: 14px; color: inherit;'>16 dBi 50 dB F\/B 43 dB F\/S<\/p>\n<\/p><\/div>\n<\/p><\/div>\n<div style='flex: 1 1 250px; border: 1px solid rgba(150&comma; 150&comma; 150&comma; 0.4); border-radius: 8px; overflow: hidden; display: flex; flex-direction: column;'>\n<div style='padding: 15px; border-bottom: 1px solid rgba(150&comma; 150&comma; 150&comma; 0.2); font-weight: bold; font-size: 18px; color: inherit;'>N5-X20<\/div>\n<div style='padding: 15px; color: inherit;'> <img style='width: 100%; height: auto; border: 1px solid rgba(150&comma;150&comma;150&comma;0.3); border-radius: 8px;' src='https:\/\/ftp3.syscom.mx\/usuarios\/ftp\/single_page\/mimosa_c5x\/X20_181002_233952.png' alt='N5-X20'> <\/p>\n<p style='text-align: center; margin-top: 20px; font-size: 14px; color: inherit;'>20 dBi 35 dB F\/B 37 dB F\/S<\/p>\n<\/p><\/div>\n<\/p><\/div>\n<div style='flex: 1 1 250px; border: 1px solid rgba(150&comma; 150&comma; 150&comma; 0.4); border-radius: 8px; overflow: hidden; display: flex; flex-direction: column;'>\n<div style='padding: 15px; border-bottom: 1px solid rgba(150&comma; 150&comma; 150&comma; 0.2); font-weight: bold; font-size: 18px; color: inherit;'>N5-X25<\/div>\n<div style='padding: 15px; color: inherit;'> <img style='width: 100%; height: auto; border: 1px solid rgba(150&comma;150&comma;150&comma;0.3); border-radius: 8px;' src='https:\/\/ftp3.syscom.mx\/usuarios\/ftp\/single_page\/mimosa_c5x\/X25_181002_233955.png' alt='N5-X25'> <\/p>\n<p style='text-align: center; margin-top: 20px; font-size: 14px; color: inherit;'>25 dBi 40 dB F\/B >45 dB F\/S<\/p>\n<\/p><\/div>\n<\/p><\/div>\n<\/p><\/div>\n<p> <!-- Separador --> <\/p>\n<hr style='border: 0; border-top: 1px solid rgba(150&comma; 150&comma; 150&comma; 0.3); margin: 30px 0;'> <!-- Secci\u00f3n de aplicaciones --> <\/p>\n<div style='margin-bottom: 30px;'>\n<h3 style='font-size: 22px; border-bottom: 2px solid currentColor; padding-bottom: 5px; margin-top: 0; color: inherit; opacity: 0.8; text-align: center;'>Aplicaciones<\/h3>\n<div style='display: flex; flex-wrap: wrap; gap: 20px; justify-content: center; margin-top: 20px;'>\n<div style='flex: 1 1 200px; min-width: 150px; text-align: center;'> <img style='width: 70px; height: auto; margin-bottom: 10px; border: 1px solid rgba(150&comma;150&comma;150&comma;0.3); border-radius: 8px;' src='https:\/\/ftp3.syscom.mx\/usuarios\/ftp\/single_page\/mimosa_c5x\/Vector-Smart-Object7.png' alt='Proveedor de servicios'> <\/p>\n<p style='font-size: 14px; color: inherit;'>Proveedor de servicios de banda ancha<\/p>\n<\/p><\/div>\n<div style='flex: 1 1 200px; min-width: 150px; text-align: center;'> <img style='width: 70px; height: auto; margin-bottom: 10px; border: 1px solid rgba(150&comma;150&comma;150&comma;0.3); border-radius: 8px;' src='https:\/\/ftp3.syscom.mx\/usuarios\/ftp\/single_page\/mimosa_c5x\/Vector-Smart-Objec5t.png' alt='Redes de seguridad'> <\/p>\n<p style='font-size: 14px; color: inherit;'>Redes de seguridad p\u00fablica<\/p>\n<\/p><\/div>\n<div style='flex: 1 1 200px; min-width: 150px; text-align: center;'> <img style='width: 70px; height: auto; margin-bottom: 10px; border: 1px solid rgba(150&comma;150&comma;150&comma;0.3); border-radius: 8px;' src='https:\/\/ftp3.syscom.mx\/usuarios\/ftp\/single_page\/mimosa_c5x\/B24_campus_icon_181002_235841.svg' alt='Conectividad empresarial'> <\/p>\n<p style='font-size: 14px; color: inherit;'>Conectividad empresarial y campus<\/p>\n<\/p><\/div>\n<div style='flex: 1 1 200px; min-width: 150px; text-align: center;'> <img style='width: 70px; height: auto; margin-bottom: 10px; border: 1px solid rgba(150&comma;150&comma;150&comma;0.3); border-radius: 8px;' src='https:\/\/ftp3.syscom.mx\/usuarios\/ftp\/single_page\/mimosa_c5x\/B24_video_icon-copy-3.png' alt='Distribuci\u00f3n multipunto'> <\/p>\n<p style='font-size: 14px; color: inherit;'>Distribuci\u00f3n multipunto para seguridad<\/p>\n<\/p><\/div>\n<div style='flex: 1 1 200px; min-width: 150px; text-align: center;'> <img style='width: 70px; height: auto; margin-bottom: 10px; border: 1px solid rgba(150&comma;150&comma;150&comma;0.3); border-radius: 8px;' src='https:\/\/ftp3.syscom.mx\/usuarios\/ftp\/single_page\/mimosa_c5x\/B24_smartcities_icon.svg' alt='Ciudades inteligentes'> <\/p>\n<p style='font-size: 14px; color: inherit;'>Ciudades inteligentes y WiFi<\/p>\n<\/p><\/div>\n<\/p><\/div>\n<\/p><\/div>\n<p> <!-- Separador --> <\/p>\n<hr style='border: 0; border-top: 1px solid rgba(150&comma; 150&comma; 150&comma; 0.3); margin: 30px 0;'> <!-- Secci\u00f3n de video --> <\/p>\n<div style='margin-bottom: 30px;'>\n<div style='position: relative; padding-bottom: 56.25%; height: 0; overflow: hidden; margin-bottom: 30px;'> <video style='position: absolute; top: 0; left: 0; width: 100%; height: 100%; border: none; border-radius: 8px;' src='https:\/\/ftp3.syscom.mx\/usuarios\/ftp\/single_page\/mimosa_c5x\/all_the_dishes_twisting_1.mp4' poster='https:\/\/mimosa.co\/uploads\/modular_m.png?mtime=20181003095605' loop muted controls><\/video> <\/div>\n<\/p><\/div>\n<p> <!-- Secci\u00f3n de caracter\u00edsticas adicionales --> <\/p>\n<div style='display: flex; flex-wrap: wrap; gap: 30px; margin-bottom: 30px;'>\n<div style='flex: 1 1 300px; min-width: 280px;'>\n<h3 style='font-size: 22px; border-bottom: 2px solid currentColor; padding-bottom: 5px; margin-top: 0; color: inherit; opacity: 0.8;'>Actualizable<\/h3>\n<p style='font-size: 15px; color: inherit; line-height: 1.5;'> Al admitir los modos PTP y PTMP&comma; el nivel de entrada C5x se puede mejorar f\u00e1cilmente a trav\u00e9s de las mejoras de las funciones clave. Fuera de la caja&comma; el C5x se puede utilizar como un cliente PTMP a velocidades de enlace Ethernet de 100 Mbps. Con la compra de una clave de funci\u00f3n \u00fanica&comma; puede aumentar f\u00e1cilmente las velocidades de los clientes hasta 500 Mbps. Para operar en modo PTP&comma; una tecla de funci\u00f3n comprada para cada radio desbloquea velocidades de punto a punto de hasta 700 Mbps. <\/p>\n<\/p><\/div>\n<div style='flex: 1 1 300px; min-width: 280px;'> <img style='width: 100%; height: auto; border: 1px solid rgba(150&comma;150&comma;150&comma;0.3); border-radius: 8px;' src='https:\/\/ftp3.syscom.mx\/usuarios\/ftp\/single_page\/mimosa_c5x\/upgradable_181003_163505.png' alt='C5x Upgradable'> <\/div>\n<\/p><\/div>\n<p> <!-- Separador --> <\/p>\n<hr style='border: 0; border-top: 1px solid rgba(150&comma; 150&comma; 150&comma; 0.3); margin: 30px 0;'> <!-- Secci\u00f3n de rendimiento RF --> <\/p>\n<div style='display: flex; flex-wrap: wrap; gap: 30px; margin-bottom: 30px;'>\n<div style='flex: 1 1 300px; min-width: 280px;'>\n<h3 style='font-size: 22px; border-bottom: 2px solid currentColor; padding-bottom: 5px; margin-top: 0; color: inherit; opacity: 0.8;'>Rendimiento RF<\/h3>\n<p style='font-size: 15px; color: inherit; line-height: 1.5;'> Cubierto en metal y aprovechando las antenas de bocina y Cassegrain dise\u00f1adas a la medida&comma; el C5x reduce el ruido localizado y proporciona inmunidad contra interferencias con un avance revolucionario de frente hacia atr\u00e1s y de frente a lado. Cada antena de la familia N5-X est\u00e1 optimizada para aislar el ruido con un incre\u00edble rechazo de l\u00f3bulos laterales. <\/p>\n<\/p><\/div>\n<div style='flex: 1 1 300px; min-width: 280px;'>\n<div style='position: relative; padding-bottom: 56.25%; height: 0; overflow: hidden; margin-bottom: 30px;'> <video style='position: absolute; top: 0; left: 0; width: 100%; height: 100%; border: none; border-radius: 8px;' src='https:\/\/ftp3.syscom.mx\/usuarios\/ftp\/single_page\/mimosa_c5x\/C5x-Antenna-Compare_1.mp4' poster='https:\/\/mimosa.co\/uploads\/modular_m.png?mtime=20181003095605' loop muted controls><\/video> <\/div>\n<\/p><\/div>\n<\/p><\/div>\n<p> <!-- Separador --> <\/p>\n<hr style='border: 0; border-top: 1px solid rgba(150&comma; 150&comma; 150&comma; 0.3); margin: 30px 0;'> <!-- Secci\u00f3n de banda ancha --> <\/p>\n<div style='display: flex; flex-wrap: wrap; gap: 30px; margin-bottom: 30px;'>\n<div style='flex: 1 1 300px; min-width: 280px;'>\n<h3 style='font-size: 22px; border-bottom: 2px solid currentColor; padding-bottom: 5px; margin-top: 0; color: inherit; opacity: 0.8;'>Banda Ancha<\/h3>\n<p style='font-size: 15px; color: inherit; line-height: 1.5;'> Para escapar del ruido&comma; el C5x le permite aprovechar las aplicaciones de seguridad p\u00fablica de 4.9 GHz y las frecuencias autorizadas de hasta 6.4 GHz&comma; donde lo permiten las regulaciones locales. Las antenas modulares N5-X de dise\u00f1o personalizado est\u00e1n espec\u00edficamente optimizadas para el soporte de frecuencia extendida C5x. <\/p>\n<\/p><\/div>\n<div style='flex: 1 1 300px; min-width: 280px;'> <img style='width: 100%; height: auto; border: 1px solid rgba(150&comma;150&comma;150&comma;0.3); border-radius: 8px;' src='https:\/\/ftp3.syscom.mx\/usuarios\/ftp\/single_page\/mimosa_c5x\/wideband.png' alt='C5x Wideband'> <\/div>\n<\/p><\/div>\n<p> <!-- Separador --> <\/p>\n<hr style='border: 0; border-top: 1px solid rgba(150&comma; 150&comma; 150&comma; 0.3); margin: 30px 0;'> <!-- Secci\u00f3n de dise\u00f1o resistente --> <\/p>\n<div style='display: flex; flex-wrap: wrap; gap: 30px; margin-bottom: 30px;'>\n<div style='flex: 1 1 300px; min-width: 280px;'> <img style='width: 100%; height: auto; border: 1px solid rgba(150&comma;150&comma;150&comma;0.3); border-radius: 8px;' src='https:\/\/ftp3.syscom.mx\/usuarios\/ftp\/single_page\/mimosa_c5x\/rugged.png' alt='C5x Resistente'> <\/div>\n<div style='flex: 1 1 300px; min-width: 280px;'>\n<h3 style='font-size: 22px; border-bottom: 2px solid currentColor; padding-bottom: 5px; margin-top: 0; color: inherit; opacity: 0.8;'>Dise\u00f1o Ultra Resistente<\/h3>\n<p style='font-size: 15px; color: inherit; line-height: 1.5;'> El C5x&comma; con su carcasa met\u00e1lica de aluminio fundido a presi\u00f3n&comma; montajes bipolares y opciones de antenas de rosca de grado industrial&comma; est\u00e1 optimizado para reducir el ruido&comma; resistir los elementos exteriores y mantenerse montado en condiciones clim\u00e1ticas extremas. <\/p>\n<\/p><\/div>\n<\/p><\/div>\n<p> <!-- Secci\u00f3n de iconos de caracter\u00edsticas --> <\/p>\n<div style='display: flex; flex-wrap: wrap; justify-content: center; gap: 30px; margin-top: 40px;'>\n<div style='flex: 1 1 200px; min-width: 180px; text-align: center;'> <img style='width: 80px; height: auto; margin-bottom: 15px; border: 1px solid rgba(150&comma;150&comma;150&comma;0.3); border-radius: 8px;' src='https:\/\/ftp3.syscom.mx\/usuarios\/ftp\/single_page\/mimosa_c5x\/gigabit_icon.png' alt='Gigabit'> <\/p>\n<p style='font-size: 14px; color: inherit;'><strong>500\/700<\/strong> Mbps<br \/>Max PTMP\/PTP IP<br \/>Throughput<\/p>\n<\/p><\/div>\n<div style='flex: 1 1 200px; min-width: 180px; text-align: center;'> <img style='width: 80px; height: auto; margin-bottom: 15px; border: 1px solid rgba(150&comma;150&comma;150&comma;0.3); border-radius: 8px;' src='https:\/\/ftp3.syscom.mx\/usuarios\/ftp\/single_page\/mimosa_c5x\/distance_icon.png' alt='Rango'> <\/p>\n<p style='font-size: 14px; color: inherit;'><strong>8-25<\/strong> dBi<br \/>Ganancia<\/p>\n<\/p><\/div>\n<div style='flex: 1 1 200px; min-width: 180px; text-align: center;'> <img style='width: 80px; height: auto; margin-bottom: 15px; border: 1px solid rgba(150&comma;150&comma;150&comma;0.3); border-radius: 8px;' src='https:\/\/ftp3.syscom.mx\/usuarios\/ftp\/single_page\/mimosa_c5x\/extended-freq_icon.png' alt='Frecuencia extendida'> <\/p>\n<p style='font-size: 14px; color: inherit;'><strong>4.9 &#8211; 6.4<\/strong> GHz<br \/>Frecuencia Extendida<\/p>\n<\/p><\/div>\n<\/p><\/div>\n<\/p><\/div>\n","protected":false},"excerpt":{"rendered":"<p>Antena Modular Dual Slant, 4.9 &#8211; 6.4 GHz, Dimensiones (7.6 cm), Apertura 45\u00b0, Ganancia de 12 dBi, Dise\u00f1ada para radio C5x<\/p>\n","protected":false},"featured_media":78915,"comment_status":"open","ping_status":"closed","template":"","meta":[],"product_brand":[],"product_cat":[1918],"product_tag":[1404,1919,2046],"class_list":{"0":"post-78916","1":"product","2":"type-product","3":"status-publish","4":"has-post-thumbnail","6":"product_cat-direccionales","7":"product_tag-antenas","8":"product_tag-direccionales","9":"product_tag-mimosa-networks","11":"first","12":"outofstock","13":"sale","14":"shipping-taxable","15":"purchasable","16":"product-type-simple"},"_links":{"self":[{"href":"https:\/\/soydeaqui.ddns.net\/pachuca\/index.php\/wp-json\/wp\/v2\/product\/78916","targetHints":{"allow":["GET"]}}],"collection":[{"href":"https:\/\/soydeaqui.ddns.net\/pachuca\/index.php\/wp-json\/wp\/v2\/product"}],"about":[{"href":"https:\/\/soydeaqui.ddns.net\/pachuca\/index.php\/wp-json\/wp\/v2\/types\/product"}],"replies":[{"embeddable":true,"href":"https:\/\/soydeaqui.ddns.net\/pachuca\/index.php\/wp-json\/wp\/v2\/comments?post=78916"}],"wp:featuredmedia":[{"embeddable":true,"href":"https:\/\/soydeaqui.ddns.net\/pachuca\/index.php\/wp-json\/wp\/v2\/media\/78915"}],"wp:attachment":[{"href":"https:\/\/soydeaqui.ddns.net\/pachuca\/index.php\/wp-json\/wp\/v2\/media?parent=78916"}],"wp:term":[{"taxonomy":"product_brand","embeddable":true,"href":"https:\/\/soydeaqui.ddns.net\/pachuca\/index.php\/wp-json\/wp\/v2\/product_brand?post=78916"},{"taxonomy":"product_cat","embeddable":true,"href":"https:\/\/soydeaqui.ddns.net\/pachuca\/index.php\/wp-json\/wp\/v2\/product_cat?post=78916"},{"taxonomy":"product_tag","embeddable":true,"href":"https:\/\/soydeaqui.ddns.net\/pachuca\/index.php\/wp-json\/wp\/v2\/product_tag?post=78916"}],"curies":[{"name":"wp","href":"https:\/\/api.w.org\/{rel}","templated":true}]}}