{"id":78903,"date":"2026-03-19T17:00:04","date_gmt":"2026-03-19T17:00:04","guid":{"rendered":"https:\/\/soydeaqui.ddns.net\/pachuca\/index.php\/producto\/antenas-modulares-dual-slant-4-9-6-4-ghz-dimensiones-42-9-cm-apertura-8-ganancia-de-25-dbi-disenada-para-radio-c5x\/"},"modified":"2026-03-19T17:00:16","modified_gmt":"2026-03-19T17:00:16","slug":"antenas-modulares-dual-slant-4-9-6-4-ghz-dimensiones-42-9-cm-apertura-8-ganancia-de-25-dbi-disenada-para-radio-c5x","status":"publish","type":"product","link":"https:\/\/soydeaqui.ddns.net\/pachuca\/index.php\/producto\/antenas-modulares-dual-slant-4-9-6-4-ghz-dimensiones-42-9-cm-apertura-8-ganancia-de-25-dbi-disenada-para-radio-c5x\/","title":{"rendered":"Antenas Modulares Dual Slant, 4.9 &#8211; 6.4 GHz, Dimensiones (42.9 cm), Apertura 8 \u00b0 Ganancia de 25 dBi, Dise\u00f1ada para radio C5x"},"content":{"rendered":"<div style='width: 100%; max-width: 1200px; margin: 0 auto; font-family: sans-serif; line-height: 1.6; color: inherit; background-color: transparent;'> <!-- Secci\u00f3n de caracter\u00edsticas --> <\/p>\n<div style='display: flex; flex-wrap: wrap; gap: 30px; margin-bottom: 30px;'>\n<div style='flex: 1 1 300px; min-width: 280px;'>\n<h3 style='font-size: 22px; border-bottom: 2px solid currentColor; padding-bottom: 5px; margin-top: 0; color: inherit; opacity: 0.8;'>Caracter\u00edsticas principales<\/h3>\n<ul style='padding-left: 20px; font-size: 15px; color: inherit;'>\n<li style='margin-bottom: 5px;'><strong>Ganancia:<\/strong> 25 dBi<\/li>\n<li style='margin-bottom: 5px;'><strong>Peso:<\/strong> 0.98kg (2.15lbs)<\/li>\n<li style='margin-bottom: 5px;'><strong>Rango de frecuencia:<\/strong> 4.9-6.4 GHz<\/li>\n<li style='margin-bottom: 5px;'><strong>Front-to-Back:<\/strong> 40dB<\/li>\n<li style='margin-bottom: 5px;'><strong>Di\u00e1metro:<\/strong> 429mm<\/li>\n<\/ul><\/div>\n<div style='flex: 1 1 300px; min-width: 280px;'>\n<h3 style='font-size: 22px; border-bottom: 2px solid currentColor; padding-bottom: 5px; margin-top: 0; color: inherit; opacity: 0.8;'>Dimensiones<\/h3>\n<ul style='padding-left: 20px; font-size: 15px; color: inherit;'>\n<li style='margin-bottom: 5px;'><strong>Altura:<\/strong> 175 mm (6.89&#8242;)<\/li>\n<li style='margin-bottom: 5px;'><strong>Ancho:<\/strong> 70 mm (2.75&#8242;)<\/li>\n<li style='margin-bottom: 5px;'><strong>Profundidad:<\/strong> 61 mm (2.40&#8242;)<\/li>\n<li style='margin-bottom: 5px;'><strong>Peso:<\/strong> 0.37 kg<\/li>\n<\/ul><\/div>\n<\/p><\/div>\n<p> <!-- Imagen principal --> <\/p>\n<div style='margin-bottom: 30px;'> <img style='width: 100%; height: auto; border: 1px solid rgba(150&comma;150&comma;150&comma;0.3); border-radius: 8px;' src='https:\/\/ftp3.syscom.mx\/usuarios\/ftp\/single_page\/mimosa_c5x\/C5x_hero.png' alt=''> <\/div>\n<p> <!-- Secci\u00f3n de especificaciones --> <\/p>\n<div style='margin-bottom: 30px;'>\n<h3 style='font-size: 22px; border-bottom: 2px solid currentColor; padding-bottom: 5px; margin-top: 0; color: inherit; opacity: 0.8;'>Especificaciones t\u00e9cnicas<\/h3>\n<div style='display: grid; grid-template-columns: repeat(auto-fill&comma; minmax(250px&comma; 1fr)); gap: 20px; margin-top: 20px;'>\n<div style='border: 1px solid rgba(150&comma;150&comma;150&comma;0.4); border-radius: 8px; overflow: hidden; display: flex; flex-direction: column;'>\n<div style='padding: 15px; border-bottom: 1px solid rgba(150&comma;150&comma;150&comma;0.2); font-weight: bold; font-size: 18px; color: inherit;'>Rendimiento<\/div>\n<div style='padding: 15px; color: inherit;'>\n<ul style='padding-left: 20px; margin: 0; font-size: 14px; list-style-type: disc;'>\n<li style='margin-bottom: 5px;'><strong>Velocidad:<\/strong> 500\/700 Mbps<\/li>\n<li style='margin-bottom: 5px;'><strong>Ganancia:<\/strong> 8-25 dBi<\/li>\n<li style='margin-bottom: 5px;'><strong>Frecuencia:<\/strong> 4.9 &#8211; 6.4 GHz<\/li>\n<\/ul><\/div>\n<\/p><\/div>\n<div style='border: 1px solid rgba(150&comma;150&comma;150&comma;0.4); border-radius: 8px; overflow: hidden; display: flex; flex-direction: column;'>\n<div style='padding: 15px; border-bottom: 1px solid rgba(150&comma;150&comma;150&comma;0.2); font-weight: bold; font-size: 18px; color: inherit;'>Aplicaciones<\/div>\n<div style='padding: 15px; color: inherit;'>\n<ul style='padding-left: 20px; margin: 0; font-size: 14px; list-style-type: disc;'>\n<li style='margin-bottom: 5px;'>Provedor de servicios de banda ancha<\/li>\n<li style='margin-bottom: 5px;'>Redes de seguridad p\u00fablica<\/li>\n<li style='margin-bottom: 5px;'>Conectividad empresarial y campus<\/li>\n<li style='margin-bottom: 5px;'>Distribuci\u00f3n multipunto para seguridad<\/li>\n<li style='margin-bottom: 5px;'>Ciudades inteligentes y WiFi<\/li>\n<\/ul><\/div>\n<\/p><\/div>\n<div style='border: 1px solid rgba(150&comma;150&comma;150&comma;0.4); border-radius: 8px; overflow: hidden; display: flex; flex-direction: column;'>\n<div style='padding: 15px; border-bottom: 1px solid rgba(150&comma;150&comma;150&comma;0.2); font-weight: bold; font-size: 18px; color: inherit;'>Caracter\u00edsticas f\u00edsicas<\/div>\n<div style='padding: 15px; color: inherit;'>\n<ul style='padding-left: 20px; margin: 0; font-size: 14px; list-style-type: disc;'>\n<li style='margin-bottom: 5px;'>Carcasa met\u00e1lica de aluminio fundido a presi\u00f3n<\/li>\n<li style='margin-bottom: 5px;'>Montajes bipolares<\/li>\n<li style='margin-bottom: 5px;'>Opciones de antenas de rosca de grado industrial<\/li>\n<\/ul><\/div>\n<\/p><\/div>\n<div style='border: 1px solid rgba(150&comma;150&comma;150&comma;0.4); border-radius: 8px; overflow: hidden; display: flex; flex-direction: column;'>\n<div style='padding: 15px; border-bottom: 1px solid rgba(150&comma;150&comma;150&comma;0.2); font-weight: bold; font-size: 18px; color: inherit;'>Modos de operaci\u00f3n<\/div>\n<div style='padding: 15px; color: inherit;'>\n<ul style='padding-left: 20px; margin: 0; font-size: 14px; list-style-type: disc;'>\n<li style='margin-bottom: 5px;'>Modo PTP (Punto a Punto)<\/li>\n<li style='margin-bottom: 5px;'>Modo PTMP (Punto a Multipunto)<\/li>\n<li style='margin-bottom: 5px;'>Cliente PTMP a 100 Mbps (por defecto)<\/li>\n<li style='margin-bottom: 5px;'>Hasta 500 Mbps con clave de funci\u00f3n<\/li>\n<li style='margin-bottom: 5px;'>Hasta 700 Mbps en modo PTP con clave<\/li>\n<\/ul><\/div>\n<\/p><\/div>\n<\/p><\/div>\n<\/p><\/div>\n<p> <!-- Separador --> <\/p>\n<hr style='border: 0; border-top: 1px solid rgba(150&comma;150&comma;150&comma;0.3); margin: 30px 0;'> <!-- Secci\u00f3n de video principal --> <\/p>\n<div style='position: relative; padding-bottom: 56.25%; height: 0; overflow: hidden; margin-bottom: 30px;'> <video style='position: absolute; top: 0; left: 0; width: 100%; height: 100%; border: none; border-radius: 8px;' src='https:\/\/ftp3.syscom.mx\/usuarios\/ftp\/single_page\/mimosa_c5x\/all_the_dishes_twisting_1.mp4' poster='https:\/\/mimosa.co\/uploads\/modular_m.png?mtime=20181003095605' loop muted controls><\/video> <\/div>\n<p> <!-- Secci\u00f3n de antenas modulares --> <\/p>\n<div style='margin-bottom: 30px;'>\n<h3 style='font-size: 22px; border-bottom: 2px solid currentColor; padding-bottom: 5px; margin-top: 0; color: inherit; opacity: 0.8;'>Antenas modulares<\/h3>\n<div style='display: grid; grid-template-columns: repeat(auto-fill&comma; minmax(250px&comma; 1fr)); gap: 20px; margin-top: 20px;'>\n<div style='border: 1px solid rgba(150&comma;150&comma;150&comma;0.4); border-radius: 8px; overflow: hidden; display: flex; flex-direction: column;'> <img style='width: 100%; height: auto; border: 1px solid rgba(150&comma;150&comma;150&comma;0.3); border-radius: 8px;' src='https:\/\/ftp3.syscom.mx\/usuarios\/ftp\/single_page\/mimosa_c5x\/x12_181002_233949.png' alt='N5-X12'> <\/p>\n<div style='padding: 15px;'>\n<h4 style='margin-top: 0; font-size: 18px; color: inherit;'>N5-X12<\/h4>\n<p style='margin: 8px 0; font-size: 14px; color: inherit;'>C5x Horn<\/p>\n<div style='margin-top: 15px; text-align: center;'>\n<div style='display: inline-block; padding: 10px 15px; background: rgba(150&comma;150&comma;150&comma;0.1); border-radius: 20px; font-size: 14px; color: inherit;'>12 dBi<\/div>\n<div style='display: inline-block; padding: 10px 15px; background: rgba(150&comma;150&comma;150&comma;0.1); border-radius: 20px; font-size: 14px; color: inherit;'>29 dB F\/B<\/div>\n<div style='display: inline-block; padding: 10px 15px; background: rgba(150&comma;150&comma;150&comma;0.1); border-radius: 20px; font-size: 14px; color: inherit;'>27 dB F\/S<\/div>\n<\/p><\/div>\n<\/p><\/div>\n<\/p><\/div>\n<div style='border: 1px solid rgba(150&comma;150&comma;150&comma;0.4); border-radius: 8px; overflow: hidden; display: flex; flex-direction: column;'> <img style='width: 100%; height: auto; border: 1px solid rgba(150&comma;150&comma;150&comma;0.3); border-radius: 8px;' src='https:\/\/ftp3.syscom.mx\/usuarios\/ftp\/single_page\/mimosa_c5x\/X16_181002_233947.png' alt='N5-X16'> <\/p>\n<div style='padding: 15px;'>\n<h4 style='margin-top: 0; font-size: 18px; color: inherit;'>N5-X16<\/h4>\n<p style='margin: 8px 0; font-size: 14px; color: inherit;'>C5x Horn<\/p>\n<div style='margin-top: 15px; text-align: center;'>\n<div style='display: inline-block; padding: 10px 15px; background: rgba(150&comma;150&comma;150&comma;0.1); border-radius: 20px; font-size: 14px; color: inherit;'>16 dBi<\/div>\n<div style='display: inline-block; padding: 10px 15px; background: rgba(150&comma;150&comma;150&comma;0.1); border-radius: 20px; font-size: 14px; color: inherit;'>50 dB F\/B<\/div>\n<div style='display: inline-block; padding: 10px 15px; background: rgba(150&comma;150&comma;150&comma;0.1); border-radius: 20px; font-size: 14px; color: inherit;'>43 dB F\/S<\/div>\n<\/p><\/div>\n<\/p><\/div>\n<\/p><\/div>\n<div style='border: 1px solid rgba(150&comma;150&comma;150&comma;0.4); border-radius: 8px; overflow: hidden; display: flex; flex-direction: column;'> <img style='width: 100%; height: auto; border: 1px solid rgba(150&comma;150&comma;150&comma;0.3); border-radius: 8px;' src='https:\/\/ftp3.syscom.mx\/usuarios\/ftp\/single_page\/mimosa_c5x\/X20_181002_233952.png' alt='N5-X20'> <\/p>\n<div style='padding: 15px;'>\n<h4 style='margin-top: 0; font-size: 18px; color: inherit;'>N5-X20<\/h4>\n<p style='margin: 8px 0; font-size: 14px; color: inherit;'>C5x Horn<\/p>\n<div style='margin-top: 15px; text-align: center;'>\n<div style='display: inline-block; padding: 10px 15px; background: rgba(150&comma;150&comma;150&comma;0.1); border-radius: 20px; font-size: 14px; color: inherit;'>20 dBi<\/div>\n<div style='display: inline-block; padding: 10px 15px; background: rgba(150&comma;150&comma;150&comma;0.1); border-radius: 20px; font-size: 14px; color: inherit;'>35 dB F\/B<\/div>\n<div style='display: inline-block; padding: 10px 15px; background: rgba(150&comma;150&comma;150&comma;0.1); border-radius: 20px; font-size: 14px; color: inherit;'>37 dB F\/S<\/div>\n<\/p><\/div>\n<\/p><\/div>\n<\/p><\/div>\n<div style='border: 1px solid rgba(150&comma;150&comma;150&comma;0.4); border-radius: 8px; overflow: hidden; display: flex; flex-direction: column;'> <img style='width: 100%; height: auto; border: 1px solid rgba(150&comma;150&comma;150&comma;0.3); border-radius: 8px;' src='https:\/\/ftp3.syscom.mx\/usuarios\/ftp\/single_page\/mimosa_c5x\/X25_181002_233955.png' alt='N5-X25'> <\/p>\n<div style='padding: 15px;'>\n<h4 style='margin-top: 0; font-size: 18px; color: inherit;'>N5-X25<\/h4>\n<p style='margin: 8px 0; font-size: 14px; color: inherit;'>C5x Horn<\/p>\n<div style='margin-top: 15px; text-align: center;'>\n<div style='display: inline-block; padding: 10px 15px; background: rgba(150&comma;150&comma;150&comma;0.1); border-radius: 20px; font-size: 14px; color: inherit;'>25 dBi<\/div>\n<div style='display: inline-block; padding: 10px 15px; background: rgba(150&comma;150&comma;150&comma;0.1); border-radius: 20px; font-size: 14px; color: inherit;'>40 dB F\/B<\/div>\n<div style='display: inline-block; padding: 10px 15px; background: rgba(150&comma;150&comma;150&comma;0.1); border-radius: 20px; font-size: 14px; color: inherit;'>>45 dB F\/S<\/div>\n<\/p><\/div>\n<\/p><\/div>\n<\/p><\/div>\n<\/p><\/div>\n<\/p><\/div>\n<p> <!-- Separador --> <\/p>\n<hr style='border: 0; border-top: 1px solid rgba(150&comma;150&comma;150&comma;0.3); margin: 30px 0;'> <!-- Secci\u00f3n de detalles t\u00e9cnicos --> <\/p>\n<div style='margin-bottom: 30px;'>\n<h3 style='font-size: 22px; border-bottom: 2px solid currentColor; padding-bottom: 5px; margin-top: 0; color: inherit; opacity: 0.8;'>Detalles t\u00e9cnicos<\/h3>\n<div style='display: grid; grid-template-columns: repeat(auto-fill&comma; minmax(250px&comma; 1fr)); gap: 20px; margin-top: 20px;'>\n<div style='border: 1px solid rgba(150&comma;150&comma;150&comma;0.4); border-radius: 8px; overflow: hidden; display: flex; flex-direction: column;'>\n<div style='padding: 15px; border-bottom: 1px solid rgba(150&comma;150&comma;150&comma;0.2); font-weight: bold; font-size: 18px; color: inherit;'>Modular y Flexible<\/div>\n<div style='padding: 15px; color: inherit;'>\n<p style='margin: 0; font-size: 14px; color: inherit;'>Mimosa C5x es la radio integrada m\u00e1s vers\u00e1til de la industria&comma; con cuatro opciones de antenas modulares. La soluci\u00f3n ultra robusta proporciona una operaci\u00f3n de frecuencia extendida de 4.9 a 6.4 GHz&comma; con la mejor inmunidad al ruido de su clase. Al ofrecer lo \u00faltimo en flexibilidad y eficiencia de costos&comma; el C5x es la soluci\u00f3n PTP o PTMP para implementaciones de 5 GHz<\/p>\n<\/p><\/div>\n<\/p><\/div>\n<div style='border: 1px solid rgba(150&comma;150&comma;150&comma;0.4); border-radius: 8px; overflow: hidden; display: flex; flex-direction: column;'>\n<div style='padding: 15px; border-bottom: 1px solid rgba(150&comma;150&comma;150&comma;0.2); font-weight: bold; font-size: 18px; color: inherit;'>Actualizaci\u00f3n<\/div>\n<div style='padding: 15px; color: inherit;'>\n<p style='margin: 0; font-size: 14px; color: inherit;'>Al admitir los modos PTP y PTMP&comma; el nivel de entrada C5x se puede mejorar f\u00e1cilmente a trav\u00e9s de las mejoras de las funciones clave. Fuera de la caja&comma; el C5x se puede utilizar como un cliente PTMP a velocidades de enlace Ethernet de 100 Mbps. Con la compra de una clave de funci\u00f3n \u00fanica&comma; puede aumentar f\u00e1cilmente las velocidades de los clientes hasta 500 Mbps. Para operar en modo PTP&comma; una tecla de funci\u00f3n comprada para cada radio desbloquea velocidades de punto a punto de hasta 700 Mbps.<\/p>\n<\/p><\/div>\n<\/p><\/div>\n<div style='border: 1px solid rgba(150&comma;150&comma;150&comma;0.4); border-radius: 8px; overflow: hidden; display: flex; flex-direction: column;'>\n<div style='padding: 15px; border-bottom: 1px solid rgba(150&comma;150&comma;150&comma;0.2); font-weight: bold; font-size: 18px; color: inherit;'>Rendimiento de RF<\/div>\n<div style='padding: 15px; color: inherit;'>\n<p style='margin: 0; font-size: 14px; color: inherit;'>Cubierto en metal y aprovechando las antenas de bocina y Cassegrain dise\u00f1adas a la medida&comma; el C5x reduce el ruido localizado y proporciona inmunidad contra interferencias con un avance revolucionario de frente hacia atr\u00e1s y de frente a lado. Cada antena de la familia N5-X est\u00e1 optimizada para aislar el ruido con un incre\u00edble rechazo de l\u00f3bulos laterales.<\/p>\n<\/p><\/div>\n<\/p><\/div>\n<div style='border: 1px solid rgba(150&comma;150&comma;150&comma;0.4); border-radius: 8px; overflow: hidden; display: flex; flex-direction: column;'>\n<div style='padding: 15px; border-bottom: 1px solid rgba(150&comma;150&comma;150&comma;0.2); font-weight: bold; font-size: 18px; color: inherit;'>Frecuencia Extendida<\/div>\n<div style='padding: 15px; color: inherit;'>\n<p style='margin: 0; font-size: 14px; color: inherit;'>Para escapar del ruido&comma; el C5x le permite aprovechar las aplicaciones de seguridad p\u00fablica de 4.9 GHz y las frecuencias autorizadas de hasta 6.4 GHz&comma; donde lo permiten las regulaciones locales. Las antenas modulares N5-X de dise\u00f1o personalizado est\u00e1n espec\u00edficamente optimizadas para el soporte de frecuencia extendida C5x.<\/p>\n<\/p><\/div>\n<\/p><\/div>\n<div style='border: 1px solid rgba(150&comma;150&comma;150&comma;0.4); border-radius: 8px; overflow: hidden; display: flex; flex-direction: column;'>\n<div style='padding: 15px; border-bottom: 1px solid rgba(150&comma;150&comma;150&comma;0.2); font-weight: bold; font-size: 18px; color: inherit;'>Dise\u00f1o Resistente<\/div>\n<div style='padding: 15px; color: inherit;'>\n<p style='margin: 0; font-size: 14px; color: inherit;'>El C5x&comma; con su carcasa met\u00e1lica de aluminio fundido a presi\u00f3n&comma; montajes bipolares y opciones de antenas de rosca de grado industrial&comma; est\u00e1 optimizado para reducir el ruido&comma; resistir los elementos exteriores y mantenerse montado en condiciones clim\u00e1ticas extremas.<\/p>\n<\/p><\/div>\n<\/p><\/div>\n<\/p><\/div>\n<\/p><\/div>\n<p> <!-- Separador --> <\/p>\n<hr style='border: 0; border-top: 1px solid rgba(150&comma;150&comma;150&comma;0.3); margin: 30px 0;'> <!-- Secci\u00f3n de video adicional --> <\/p>\n<div style='position: relative; padding-bottom: 56.25%; height: 0; overflow: hidden; margin-bottom: 30px;'> <video style='position: absolute; top: 0; left: 0; width: 100%; height: 100%; border: none; border-radius: 8px;' src='https:\/\/ftp3.syscom.mx\/usuarios\/ftp\/single_page\/mimosa_c5x\/C5x-Antenna-Compare_1.mp4' poster='https:\/\/mimosa.co\/uploads\/modular_m.png?mtime=20181003095605' loop muted controls><\/video> <\/div>\n<p> <!-- Im\u00e1genes adicionales --> <\/p>\n<div style='display: grid; grid-template-columns: repeat(auto-fill&comma; minmax(300px&comma; 1fr)); gap: 20px; margin-bottom: 30px;'> <img style='width: 100%; height: auto; border: 1px solid rgba(150&comma;150&comma;150&comma;0.3); border-radius: 8px;' src='https:\/\/ftp3.syscom.mx\/usuarios\/ftp\/single_page\/mimosa_c5x\/upgradable_181003_163505.png' alt=''> <img style='width: 100%; height: auto; border: 1px solid rgba(150&comma;150&comma;150&comma;0.3); border-radius: 8px;' src='https:\/\/ftp3.syscom.mx\/usuarios\/ftp\/single_page\/mimosa_c5x\/wideband.png' alt=''> <img style='width: 100%; height: auto; border: 1px solid rgba(150&comma;150&comma;150&comma;0.3); border-radius: 8px;' src='https:\/\/ftp3.syscom.mx\/usuarios\/ftp\/single_page\/mimosa_c5x\/rugged.png' alt=''> <\/div>\n<\/p><\/div>\n","protected":false},"excerpt":{"rendered":"<p>Antenas Modulares Dual Slant, 4.9 &#8211; 6.4 GHz, Dimensiones (42.9 cm), Apertura 8 \u00b0 Ganancia de 25 dBi, Dise\u00f1ada para radio C5x<\/p>\n","protected":false},"featured_media":78902,"comment_status":"open","ping_status":"closed","template":"","meta":[],"product_brand":[],"product_cat":[1918],"product_tag":[1404,1919,2046],"class_list":{"0":"post-78903","1":"product","2":"type-product","3":"status-publish","4":"has-post-thumbnail","6":"product_cat-direccionales","7":"product_tag-antenas","8":"product_tag-direccionales","9":"product_tag-mimosa-networks","11":"first","12":"instock","13":"sale","14":"shipping-taxable","15":"purchasable","16":"product-type-simple"},"_links":{"self":[{"href":"https:\/\/soydeaqui.ddns.net\/pachuca\/index.php\/wp-json\/wp\/v2\/product\/78903","targetHints":{"allow":["GET"]}}],"collection":[{"href":"https:\/\/soydeaqui.ddns.net\/pachuca\/index.php\/wp-json\/wp\/v2\/product"}],"about":[{"href":"https:\/\/soydeaqui.ddns.net\/pachuca\/index.php\/wp-json\/wp\/v2\/types\/product"}],"replies":[{"embeddable":true,"href":"https:\/\/soydeaqui.ddns.net\/pachuca\/index.php\/wp-json\/wp\/v2\/comments?post=78903"}],"wp:featuredmedia":[{"embeddable":true,"href":"https:\/\/soydeaqui.ddns.net\/pachuca\/index.php\/wp-json\/wp\/v2\/media\/78902"}],"wp:attachment":[{"href":"https:\/\/soydeaqui.ddns.net\/pachuca\/index.php\/wp-json\/wp\/v2\/media?parent=78903"}],"wp:term":[{"taxonomy":"product_brand","embeddable":true,"href":"https:\/\/soydeaqui.ddns.net\/pachuca\/index.php\/wp-json\/wp\/v2\/product_brand?post=78903"},{"taxonomy":"product_cat","embeddable":true,"href":"https:\/\/soydeaqui.ddns.net\/pachuca\/index.php\/wp-json\/wp\/v2\/product_cat?post=78903"},{"taxonomy":"product_tag","embeddable":true,"href":"https:\/\/soydeaqui.ddns.net\/pachuca\/index.php\/wp-json\/wp\/v2\/product_tag?post=78903"}],"curies":[{"name":"wp","href":"https:\/\/api.w.org\/{rel}","templated":true}]}}