{"id":78890,"date":"2026-03-19T16:59:35","date_gmt":"2026-03-19T16:59:35","guid":{"rendered":"https:\/\/soydeaqui.ddns.net\/pachuca\/index.php\/producto\/punto-de-acceso-omada-doble-banda-ac-1200-mu-mimo-mesh-omada-montaje-en-mastil-pared-configuracion-stand-alone-o-por-controlador-alimentacion-poe-af-at-poe-pasivo-24-v\/"},"modified":"2026-03-19T16:59:43","modified_gmt":"2026-03-19T16:59:43","slug":"punto-de-acceso-omada-doble-banda-ac-1200-mu-mimo-mesh-omada-montaje-en-mastil-pared-configuracion-stand-alone-o-por-controlador-alimentacion-poe-af-at-poe-pasivo-24-v","status":"publish","type":"product","link":"https:\/\/soydeaqui.ddns.net\/pachuca\/index.php\/producto\/punto-de-acceso-omada-doble-banda-ac-1200-mu-mimo-mesh-omada-montaje-en-mastil-pared-configuracion-stand-alone-o-por-controlador-alimentacion-poe-af-at-poe-pasivo-24-v\/","title":{"rendered":"Punto de Acceso Omada \/ Doble Banda AC 1200 MU-MIMO \/ Mesh Omada \/ Montaje en M\u00e1stil-Pared \/ Configuraci\u00f3n Stand-alone o Por Controlador \/ Alimentaci\u00f3n PoE af\/at | PoE Pasivo 24 V"},"content":{"rendered":"<div style='width: 100%; max-width: 1200px; margin: 0 auto; font-family: sans-serif; line-height: 1.6; color: inherit; background-color: transparent;'> <!-- Enlace a Omada Cloud --> <\/p>\n<div style='text-align: center; margin: 30px 0;'>\n<h2 style='font-size: 24px; margin: 0;'><a href='https:\/\/www.tp-link.com\/es\/omada-sdn\/' style='color: inherit; text-decoration: none; font-weight: bold;'>Aprende mas sobre Omada Cloud<\/a><\/h2>\n<\/p><\/div>\n<p> <!-- Imagen principal --> <\/p>\n<div style='margin: 30px 0;'> <img style='width: 100%; height: auto; border: 1px solid rgba(150&comma;150&comma;150&comma;0.3); border-radius: 8px;' src='https:\/\/ftp3.syscom.mx\/usuarios\/fotos\/EAP225OUTDOOR\/162963-captura_de_pantalla_2024-02-16_a_la(s)_11.39.24 a.m..png' alt=''> <\/div>\n<p> <!-- Secci\u00f3n de im\u00e1genes con descripci\u00f3n --> <\/p>\n<div style='margin: 30px 0;'>\n<div style='text-align: center; margin-bottom: 20px;'>\n<h2 style='font-size: 22px; margin: 0; color: inherit; opacity: 0.8;'>Recuperaci\u00f3n de se\u00f1al&comma; conectando la m\u00e1s adecuada.<\/h2>\n<\/p><\/div>\n<div style='margin: 15px 0;'> <img style='width: 100%; height: auto; border: 1px solid rgba(150&comma;150&comma;150&comma;0.3); border-radius: 8px;' src='https:\/\/ftp3.syscom.mx\/usuarios\/fotos\/EAP225OUTDOOR\/162963-image_-_2023-02-23t140008.465.png' alt=''> <\/div>\n<\/p><\/div>\n<p> <!-- Secci\u00f3n de im\u00e1genes con descripci\u00f3n --> <\/p>\n<div style='margin: 30px 0;'>\n<div style='text-align: center; margin-bottom: 20px;'>\n<h2 style='font-size: 22px; margin: 0; color: inherit; opacity: 0.8;'>Conexi\u00f3nes sin interrupci\u00f3n.<\/h2>\n<\/p><\/div>\n<div style='margin: 15px 0;'> <img style='width: 100%; height: auto; border: 1px solid rgba(150&comma;150&comma;150&comma;0.3); border-radius: 8px;' src='https:\/\/ftp3.syscom.mx\/usuarios\/fotos\/EAP225OUTDOOR\/162963-image_-_2023-02-23t140002.647.png' alt=''> <\/div>\n<\/p><\/div>\n<p> <!-- Secci\u00f3n de im\u00e1genes con descripci\u00f3n --> <\/p>\n<div style='margin: 30px 0;'>\n<div style='text-align: center; margin-bottom: 20px;'>\n<h2 style='font-size: 22px; margin: 0; color: inherit; opacity: 0.8;'>Instalaci\u00f3n Flexible.<\/h2>\n<\/p><\/div>\n<div style='margin: 15px 0;'> <img style='width: 100%; height: auto; border: 1px solid rgba(150&comma;150&comma;150&comma;0.3); border-radius: 8px;' src='https:\/\/ftp3.syscom.mx\/usuarios\/fotos\/EAP225OUTDOOR\/162963-captura_de_pantalla_2024-02-16_a_la(s)_11.40.52 a.m..png' alt=''> <\/div>\n<\/p><\/div>\n<p> <!-- Secci\u00f3n de especificaciones --> <\/p>\n<div style='margin: 30px 0;'>\n<div style='display: flex; flex-wrap: wrap; gap: 20px;'>\n<div style='flex: 1 1 250px; border: 1px solid rgba(150&comma; 150&comma; 150&comma; 0.4); border-radius: 8px; overflow: hidden; display: flex; flex-direction: column;'>\n<div style='padding: 15px; border-bottom: 1px solid rgba(150&comma; 150&comma; 150&comma; 0.2); font-weight: bold; font-size: 18px; color: inherit;'>Especificaciones<\/div>\n<div style='padding: 15px; color: inherit;'>\n<ul style='padding-left: 20px; margin: 0; font-size: 14px; list-style-type: disc;'>\n<li style='margin-bottom: 5px;'><strong>Dimensiones:<\/strong> 215.7 x45 x37.7 mm. (sin antena&comma; ni montaje) 403.8 x90.7 x55.2 mm. (con antena y montaje)<\/li>\n<li style='margin-bottom: 5px;'><strong>Puertos:<\/strong> (1) 10\/100\/1000 Mbps RJ45 PoE<\/li>\n<li style='margin-bottom: 5px;'><strong>Bot\u00f3n Reset:<\/strong> S\u00ed<\/li>\n<li style='margin-bottom: 5px;'><strong>Carcasa resistente:<\/strong> IP65<\/li>\n<li style='margin-bottom: 5px;'><strong>Alimentaci\u00f3n:<\/strong> PoE 802.3 af\/at \/ PoE Pasivo 24V &#8211; Consumo m\u00e1x: 10.5W<\/li>\n<li style='margin-bottom: 5px;'><strong>Antenas:<\/strong> 2.4 GHz: 2&#215;3 dBi \/ 5 GHz: 2&#215;5 dBi<\/li>\n<li style='margin-bottom: 5px;'><strong>Montaje:<\/strong> M\u00e1stil\/Pared (montaje incluido)<\/li>\n<li style='margin-bottom: 5px;'><strong>Gesti\u00f3n web:<\/strong> S\u00ed<\/li>\n<li style='margin-bottom: 5px;'><strong>Garant\u00eda:<\/strong> 2 a\u00f1os<\/li>\n<li style='margin-bottom: 5px;'><strong>Estandares inal\u00e1mbricos:<\/strong> IEEE 802.11 ac\/n\/b\/g\/a<\/li>\n<li style='margin-bottom: 5px;'><strong>Potencia de transmisi\u00f3n:<\/strong> CE: <20 dBm 2.4 GHz \/ <27 dBm 5 GHz - FCC: <23 dBm 2.4 GHz \/ <22 dBm 5 GHz<\/li>\n<li style='margin-bottom: 5px;'><strong>Temperatura de operaci\u00f3n:<\/strong> -30 a 70\u00b0 C<\/li>\n<li style='margin-bottom: 5px;'><strong>Certificaciones:<\/strong> CE&comma; FCC&comma; RoHS<\/li>\n<\/ul><\/div>\n<\/p><\/div>\n<div style='flex: 1 1 250px; border: 1px solid rgba(150&comma; 150&comma; 150&comma; 0.4); border-radius: 8px; overflow: hidden; display: flex; flex-direction: column;'>\n<div style='padding: 15px; border-bottom: 1px solid rgba(150&comma; 150&comma; 150&comma; 0.2); font-weight: bold; font-size: 18px; color: inherit;'>Caracter\u00edsticas<\/div>\n<div style='padding: 15px; color: inherit;'>\n<ul style='padding-left: 20px; margin: 0; font-size: 14px; list-style-type: disc;'>\n<li style='margin-bottom: 5px;'>L\u00edmite de tr\u00e1fico<\/li>\n<li style='margin-bottom: 5px;'>Mesh Omada<\/li>\n<li style='margin-bottom: 5px;'>M\u00faltiples SSID (hasta 16&comma; 8 por banda)<\/li>\n<li style='margin-bottom: 5px;'>Asignaci\u00f3n autom\u00e1tica de canales<\/li>\n<li style='margin-bottom: 5px;'>Programa de reinicio<\/li>\n<li style='margin-bottom: 5px;'>Portal cautivo (hotspot)<\/li>\n<li style='margin-bottom: 5px;'>App Omada<\/li>\n<li style='margin-bottom: 5px;'>MU-MIMO<\/li>\n<\/ul><\/div>\n<\/p><\/div>\n<div style='flex: 1 1 250px; border: 1px solid rgba(150&comma; 150&comma; 150&comma; 0.4); border-radius: 8px; overflow: hidden; display: flex; flex-direction: column;'>\n<div style='padding: 15px; border-bottom: 1px solid rgba(150&comma; 150&comma; 150&comma; 0.2); font-weight: bold; font-size: 18px; color: inherit;'>Otros<\/div>\n<div style='padding: 15px; color: inherit;'>\n<ul style='padding-left: 20px; margin: 0; font-size: 14px; list-style-type: disc;'>\n<li style='margin-bottom: 5px;'>EAP225-OUTDOOR<\/li>\n<li style='margin-bottom: 5px;'>Inyector PoE Pasivo 24 V<\/li>\n<li style='margin-bottom: 5px;'>Goma a prueba de agua<\/li>\n<li style='margin-bottom: 5px;'>Antenas a prueba de agua<\/li>\n<li style='margin-bottom: 5px;'>Kits de montaje Pared<\/li>\n<li style='margin-bottom: 5px;'>Gu\u00eda de instalaci\u00f3n<\/li>\n<\/ul><\/div>\n<\/p><\/div>\n<\/p><\/div>\n<\/p><\/div>\n<\/p><\/div>\n","protected":false},"excerpt":{"rendered":"<p>Punto de Acceso Omada \/ Doble Banda AC 1200 MU-MIMO \/ Mesh Omada \/ Montaje en M\u00e1stil-Pared \/ Configuraci\u00f3n Stand-alone o Por Controlador \/ Alimentaci\u00f3n PoE af\/at | PoE Pasivo 24 V<\/p>\n","protected":false},"featured_media":78889,"comment_status":"open","ping_status":"closed","template":"","meta":[],"product_brand":[],"product_cat":[1794],"product_tag":[1795,1479,71],"class_list":{"0":"post-78890","1":"product","2":"type-product","3":"status-publish","4":"has-post-thumbnail","6":"product_cat-puntos-de-acceso","7":"product_tag-puntos-de-acceso","8":"product_tag-redes-wifi","9":"product_tag-tp-link","11":"first","12":"instock","13":"sale","14":"shipping-taxable","15":"purchasable","16":"product-type-simple"},"_links":{"self":[{"href":"https:\/\/soydeaqui.ddns.net\/pachuca\/index.php\/wp-json\/wp\/v2\/product\/78890","targetHints":{"allow":["GET"]}}],"collection":[{"href":"https:\/\/soydeaqui.ddns.net\/pachuca\/index.php\/wp-json\/wp\/v2\/product"}],"about":[{"href":"https:\/\/soydeaqui.ddns.net\/pachuca\/index.php\/wp-json\/wp\/v2\/types\/product"}],"replies":[{"embeddable":true,"href":"https:\/\/soydeaqui.ddns.net\/pachuca\/index.php\/wp-json\/wp\/v2\/comments?post=78890"}],"wp:featuredmedia":[{"embeddable":true,"href":"https:\/\/soydeaqui.ddns.net\/pachuca\/index.php\/wp-json\/wp\/v2\/media\/78889"}],"wp:attachment":[{"href":"https:\/\/soydeaqui.ddns.net\/pachuca\/index.php\/wp-json\/wp\/v2\/media?parent=78890"}],"wp:term":[{"taxonomy":"product_brand","embeddable":true,"href":"https:\/\/soydeaqui.ddns.net\/pachuca\/index.php\/wp-json\/wp\/v2\/product_brand?post=78890"},{"taxonomy":"product_cat","embeddable":true,"href":"https:\/\/soydeaqui.ddns.net\/pachuca\/index.php\/wp-json\/wp\/v2\/product_cat?post=78890"},{"taxonomy":"product_tag","embeddable":true,"href":"https:\/\/soydeaqui.ddns.net\/pachuca\/index.php\/wp-json\/wp\/v2\/product_tag?post=78890"}],"curies":[{"name":"wp","href":"https:\/\/api.w.org\/{rel}","templated":true}]}}