{"id":78884,"date":"2026-03-19T16:59:20","date_gmt":"2026-03-19T16:59:20","guid":{"rendered":"https:\/\/soydeaqui.ddns.net\/pachuca\/index.php\/producto\/bocina-sip-ip-para-voceo-y-paging-2-lineas-sip-potencia-de-hasta-30w-alimentacion-via-poe-puerto-de-salida-de-audio\/"},"modified":"2026-03-19T16:59:32","modified_gmt":"2026-03-19T16:59:32","slug":"bocina-sip-ip-para-voceo-y-paging-2-lineas-sip-potencia-de-hasta-30w-alimentacion-via-poe-puerto-de-salida-de-audio","status":"publish","type":"product","link":"https:\/\/soydeaqui.ddns.net\/pachuca\/index.php\/producto\/bocina-sip-ip-para-voceo-y-paging-2-lineas-sip-potencia-de-hasta-30w-alimentacion-via-poe-puerto-de-salida-de-audio\/","title":{"rendered":"Bocina SIP IP para voceo y paging, 2 l\u00edneas SIP, potencia de hasta 30W,  alimentaci\u00f3n v\u00eda PoE, puerto de salida de audio"},"content":{"rendered":"<div style='width: 100%; max-width: 1200px; margin: 0 auto; font-family: sans-serif; line-height: 1.6; color: inherit; background-color: transparent;'>\n<p style='text-align: justify; font-size: 15px; color: inherit;'>iW30 es una bocina SIP para clientes de la industria con protocolo de transmisi\u00f3n de voz IP \/ RTP est\u00e1ndar y compatible con todas las plataformas principales de IP PBX \/ Softswitch \/ IMS basadas en SIP como Asterisk&comma; Broadsoft&comma; 3CX&comma; Elastix&comma; etc. para una implementaci\u00f3n r\u00e1pida y f\u00e1cil. Es compatible con el sistema de telefon\u00eda de terceros para lograr el sistema de combinaci\u00f3n que incluye telefon\u00eda&comma; transmisi\u00f3n e intercomunicaci\u00f3n para los escenarios de aplicaci\u00f3n como oficina&comma; escuela&comma; hotel y supermercado.<\/p>\n<div style='display: flex; flex-wrap: wrap; gap: 30px; margin-top: 30px; margin-bottom: 30px;'>\n<div style='flex: 1 1 300px; min-width: 280px;'>\n<div style='border-left: 5px solid #FF0800; border-radius: 5px; padding: 10px; background-color: rgba(255&comma; 135&comma; 135&comma; 0.05);'> <strong style='font-size: 18px; display: block; margin-bottom: 10px; color: inherit;'>Caracter\u00edsticas principales:<\/strong> <\/p>\n<ul style='padding-left: 20px; font-size: 14px; color: inherit; list-style-type: disc;'>\n<li style='margin-bottom: 5px;'>Compatible con el protocolo SIP est\u00e1ndar<\/li>\n<li style='margin-bottom: 5px;'>Dise\u00f1o todo en uno y montaje en pared&comma; integrado con c\u00f3dec de audio de red&comma; amplificador digital y altavoz<\/li>\n<li style='margin-bottom: 5px;'>Bocina incorporada de 30W<\/li>\n<li style='margin-bottom: 5px;'>Potencia de salida adaptativa seg\u00fan el voltaje de la fuente de alimentaci\u00f3n (10W ~ 30W)<\/li>\n<li style='margin-bottom: 5px;'>Enlace de video con c\u00e1mara IP para monitorear en el sitio durante la transmisi\u00f3n<\/li>\n<li style='margin-bottom: 5px;'>Ajuste de volumen v\u00eda online de forma remota.<\/li>\n<li style='margin-bottom: 5px;'>Interfaz de salida de audio incorporada para altavoces activos externos<\/li>\n<li style='margin-bottom: 5px;'>Puerto RJ45 est\u00e1ndar&comma; soporte en diferentes segmentos de red y enrutador<\/li>\n<li style='margin-bottom: 5px;'>PoE integrado (Class 3 &#8211; 6.49~12.95W)<\/li>\n<li style='margin-bottom: 5px;'>Compatible con las principales plataformas: 3CX&comma; Avaya&comma; Asterisk&comma; Broadsoft&comma; Metaswitch&comma; Elastix etc.<\/li>\n<li style='margin-bottom: 5px;'>Garantia 1 a\u00f1o<\/li>\n<\/ul><\/div>\n<\/p><\/div>\n<div style='flex: 1 1 300px; min-width: 280px;'>\n<div style='border-left: 5px solid #FF0800; border-radius: 5px; padding: 10px; background-color: rgba(255&comma; 135&comma; 135&comma; 0.05);'> <strong style='font-size: 18px; display: block; margin-bottom: 10px; color: inherit;'>Caracter\u00edsticas F\u00edsicas y El\u00e9ctricas:<\/strong> <\/p>\n<ul style='padding-left: 20px; font-size: 14px; color: inherit; list-style-type: disc;'>\n<li style='margin-bottom: 5px;'>Puerto WAN: 10 \/ 100BASE-Tx&comma; Auto-MDIX&comma; RJ-45<\/li>\n<li style='margin-bottom: 5px;'>Puerto LAN: 10 \/ 100BASE-Tx&comma; Auto-MDIX&comma; RJ-45<\/li>\n<li style='margin-bottom: 5px;'>Chip principal: Broadcom<\/li>\n<li style='margin-bottom: 5px;'>Potencia de salida: seg\u00fan la adaptaci\u00f3n autom\u00e1tica de la tensi\u00f3n de alimentaci\u00f3n. A) PoE 10W; B) El 12V \/ 2A&comma; 10W. C) 18V \/ 2A 20W; D) 24V \/ 2A 30W<\/li>\n<li style='margin-bottom: 5px;'>Rango de frecuencia: 75 Hz &#8211; 20 kHz<\/li>\n<li style='margin-bottom: 5px;'>Fuente de alimentaci\u00f3n: 12V 2A \/ 18V 2A \/ 24V 2A DC o PoE (48V)<\/li>\n<li style='margin-bottom: 5px;'>Temperatura de trabajo: &#8211; 10 ~ 50 \u00b0C<\/li>\n<li style='margin-bottom: 5px;'>Temperatura de almacenamiento: &#8211; 10 ~ 50 \u00b0C<\/li>\n<li style='margin-bottom: 5px;'>Humedad relativa: 20 ~ 80%<\/li>\n<li style='margin-bottom: 5px;'>Peso del paquete: 3.1 kg.<\/li>\n<li style='margin-bottom: 5px;'>Tama\u00f1o del equipo: 245 x 162 x 182 mm (ancho x alto x largo)<\/li>\n<\/ul><\/div>\n<\/p><\/div>\n<div style='flex: 1 1 300px; min-width: 280px;'>\n<div style='border-left: 5px solid #FF0800; border-radius: 5px; padding: 10px; background-color: rgba(255&comma; 135&comma; 135&comma; 0.05);'> <strong style='font-size: 18px; display: block; margin-bottom: 10px; color: inherit;'>Caracter\u00edsticas de Red:<\/strong> <\/p>\n<ul style='padding-left: 20px; font-size: 14px; color: inherit; list-style-type: disc;'>\n<li style='margin-bottom: 5px;'>2 puertos Ethernet 10\/100<\/li>\n<li style='margin-bottom: 5px;'>Configuraci\u00f3n de IP: est\u00e1tico \/ DHCP \/ PPPoE<\/li>\n<li style='margin-bottom: 5px;'>Control de acceso por red: 802.1x<\/li>\n<li style='margin-bottom: 5px;'>VPN: L2TP \/ OpenVPN<\/li>\n<li style='margin-bottom: 5px;'>VLAN<\/li>\n<li style='margin-bottom: 5px;'>QoS<\/li>\n<li style='margin-bottom: 5px;'>STUN<\/li>\n<\/ul><\/div>\n<\/p><\/div>\n<\/p><\/div>\n<div style='width: 100%; display: flex; justify-content: center; margin: 30px 0;'> <img style='width: 100%; max-width: 600px; height: auto; border: 1px solid rgba(150&comma;150&comma;150&comma;0.3); border-radius: 8px;' src='https:\/\/ftp3.syscom.mx\/usuarios\/esanchez\/FANVIL\/IW30\/iW30%20EDM_EN_V1.0_20180906%20_v2.jpg' alt=''><\/img> <\/div>\n<\/p><\/div>\n","protected":false},"excerpt":{"rendered":"<p>Bocina SIP IP para voceo y paging, 2 l\u00edneas SIP, potencia de hasta 30W,  alimentaci\u00f3n v\u00eda PoE, puerto de salida de audio<\/p>\n","protected":false},"featured_media":78883,"comment_status":"open","ping_status":"closed","template":"","meta":[],"product_brand":[],"product_cat":[2041],"product_tag":[859,2042,2004],"class_list":{"0":"post-78884","1":"product","2":"type-product","3":"status-publish","4":"has-post-thumbnail","6":"product_cat-sistemas-de-voceo-ip","7":"product_tag-fanvil","8":"product_tag-sistemas-de-voceo-ip","9":"product_tag-voip-telefonia-ip-videoconferencia","11":"first","12":"outofstock","13":"sale","14":"shipping-taxable","15":"purchasable","16":"product-type-simple"},"_links":{"self":[{"href":"https:\/\/soydeaqui.ddns.net\/pachuca\/index.php\/wp-json\/wp\/v2\/product\/78884","targetHints":{"allow":["GET"]}}],"collection":[{"href":"https:\/\/soydeaqui.ddns.net\/pachuca\/index.php\/wp-json\/wp\/v2\/product"}],"about":[{"href":"https:\/\/soydeaqui.ddns.net\/pachuca\/index.php\/wp-json\/wp\/v2\/types\/product"}],"replies":[{"embeddable":true,"href":"https:\/\/soydeaqui.ddns.net\/pachuca\/index.php\/wp-json\/wp\/v2\/comments?post=78884"}],"wp:featuredmedia":[{"embeddable":true,"href":"https:\/\/soydeaqui.ddns.net\/pachuca\/index.php\/wp-json\/wp\/v2\/media\/78883"}],"wp:attachment":[{"href":"https:\/\/soydeaqui.ddns.net\/pachuca\/index.php\/wp-json\/wp\/v2\/media?parent=78884"}],"wp:term":[{"taxonomy":"product_brand","embeddable":true,"href":"https:\/\/soydeaqui.ddns.net\/pachuca\/index.php\/wp-json\/wp\/v2\/product_brand?post=78884"},{"taxonomy":"product_cat","embeddable":true,"href":"https:\/\/soydeaqui.ddns.net\/pachuca\/index.php\/wp-json\/wp\/v2\/product_cat?post=78884"},{"taxonomy":"product_tag","embeddable":true,"href":"https:\/\/soydeaqui.ddns.net\/pachuca\/index.php\/wp-json\/wp\/v2\/product_tag?post=78884"}],"curies":[{"name":"wp","href":"https:\/\/api.w.org\/{rel}","templated":true}]}}