{"id":78866,"date":"2026-03-19T16:58:38","date_gmt":"2026-03-19T16:58:38","guid":{"rendered":"https:\/\/soydeaqui.ddns.net\/pachuca\/index.php\/producto\/adaptador-de-red-ethernet-usb-2-0-a-rj45-100mbps\/"},"modified":"2026-03-19T16:58:45","modified_gmt":"2026-03-19T16:58:45","slug":"adaptador-de-red-ethernet-usb-2-0-a-rj45-100mbps","status":"publish","type":"product","link":"https:\/\/soydeaqui.ddns.net\/pachuca\/index.php\/producto\/adaptador-de-red-ethernet-usb-2-0-a-rj45-100mbps\/","title":{"rendered":"Adaptador de red Ethernet USB 2.0 a  RJ45 100Mbps"},"content":{"rendered":"<div style='width: 100%; max-width: 1200px; margin: 0 auto; font-family: sans-serif; line-height: 1.6; color: inherit; background-color: transparent;'> <!-- Imagen principal --> <\/p>\n<div style='margin-bottom: 30px;'> <img style='width: 100%; height: auto; border: 1px solid rgba(150&comma;150&comma;150&comma;0.3); border-radius: 8px;' src='https:\/\/ftp3.syscom.mx\/usuarios\/fotos\/UE200\/163769-captura_de_pantalla_2024-11-20_a_la(s)_3.00.25%E2%80%AFp.m..png' alt='Adaptador de red Ethernet USB 2.0 a RJ45 100Mbps'> <\/div>\n<p> <!-- Secciones con im\u00e1genes --> <\/p>\n<div style='display: flex; flex-direction: column; gap: 40px; margin-bottom: 40px;'>\n<div style='display: flex; flex-direction: column; align-items: center; text-align: center;'>\n<h3 style='font-size: 22px; border-bottom: 2px solid currentColor; padding-bottom: 5px; margin-top: 0; color: inherit; opacity: 0.8;'>Dise\u00f1o de cable plegable<\/h3>\n<p style='font-size: 16px; color: inherit; opacity: 0.8; max-width: 800px; margin: 15px 0;'>Innovador dise\u00f1o de cable plegable permite una forma m\u00e1s c\u00f3moda de guardarlo o viajar.<\/p>\n<p> <img style='width: 100%; height: auto; border: 1px solid rgba(150&comma;150&comma;150&comma;0.3); border-radius: 8px; max-width: 800px;' src='https:\/\/ftp3.syscom.mx\/usuarios\/fotos\/UE200\/163769-captura_de_pantalla_2024-11-20_a_la(s)_3.00.37%E2%80%AFp.m..png' alt='Dise\u00f1o de cable plegable'> <\/div>\n<div style='display: flex; flex-direction: column; align-items: center; text-align: center;'>\n<h3 style='font-size: 22px; border-bottom: 2px solid currentColor; padding-bottom: 5px; margin-top: 0; color: inherit; opacity: 0.8;'>Conectar y usar<\/h3>\n<p style='font-size: 16px; color: inherit; opacity: 0.8; max-width: 800px; margin: 15px 0;'>Instalaci\u00f3n gratuita de controladores para diferentes sistemas operativos.<\/p>\n<p> <img style='width: 100%; height: auto; border: 1px solid rgba(150&comma;150&comma;150&comma;0.3); border-radius: 8px; max-width: 800px;' src='https:\/\/ftp3.syscom.mx\/usuarios\/fotos\/UE200\/163769-captura_de_pantalla_2024-11-20_a_la(s)_3.00.56%E2%80%AFp.m..png' alt='Conectar y usar'> <\/div>\n<div style='display: flex; flex-direction: column; align-items: center; text-align: center;'>\n<h3 style='font-size: 22px; border-bottom: 2px solid currentColor; padding-bottom: 5px; margin-top: 0; color: inherit; opacity: 0.8;'>Transferencia de datos estables y mayor seguridad<\/h3>\n<p style='font-size: 16px; color: inherit; opacity: 0.8; max-width: 800px; margin: 15px 0;'>El UE200 proporciona una velocidad de transferencia de datos m\u00e1s segura y confiable al utilizar el puerto Ethernet 10\/100 Mbps y un puerto USB 2.0 en comparaci\u00f3n con las conexiones inal\u00e1mbricas.<\/p>\n<p> <img style='width: 100%; height: auto; border: 1px solid rgba(150&comma;150&comma;150&comma;0.3); border-radius: 8px; max-width: 800px;' src='https:\/\/ftp3.syscom.mx\/usuarios\/fotos\/UE200\/163769-captura_de_pantalla_2024-11-20_a_la(s)_3.01.16%E2%80%AFp.m..png' alt='Transferencia de datos estables'> <\/div>\n<\/p><\/div>\n<p> <!-- Separador --> <\/p>\n<hr style='border: 0; border-top: 1px solid rgba(150&comma; 150&comma; 150&comma; 0.3); margin: 30px 0;'> <!-- Especificaciones --> <\/p>\n<div style='margin-bottom: 40px;'>\n<h3 style='font-size: 22px; border-bottom: 2px solid currentColor; padding-bottom: 5px; margin-top: 0; color: inherit; opacity: 0.8;'>Especificaciones<\/h3>\n<div style='display: flex; flex-wrap: wrap; gap: 20px; margin-top: 20px;'>\n<div style='flex: 1 1 250px; border: 1px solid rgba(150&comma; 150&comma; 150&comma; 0.4); border-radius: 8px; overflow: hidden; display: flex; flex-direction: column;'>\n<div style='padding: 15px; border-bottom: 1px solid rgba(150&comma; 150&comma; 150&comma; 0.2); font-weight: bold; font-size: 18px; color: inherit;'>Especificaciones t\u00e9cnicas<\/div>\n<div style='padding: 15px; color: inherit;'>\n<ul style='padding-left: 20px; margin: 0; font-size: 14px; list-style-type: disc;'>\n<li style='margin-bottom: 5px;'><strong>Dimensiones:<\/strong> 71 x 26 x 16.2 mm.<\/li>\n<li style='margin-bottom: 5px;'><strong>Interface de salida:<\/strong> (1) Ethernet RJ45 10\/100 Mbps.<\/li>\n<li style='margin-bottom: 5px;'><strong>Interface de entrada:<\/strong> (1) Puerto USB 2.0.<\/li>\n<li style='margin-bottom: 5px;'><strong>Conjunto de chips:<\/strong> RTL8152B<\/li>\n<\/ul><\/div>\n<\/p><\/div>\n<div style='flex: 1 1 250px; border: 1px solid rgba(150&comma; 150&comma; 150&comma; 0.4); border-radius: 8px; overflow: hidden; display: flex; flex-direction: column;'>\n<div style='padding: 15px; border-bottom: 1px solid rgba(150&comma; 150&comma; 150&comma; 0.2); font-weight: bold; font-size: 18px; color: inherit;'>Compatibilidad<\/div>\n<div style='padding: 15px; color: inherit;'>\n<ul style='padding-left: 20px; margin: 0; font-size: 14px; list-style-type: disc;'>\n<li style='margin-bottom: 5px;'><strong>Sistemas Soportados:<\/strong> Windows 10\/8.1\/7\/Vista\/XP&comma; Mac OS 10.6-10.13&comma; Sistema operativo Linux<\/li>\n<\/ul><\/div>\n<\/p><\/div>\n<div style='flex: 1 1 250px; border: 1px solid rgba(150&comma; 150&comma; 150&comma; 0.4); border-radius: 8px; overflow: hidden; display: flex; flex-direction: column;'>\n<div style='padding: 15px; border-bottom: 1px solid rgba(150&comma; 150&comma; 150&comma; 0.2); font-weight: bold; font-size: 18px; color: inherit;'>Contenido del Paquete<\/div>\n<div style='padding: 15px; color: inherit;'>\n<ul style='padding-left: 20px; margin: 0; font-size: 14px; list-style-type: disc;'>\n<li style='margin-bottom: 5px;'>Adaptador de red Ethernet 10\/100 Mbps &#8211; USB 2.0<\/li>\n<li style='margin-bottom: 5px;'>Gu\u00eda de Usuario\/Garant\u00eda<\/li>\n<\/ul><\/div>\n<\/p><\/div>\n<\/p><\/div>\n<\/p><\/div>\n<\/p><\/div>\n","protected":false},"excerpt":{"rendered":"<p>Adaptador de red Ethernet USB 2.0 a  RJ45 100Mbps<\/p>\n","protected":false},"featured_media":78865,"comment_status":"open","ping_status":"closed","template":"","meta":[],"product_brand":[],"product_cat":[2054],"product_tag":[93,2055,71],"class_list":{"0":"post-78866","1":"product","2":"type-product","3":"status-publish","4":"has-post-thumbnail","6":"product_cat-accesorios-equipo-de-computo","7":"product_tag-accesorios","8":"product_tag-equipo-de-computo","9":"product_tag-tp-link","11":"first","12":"instock","13":"sale","14":"shipping-taxable","15":"purchasable","16":"product-type-simple"},"_links":{"self":[{"href":"https:\/\/soydeaqui.ddns.net\/pachuca\/index.php\/wp-json\/wp\/v2\/product\/78866","targetHints":{"allow":["GET"]}}],"collection":[{"href":"https:\/\/soydeaqui.ddns.net\/pachuca\/index.php\/wp-json\/wp\/v2\/product"}],"about":[{"href":"https:\/\/soydeaqui.ddns.net\/pachuca\/index.php\/wp-json\/wp\/v2\/types\/product"}],"replies":[{"embeddable":true,"href":"https:\/\/soydeaqui.ddns.net\/pachuca\/index.php\/wp-json\/wp\/v2\/comments?post=78866"}],"wp:featuredmedia":[{"embeddable":true,"href":"https:\/\/soydeaqui.ddns.net\/pachuca\/index.php\/wp-json\/wp\/v2\/media\/78865"}],"wp:attachment":[{"href":"https:\/\/soydeaqui.ddns.net\/pachuca\/index.php\/wp-json\/wp\/v2\/media?parent=78866"}],"wp:term":[{"taxonomy":"product_brand","embeddable":true,"href":"https:\/\/soydeaqui.ddns.net\/pachuca\/index.php\/wp-json\/wp\/v2\/product_brand?post=78866"},{"taxonomy":"product_cat","embeddable":true,"href":"https:\/\/soydeaqui.ddns.net\/pachuca\/index.php\/wp-json\/wp\/v2\/product_cat?post=78866"},{"taxonomy":"product_tag","embeddable":true,"href":"https:\/\/soydeaqui.ddns.net\/pachuca\/index.php\/wp-json\/wp\/v2\/product_tag?post=78866"}],"curies":[{"name":"wp","href":"https:\/\/api.w.org\/{rel}","templated":true}]}}