{"id":78858,"date":"2026-03-19T16:58:18","date_gmt":"2026-03-19T16:58:18","guid":{"rendered":"https:\/\/soydeaqui.ddns.net\/pachuca\/index.php\/producto\/switch-de-escritorio-5-puertos-10-100-1000-mbps\/"},"modified":"2026-03-19T16:58:33","modified_gmt":"2026-03-19T16:58:33","slug":"switch-de-escritorio-5-puertos-10-100-1000-mbps","status":"publish","type":"product","link":"https:\/\/soydeaqui.ddns.net\/pachuca\/index.php\/producto\/switch-de-escritorio-5-puertos-10-100-1000-mbps\/","title":{"rendered":"Switch de escritorio 5 puertos 10\/100\/1000 Mbps"},"content":{"rendered":"<div style='width: 100%; max-width: 1200px; margin: 0 auto; font-family: sans-serif; line-height: 1.6; color: inherit; background-color: transparent;'>\n<div style='display: flex; flex-wrap: wrap; gap: 30px; margin-bottom: 30px;'>\n<div style='flex: 1 1 300px; min-width: 280px;'>\n<h3 style='font-size: 22px; border-bottom: 2px solid currentColor; padding-bottom: 5px; margin-top: 0; color: inherit; opacity: 0.8;'>Descripci\u00f3n<\/h3>\n<p style='font-size: 15px; color: inherit; margin-top: 0;'>El TL-SG1005D de TP-LINK es un switch de sobremesa con 5 puertos Gigabit que le permite migrar f\u00e1cilmente su red a la tecnolog\u00eda Gigabit Ethernet. Aumente tanto la velocidad de su servidor de red como la de las conexiones troncales o lleve la experiencia Gigabit a su escritorio. Adicionalmente&comma; el dise\u00f1o del TL-SG1005D le permite tener un menor consumo el\u00e9ctrico. Gracias a su innovadora tecnolog\u00eda de eficiencia energ\u00e9tica&comma; el TL-SG1005D ahorra hasta un 70% de energ\u00eda el\u00e9ctrica&comma; lo que lo convierte en una soluci\u00f3n ecol\u00f3gica para la red de su hogar o lugar de trabajo.<\/p>\n<\/p><\/div>\n<\/p><\/div>\n<div style='display: flex; flex-wrap: wrap; gap: 30px; margin-bottom: 30px;'>\n<div style='flex: 1 1 300px; min-width: 280px;'>\n<h3 style='font-size: 22px; border-bottom: 2px solid currentColor; padding-bottom: 5px; margin-top: 0; color: inherit; opacity: 0.8;'>Caracter\u00edsticas<\/h3>\n<ul style='padding-left: 20px; font-size: 15px; color: inherit;'>\n<li style='margin-bottom: 5px;'>5 puertos RJ45 Gigabit con Auto-Negociaci\u00f3n&comma; compatible con Auto MDI \/ MDIX<\/li>\n<li style='margin-bottom: 5px;'>Tecnolog\u00eda Green Ethernet ahorra la energ\u00eda hasta un 70%<\/li>\n<li style='margin-bottom: 5px;'>IEEE 802.3x control de flujo proporciona una transferencia de datos fiables<\/li>\n<li style='margin-bottom: 5px;'>Caja de pl\u00e1stico&comma; dise\u00f1o de montaje de escritorio o en pared<\/li>\n<li style='margin-bottom: 5px;'>Plug and play&comma; sin necesidad de configuraci\u00f3n<\/li>\n<\/ul><\/div>\n<\/p><\/div>\n<div style='display: flex; flex-wrap: wrap; gap: 20px; margin-bottom: 30px;'>\n<div style='flex: 1 1 250px; border: 1px solid rgba(150&comma; 150&comma; 150&comma; 0.4); border-radius: 8px; overflow: hidden; display: flex; flex-direction: column;'>\n<div style='padding: 15px; border-bottom: 1px solid rgba(150&comma; 150&comma; 150&comma; 0.2); font-weight: bold; font-size: 18px; color: inherit;'>CARACTER\u00cdSTICAS DE HARDWARE<\/div>\n<div style='padding: 15px; color: inherit;'>\n<ul style='padding-left: 20px; margin: 0; font-size: 14px; list-style-type: disc;'>\n<li style='margin-bottom: 5px;'><strong>Interface:<\/strong> 5 10\/100\/1000Mbps RJ45 Ports&comma; AUTO Negotiation\/AUTO MDI\/MDIX<\/li>\n<li style='margin-bottom: 5px;'><strong>Cantidad de Ventiladores:<\/strong> Sin Ventilador<\/li>\n<li style='margin-bottom: 5px;'><strong>Cerradura de Seguridad F\u00edsica:<\/strong> No<\/li>\n<li style='margin-bottom: 5px;'><strong>Consumo de Energ\u00eda:<\/strong> M\u00e1ximo: 3W (220V\/50Hz)<\/li>\n<li style='margin-bottom: 5px;'><strong>Fuente de Alimentaci\u00f3n Externa:<\/strong> 100~240VAC&comma; 50\/60Hz<\/li>\n<li style='margin-bottom: 5px;'><strong>Dimensiones (W X D X H):<\/strong> 5.5*3.5*0.9 pulgadas (140*88*23 mm)<\/li>\n<li style='margin-bottom: 5px;'><strong>Consumo M\u00e1ximo de energ\u00eda:<\/strong> 2.41W(220V\/50Hz)<\/li>\n<li style='margin-bottom: 5px;'><strong>Disipaci\u00f3n M\u00e1xima de Calor:<\/strong> 8.22BTU\/h<\/li>\n<\/ul><\/div>\n<\/p><\/div>\n<div style='flex: 1 1 250px; border: 1px solid rgba(150&comma; 150&comma; 150&comma; 0.4); border-radius: 8px; overflow: hidden; display: flex; flex-direction: column;'>\n<div style='padding: 15px; border-bottom: 1px solid rgba(150&comma; 150&comma; 150&comma; 0.2); font-weight: bold; font-size: 18px; color: inherit;'>CARACTER\u00cdSTICAS DE SOFTWARE<\/div>\n<div style='padding: 15px; color: inherit;'>\n<ul style='padding-left: 20px; margin: 0; font-size: 14px; list-style-type: disc;'>\n<li style='margin-bottom: 5px;'><strong>M\u00e9todo de Transmisi\u00f3n:<\/strong> Store and Forward<\/li>\n<li style='margin-bottom: 5px;'><strong>Funciones Avanzadas:<\/strong> Green Technology&comma; 802.3x Flow Control&comma; Back Pressure&comma; 802.1p\/DSCP QoS (for V7 and later version)<\/li>\n<\/ul><\/div>\n<\/p><\/div>\n<div style='flex: 1 1 250px; border: 1px solid rgba(150&comma; 150&comma; 150&comma; 0.4); border-radius: 8px; overflow: hidden; display: flex; flex-direction: column;'>\n<div style='padding: 15px; border-bottom: 1px solid rgba(150&comma; 150&comma; 150&comma; 0.2); font-weight: bold; font-size: 18px; color: inherit;'>OTROS<\/div>\n<div style='padding: 15px; color: inherit;'>\n<ul style='padding-left: 20px; margin: 0; font-size: 14px; list-style-type: disc;'>\n<li style='margin-bottom: 5px;'><strong>Certificacion:<\/strong> FCC&comma; CE&comma; RoHs<\/li>\n<li style='margin-bottom: 5px;'><strong>Contenidos del Paquete:<\/strong> 5 Puertos de Gigabit TL-SG1005D&comma; Adaptador de Poder&comma; Gu\u00eda de Instalaci\u00f3n<\/li>\n<li style='margin-bottom: 5px;'><strong>Requisitos del Sistema:<\/strong> Microsoft\u00ae Windows\u00ae 98SE&comma; NT&comma; 2000&comma; XP&comma; Vista\u2122 or Windows 8\/7&comma; MAC\u00ae OS&comma; NetWare\u00ae&comma; UNIX\u00ae or Linux.<\/li>\n<li style='margin-bottom: 5px;'><strong>Ambiente:<\/strong> Temperatura de Funcionamiento: 0\u00b0C~40\u00b0C (32\u00b0F~104\u00b0F)&comma; Temperatura de Almacenamiento: -40\u00b0C~70\u00b0C (-40\u00b0F~158\u00b0F)&comma; Humedad de Funcionamiento: 10%~90% sin condensaci\u00f3n&comma; Humedad de Almacenamiento: 5%~90% sin condensaci\u00f3n<\/li>\n<\/ul><\/div>\n<\/p><\/div>\n<\/p><\/div>\n<hr style='border: 0; border-top: 1px solid rgba(150&comma; 150&comma; 150&comma; 0.3); margin: 30px 0;'> <\/div>\n","protected":false},"excerpt":{"rendered":"<p>Switch de escritorio 5 puertos 10\/100\/1000 Mbps<\/p>\n","protected":false},"featured_media":78857,"comment_status":"open","ping_status":"closed","template":"","meta":[],"product_brand":[],"product_cat":[1970],"product_tag":[664,1971,71],"class_list":{"0":"post-78858","1":"product","2":"type-product","3":"status-publish","4":"has-post-thumbnail","6":"product_cat-switches","7":"product_tag-networking","8":"product_tag-switches","9":"product_tag-tp-link","11":"first","12":"instock","13":"sale","14":"shipping-taxable","15":"purchasable","16":"product-type-simple"},"_links":{"self":[{"href":"https:\/\/soydeaqui.ddns.net\/pachuca\/index.php\/wp-json\/wp\/v2\/product\/78858","targetHints":{"allow":["GET"]}}],"collection":[{"href":"https:\/\/soydeaqui.ddns.net\/pachuca\/index.php\/wp-json\/wp\/v2\/product"}],"about":[{"href":"https:\/\/soydeaqui.ddns.net\/pachuca\/index.php\/wp-json\/wp\/v2\/types\/product"}],"replies":[{"embeddable":true,"href":"https:\/\/soydeaqui.ddns.net\/pachuca\/index.php\/wp-json\/wp\/v2\/comments?post=78858"}],"wp:featuredmedia":[{"embeddable":true,"href":"https:\/\/soydeaqui.ddns.net\/pachuca\/index.php\/wp-json\/wp\/v2\/media\/78857"}],"wp:attachment":[{"href":"https:\/\/soydeaqui.ddns.net\/pachuca\/index.php\/wp-json\/wp\/v2\/media?parent=78858"}],"wp:term":[{"taxonomy":"product_brand","embeddable":true,"href":"https:\/\/soydeaqui.ddns.net\/pachuca\/index.php\/wp-json\/wp\/v2\/product_brand?post=78858"},{"taxonomy":"product_cat","embeddable":true,"href":"https:\/\/soydeaqui.ddns.net\/pachuca\/index.php\/wp-json\/wp\/v2\/product_cat?post=78858"},{"taxonomy":"product_tag","embeddable":true,"href":"https:\/\/soydeaqui.ddns.net\/pachuca\/index.php\/wp-json\/wp\/v2\/product_tag?post=78858"}],"curies":[{"name":"wp","href":"https:\/\/api.w.org\/{rel}","templated":true}]}}