{"id":78846,"date":"2026-03-19T16:57:49","date_gmt":"2026-03-19T16:57:49","guid":{"rendered":"https:\/\/soydeaqui.ddns.net\/pachuca\/index.php\/producto\/repetidor-extensor-de-cobertura-wifi-n-300-mbps-2-4-ghz-con-1-puerto-10-100-mbps-y-2-antenas-externas\/"},"modified":"2026-03-19T16:57:57","modified_gmt":"2026-03-19T16:57:57","slug":"repetidor-extensor-de-cobertura-wifi-n-300-mbps-2-4-ghz-con-1-puerto-10-100-mbps-y-2-antenas-externas","status":"publish","type":"product","link":"https:\/\/soydeaqui.ddns.net\/pachuca\/index.php\/producto\/repetidor-extensor-de-cobertura-wifi-n-300-mbps-2-4-ghz-con-1-puerto-10-100-mbps-y-2-antenas-externas\/","title":{"rendered":"Repetidor \/ Extensor de Cobertura WiFi N, 300 Mbps, 2.4 GHz , con 1 puerto 10\/100 Mbps y 2 antenas externas"},"content":{"rendered":"<div style='width: 100%; max-width: 1200px; margin: 0 auto; font-family: sans-serif; line-height: 1.6; color: inherit; background-color: transparent;'> <!-- Secci\u00f3n de caracter\u00edsticas de hardware --> <\/p>\n<div style='display: flex; flex-wrap: wrap; gap: 30px; margin-bottom: 30px;'>\n<div style='flex: 1 1 300px; min-width: 280px;'>\n<h3 style='font-size: 22px; border-bottom: 2px solid currentColor; padding-bottom: 5px; margin-top: 0; color: inherit; opacity: 0.8;'>CARACTER\u00cdSTICAS DE HARDWARE<\/h3>\n<ul style='padding-left: 20px; font-size: 15px; color: inherit;'>\n<li style='margin-bottom: 5px;'><strong>Tipo de Enchufe:<\/strong> EU&comma; UK&comma; US<\/li>\n<li style='margin-bottom: 5px;'><strong>Interface:<\/strong> 1 Puerto Ethernet (RJ45) 10\/100M<\/li>\n<li style='margin-bottom: 5px;'><strong>Bot\u00f3n:<\/strong> Bot\u00f3n RE(Range Extender)&comma; Bot\u00f3n Reset<\/li>\n<li style='margin-bottom: 5px;'><strong>Consumo de Energ\u00eda:<\/strong> Alrededor de 3W<\/li>\n<li style='margin-bottom: 5px;'><strong>Dimensiones (W X D X H):<\/strong> 2.0x 1.3 x 2.6 pulg. (52 x 34 x 65mm)<\/li>\n<li style='margin-bottom: 5px;'><strong>Antena:<\/strong> 2 externas<\/li>\n<\/ul><\/div>\n<\/p><\/div>\n<p> <!-- Secci\u00f3n de caracter\u00edsticas inal\u00e1mbricas --> <\/p>\n<div style='display: flex; flex-wrap: wrap; gap: 30px; margin-bottom: 30px;'>\n<div style='flex: 1 1 300px; min-width: 280px;'>\n<h3 style='font-size: 22px; border-bottom: 2px solid currentColor; padding-bottom: 5px; margin-top: 0; color: inherit; opacity: 0.8;'>CARACTER\u00cdSTICAS INAL\u00c1MBRICAS<\/h3>\n<ul style='padding-left: 20px; font-size: 15px; color: inherit;'>\n<li style='margin-bottom: 5px;'><strong>Est\u00e1ndares Inal\u00e1mbricos:<\/strong> IEEE 802.11n&comma; IEEE 802.11g&comma; IEEE 802.11b<\/li>\n<li style='margin-bottom: 5px;'><strong>Frecuencia:<\/strong> 2.4~2.4835GHz<\/li>\n<li style='margin-bottom: 5px;'><strong>Tasa de Se\u00f1al:<\/strong> 11n: Hasta 300Mbps (din\u00e1mico)&comma; 11g: Hasta 54Mbps (din\u00e1mico)&comma; 11b: Hasta 11Mbps (din\u00e1mico)<\/li>\n<li style='margin-bottom: 5px;'><strong>Sensibilidad de Recepci\u00f3n:<\/strong> 270M: &lt;-68dBm@10% PER&comma; 130M: &lt;-68dBm@10% PER&comma; 108M: &lt;-68dBm@10% PER&comma; 54M: &lt;-68dBm@10% PER&comma; 11M: &lt;-68dBm@8% PER&comma; 6M: &lt;-68dBm@10% PER&comma; 1M: &lt;-68dBm@8% PER<\/li>\n<li style='margin-bottom: 5px;'><strong>Potencia de Transmision:<\/strong> &lt; 20 dBm (EIRP)<\/li>\n<li style='margin-bottom: 5px;'><strong>Modos Inal\u00e1mbricos:<\/strong> Modo Extensor de Rango\/Punto de Acceso<\/li>\n<li style='margin-bottom: 5px;'><strong>Funciones Inal\u00e1mbricas:<\/strong> Filtrado inal\u00e1mbrico de direcci\u00f3n MAC&comma; Funci\u00f3n Entrada de Dominio&comma; Transmisi\u00f3n Control de Potencia<\/li>\n<li style='margin-bottom: 5px;'><strong>Seguridad Inal\u00e1mbrica:<\/strong> 64\/128\/152-bit WEP&comma; WPA-PSK \/ WPA2-PSK<\/li>\n<\/ul><\/div>\n<\/p><\/div>\n<p> <!-- Secci\u00f3n de otros --> <\/p>\n<div style='display: flex; flex-wrap: wrap; gap: 30px; margin-bottom: 30px;'>\n<div style='flex: 1 1 300px; min-width: 280px;'>\n<h3 style='font-size: 22px; border-bottom: 2px solid currentColor; padding-bottom: 5px; margin-top: 0; color: inherit; opacity: 0.8;'>OTROS<\/h3>\n<ul style='padding-left: 20px; font-size: 15px; color: inherit;'>\n<li style='margin-bottom: 5px;'><strong>Certificacion:<\/strong> CE&comma; RoHS<\/li>\n<li style='margin-bottom: 5px;'><strong>Contenidos del Paquete:<\/strong> Extensor de Rango Wi-Fi 300Mbps TL-WA855RE&comma; Cable Ethernet RJ-45&comma; Gu\u00eda de Instalaci\u00f3n R\u00e1pida<\/li>\n<li style='margin-bottom: 5px;'><strong>Requisitos del Sistema:<\/strong> Microsoft\u00ae Windows\u00ae 98SE&comma; NT&comma; 2000&comma; XP&comma; Vista o Windows 7&comma; 8&comma; 8.1&comma; 10&comma; Mac\u00ae OS&comma; NetWare\u00ae&comma; UNIX\u00ae o Linux.<\/li>\n<li style='margin-bottom: 5px;'><strong>Ambiente:<\/strong> Temperatura de Funcionamiento: 0\u00b0C~40\u00b0C (32\u00b0F~104\u00b0F)&comma; Temperatura de Almacenamiento: -40\u00b0C~70\u00b0C (-40\u00b0F~158\u00b0F)&comma; Humedad de Funcionamiento: 10%~90% sin condensaci\u00f3n&comma; Humedad de Almacenamiento: 5%~90% sin condensaci\u00f3n<\/li>\n<\/ul><\/div>\n<\/p><\/div>\n<\/p><\/div>\n","protected":false},"excerpt":{"rendered":"<p>Repetidor \/ Extensor de Cobertura WiFi N, 300 Mbps, 2.4 GHz , con 1 puerto 10\/100 Mbps y 2 antenas externas<\/p>\n","protected":false},"featured_media":78845,"comment_status":"open","ping_status":"closed","template":"","meta":[],"product_brand":[],"product_cat":[2030],"product_tag":[2031,1479,71],"class_list":{"0":"post-78846","1":"product","2":"type-product","3":"status-publish","4":"has-post-thumbnail","6":"product_cat-adaptadores-inalambricos","7":"product_tag-adaptadores-inalambricos","8":"product_tag-redes-wifi","9":"product_tag-tp-link","11":"first","12":"instock","13":"sale","14":"shipping-taxable","15":"purchasable","16":"product-type-simple"},"_links":{"self":[{"href":"https:\/\/soydeaqui.ddns.net\/pachuca\/index.php\/wp-json\/wp\/v2\/product\/78846","targetHints":{"allow":["GET"]}}],"collection":[{"href":"https:\/\/soydeaqui.ddns.net\/pachuca\/index.php\/wp-json\/wp\/v2\/product"}],"about":[{"href":"https:\/\/soydeaqui.ddns.net\/pachuca\/index.php\/wp-json\/wp\/v2\/types\/product"}],"replies":[{"embeddable":true,"href":"https:\/\/soydeaqui.ddns.net\/pachuca\/index.php\/wp-json\/wp\/v2\/comments?post=78846"}],"wp:featuredmedia":[{"embeddable":true,"href":"https:\/\/soydeaqui.ddns.net\/pachuca\/index.php\/wp-json\/wp\/v2\/media\/78845"}],"wp:attachment":[{"href":"https:\/\/soydeaqui.ddns.net\/pachuca\/index.php\/wp-json\/wp\/v2\/media?parent=78846"}],"wp:term":[{"taxonomy":"product_brand","embeddable":true,"href":"https:\/\/soydeaqui.ddns.net\/pachuca\/index.php\/wp-json\/wp\/v2\/product_brand?post=78846"},{"taxonomy":"product_cat","embeddable":true,"href":"https:\/\/soydeaqui.ddns.net\/pachuca\/index.php\/wp-json\/wp\/v2\/product_cat?post=78846"},{"taxonomy":"product_tag","embeddable":true,"href":"https:\/\/soydeaqui.ddns.net\/pachuca\/index.php\/wp-json\/wp\/v2\/product_tag?post=78846"}],"curies":[{"name":"wp","href":"https:\/\/api.w.org\/{rel}","templated":true}]}}