{"id":78836,"date":"2026-03-19T16:57:25","date_gmt":"2026-03-19T16:57:25","guid":{"rendered":"https:\/\/soydeaqui.ddns.net\/pachuca\/index.php\/producto\/disco-duro-wd-de-10tb-7200rpm-optimizado-para-videovigilancia\/"},"modified":"2026-03-19T16:57:26","modified_gmt":"2026-03-19T16:57:26","slug":"disco-duro-wd-de-10tb-7200rpm-optimizado-para-videovigilancia","status":"publish","type":"product","link":"https:\/\/soydeaqui.ddns.net\/pachuca\/index.php\/producto\/disco-duro-wd-de-10tb-7200rpm-optimizado-para-videovigilancia\/","title":{"rendered":"Disco duro WD de 10TB \/ 7200RPM \/ Optimizado para Videovigilancia"},"content":{"rendered":"<div style='width: 100%; max-width: 1200px; margin: 0 auto; font-family: sans-serif; line-height: 1.6; color: inherit;'>\n<div style='display: flex; flex-wrap: wrap; gap: 30px; margin-bottom: 30px;'>\n<div style='flex: 1 1 300px; min-width: 280px;'>\n<h3 style='font-size: 22px; border-bottom: 2px solid currentColor; padding-bottom: 5px; margin-top: 0; color: inherit; opacity: 0.8;'>Caracter\u00edsticas principales<\/h3>\n<ul style='padding-left: 20px; font-size: 15px; color: inherit;'>\n<li style='margin-bottom: 5px;'>Almacenamiento para sistemas de seguridad HD que operan 24\/7<\/li>\n<li style='margin-bottom: 5px;'>Carga de trabajo de hasta 180TB\/a\u00f1o<\/li>\n<li style='margin-bottom: 5px;'>Soporta hasta 64 c\u00e1maras<\/li>\n<li style='margin-bottom: 5px;'>Optimizado para sistemas de videovigilancia<\/li>\n<\/ul><\/div>\n<div style='flex: 1 1 300px; min-width: 280px;'>\n<h3 style='font-size: 22px; border-bottom: 2px solid currentColor; padding-bottom: 5px; margin-top: 0; color: inherit; opacity: 0.8;'>Caracter\u00edsticas t\u00e9cnicas<\/h3>\n<ul style='padding-left: 20px; font-size: 15px; color: inherit;'>\n<li style='margin-bottom: 5px;'><strong>Capacidad:<\/strong> 10 TB<\/li>\n<li style='margin-bottom: 5px;'><strong>Velocidad:<\/strong> 7200 RPM<\/li>\n<li style='margin-bottom: 5px;'><strong>Interfaz:<\/strong> SATA III 6.0 Gb\/s<\/li>\n<li style='margin-bottom: 5px;'><strong>Aplicaci\u00f3n:<\/strong> Optimizado para videovigilancia<\/li>\n<\/ul><\/div>\n<\/p><\/div>\n<div style='margin-bottom: 30px;'>\n<h3 style='font-size: 22px; border-bottom: 2px solid currentColor; padding-bottom: 5px; margin-top: 0; color: inherit; opacity: 0.8;'>Detalles del producto<\/h3>\n<div style='font-size: 15px; color: inherit;'>\n<p><strong>El disco duro adecuado para el trabajo adecuado<\/strong><br \/> Los discos duros WD Purple han sido ideados espec\u00edficamente para las demandas extremas de los sistemas de videovigilancia que funcionan las 24 horas&comma; los 365 d\u00edas&comma; y alcanzan altas temperaturas.<\/p>\n<p><strong>Un rendimiento en el que puede confiar<\/strong><br \/> Fabricado por un l\u00edder mundial en la industria del almacenamiento&comma; WD Purple se ha ideado para la reproducci\u00f3n de video de alta calidad cuando m\u00e1s lo necesita.<\/p>\n<p><strong>Ampl\u00ede su visi\u00f3n hasta 64 c\u00e1maras<\/strong><br \/> Los discos duros WD Purple est\u00e1n optimizados para soportar hasta 64 c\u00e1maras&comma; d\u00e1ndole la flexibilidad de actualizar y ampliar su sistema de seguridad en el futuro.<\/p>\n<p><strong>Integraci\u00f3n impecable<\/strong><br \/> La compatibilidad con una amplia gama de dispositivos y chipsets l\u00edderes en el sector asegura que sin duda encontrar\u00e1 la configuraci\u00f3n y compatibilidad que se ajusten a su DVR\/NVR.<\/p>\n<p><strong>Menos es m\u00e1s<\/strong><br \/> Un bajo consumo de energ\u00eda es crucial en un entorno de videovigilancia que funciona permanentemente y alcanza altas temperaturas. La tecnolog\u00eda IntelliSeek ayuda a reducir las vibraciones y el ruido ambiental.<\/p>\n<p><strong>Dise\u00f1ado para la videovigilancia<\/strong><br \/> El disco duro WD Purple est\u00e1 dise\u00f1ado para los sistemas de seguridad y es compatible con muchos de los fabricantes l\u00edderes en vigilancia y seguridad.<\/p>\n<p><strong>\u00bfCu\u00e1l es la diferencia entre los discos duros WD Purple y los discos duros para PC?<\/strong><br \/> El disco duro WD Purple est\u00e1 espec\u00edficamente dise\u00f1ado para soluciones de videovigilancia que funcionan 24\/7 y est\u00e1 optimizado con la tecnolog\u00eda AllFrame4k<sup>TM<\/sup> para una mejor reproducci\u00f3n y rendimiento del sistema.<br \/> Los discos duros WD Purple admiten el triple de carga de trabajo de los discos para PC (dise\u00f1ados para trabajar 8\/5)&comma; lo que hace que puedan gestionar las demandas m\u00e1s exigentes de los sistemas de videovigilancia.<\/p>\n<\/p><\/div>\n<\/p><\/div>\n<div style='margin-bottom: 30px;'>\n<div style='position: relative; padding-bottom: 56.25%; height: 0; overflow: hidden; margin-bottom: 30px;'>   <\/div>\n<\/p><\/div>\n<div style='display: flex; flex-wrap: wrap; gap: 20px; margin-bottom: 30px;'>\n<div style='flex: 1 1 250px; border: 1px solid rgba(150&comma; 150&comma; 150&comma; 0.4); border-radius: 8px; overflow: hidden; display: flex; flex-direction: column;'>\n<div style='padding: 15px; border-bottom: 1px solid rgba(150&comma; 150&comma; 150&comma; 0.2); font-weight: bold; font-size: 18px; color: inherit;'>Especificaciones t\u00e9cnicas<\/div>\n<div style='padding: 15px; color: inherit;'>\n<ul style='padding-left: 20px; margin: 0; font-size: 14px; list-style-type: disc;'>\n<li style='margin-bottom: 5px;'><strong>Capacidad:<\/strong> 10 TB<\/li>\n<li style='margin-bottom: 5px;'><strong>Factor de forma:<\/strong> 3.5 pulgadas<\/li>\n<li style='margin-bottom: 5px;'><strong>Velocidad de transferencia de datos:<\/strong><br \/> &#8211; B\u00fafer a host: 6Gb\/s<br \/> &#8211; Host a\/desde disco (sostenido): 213 MB\/s<\/li>\n<li style='margin-bottom: 5px;'><strong>Cache:<\/strong> 256 MB<\/li>\n<li style='margin-bottom: 5px;'><strong>Velocidad de rotaci\u00f3n:<\/strong> 7200 RPM<\/li>\n<li style='margin-bottom: 5px;'><strong>Interfaz:<\/strong> SATA III&comma; 6.0 Gb\/s<\/li>\n<li style='margin-bottom: 5px;'><strong>Aplicaci\u00f3n:<\/strong> Optimizado para aplicaciones de videovigilancia<\/li>\n<li style='margin-bottom: 5px;'><strong>Cantidad de bah\u00edas:<\/strong> De 1 a 8<\/li>\n<li style='margin-bottom: 5px;'><strong>Cantidad de c\u00e1maras:<\/strong> De 1 a 64<\/li>\n<\/ul><\/div>\n<\/p><\/div>\n<div style='flex: 1 1 250px; border: 1px solid rgba(150&comma; 150&comma; 150&comma; 0.4); border-radius: 8px; overflow: hidden; display: flex; flex-direction: column;'>\n<div style='padding: 15px; border-bottom: 1px solid rgba(150&comma; 150&comma; 150&comma; 0.2); font-weight: bold; font-size: 18px; color: inherit;'>Caracter\u00edsticas f\u00edsicas y el\u00e9ctricas<\/div>\n<div style='padding: 15px; color: inherit;'>\n<ul style='padding-left: 20px; margin: 0; font-size: 14px; list-style-type: disc;'>\n<li style='margin-bottom: 5px;'><strong>Temperatura de operaci\u00f3n:<\/strong><br \/> &#8211; En funcionamiento: 0 &#8211; 65 \u00baC<br \/> &#8211; Inactivo: -40 &#8211; 70 \u00baC<\/li>\n<li style='margin-bottom: 5px;'><strong>Consumo el\u00e9ctrico:<\/strong><br \/> &#8211; Lectura \/ escritura: 6.2W<br \/> &#8211; Inactivo: 5.0W<br \/> &#8211; Espera y suspensi\u00f3n: 0.5W<\/li>\n<li style='margin-bottom: 5px;'><strong>Dimensiones:<\/strong> 26.1 x 147 x 101.6mm<\/li>\n<\/ul><\/div>\n<\/p><\/div>\n<\/p><\/div>\n<div style='margin-bottom: 30px;'>\n<div style='border: 1px solid rgba(150&comma; 150&comma; 150&comma; 0.4); border-radius: 8px; overflow: hidden; padding: 15px; color: inherit;'> <strong style='font-size: 18px; color: inherit; opacity: 0.8;'>Garant\u00eda<\/strong> <\/p>\n<p style='margin-top: 10px;'>3 a\u00f1os. SYSCOM \u00fanico distribuidor autorizado para ofrecer garant\u00eda de discos duros <strong style='color: inherit;'>SIN COMPLICACIONES<\/strong><\/p>\n<\/p><\/div>\n<\/p><\/div>\n<\/p><\/div>\n","protected":false},"excerpt":{"rendered":"<p>Disco duro WD de 10TB \/ 7200RPM \/ Optimizado para Videovigilancia<\/p>\n","protected":false},"featured_media":78835,"comment_status":"open","ping_status":"closed","template":"","meta":[],"product_brand":[],"product_cat":[2021],"product_tag":[1974,2022,2023],"class_list":{"0":"post-78836","1":"product","2":"type-product","3":"status-publish","4":"has-post-thumbnail","6":"product_cat-discos-duros-mecanicos-hdd","7":"product_tag-almacenamiento","8":"product_tag-discos-duros-mecanicos-hdd","9":"product_tag-western-digital-wd","11":"first","12":"outofstock","13":"sale","14":"shipping-taxable","15":"purchasable","16":"product-type-simple"},"_links":{"self":[{"href":"https:\/\/soydeaqui.ddns.net\/pachuca\/index.php\/wp-json\/wp\/v2\/product\/78836","targetHints":{"allow":["GET"]}}],"collection":[{"href":"https:\/\/soydeaqui.ddns.net\/pachuca\/index.php\/wp-json\/wp\/v2\/product"}],"about":[{"href":"https:\/\/soydeaqui.ddns.net\/pachuca\/index.php\/wp-json\/wp\/v2\/types\/product"}],"replies":[{"embeddable":true,"href":"https:\/\/soydeaqui.ddns.net\/pachuca\/index.php\/wp-json\/wp\/v2\/comments?post=78836"}],"wp:featuredmedia":[{"embeddable":true,"href":"https:\/\/soydeaqui.ddns.net\/pachuca\/index.php\/wp-json\/wp\/v2\/media\/78835"}],"wp:attachment":[{"href":"https:\/\/soydeaqui.ddns.net\/pachuca\/index.php\/wp-json\/wp\/v2\/media?parent=78836"}],"wp:term":[{"taxonomy":"product_brand","embeddable":true,"href":"https:\/\/soydeaqui.ddns.net\/pachuca\/index.php\/wp-json\/wp\/v2\/product_brand?post=78836"},{"taxonomy":"product_cat","embeddable":true,"href":"https:\/\/soydeaqui.ddns.net\/pachuca\/index.php\/wp-json\/wp\/v2\/product_cat?post=78836"},{"taxonomy":"product_tag","embeddable":true,"href":"https:\/\/soydeaqui.ddns.net\/pachuca\/index.php\/wp-json\/wp\/v2\/product_tag?post=78836"}],"curies":[{"name":"wp","href":"https:\/\/api.w.org\/{rel}","templated":true}]}}