{"id":7882,"date":"2026-03-18T07:01:58","date_gmt":"2026-03-18T07:01:58","guid":{"rendered":"https:\/\/soydeaqui.ddns.net\/pachuca\/index.php\/producto\/detector-de-movimiento-100-exterior-cableado-hasta-12-metros-a-85-de-cobertura-instalacion-a-3-metros-compatible-con-cualquier-panel-de-alarma\/"},"modified":"2026-03-18T07:02:02","modified_gmt":"2026-03-18T07:02:02","slug":"detector-de-movimiento-100-exterior-cableado-hasta-12-metros-a-85-de-cobertura-instalacion-a-3-metros-compatible-con-cualquier-panel-de-alarma","status":"publish","type":"product","link":"https:\/\/soydeaqui.ddns.net\/pachuca\/index.php\/producto\/detector-de-movimiento-100-exterior-cableado-hasta-12-metros-a-85-de-cobertura-instalacion-a-3-metros-compatible-con-cualquier-panel-de-alarma\/","title":{"rendered":"Detector de Movimiento \/ 100% Exterior \/  Cableado \/ Hasta 12 metros a 85&deg; de cobertura\/ Instalaci\u00f3n a 3 metros \/ Compatible con cualquier panel de alarma"},"content":{"rendered":"<div style='width: 100%; max-width: 1200px; margin: 0 auto; font-family: sans-serif; line-height: 1.6; color: inherit; background-color: transparent;'>\n<div style='display: flex; flex-wrap: wrap; gap: 30px; margin-bottom: 30px;'>\n<div style='flex: 1 1 300px; min-width: 280px;'> <img style='width: 100%; height: auto; border: 1px solid rgba(150&comma;150&comma;150&comma;0.3); border-radius: 8px;' src='https:\/\/www.optex.co.jp\/e\/products\/intrusion-detection\/passivesensor\/htq74l00000020es-img\/tdphtg00000031el.png' alt=''> <\/div>\n<div style='flex: 1 1 300px; min-width: 280px;'>\n<h2 style='font-size: 24px; margin-top: 0; color: inherit; opacity: 0.9;'>\u00a1DETECCION A MAS DE 2 METROS DE ALTURA!<\/h2>\n<p style='text-align: justify; font-size: 15px; color: inherit; opacity: 0.85;'> <span style='color: inherit;'>Los PIR HX-40 se montan a una distancia de entre 2&comma;5 y 3 metros de alto y ofrecen detecci\u00f3n volum\u00e9trica de intrusiones en exteriores de hasta 12 m. La serie HX-40 resulta ideal para proteger las \u00e1reas de aproximaci\u00f3n de edificios y se ha dise\u00f1ado para distinguir entre personas y mascotas de un tama\u00f1o de peque\u00f1o a mediano&comma; lo que reduce mucho el riesgo de falsas alarmas. Es una incorporaci\u00f3n perfecta para un hogar seguro.<\/span> <strong style='color: inherit;'>El HX-40 es el modelo est\u00e1ndar cableado.<\/strong> <\/p>\n<\/p><\/div>\n<\/p><\/div>\n<div style='display: flex; flex-wrap: wrap; gap: 20px; margin-bottom: 30px;'>\n<div style='flex: 1 1 250px; border: 1px solid rgba(150&comma; 150&comma; 150&comma; 0.4); border-radius: 8px; overflow: hidden; display: flex; flex-direction: column;'>\n<div style='padding: 15px; border-bottom: 1px solid rgba(150&comma; 150&comma; 150&comma; 0.2); font-weight: bold; font-size: 18px; color: inherit;'>Caracter\u00edsticas<\/div>\n<div style='padding: 15px; color: inherit;'>\n<ul style='padding-left: 20px; margin: 0; font-size: 14px; list-style-type: disc; color: inherit;'>\n<li style='margin-bottom: 5px; color: inherit;'>Altura de montaje 2.5 m &#8211; 3 m<\/li>\n<li style='margin-bottom: 5px; color: inherit;'>L\u00f3gica inteligente y de detecci\u00f3n<\/li>\n<li style='margin-bottom: 5px; color: inherit;'>Circuito de procesamiento de se\u00f1al dual<\/li>\n<li style='margin-bottom: 5px; color: inherit;'>L\u00f3gica de compensaci\u00f3n de la noche de verano<\/li>\n<li style='margin-bottom: 5px; color: inherit;'>L\u00f3gica de compensaci\u00f3n de temperatura avanzada<\/li>\n<li style='margin-bottom: 5px; color: inherit;'>L\u00f3gica de an\u00e1lisis de balanceo de vegetaci\u00f3n<\/li>\n<li style='margin-bottom: 5px; color: inherit;'>Blindaje conductivo doble<\/li>\n<li style='margin-bottom: 5px; color: inherit;'>Configuraci\u00f3n ideal del \u00e1rea de detecci\u00f3n<\/li>\n<li style='margin-bottom: 5px; color: inherit;'>Longitud de detecci\u00f3n ajustable<\/li>\n<li style='margin-bottom: 5px; color: inherit;'>Area de enmascaramiento flexible<\/li>\n<\/ul><\/div>\n<\/p><\/div>\n<div style='flex: 1 1 250px; border: 1px solid rgba(150&comma; 150&comma; 150&comma; 0.4); border-radius: 8px; overflow: hidden; display: flex; flex-direction: column;'>\n<div style='padding: 15px; border-bottom: 1px solid rgba(150&comma; 150&comma; 150&comma; 0.2); font-weight: bold; font-size: 18px; color: inherit;'>Aplicaciones<\/div>\n<div style='padding: 15px; color: inherit;'> <img style='width: 100%; height: auto; border: 1px solid rgba(150&comma;150&comma;150&comma;0.3); border-radius: 8px;' src='https:\/\/i.ibb.co\/g4PJPd7\/dfgegregrgergr.png' alt=''> <\/div>\n<\/p><\/div>\n<\/p><\/div>\n<div style='display: flex; flex-wrap: wrap; gap: 20px; margin-bottom: 30px;'>\n<div style='flex: 1 1 400px; min-width: 300px;'>\n<div style='position: relative; padding-bottom: 56.25%; height: 0; overflow: hidden; margin-bottom: 30px;'>   <\/div>\n<\/p><\/div>\n<div style='flex: 1 1 400px; min-width: 300px;'>\n<div style='position: relative; padding-bottom: 56.25%; height: 0; overflow: hidden; margin-bottom: 30px;'>   <\/div>\n<\/p><\/div>\n<\/p><\/div>\n<\/p><\/div>\n","protected":false},"excerpt":{"rendered":"<p>Detector de Movimiento \/ 100% Exterior \/  Cableado \/ Hasta 12 metros a 85&deg; de cobertura\/ Instalaci\u00f3n a 3 metros \/ Compatible con cualquier panel de alarma<\/p>\n","protected":false},"featured_media":7881,"comment_status":"open","ping_status":"closed","template":"","meta":[],"product_brand":[],"product_cat":[202],"product_tag":[19,203,106],"class_list":{"0":"post-7882","1":"product","2":"type-product","3":"status-publish","4":"has-post-thumbnail","6":"product_cat-movimiento-para-exterior","7":"product_tag-detectores-sensores","8":"product_tag-movimiento-para-exterior","9":"product_tag-optex","11":"first","12":"instock","13":"sale","14":"shipping-taxable","15":"purchasable","16":"product-type-simple"},"_links":{"self":[{"href":"https:\/\/soydeaqui.ddns.net\/pachuca\/index.php\/wp-json\/wp\/v2\/product\/7882","targetHints":{"allow":["GET"]}}],"collection":[{"href":"https:\/\/soydeaqui.ddns.net\/pachuca\/index.php\/wp-json\/wp\/v2\/product"}],"about":[{"href":"https:\/\/soydeaqui.ddns.net\/pachuca\/index.php\/wp-json\/wp\/v2\/types\/product"}],"replies":[{"embeddable":true,"href":"https:\/\/soydeaqui.ddns.net\/pachuca\/index.php\/wp-json\/wp\/v2\/comments?post=7882"}],"wp:featuredmedia":[{"embeddable":true,"href":"https:\/\/soydeaqui.ddns.net\/pachuca\/index.php\/wp-json\/wp\/v2\/media\/7881"}],"wp:attachment":[{"href":"https:\/\/soydeaqui.ddns.net\/pachuca\/index.php\/wp-json\/wp\/v2\/media?parent=7882"}],"wp:term":[{"taxonomy":"product_brand","embeddable":true,"href":"https:\/\/soydeaqui.ddns.net\/pachuca\/index.php\/wp-json\/wp\/v2\/product_brand?post=7882"},{"taxonomy":"product_cat","embeddable":true,"href":"https:\/\/soydeaqui.ddns.net\/pachuca\/index.php\/wp-json\/wp\/v2\/product_cat?post=7882"},{"taxonomy":"product_tag","embeddable":true,"href":"https:\/\/soydeaqui.ddns.net\/pachuca\/index.php\/wp-json\/wp\/v2\/product_tag?post=7882"}],"curies":[{"name":"wp","href":"https:\/\/api.w.org\/{rel}","templated":true}]}}