{"id":78816,"date":"2026-03-19T16:56:34","date_gmt":"2026-03-19T16:56:34","guid":{"rendered":"https:\/\/soydeaqui.ddns.net\/pachuca\/index.php\/producto\/convertidor-de-medios-fast-ethernet-a-fibra-optica-conector-sc-monomodo-smf-version-taa-trade-agreement-act\/"},"modified":"2026-03-19T16:56:36","modified_gmt":"2026-03-19T16:56:36","slug":"convertidor-de-medios-fast-ethernet-a-fibra-optica-conector-sc-monomodo-smf-version-taa-trade-agreement-act","status":"publish","type":"product","link":"https:\/\/soydeaqui.ddns.net\/pachuca\/index.php\/producto\/convertidor-de-medios-fast-ethernet-a-fibra-optica-conector-sc-monomodo-smf-version-taa-trade-agreement-act\/","title":{"rendered":"Convertidor de medios fast ethernet a fibra \u00f3ptica, conector SC, monomodo (SMF), versi\u00f3n TAA (Trade Agreement Act)"},"content":{"rendered":"<div style='width: 100%; max-width: 1200px; margin: 0 auto; font-family: sans-serif; line-height: 1.6; color: inherit; background-color: transparent;'>\n<div style='display: flex; flex-wrap: wrap; gap: 30px; margin-bottom: 30px;'>\n<div style='flex: 1 1 300px; min-width: 280px;'>\n<h3 style='font-size: 22px; border-bottom: 2px solid currentColor; padding-bottom: 5px; margin-top: 0; color: inherit; opacity: 0.8;'>Puertos<\/h3>\n<ul style='padding-left: 20px; font-size: 15px; color: inherit;'>\n<li style='margin-bottom: 5px;'>1 x 10\/100TX (RJ45)<\/li>\n<li style='margin-bottom: 5px;'>1 x 100X\/SC<\/li>\n<\/ul><\/div>\n<div style='flex: 1 1 300px; min-width: 280px;'>\n<h3 style='font-size: 22px; border-bottom: 2px solid currentColor; padding-bottom: 5px; margin-top: 0; color: inherit; opacity: 0.8;'>Caracter\u00edsticas<\/h3>\n<ul style='padding-left: 20px; font-size: 15px; color: inherit;'>\n<li style='margin-bottom: 5px;'>Auto Negociaci\u00f3n<\/li>\n<li style='margin-bottom: 5px;'>Transparente a paquetes IEEE 802.1Q<\/li>\n<li style='margin-bottom: 5px;'>10 K byte Jumbo packets<\/li>\n<li style='margin-bottom: 5px;'>Auto MDI\/MDIX<\/li>\n<li style='margin-bottom: 5px;'>Smart MissingLink<\/li>\n<li style='margin-bottom: 5px;'>Smart Link Restoration<\/li>\n<li style='margin-bottom: 5px;'>Link test<\/li>\n<\/ul><\/div>\n<div style='flex: 1 1 300px; min-width: 280px;'>\n<h3 style='font-size: 22px; border-bottom: 2px solid currentColor; padding-bottom: 5px; margin-top: 0; color: inherit; opacity: 0.8;'>Caracter\u00edsticas f\u00edsicas y el\u00e9ctricas<\/h3>\n<ul style='padding-left: 20px; font-size: 15px; color: inherit;'>\n<li style='margin-bottom: 5px;'><strong>Alimentaci\u00f3n:<\/strong> 12 VDC&comma; 140 mA (incluido)<\/li>\n<li style='margin-bottom: 5px;'><strong>Dimensiones:<\/strong> 56 x 101.6 x 21.8 mm<\/li>\n<li style='margin-bottom: 5px;'><strong>Peso:<\/strong> 0.17 kg<\/li>\n<li style='margin-bottom: 5px;'><strong>Temperatura de Operaci\u00f3n:<\/strong> 0 a 50 \u00b0C<\/li>\n<\/ul><\/div>\n<\/p><\/div>\n<div style='display: flex; justify-content: center; margin: 30px 0;'> <img style='width: 100%; height: auto; max-width: 700px; border: 1px solid rgba(150&comma;150&comma;150&comma;0.3); border-radius: 8px;' src='https:\/\/ftp3.syscom.mx\/usuarios\/adiaz\/AlliedTelesis\/MMC2000\/MMC2000LX.png' alt='' \/> <\/div>\n<div style='margin-top: 30px; padding: 15px; border: 1px solid rgba(150&comma;150&comma;150&comma;0.3); border-radius: 8px; background-color: rgba(255&comma;255&comma;255&comma;0.02);'>\n<p style='margin: 0; font-size: 15px; color: inherit;'> <strong>Garant\u00eda 1 a\u00f1o<\/strong>&comma; para un a\u00f1o adicional registra el producto en el siguiente link: <a href='http:\/\/www.alliedtelesis.com\/support\/maintenance-and-warranty\/register' style='color: inherit; text-decoration: underline;' target='_blank'>http:\/\/www.alliedtelesis.com\/support\/maintenance-and-warranty\/register<\/a> <\/p>\n<\/p><\/div>\n<\/p><\/div>\n","protected":false},"excerpt":{"rendered":"<p>Convertidor de medios fast ethernet a fibra \u00f3ptica, conector SC, monomodo (SMF), versi\u00f3n TAA (Trade Agreement Act)<\/p>\n","protected":false},"featured_media":78815,"comment_status":"open","ping_status":"closed","template":"","meta":[],"product_brand":[],"product_cat":[2000],"product_tag":[1995,2001,664],"class_list":{"0":"post-78816","1":"product","2":"type-product","3":"status-publish","4":"has-post-thumbnail","6":"product_cat-convertidores-de-medios","7":"product_tag-allied-telesis","8":"product_tag-convertidores-de-medios","9":"product_tag-networking","11":"first","12":"outofstock","13":"sale","14":"shipping-taxable","15":"purchasable","16":"product-type-simple"},"_links":{"self":[{"href":"https:\/\/soydeaqui.ddns.net\/pachuca\/index.php\/wp-json\/wp\/v2\/product\/78816","targetHints":{"allow":["GET"]}}],"collection":[{"href":"https:\/\/soydeaqui.ddns.net\/pachuca\/index.php\/wp-json\/wp\/v2\/product"}],"about":[{"href":"https:\/\/soydeaqui.ddns.net\/pachuca\/index.php\/wp-json\/wp\/v2\/types\/product"}],"replies":[{"embeddable":true,"href":"https:\/\/soydeaqui.ddns.net\/pachuca\/index.php\/wp-json\/wp\/v2\/comments?post=78816"}],"wp:featuredmedia":[{"embeddable":true,"href":"https:\/\/soydeaqui.ddns.net\/pachuca\/index.php\/wp-json\/wp\/v2\/media\/78815"}],"wp:attachment":[{"href":"https:\/\/soydeaqui.ddns.net\/pachuca\/index.php\/wp-json\/wp\/v2\/media?parent=78816"}],"wp:term":[{"taxonomy":"product_brand","embeddable":true,"href":"https:\/\/soydeaqui.ddns.net\/pachuca\/index.php\/wp-json\/wp\/v2\/product_brand?post=78816"},{"taxonomy":"product_cat","embeddable":true,"href":"https:\/\/soydeaqui.ddns.net\/pachuca\/index.php\/wp-json\/wp\/v2\/product_cat?post=78816"},{"taxonomy":"product_tag","embeddable":true,"href":"https:\/\/soydeaqui.ddns.net\/pachuca\/index.php\/wp-json\/wp\/v2\/product_tag?post=78816"}],"curies":[{"name":"wp","href":"https:\/\/api.w.org\/{rel}","templated":true}]}}