{"id":78811,"date":"2026-03-19T16:56:21","date_gmt":"2026-03-19T16:56:21","guid":{"rendered":"https:\/\/soydeaqui.ddns.net\/pachuca\/index.php\/producto\/basebox-6-punto-de-acceso-y-cliente-conectorizado-en-6-ghz-cuenta-con-una-ranura-minipcie-para-una-tarjeta-inalambrica-extra\/"},"modified":"2026-03-19T16:56:25","modified_gmt":"2026-03-19T16:56:25","slug":"basebox-6-punto-de-acceso-y-cliente-conectorizado-en-6-ghz-cuenta-con-una-ranura-minipcie-para-una-tarjeta-inalambrica-extra","status":"publish","type":"product","link":"https:\/\/soydeaqui.ddns.net\/pachuca\/index.php\/producto\/basebox-6-punto-de-acceso-y-cliente-conectorizado-en-6-ghz-cuenta-con-una-ranura-minipcie-para-una-tarjeta-inalambrica-extra\/","title":{"rendered":"(BaseBox 6) Punto de Acceso y Cliente Conectorizado en 6 GHz, Cuenta con una Ranura miniPCIe para una tarjeta Inal\u00e1mbrica Extra"},"content":{"rendered":"<div style='width: 100%; max-width: 1200px; margin: 0 auto; font-family: sans-serif; line-height: 1.6; color: inherit; background-color: transparent;'>\n<div style='display: flex; flex-wrap: wrap; gap: 30px; margin-bottom: 30px;'>\n<div style='flex: 1 1 300px; min-width: 280px;'>\n<p style='font-size: 16px; color: inherit;'>El <strong>BaseBox 6<\/strong> es un dispositivo inal\u00e1mbrico para exterior&comma; basado en nuestro popular modelo RB912&comma; equipado con dos conectores SMA para conexi\u00f3n de antenas externas&comma; cuenta con una cubierta o tapa para protecci\u00f3n contra la humedad de los conectores. Tambi\u00e9n cuenta con una preparaci\u00f3n adicional para conectores de antena&comma; en caso de que desee usar la ranura BasePox miniPCIe para una interfaz inal\u00e1mbrica extra&comma; para crear un dispositivo de banda dual o un m\u00f3dem 3G \/ 4G.<\/p>\n<p style='font-size: 16px; color: inherit;'>Este equipo est\u00e1 dise\u00f1ado para usar como AP de 6 GHz con nuestros CPE de 6GHz&comma; como DynaDish 6 y SXT 6.<\/p>\n<p style='font-size: 16px; color: inherit;'><strong>Este producto no es adecuado para bandas ISM sin licencia. El uso del dispositivo est\u00e1 sujeto a las regulaciones del pa\u00eds.<\/strong><\/p>\n<\/p><\/div>\n<\/p><\/div>\n<div style='display: flex; flex-wrap: wrap; gap: 20px; margin-bottom: 30px;'>\n<div style='flex: 1 1 350px; min-width: 280px;'> <img style='width: 100%; height: auto; border: 1px solid rgba(150&comma;150&comma;150&comma;0.3); border-radius: 8px;' src='https:\/\/i.mt.lv\/cdn\/rb_images\/1617_l.jpg' alt=''> <\/div>\n<div style='flex: 1 1 150px; min-width: 140px;'> <img style='width: 100%; height: auto; border: 1px solid rgba(150&comma;150&comma;150&comma;0.3); border-radius: 8px;' src='https:\/\/i.mt.lv\/cdn\/rb_images\/1616_l.jpg' alt=''> <\/div>\n<\/p><\/div>\n<hr style='border: 0; border-top: 1px solid rgba(150&comma; 150&comma; 150&comma; 0.3); margin: 30px 0;'>\n<div style='margin-bottom: 30px;'>\n<h3 style='font-size: 22px; border-bottom: 2px solid currentColor; padding-bottom: 5px; margin-top: 0; color: inherit; opacity: 0.8;'>Resultados de la prueba de Ethernet<\/h3>\n<div style='overflow-x: auto; margin-top: 15px;'>\n<table style='width: 100%; border-collapse: collapse; border: 1px solid rgba(150&comma;150&comma;150&comma;0.3); margin-bottom: 20px;'>\n<thead style='background-color: rgba(249&comma;249&comma;249&comma;0.8);'>\n<tr style='border-bottom: 1px solid rgba(226&comma;226&comma;226&comma;0.8); border-top: 1px solid rgba(226&comma;226&comma;226&comma;0.8);'>\n<td style='padding: 6px 8px; font-size: 14px; font-weight: bold; border-bottom: 1px solid rgba(226&comma;226&comma;226&comma;0.8);' colspan='2'>RB912UAG-6HPnD-OUT<\/td>\n<td style='padding: 6px 8px; font-size: 14px; font-weight: bold; border-bottom: 1px solid rgba(226&comma;226&comma;226&comma;0.8);' colspan='6'>AR9342 1G 1 prueba de puerto<\/td>\n<\/tr>\n<tr style='border-bottom: 1px solid rgba(226&comma;226&comma;226&comma;0.8); border-top: 1px solid rgba(226&comma;226&comma;226&comma;0.8);'>\n<td style='padding: 6px 8px; font-size: 14px; font-weight: bold; border-bottom: 1px solid rgba(226&comma;226&comma;226&comma;0.8);' rowspan='2'>Modo<\/td>\n<td style='padding: 6px 8px; font-size: 14px; font-weight: bold; border-bottom: 1px solid rgba(226&comma;226&comma;226&comma;0.8);' rowspan='2'>Configuraci\u00f3n<\/td>\n<td style='padding: 6px 8px; font-size: 14px; font-weight: bold; border-bottom: 1px solid rgba(226&comma;226&comma;226&comma;0.8);' colspan='2'>1518 byte<\/td>\n<td style='padding: 6px 8px; font-size: 14px; font-weight: bold; border-bottom: 1px solid rgba(226&comma;226&comma;226&comma;0.8);' colspan='2'>512 bytes<\/td>\n<td style='padding: 6px 8px; font-size: 14px; font-weight: bold; border-bottom: 1px solid rgba(226&comma;226&comma;226&comma;0.8);' colspan='2'>64 bytes<\/td>\n<\/tr>\n<tr style='border-bottom: 1px solid rgba(226&comma;226&comma;226&comma;0.8); border-top: 1px solid rgba(226&comma;226&comma;226&comma;0.8);'>\n<td style='padding: 6px 8px; font-size: 14px; font-weight: bold;'>kpps<\/td>\n<td style='padding: 6px 8px; font-size: 14px; font-weight: bold;'>Mbps<\/td>\n<td style='padding: 6px 8px; font-size: 14px; font-weight: bold;'>kpps<\/td>\n<td style='padding: 6px 8px; font-size: 14px; font-weight: bold;'>Mbps<\/td>\n<td style='padding: 6px 8px; font-size: 14px; font-weight: bold;'>kpps<\/td>\n<td style='padding: 6px 8px; font-size: 14px; font-weight: bold;'>Mbps<\/td>\n<\/tr>\n<\/thead>\n<tbody>\n<tr style='border-bottom: 1px solid rgba(226&comma;226&comma;226&comma;0.3);'>\n<td style='padding: 6px 8px; font-size: 14px;'>Puenteo<\/td>\n<td style='padding: 6px 8px; font-size: 14px;'>ninguno (camino r\u00e1pido)<\/td>\n<td style='padding: 6px 8px; font-size: 14px;'>81.0<\/td>\n<td style='padding: 6px 8px; font-size: 14px;'>983.7<\/td>\n<td style='padding: 6px 8px; font-size: 14px;'>232.0<\/td>\n<td style='padding: 6px 8px; font-size: 14px;'>950.3<\/td>\n<td style='padding: 6px 8px; font-size: 14px;'>269.6<\/td>\n<td style='padding: 6px 8px; font-size: 14px;'>138.0<\/td>\n<\/tr>\n<tr style='border-bottom: 1px solid rgba(226&comma;226&comma;226&comma;0.3);'>\n<td style='padding: 6px 8px; font-size: 14px;'>Puenteo<\/td>\n<td style='padding: 6px 8px; font-size: 14px;'>25 reglas de filtro de puente<\/td>\n<td style='padding: 6px 8px; font-size: 14px;'>81.0<\/td>\n<td style='padding: 6px 8px; font-size: 14px;'>983.7<\/td>\n<td style='padding: 6px 8px; font-size: 14px;'>86.0<\/td>\n<td style='padding: 6px 8px; font-size: 14px;'>352.3<\/td>\n<td style='padding: 6px 8px; font-size: 14px;'>87.6<\/td>\n<td style='padding: 6px 8px; font-size: 14px;'>44.9<\/td>\n<\/tr>\n<tr style='border-bottom: 1px solid rgba(226&comma;226&comma;226&comma;0.3);'>\n<td style='padding: 6px 8px; font-size: 14px;'>Enrutamiento<\/td>\n<td style='padding: 6px 8px; font-size: 14px;'>ninguno (camino r\u00e1pido)<\/td>\n<td style='padding: 6px 8px; font-size: 14px;'>81.0<\/td>\n<td style='padding: 6px 8px; font-size: 14px;'>983.7<\/td>\n<td style='padding: 6px 8px; font-size: 14px;'>210.0<\/td>\n<td style='padding: 6px 8px; font-size: 14px;'>860.2<\/td>\n<td style='padding: 6px 8px; font-size: 14px;'>226.9<\/td>\n<td style='padding: 6px 8px; font-size: 14px;'>116.2<\/td>\n<\/tr>\n<tr style='border-bottom: 1px solid rgba(226&comma;226&comma;226&comma;0.3);'>\n<td style='padding: 6px 8px; font-size: 14px;'>Enrutamiento<\/td>\n<td style='padding: 6px 8px; font-size: 14px;'>25 colas simples<\/td>\n<td style='padding: 6px 8px; font-size: 14px;'>81.0<\/td>\n<td style='padding: 6px 8px; font-size: 14px;'>983.7<\/td>\n<td style='padding: 6px 8px; font-size: 14px;'>103.9<\/td>\n<td style='padding: 6px 8px; font-size: 14px;'>425.6<\/td>\n<td style='padding: 6px 8px; font-size: 14px;'>106.6<\/td>\n<td style='padding: 6px 8px; font-size: 14px;'>54.6<\/td>\n<\/tr>\n<tr style='border-bottom: 1px solid rgba(226&comma;226&comma;226&comma;0.3);'>\n<td style='padding: 6px 8px; font-size: 14px;'>Enrutamiento<\/td>\n<td style='padding: 6px 8px; font-size: 14px;'>25 reglas de filtro ip<\/td>\n<td style='padding: 6px 8px; font-size: 14px;'>56.8<\/td>\n<td style='padding: 6px 8px; font-size: 14px;'>689.8<\/td>\n<td style='padding: 6px 8px; font-size: 14px;'>59.6<\/td>\n<td style='padding: 6px 8px; font-size: 14px;'>244.1<\/td>\n<td style='padding: 6px 8px; font-size: 14px;'>60.5<\/td>\n<td style='padding: 6px 8px; font-size: 14px;'>31.0<\/td>\n<\/tr>\n<\/tbody>\n<\/table><\/div>\n<ul style='padding-left: 20px; font-size: 14px; color: inherit; list-style-type: disc;'>\n<li style='margin-bottom: 5px;'>Todas las pruebas se realizan con el equipo de pruebas especializado de Xena Networks (XenaBay) y se realizan de acuerdo con RFC2544 (Xena2544)<\/li>\n<li style='margin-bottom: 10px;'>El rendimiento m\u00e1ximo se determina con m\u00e1s de 30 segundos de intentos con 0&comma;1% de tolerancia de p\u00e9rdida de paquetes en tama\u00f1os de paquetes de 64&comma; 512&comma; 1518 bytes<\/li>\n<li style='margin-bottom: 5px;'>Los resultados de las pruebas muestran el m\u00e1ximo rendimiento del dispositivo y se alcanzan utilizando la configuraci\u00f3n de hardware y software mencionada&comma; lo m\u00e1s probable es que las diferentes configuraciones den como resultado resultados m\u00e1s bajos<\/li>\n<\/ul><\/div>\n<hr style='border: 0; border-top: 1px solid rgba(150&comma; 150&comma; 150&comma; 0.3); margin: 30px 0;'>\n<div style='margin-bottom: 30px;'>\n<h3 style='font-size: 22px; border-bottom: 2px solid currentColor; padding-bottom: 5px; margin-top: 0; color: inherit; opacity: 0.8;'>Accesorios que incluye:<\/h3>\n<div style='display: flex; flex-wrap: wrap; gap: 20px; margin-top: 20px;'>\n<div style='flex: 1 1 139px; min-width: 120px; text-align: center;'> <a style='color: inherit; text-decoration: none;' href='https:\/\/i.mt.lv\/cdn\/rb_images\/part331393422988m.jpg'> <img style='width: 80px; height: auto; border: 1px solid rgba(150&comma;150&comma;150&comma;0.3); border-radius: 8px; margin-bottom: 10px;' src='https:\/\/i.mt.lv\/cdn\/rb_images\/part331393422988s.jpg' alt=''> <br \/>24V 1.2A power adapter <\/a> <\/div>\n<div style='flex: 1 1 139px; min-width: 120px; text-align: center;'> <a style='color: inherit; text-decoration: none;' href='https:\/\/i.mt.lv\/cdn\/rb_images\/part61391160745m.jpg'> <img style='width: 80px; height: auto; border: 1px solid rgba(150&comma;150&comma;150&comma;0.3); border-radius: 8px; margin-bottom: 10px;' src='https:\/\/i.mt.lv\/cdn\/rb_images\/part61391160745s.jpg' alt=''> <br \/>DIN mount (K-27) <\/a> <\/div>\n<div style='flex: 1 1 139px; min-width: 120px; text-align: center;'> <a style='color: inherit; text-decoration: none;' href='https:\/\/i.mt.lv\/cdn\/rb_images\/part91391160033m.jpg'> <img style='width: 80px; height: auto; border: 1px solid rgba(150&comma;150&comma;150&comma;0.3); border-radius: 8px; margin-bottom: 10px;' src='https:\/\/i.mt.lv\/cdn\/rb_images\/part91391160033s.jpg' alt=''> <br \/>Plastic zip tie <\/a> <\/div>\n<div style='flex: 1 1 139px; min-width: 120px; text-align: center;'> <a style='color: inherit; text-decoration: none;' href='https:\/\/i.mt.lv\/cdn\/rb_images\/part181391163711m.jpg'> <img style='width: 80px; height: auto; border: 1px solid rgba(150&comma;150&comma;150&comma;0.3); border-radius: 8px; margin-bottom: 10px;' src='https:\/\/i.mt.lv\/cdn\/rb_images\/part181391163711s.jpg' alt=''> <br \/>Metal ring (one) <\/a> <\/div>\n<div style='flex: 1 1 139px; min-width: 120px; text-align: center;'> <a style='color: inherit; text-decoration: none;' href='https:\/\/i.mt.lv\/cdn\/rb_images\/part111391160732m.jpg'> <img style='width: 80px; height: auto; border: 1px solid rgba(150&comma;150&comma;150&comma;0.3); border-radius: 8px; margin-bottom: 10px;' src='https:\/\/i.mt.lv\/cdn\/rb_images\/part111391160732s.jpg' alt=''> <br \/>Gigabit PoE injector <\/a> <\/div>\n<\/p><\/div>\n<\/p><\/div>\n<\/p><\/div>\n","protected":false},"excerpt":{"rendered":"<p>(BaseBox 6) Punto de Acceso y Cliente Conectorizado en 6 GHz, Cuenta con una Ranura miniPCIe para una tarjeta Inal\u00e1mbrica Extra<\/p>\n","protected":false},"featured_media":78810,"comment_status":"open","ping_status":"closed","template":"","meta":[],"product_brand":[],"product_cat":[2006],"product_tag":[1980,643,2007],"class_list":{"0":"post-78811","1":"product","2":"type-product","3":"status-publish","4":"has-post-thumbnail","6":"product_cat-otras-bandas","7":"product_tag-enlaces-ptp-y-ptmp","8":"product_tag-mikrotik","9":"product_tag-otras-bandas","11":"first","12":"outofstock","13":"sale","14":"shipping-taxable","15":"purchasable","16":"product-type-simple"},"_links":{"self":[{"href":"https:\/\/soydeaqui.ddns.net\/pachuca\/index.php\/wp-json\/wp\/v2\/product\/78811","targetHints":{"allow":["GET"]}}],"collection":[{"href":"https:\/\/soydeaqui.ddns.net\/pachuca\/index.php\/wp-json\/wp\/v2\/product"}],"about":[{"href":"https:\/\/soydeaqui.ddns.net\/pachuca\/index.php\/wp-json\/wp\/v2\/types\/product"}],"replies":[{"embeddable":true,"href":"https:\/\/soydeaqui.ddns.net\/pachuca\/index.php\/wp-json\/wp\/v2\/comments?post=78811"}],"wp:featuredmedia":[{"embeddable":true,"href":"https:\/\/soydeaqui.ddns.net\/pachuca\/index.php\/wp-json\/wp\/v2\/media\/78810"}],"wp:attachment":[{"href":"https:\/\/soydeaqui.ddns.net\/pachuca\/index.php\/wp-json\/wp\/v2\/media?parent=78811"}],"wp:term":[{"taxonomy":"product_brand","embeddable":true,"href":"https:\/\/soydeaqui.ddns.net\/pachuca\/index.php\/wp-json\/wp\/v2\/product_brand?post=78811"},{"taxonomy":"product_cat","embeddable":true,"href":"https:\/\/soydeaqui.ddns.net\/pachuca\/index.php\/wp-json\/wp\/v2\/product_cat?post=78811"},{"taxonomy":"product_tag","embeddable":true,"href":"https:\/\/soydeaqui.ddns.net\/pachuca\/index.php\/wp-json\/wp\/v2\/product_tag?post=78811"}],"curies":[{"name":"wp","href":"https:\/\/api.w.org\/{rel}","templated":true}]}}