{"id":78807,"date":"2026-03-19T16:56:10","date_gmt":"2026-03-19T16:56:10","guid":{"rendered":"https:\/\/soydeaqui.ddns.net\/pachuca\/index.php\/producto\/switch-industrial-flat-type-8-puertos-gigabit-c-poe-802-3at-2-puertos-sfp-lcd\/"},"modified":"2026-03-19T16:56:17","modified_gmt":"2026-03-19T16:56:17","slug":"switch-industrial-flat-type-8-puertos-gigabit-c-poe-802-3at-2-puertos-sfp-lcd","status":"publish","type":"product","link":"https:\/\/soydeaqui.ddns.net\/pachuca\/index.php\/producto\/switch-industrial-flat-type-8-puertos-gigabit-c-poe-802-3at-2-puertos-sfp-lcd\/","title":{"rendered":"Switch Industrial Flat-Type 8 Puertos Gigabit C\/PoE 802.3at, 2 Puertos SFP, LCD"},"content":{"rendered":"<div style='width: 100%; max-width: 1200px; margin: 0 auto; font-family: sans-serif; line-height: 1.6; color: inherit; background-color: transparent;'> <!-- Imagen banner --> <\/p>\n<div style='width: 100%; margin-bottom: 30px;'> <img style='width: 100%; height: auto; border: 1px solid rgba(150&comma;150&comma;150&comma;0.3); border-radius: 8px;' src='https:\/\/ftp3.syscom.mx\/usuarios\/fotos\/WGS52258P2SV\/164108-banner_wgs-5225-8p2sv.png' alt='Banner del producto'> <\/div>\n<p> <!-- Descripci\u00f3n principal --> <\/p>\n<div style='display: flex; flex-wrap: wrap; gap: 30px; margin-bottom: 30px;'>\n<div style='flex: 1 1 300px; min-width: 280px;'>\n<h3 style='font-size: 22px; border-bottom: 2px solid currentColor; padding-bottom: 5px; margin-top: 0; color: inherit; opacity: 0.8;'>Descripci\u00f3n<\/h3>\n<p style='font-size: 15px; color: inherit; margin-bottom: 15px;'>El PLANET WGS-5225-8P2SV&comma; un innovador switch industrial gestionable de pared de 8 puertos 10\/100\/1000T 802.3at PoE + 2 puertos 1G\/2.5G SFP con pantalla t\u00e1ctil LCD&comma; incorpora las funciones PoE inteligentes de PLANET para mejorar la disponibilidad de las aplicaciones industriales. Ofrece gesti\u00f3n de doble pila IPv6\/IPv4&comma; funciones inteligentes de gesti\u00f3n de Capa 2 y Capa 4&comma; y una interfaz intuitiva&comma; con un consumo total de hasta 240 vatios para diferentes tipos de aplicaciones PoE. Con una velocidad de red ultrarr\u00e1pida y una temperatura de funcionamiento de -20 a 70 \u00b0C en una carcasa met\u00e1lica compacta pero robusta con certificaci\u00f3n IP30&comma; el WGS-5225-8P2SV es la soluci\u00f3n ideal para satisfacer las necesidades de las siguientes aplicaciones de red:<\/p>\n<ul style='padding-left: 20px; font-size: 15px; color: inherit;'>\n<li style='margin-bottom: 5px;'>Red dom\u00f3tica de edificios\/hogares<\/li>\n<li style='margin-bottom: 5px;'>Internet de las cosas (IoT)<\/li>\n<li style='margin-bottom: 5px;'>Vigilancia IP<\/li>\n<\/ul><\/div>\n<\/p><\/div>\n<p> <!-- Imagen control LCD --> <\/p>\n<div style='width: 100%; margin-bottom: 30px;'> <img style='width: 100%; height: auto; border: 1px solid rgba(150&comma;150&comma;150&comma;0.3); border-radius: 8px;' src='http:\/\/ftp3.syscom.mx\/usuarios\/ftp\/2025\/04\/15\/215\/1744758873230.png_froala_67fee85a7b632' alt='Control LCD'> <\/div>\n<p> <!-- Caracter\u00edsticas del control LCD --> <\/p>\n<div style='display: flex; flex-wrap: wrap; gap: 30px; margin-bottom: 30px;'>\n<div style='flex: 1 1 300px; min-width: 280px;'>\n<h3 style='font-size: 22px; border-bottom: 2px solid currentColor; padding-bottom: 5px; margin-top: 0; color: inherit; opacity: 0.8;'>Control LCD intuitivo<\/h3>\n<p style='font-size: 15px; color: inherit; margin-bottom: 15px;'>El WGS-5225-8P2SV incorpora un panel t\u00e1ctil intuitivo en su panel frontal que facilita la gesti\u00f3n de Ethernet y mejora considerablemente la eficiencia en redes de gran escala&comma; como empresas&comma; hoteles&comma; centros comerciales&comma; edificios gubernamentales y otros espacios p\u00fablicos. Tambi\u00e9n incluye las siguientes funciones especiales de gesti\u00f3n y estado:<\/p>\n<ul style='padding-left: 20px; font-size: 15px; color: inherit;'>\n<li style='margin-bottom: 5px;'>Configuraci\u00f3n de direcci\u00f3n IP&comma; VLAN y QoS<\/li>\n<li style='margin-bottom: 5px;'>Administraci\u00f3n y estado de PoE<\/li>\n<li style='margin-bottom: 5px;'>Gesti\u00f3n y estado de los puertos e informaci\u00f3n del SFP<\/li>\n<li style='margin-bottom: 5px;'>Soluci\u00f3n de problemas: diagn\u00f3stico de cable y ping IP remoto<\/li>\n<li style='margin-bottom: 5px;'>Mantenimiento: reiniciar&comma; valores de f\u00e1brica y guardar configuraci\u00f3n<\/li>\n<\/ul><\/div>\n<\/p><\/div>\n<p> <!-- Imagen panel frontal --> <\/p>\n<div style='width: 100%; margin-bottom: 30px;'> <img style='width: 100%; height: auto; border: 1px solid rgba(150&comma;150&comma;150&comma;0.3); border-radius: 8px;' src='http:\/\/ftp3.syscom.mx\/usuarios\/ftp\/2025\/04\/15\/215\/1744758898625.png_froala_67fee873afadd' alt='Panel frontal'> <\/div>\n<p> <!-- Especificaciones --> <\/p>\n<div style='display: flex; flex-wrap: wrap; gap: 20px; margin-bottom: 30px;'>\n<div style='flex: 1 1 250px; border: 1px solid rgba(150&comma; 150&comma; 150&comma; 0.4); border-radius: 8px; overflow: hidden; display: flex; flex-direction: column;'>\n<div style='padding: 15px; border-bottom: 1px solid rgba(150&comma; 150&comma; 150&comma; 0.2); font-weight: bold; font-size: 18px; color: inherit;'>Puertos F\u00edsicos<\/div>\n<div style='padding: 15px; color: inherit;'>\n<ul style='padding-left: 20px; margin: 0; font-size: 14px; list-style-type: disc;'>\n<li style='margin-bottom: 5px;'>8 puertos 10\/100\/1000BASE-T Gigabit Ethernet RJ45 con IEEE 802.3at PoE + Injector<\/li>\n<li style='margin-bottom: 5px;'>2 ranuras 100\/1000\/2500BASE-X mini-GBIC\/SFP para la detecci\u00f3n autom\u00e1tica tipo SFP<\/li>\n<\/ul><\/div>\n<\/p><\/div>\n<div style='flex: 1 1 250px; border: 1px solid rgba(150&comma; 150&comma; 150&comma; 0.4); border-radius: 8px; overflow: hidden; display: flex; flex-direction: column;'>\n<div style='padding: 15px; border-bottom: 1px solid rgba(150&comma; 150&comma; 150&comma; 0.2); font-weight: bold; font-size: 18px; color: inherit;'>Alimentaci\u00f3n a trav\u00e9s de Ethernet<\/div>\n<div style='padding: 15px; color: inherit;'>\n<ul style='padding-left: 20px; margin: 0; font-size: 14px; list-style-type: disc;'>\n<li style='margin-bottom: 5px;'>Cumple con IEEE 802.3at Power over Ethernet Plus \/ PSE de final de vida<\/li>\n<li style='margin-bottom: 5px;'>Hasta 8 dispositivos IEEE 802.3af \/ 802.3at alimentados<\/li>\n<li style='margin-bottom: 5px;'>Admite alimentaci\u00f3n PoE de hasta 36 vatios para cada puerto PoE<\/li>\n<li style='margin-bottom: 5px;'>Detecta autom\u00e1ticamente el dispositivo alimentado (PD)<\/li>\n<li style='margin-bottom: 5px;'>La protecci\u00f3n del circuito evita la interferencia de energ\u00eda entre los puertos<\/li>\n<li style='margin-bottom: 5px;'>Alimentaci\u00f3n remota hasta 100m<\/li>\n<li style='margin-bottom: 5px;'>Caracter\u00edsticas de gesti\u00f3n de PoE<\/li>\n<li style='margin-bottom: 5px;'>&#8211; Control de presupuesto total de energ\u00eda PoE<\/li>\n<li style='margin-bottom: 5px;'>&#8211; Funci\u00f3n PoE por puerto habilitar \/ deshabilitar<\/li>\n<li style='margin-bottom: 5px;'>&#8211; Control de modo admin PoE<\/li>\n<li style='margin-bottom: 5px;'>&#8211; PoE prioridad de alimentaci\u00f3n de puerto<\/li>\n<li style='margin-bottom: 5px;'>&#8211; L\u00edmite de potencia por puerto PoE<\/li>\n<li style='margin-bottom: 5px;'>&#8211; Detecci\u00f3n de clasificaci\u00f3n de DP<\/li>\n<li style='margin-bottom: 5px;'>Funciones PoE inteligentes<\/li>\n<li style='margin-bottom: 5px;'>&#8211; Control de umbral de temperatura<\/li>\n<li style='margin-bottom: 5px;'>&#8211; Control de umbral de uso de PoE<\/li>\n<li style='margin-bottom: 5px;'>&#8211; PD cheque vivo<\/li>\n<li style='margin-bottom: 5px;'>&#8211; Horario de PoE<\/li>\n<\/ul><\/div>\n<\/p><\/div>\n<div style='flex: 1 1 250px; border: 1px solid rgba(150&comma; 150&comma; 150&comma; 0.4); border-radius: 8px; overflow: hidden; display: flex; flex-direction: column;'>\n<div style='padding: 15px; border-bottom: 1px solid rgba(150&comma; 150&comma; 150&comma; 0.2); font-weight: bold; font-size: 18px; color: inherit;'>Caja Industrial e Instalaci\u00f3n<\/div>\n<div style='padding: 15px; color: inherit;'>\n<ul style='padding-left: 20px; margin: 0; font-size: 14px; list-style-type: disc;'>\n<li style='margin-bottom: 5px;'>Tama\u00f1o compacto con pared fija&comma; dise\u00f1o de pared magn\u00e9tica o riel DIN<\/li>\n<li style='margin-bottom: 5px;'>Caja de metal IP30<\/li>\n<li style='margin-bottom: 5px;'>Soporta temperaturas de funcionamiento de -20 a 70 grados C<\/li>\n<li style='margin-bottom: 5px;'>Soporta protecci\u00f3n ESD 6KV DC Ethernet<\/li>\n<li style='margin-bottom: 5px;'>Dise\u00f1o de entrada de alimentaci\u00f3n dual<\/li>\n<li style='margin-bottom: 5px;'>&#8211; Entrada de potencia amplia de 48V ~ 56V DC con funci\u00f3n de protecci\u00f3n de polaridad inversa (No incluye fuente de alimentaci\u00f3n)<\/li>\n<li style='margin-bottom: 5px;'>&#8211; Bloque de terminales de 3 clavijas o conector jack DC<\/li>\n<\/ul><\/div>\n<\/p><\/div>\n<\/p><\/div>\n<p> <!-- Separador final --> <\/p>\n<hr style='border: 0; border-top: 1px solid rgba(150&comma; 150&comma; 150&comma; 0.3); margin: 30px 0;'> <\/div>\n","protected":false},"excerpt":{"rendered":"<p>Switch Industrial Flat-Type 8 Puertos Gigabit C\/PoE 802.3at, 2 Puertos SFP, LCD<\/p>\n","protected":false},"featured_media":78806,"comment_status":"open","ping_status":"closed","template":"","meta":[],"product_brand":[],"product_cat":[1984],"product_tag":[1985,664,2033],"class_list":{"0":"post-78807","1":"product","2":"type-product","3":"status-publish","4":"has-post-thumbnail","6":"product_cat-industrial","7":"product_tag-industrial","8":"product_tag-networking","9":"product_tag-planet","11":"first","12":"outofstock","13":"sale","14":"shipping-taxable","15":"purchasable","16":"product-type-simple"},"_links":{"self":[{"href":"https:\/\/soydeaqui.ddns.net\/pachuca\/index.php\/wp-json\/wp\/v2\/product\/78807","targetHints":{"allow":["GET"]}}],"collection":[{"href":"https:\/\/soydeaqui.ddns.net\/pachuca\/index.php\/wp-json\/wp\/v2\/product"}],"about":[{"href":"https:\/\/soydeaqui.ddns.net\/pachuca\/index.php\/wp-json\/wp\/v2\/types\/product"}],"replies":[{"embeddable":true,"href":"https:\/\/soydeaqui.ddns.net\/pachuca\/index.php\/wp-json\/wp\/v2\/comments?post=78807"}],"wp:featuredmedia":[{"embeddable":true,"href":"https:\/\/soydeaqui.ddns.net\/pachuca\/index.php\/wp-json\/wp\/v2\/media\/78806"}],"wp:attachment":[{"href":"https:\/\/soydeaqui.ddns.net\/pachuca\/index.php\/wp-json\/wp\/v2\/media?parent=78807"}],"wp:term":[{"taxonomy":"product_brand","embeddable":true,"href":"https:\/\/soydeaqui.ddns.net\/pachuca\/index.php\/wp-json\/wp\/v2\/product_brand?post=78807"},{"taxonomy":"product_cat","embeddable":true,"href":"https:\/\/soydeaqui.ddns.net\/pachuca\/index.php\/wp-json\/wp\/v2\/product_cat?post=78807"},{"taxonomy":"product_tag","embeddable":true,"href":"https:\/\/soydeaqui.ddns.net\/pachuca\/index.php\/wp-json\/wp\/v2\/product_tag?post=78807"}],"curies":[{"name":"wp","href":"https:\/\/api.w.org\/{rel}","templated":true}]}}