{"id":78769,"date":"2026-03-19T16:54:35","date_gmt":"2026-03-19T16:54:35","guid":{"rendered":"https:\/\/soydeaqui.ddns.net\/pachuca\/index.php\/producto\/kit-de-accesorios-para-el-modelo-pa2f-incluye-camara-microfono-parlante-y-boton-multiples-aplicaciones\/"},"modified":"2026-03-19T16:54:39","modified_gmt":"2026-03-19T16:54:39","slug":"kit-de-accesorios-para-el-modelo-pa2f-incluye-camara-microfono-parlante-y-boton-multiples-aplicaciones","status":"publish","type":"product","link":"https:\/\/soydeaqui.ddns.net\/pachuca\/index.php\/producto\/kit-de-accesorios-para-el-modelo-pa2f-incluye-camara-microfono-parlante-y-boton-multiples-aplicaciones\/","title":{"rendered":"KIT de Accesorios para el modelo PA2F, incluye c\u00e1mara, micr\u00f3fono, parlante y bot\u00f3n, m\u00faltiples aplicaciones"},"content":{"rendered":"<div style='width: 100%; max-width: 1200px; margin: 0 auto; font-family: sans-serif; line-height: 1.6; color: inherit; background-color: transparent;'>\n<div style='display: flex; flex-wrap: wrap; gap: 30px; margin-bottom: 30px;'>\n<div style='flex: 1 1 300px; min-width: 280px;'>\n<p style='font-size: 15px; color: inherit; margin-bottom: 20px;'>El kit PA2 es un paquete de accesorios para el modelo de voceo PA2F. Incluye m\u00f3dulo de c\u00e1mara IP&comma; m\u00f3dulo de micr\u00f3fono y m\u00f3dulo de bot\u00f3n&comma; puede construir r\u00e1pidamente equipos de audio y video intercomunicaci\u00f3n de alta calidad con el kit PA2F&comma; eliminando la selecci\u00f3n de componentes&comma; la prueba de compatibilidad y el proceso engorroso de la prueba de confiabilidad.<\/p>\n<h3 style='font-size: 22px; border-bottom: 2px solid currentColor; padding-bottom: 5px; margin-top: 0; color: inherit; opacity: 0.8;'>Funciones principales<\/h3>\n<ul style='padding-left: 20px; font-size: 15px; color: inherit; margin-top: 15px;'>\n<li style='margin-bottom: 10px;'>Componentes de alta confiabilidad&comma; plug and play<\/li>\n<li style='margin-bottom: 10px;'>M\u00f3dulo de la c\u00e1mara 720p para archivar la videollamada HD; la altura y el \u00e1ngulo de montaje de la lente se pueden ajustar para cumplir los requisitos en varios escenarios.<\/li>\n<li style='margin-bottom: 10px;'>Alta sensibilidad&comma; m\u00f3dulo de micr\u00f3fono de dise\u00f1o resistente al agua&comma; adecuado para aplicaciones en ambientes hostiles<\/li>\n<li style='margin-bottom: 10px;'>M\u00f3dulo de altavoz o bocina 5w \/ 8<span style='color: inherit; font-family: arial&comma; sans-serif;'>\u03a9<\/span>&comma; para ambiente ruidoso cumple la demanda del alto volumen de un equipo de intercomunicaci\u00f3n<\/li>\n<\/ul><\/div>\n<div style='flex: 1 1 300px; min-width: 280px;'> <img style='width: 100%; height: auto; border: 1px solid rgba(150&comma;150&comma;150&comma;0.3); border-radius: 8px;' src='https:\/\/ftp3.syscom.mx\/usuarios\/esanchez\/FANVIL\/PA2F\/pa2fkit.jpg' alt=''> <\/div>\n<\/p><\/div>\n<p> <!-- Separador --> <\/p>\n<hr style='border: 0; border-top: 1px solid rgba(150&comma; 150&comma; 150&comma; 0.3); margin: 30px 0;'> <\/div>\n","protected":false},"excerpt":{"rendered":"<p>KIT de Accesorios para el modelo PA2F, incluye c\u00e1mara, micr\u00f3fono, parlante y bot\u00f3n, m\u00faltiples aplicaciones<\/p>\n","protected":false},"featured_media":78768,"comment_status":"open","ping_status":"closed","template":"","meta":[],"product_brand":[],"product_cat":[907],"product_tag":[859,908,557],"class_list":{"0":"post-78769","1":"product","2":"type-product","3":"status-publish","4":"has-post-thumbnail","6":"product_cat-interfones","7":"product_tag-fanvil","8":"product_tag-interfones","9":"product_tag-videoporteros-e-interfonos","11":"first","12":"outofstock","13":"sale","14":"shipping-taxable","15":"purchasable","16":"product-type-simple"},"_links":{"self":[{"href":"https:\/\/soydeaqui.ddns.net\/pachuca\/index.php\/wp-json\/wp\/v2\/product\/78769","targetHints":{"allow":["GET"]}}],"collection":[{"href":"https:\/\/soydeaqui.ddns.net\/pachuca\/index.php\/wp-json\/wp\/v2\/product"}],"about":[{"href":"https:\/\/soydeaqui.ddns.net\/pachuca\/index.php\/wp-json\/wp\/v2\/types\/product"}],"replies":[{"embeddable":true,"href":"https:\/\/soydeaqui.ddns.net\/pachuca\/index.php\/wp-json\/wp\/v2\/comments?post=78769"}],"wp:featuredmedia":[{"embeddable":true,"href":"https:\/\/soydeaqui.ddns.net\/pachuca\/index.php\/wp-json\/wp\/v2\/media\/78768"}],"wp:attachment":[{"href":"https:\/\/soydeaqui.ddns.net\/pachuca\/index.php\/wp-json\/wp\/v2\/media?parent=78769"}],"wp:term":[{"taxonomy":"product_brand","embeddable":true,"href":"https:\/\/soydeaqui.ddns.net\/pachuca\/index.php\/wp-json\/wp\/v2\/product_brand?post=78769"},{"taxonomy":"product_cat","embeddable":true,"href":"https:\/\/soydeaqui.ddns.net\/pachuca\/index.php\/wp-json\/wp\/v2\/product_cat?post=78769"},{"taxonomy":"product_tag","embeddable":true,"href":"https:\/\/soydeaqui.ddns.net\/pachuca\/index.php\/wp-json\/wp\/v2\/product_tag?post=78769"}],"curies":[{"name":"wp","href":"https:\/\/api.w.org\/{rel}","templated":true}]}}