{"id":78754,"date":"2026-03-19T16:53:59","date_gmt":"2026-03-19T16:53:59","guid":{"rendered":"https:\/\/soydeaqui.ddns.net\/pachuca\/index.php\/producto\/disco-duro-enterprise-4-tb-wester-digital-wd-serie-ultrastar-recomendado-para-data-center-y-nvrs-de-alta-capacidad-alto-performace\/"},"modified":"2026-03-19T16:54:10","modified_gmt":"2026-03-19T16:54:10","slug":"disco-duro-enterprise-4-tb-wester-digital-wd-serie-ultrastar-recomendado-para-data-center-y-nvrs-de-alta-capacidad-alto-performace","status":"publish","type":"product","link":"https:\/\/soydeaqui.ddns.net\/pachuca\/index.php\/producto\/disco-duro-enterprise-4-tb-wester-digital-wd-serie-ultrastar-recomendado-para-data-center-y-nvrs-de-alta-capacidad-alto-performace\/","title":{"rendered":"Disco Duro Enterprise 4 TB \/ Wester Digital (WD) \/ Serie Ultrastar \/ Recomendado para Data Center y NVRs de Alta Capacidad \/ Alto Performace"},"content":{"rendered":"<div style='width: 100%; max-width: 1200px; margin: 0 auto; font-family: sans-serif; line-height: 1.6; color: inherit; background-color: transparent;'> <!-- Introducci\u00f3n --> <\/p>\n<div style='display: flex; flex-wrap: wrap; gap: 30px; margin-bottom: 30px;'>\n<div style='flex: 1 1 300px; min-width: 280px;'>\n<h3 style='font-size: 22px; border-bottom: 2px solid currentColor; padding-bottom: 5px; margin-top: 0; color: inherit; opacity: 0.8;'>Caracter\u00edsticas principales<\/h3>\n<ul style='padding-left: 20px; font-size: 15px; color: inherit;'>\n<li style='margin-bottom: 5px;'>Los discos duros de la serie SATA Ultrastar est\u00e1n construidos desde cero para ser un dispositivo de almacenamiento ultra robusto.<\/li>\n<li style='margin-bottom: 5px;'>Dise\u00f1ados con una capacidad de carga de trabajo de hasta 550TB por a\u00f1o.<\/li>\n<li style='margin-bottom: 5px;'>Ideal para aplicaciones cr\u00edticas para la empresa como servidores empresariales&comma; subsistemas de almacenamiento&comma; an\u00e1lisis de vigilancia y entornos industriales.<\/li>\n<li style='margin-bottom: 5px;'>Tecnolog\u00eda HelioSeal ofrece mayores capacidades con los $\/TB m\u00e1s bajos y Watts\/TB para minimizar el costo total de propiedad (TCO).<\/li>\n<\/ul><\/div>\n<div style='flex: 1 1 300px; min-width: 280px;'> <img style='width: 100%; height: auto; border: 1px solid rgba(150&comma;150&comma;150&comma;0.3); border-radius: 8px;' src='https:\/\/ftp3.syscom.mx\/usuarios\/nortega\/WD\/imagenes\/ultrastar\/UltrastarSATAseries-400x500.png' alt=''> <\/div>\n<\/p><\/div>\n<p> <!-- Secciones de caracter\u00edsticas --> <\/p>\n<div style='display: flex; flex-wrap: wrap; gap: 30px; margin-bottom: 30px;'>\n<div style='flex: 1 1 300px; min-width: 280px;'>\n<h3 style='font-size: 22px; border-bottom: 2px solid currentColor; padding-bottom: 5px; margin-top: 0; color: inherit; opacity: 0.8;'>Alto grado de carga de trabajo<\/h3>\n<p style='font-size: 15px; color: inherit;'>Ofreciendo un rendimiento confiable para cualquier ambiente de almacenamiento&comma; las unidades Ultrastar est\u00e1n dise\u00f1adas para trabajar hasta 550TB por a\u00f1o&comma; m\u00e1s alto que cualquier disco duro de 3.5 pulgadas.<\/p>\n<\/p><\/div>\n<div style='flex: 1 1 300px; min-width: 280px;'>\n<h3 style='font-size: 22px; border-bottom: 2px solid currentColor; padding-bottom: 5px; margin-top: 0; color: inherit; opacity: 0.8;'>Tecnolog\u00eda HelioSeal\u00ae<\/h3>\n<p style='font-size: 15px; color: inherit;'>La tecnolog\u00eda HelioSeal permite las m\u00e1s altas capacidades y menos turbulencia en grandes matrices de almacenamiento. En su cuarta generaci\u00f3n&comma; la tecnolog\u00eda HelioSeal ha demostrado entregar alta capacidad&comma; confiabilidad y eficiencia energ\u00e9tica.<\/p>\n<\/p><\/div>\n<div style='flex: 1 1 300px; min-width: 280px;'>\n<h3 style='font-size: 22px; border-bottom: 2px solid currentColor; padding-bottom: 5px; margin-top: 0; color: inherit; opacity: 0.8;'>Almacenamiento de clase empresarial<\/h3>\n<p style='font-size: 15px; color: inherit;'>Con hasta 2.5 millones de horas de calificaci\u00f3n MTBF&comma; los discos duros Ultrastar ofrecen fiabilidad y durabilidad para operaci\u00f3n 24x7x365 en entornos exigentes&comma; con garant\u00eda limitada de 5 a\u00f1os.<\/p>\n<\/p><\/div>\n<div style='flex: 1 1 300px; min-width: 280px;'>\n<h3 style='font-size: 22px; border-bottom: 2px solid currentColor; padding-bottom: 5px; margin-top: 0; color: inherit; opacity: 0.8;'>Pruebas de compatibilidad<\/h3>\n<p style='font-size: 15px; color: inherit;'>Todos los discos duros Ultrastar son extensivamente probados en sistemas de almacenamiento OEM&comma; controladores SATA&comma; DVR\/NVR y adaptadores de bus para garantizar facilidad de integraci\u00f3n Plug and Play.<\/p>\n<\/p><\/div>\n<div style='flex: 1 1 300px; min-width: 280px;'>\n<h3 style='font-size: 22px; border-bottom: 2px solid currentColor; padding-bottom: 5px; margin-top: 0; color: inherit; opacity: 0.8;'>Protecci\u00f3n contra vibraciones<\/h3>\n<p style='font-size: 15px; color: inherit;'>La salvaguarda de vibraci\u00f3n rotacional mejorada (RVS) usa tecnolog\u00eda electr\u00f3nica sofisticada para controlar la unidad y corregir vibraciones lineales y rotacionales en tiempo real.<\/p>\n<\/p><\/div>\n<div style='flex: 1 1 300px; min-width: 280px;'>\n<h3 style='font-size: 22px; border-bottom: 2px solid currentColor; padding-bottom: 5px; margin-top: 0; color: inherit; opacity: 0.8;'>Tecnolog\u00eda de actuador de doble etapa<\/h3>\n<p style='font-size: 15px; color: inherit;'>Sistema de posicionamiento de cabeza actuador de doble etapa con movimiento piezoel\u00e9ctrico para mayor precisi\u00f3n en el posicionamiento de la cabeza.<\/p>\n<\/p><\/div>\n<div style='flex: 1 1 300px; min-width: 280px;'>\n<h3 style='font-size: 22px; border-bottom: 2px solid currentColor; padding-bottom: 5px; margin-top: 0; color: inherit; opacity: 0.8;'>Tecnolog\u00eda Dynamic Fly-height<\/h3>\n<p style='font-size: 15px; color: inherit;'>Ajusta la altura de vuelo de cada cabeza de lectura\/escritura en tiempo real para garantizar coherencia de rendimiento&comma; reducir errores y optimizar la confiabilidad.<\/p>\n<\/p><\/div>\n<div style='flex: 1 1 300px; min-width: 280px;'>\n<h3 style='font-size: 22px; border-bottom: 2px solid currentColor; padding-bottom: 5px; margin-top: 0; color: inherit; opacity: 0.8;'>Velocidad 7200 RPM<\/h3>\n<p style='font-size: 15px; color: inherit;'>Este disco duro de 7200 RPM ofrece el rendimiento m\u00e1s r\u00e1pido con la m\u00e1s alta calificaci\u00f3n de carga de trabajo de cualquier unidad de alta capacidad de Western Digital.<\/p>\n<\/p><\/div>\n<\/p><\/div>\n<p> <!-- Especificaciones t\u00e9cnicas --> <\/p>\n<div style='display: flex; flex-wrap: wrap; gap: 20px; margin-bottom: 30px;'>\n<div style='flex: 1 1 45%; min-width: 300px; border: 1px solid rgba(150&comma; 150&comma; 150&comma; 0.4); border-radius: 8px; overflow: hidden; display: flex; flex-direction: column;'>\n<div style='padding: 15px; border-bottom: 1px solid rgba(150&comma; 150&comma; 150&comma; 0.2); font-weight: bold; font-size: 18px; color: inherit;'>Especificaciones t\u00e9cnicas<\/div>\n<div style='padding: 15px; color: inherit;'>\n<ul style='padding-left: 20px; margin: 0; font-size: 14px; list-style-type: disc;'>\n<li style='margin-bottom: 5px;'><strong>N\u00famero de parte:<\/strong> HUS726T4TALA6L4<\/li>\n<li style='margin-bottom: 5px;'><strong>Capacidad:<\/strong> 4 TB<\/li>\n<li style='margin-bottom: 5px;'><strong>Factor de forma:<\/strong> 3.5 pulgadas<\/li>\n<li style='margin-bottom: 5px;'><strong>Velocidad de transferencia de datos:<\/strong><\/li>\n<ul style='padding-left: 30px; margin-top: 5px; margin-bottom: 5px; font-size: 14px; list-style-type: disc;'>\n<li style='margin-bottom: 5px;'><strong>B\u00fafer a host:<\/strong> 600 Mb\/s<\/li>\n<li style='margin-bottom: 5px;'><strong>Host a\/desde disco (sostenido):<\/strong> 184 MB\/s<\/li>\n<\/ul>\n<li style='margin-bottom: 5px;'><strong>Cach\u00e9:<\/strong> 256MB<\/li>\n<li style='margin-bottom: 5px;'><strong>Velocidad de rotaci\u00f3n:<\/strong> 7220 RPM<\/li>\n<li style='margin-bottom: 5px;'><strong>Interfaz:<\/strong> SATA III&comma; 6.0 Gb\/s<\/li>\n<li style='margin-bottom: 5px;'><strong>Aplicaci\u00f3n:<\/strong> Optimizado para aplicaciones de video vigilancia<\/li>\n<li style='margin-bottom: 5px;'><strong>Cantidad de bah\u00edas:<\/strong> Sin l\u00edmite<\/li>\n<li style='margin-bottom: 5px;'><strong>Cantidad de c\u00e1maras:<\/strong> Sin l\u00edmite<\/li>\n<\/ul><\/div>\n<\/p><\/div>\n<div style='flex: 1 1 45%; min-width: 300px; border: 1px solid rgba(150&comma; 150&comma; 150&comma; 0.4); border-radius: 8px; overflow: hidden; display: flex; flex-direction: column;'>\n<div style='padding: 15px; border-bottom: 1px solid rgba(150&comma; 150&comma; 150&comma; 0.2); font-weight: bold; font-size: 18px; color: inherit;'>Caracter\u00edsticas f\u00edsicas y el\u00e9ctricas<\/div>\n<div style='padding: 15px; color: inherit;'>\n<ul style='padding-left: 20px; margin: 0; font-size: 14px; list-style-type: disc;'>\n<li style='margin-bottom: 5px;'><strong>Temperatura de operaci\u00f3n:<\/strong><\/li>\n<ul style='padding-left: 30px; margin-top: 5px; margin-bottom: 5px; font-size: 14px; list-style-type: disc;'>\n<li style='margin-bottom: 5px;'><strong>En funcionamiento:<\/strong> 5\u00b0C &#8211; 60\u00b0C<\/li>\n<li style='margin-bottom: 5px;'><strong>Inactivo:<\/strong> -40\u00b0C &#8211; 70\u00b0C<\/li>\n<\/ul>\n<li style='margin-bottom: 5px;'><strong>Consumo el\u00e9ctrico:<\/strong><\/li>\n<ul style='padding-left: 30px; margin-top: 5px; margin-bottom: 5px; font-size: 14px; list-style-type: disc;'>\n<li style='margin-bottom: 5px;'><strong>Lectura\/escritura:<\/strong> 7.0W<\/li>\n<li style='margin-bottom: 5px;'><strong>Inactivo:<\/strong> 5.9W<\/li>\n<\/ul>\n<li style='margin-bottom: 5px;'><strong>Dimensiones:<\/strong> 26.1 x 147 x 101.6 mm<\/li>\n<li style='margin-bottom: 5px;'><strong>Peso:<\/strong> 715 g<\/li>\n<li style='margin-bottom: 5px;'><strong>Garant\u00eda:<\/strong> 5 a\u00f1os<\/li>\n<\/ul><\/div>\n<\/p><\/div>\n<\/p><\/div>\n<p> <!-- Nota sobre garant\u00eda --> <\/p>\n<div style='margin-top: 30px; padding: 15px; border-left: 5px solid #6a9cde; background-color: rgba(216&comma; 216&comma; 216&comma; 0.1); color: inherit;'>\n<p style='margin: 0; font-size: 15px;'>SYSCOM es el \u00fanico distribuidor autorizado para ofrecer garant\u00eda de discos duros SIN COMPLICACIONES<\/p>\n<\/p><\/div>\n<\/p><\/div>\n","protected":false},"excerpt":{"rendered":"<p>Disco Duro Enterprise 4 TB \/ Wester Digital (WD) \/ Serie Ultrastar \/ Recomendado para Data Center y NVRs de Alta Capacidad \/ Alto Performace<\/p>\n","protected":false},"featured_media":78753,"comment_status":"open","ping_status":"closed","template":"","meta":[],"product_brand":[],"product_cat":[2021],"product_tag":[1974,2022,2023],"class_list":{"0":"post-78754","1":"product","2":"type-product","3":"status-publish","4":"has-post-thumbnail","6":"product_cat-discos-duros-mecanicos-hdd","7":"product_tag-almacenamiento","8":"product_tag-discos-duros-mecanicos-hdd","9":"product_tag-western-digital-wd","11":"first","12":"instock","13":"sale","14":"shipping-taxable","15":"purchasable","16":"product-type-simple"},"_links":{"self":[{"href":"https:\/\/soydeaqui.ddns.net\/pachuca\/index.php\/wp-json\/wp\/v2\/product\/78754","targetHints":{"allow":["GET"]}}],"collection":[{"href":"https:\/\/soydeaqui.ddns.net\/pachuca\/index.php\/wp-json\/wp\/v2\/product"}],"about":[{"href":"https:\/\/soydeaqui.ddns.net\/pachuca\/index.php\/wp-json\/wp\/v2\/types\/product"}],"replies":[{"embeddable":true,"href":"https:\/\/soydeaqui.ddns.net\/pachuca\/index.php\/wp-json\/wp\/v2\/comments?post=78754"}],"wp:featuredmedia":[{"embeddable":true,"href":"https:\/\/soydeaqui.ddns.net\/pachuca\/index.php\/wp-json\/wp\/v2\/media\/78753"}],"wp:attachment":[{"href":"https:\/\/soydeaqui.ddns.net\/pachuca\/index.php\/wp-json\/wp\/v2\/media?parent=78754"}],"wp:term":[{"taxonomy":"product_brand","embeddable":true,"href":"https:\/\/soydeaqui.ddns.net\/pachuca\/index.php\/wp-json\/wp\/v2\/product_brand?post=78754"},{"taxonomy":"product_cat","embeddable":true,"href":"https:\/\/soydeaqui.ddns.net\/pachuca\/index.php\/wp-json\/wp\/v2\/product_cat?post=78754"},{"taxonomy":"product_tag","embeddable":true,"href":"https:\/\/soydeaqui.ddns.net\/pachuca\/index.php\/wp-json\/wp\/v2\/product_tag?post=78754"}],"curies":[{"name":"wp","href":"https:\/\/api.w.org\/{rel}","templated":true}]}}