{"id":78752,"date":"2026-03-19T16:53:54","date_gmt":"2026-03-19T16:53:54","guid":{"rendered":"https:\/\/soydeaqui.ddns.net\/pachuca\/index.php\/producto\/disco-duro-enterprise-6-tb-wester-digital-wd-serie-ultrastar-recomendado-para-data-center-y-nvrs-de-alta-capacidad-alto-performace\/"},"modified":"2026-03-19T16:53:55","modified_gmt":"2026-03-19T16:53:55","slug":"disco-duro-enterprise-6-tb-wester-digital-wd-serie-ultrastar-recomendado-para-data-center-y-nvrs-de-alta-capacidad-alto-performace","status":"publish","type":"product","link":"https:\/\/soydeaqui.ddns.net\/pachuca\/index.php\/producto\/disco-duro-enterprise-6-tb-wester-digital-wd-serie-ultrastar-recomendado-para-data-center-y-nvrs-de-alta-capacidad-alto-performace\/","title":{"rendered":"Disco Duro Enterprise 6 TB \/ Wester Digital (WD) \/ Serie Ultrastar \/ Recomendado para Data Center y NVRs de Alta Capacidad \/ Alto Performace"},"content":{"rendered":"<div style='width: 100%; max-width: 1200px; margin: 0 auto; font-family: sans-serif; line-height: 1.6; color: inherit; background-color: transparent;'> <!-- Secci\u00f3n de descripci\u00f3n --> <\/p>\n<div style='display: flex; flex-wrap: wrap; gap: 30px; margin-bottom: 30px;'>\n<div style='flex: 1 1 300px; min-width: 280px;'>\n<h3 style='font-size: 22px; border-bottom: 2px solid currentColor; padding-bottom: 5px; margin-top: 0; color: inherit; opacity: 0.8;'>Caracter\u00edsticas principales<\/h3>\n<p style='font-size: 15px; color: inherit;'> Los discos duros de la serie SATA Ultrastar est\u00e1n construidos desde cero para ser un dispositivo de almacenamiento ultra robusto. Dise\u00f1adas con una capacidad de carga de trabajo de hasta 550TB por a\u00f1o&comma; las unidades Ultrastar son la elecci\u00f3n perfecta para aplicaciones cr\u00edticas para la empresa&comma; como servidores empresariales&comma; subsistemas de almacenamiento&comma; an\u00e1lisis de vigilancia y entornos industriales. La tecnolog\u00eda HelioSeal ofrece mayores capacidades&comma; brindando los $ \/ TB m\u00e1s bajos y Watts \/ TB para minimizar el costo total de propiedad (TCO). Los discos de menor capacidad se fabrican con tecnolog\u00eda tradicional llena de aire&comma; ideal para usuarios que buscan un menor costo de adquisici\u00f3n. <\/p>\n<\/p><\/div>\n<div style='flex: 1 1 300px; min-width: 280px;'> <img style='width: 100%; height: auto; border: 1px solid rgba(150&comma;150&comma;150&comma;0.3); border-radius: 8px;' src='https:\/\/ftp3.syscom.mx\/usuarios\/nortega\/WD\/imagenes\/ultrastar\/UltrastarSATAseries-400x500.png' alt=''> <\/div>\n<\/p><\/div>\n<p> <!-- Secci\u00f3n de caracter\u00edsticas t\u00e9cnicas --> <\/p>\n<div style='display: flex; flex-wrap: wrap; gap: 30px; margin-bottom: 30px;'>\n<div style='flex: 1 1 300px; min-width: 280px;'>\n<h3 style='font-size: 22px; border-bottom: 2px solid currentColor; padding-bottom: 5px; margin-top: 0; color: inherit; opacity: 0.8;'>Rendimiento<\/h3>\n<ul style='padding-left: 20px; font-size: 15px; color: inherit;'>\n<li style='margin-bottom: 5px;'><strong>Alto grado de carga de trabajo:<\/strong> Hasta 550TB por a\u00f1o<\/li>\n<li style='margin-bottom: 5px;'><strong>Velocidad:<\/strong> 7220 RPM<\/li>\n<li style='margin-bottom: 5px;'><strong>Capacidad:<\/strong> 6 TB<\/li>\n<li style='margin-bottom: 5px;'><strong>Interfaz:<\/strong> SATA III&comma; 6.0 Gb\/s<\/li>\n<\/ul><\/div>\n<div style='flex: 1 1 300px; min-width: 280px;'>\n<h3 style='font-size: 22px; border-bottom: 2px solid currentColor; padding-bottom: 5px; margin-top: 0; color: inherit; opacity: 0.8;'>Tecnolog\u00edas<\/h3>\n<ul style='padding-left: 20px; font-size: 15px; color: inherit;'>\n<li style='margin-bottom: 5px;'><strong>HelioSeal\u00ae:<\/strong> Cuarta generaci\u00f3n con alta capacidad&comma; confiabilidad y eficiencia energ\u00e9tica<\/li>\n<li style='margin-bottom: 5px;'><strong>Protecci\u00f3n contra vibraciones:<\/strong> Tecnolog\u00eda RVS para correcci\u00f3n en tiempo real<\/li>\n<li style='margin-bottom: 5px;'><strong>Actuador de doble etapa:<\/strong> Posicionamiento preciso de las cabezas de lectura\/escritura<\/li>\n<li style='margin-bottom: 5px;'><strong>Dynamic Fly-height:<\/strong> Ajuste en tiempo real de la altura de vuelo de las cabezas<\/li>\n<\/ul><\/div>\n<\/p><\/div>\n<p> <!-- Secci\u00f3n de especificaciones detalladas --> <\/p>\n<div style='display: flex; flex-wrap: wrap; gap: 20px; margin-bottom: 30px;'>\n<div style='flex: 1 1 45%; border: 1px solid rgba(150&comma; 150&comma; 150&comma; 0.4); border-radius: 8px; overflow: hidden; display: flex; flex-direction: column;'>\n<div style='padding: 15px; border-bottom: 1px solid rgba(150&comma; 150&comma; 150&comma; 0.2); font-weight: bold; font-size: 18px; color: inherit;'>Especificaciones t\u00e9cnicas<\/div>\n<div style='padding: 15px; color: inherit;'>\n<ul style='padding-left: 20px; margin: 0; font-size: 14px; list-style-type: disc;'>\n<li style='margin-bottom: 5px;'><strong>N\u00famero de parte:<\/strong> HUS726T6TALE6L4<\/li>\n<li style='margin-bottom: 5px;'><strong>Factor de forma:<\/strong> 3.5 pulgadas<\/li>\n<li style='margin-bottom: 5px;'><strong>Velocidad de transferencia:<\/strong>\n<ul style='padding-left: 20px; margin: 5px 0; list-style-type: circle;'>\n<li><strong>B\u00fafer a host:<\/strong> 600 Mb\/s<\/li>\n<li><strong>Host a\/desde disco:<\/strong> 255 MB\/s<\/li>\n<\/ul>\n<\/li>\n<li style='margin-bottom: 5px;'><strong>Cache:<\/strong> 256MB<\/li>\n<li style='margin-bottom: 5px;'><strong>Aplicaci\u00f3n:<\/strong> Optimizado para aplicaciones de video vigilancia<\/li>\n<li style='margin-bottom: 5px;'><strong>Cantidad de bah\u00edas:<\/strong> Sin l\u00edmite<\/li>\n<li style='margin-bottom: 5px;'><strong>Cantidad de c\u00e1maras:<\/strong> Sin l\u00edmite<\/li>\n<\/ul><\/div>\n<\/p><\/div>\n<div style='flex: 1 1 45%; border: 1px solid rgba(150&comma; 150&comma; 150&comma; 0.4); border-radius: 8px; overflow: hidden; display: flex; flex-direction: column;'>\n<div style='padding: 15px; border-bottom: 1px solid rgba(150&comma; 150&comma; 150&comma; 0.2); font-weight: bold; font-size: 18px; color: inherit;'>Caracter\u00edsticas f\u00edsicas y el\u00e9ctricas<\/div>\n<div style='padding: 15px; color: inherit;'>\n<ul style='padding-left: 20px; margin: 0; font-size: 14px; list-style-type: disc;'>\n<li style='margin-bottom: 5px;'><strong>Temperatura de operaci\u00f3n:<\/strong>\n<ul style='padding-left: 20px; margin: 5px 0; list-style-type: circle;'>\n<li><strong>En funcionamiento:<\/strong> 5\u00b0C &#8211; 60\u00b0C<\/li>\n<li><strong>Inactivo:<\/strong> -40\u00b0C &#8211; 70\u00b0C<\/li>\n<\/ul>\n<\/li>\n<li style='margin-bottom: 5px;'><strong>Consumo el\u00e9ctrico:<\/strong>\n<ul style='padding-left: 20px; margin: 5px 0; list-style-type: circle;'>\n<li><strong>Lectura\/escritura:<\/strong> 7.0W<\/li>\n<li><strong>Inactivo:<\/strong> 5.9W<\/li>\n<\/ul>\n<\/li>\n<li style='margin-bottom: 5px;'><strong>Dimensiones:<\/strong> 26.1 x 147 x 101.6 mm<\/li>\n<li style='margin-bottom: 5px;'><strong>Peso:<\/strong> 715g<\/li>\n<li style='margin-bottom: 5px;'><strong>Garant\u00eda:<\/strong> 5 a\u00f1os<\/li>\n<li style='margin-bottom: 5px;'><strong>MTBF:<\/strong> Hasta 2.5 millones de horas<\/li>\n<\/ul><\/div>\n<\/p><\/div>\n<\/p><\/div>\n<p> <!-- Secci\u00f3n de confiabilidad --> <\/p>\n<div style='display: flex; flex-wrap: wrap; gap: 30px; margin-bottom: 30px;'>\n<div style='flex: 1 1 300px; min-width: 280px;'>\n<h3 style='font-size: 22px; border-bottom: 2px solid currentColor; padding-bottom: 5px; margin-top: 0; color: inherit; opacity: 0.8;'>Confiabilidad<\/h3>\n<ul style='padding-left: 20px; font-size: 15px; color: inherit;'>\n<li style='margin-bottom: 5px;'>Dise\u00f1ado para operaci\u00f3n continua (24x7x365)<\/li>\n<li style='margin-bottom: 5px;'>Probado en una variedad de sistemas de almacenamiento OEM populares<\/li>\n<li style='margin-bottom: 5px;'>Compatibilidad verificada con controladores SATA&comma; DVR\/NVR y adaptadores de bus<\/li>\n<li style='margin-bottom: 5px;'>Soluci\u00f3n Plug and Play<\/li>\n<\/ul><\/div>\n<\/p><\/div>\n<p> <!-- Separador final --> <\/p>\n<hr style='border: 0; border-top: 1px solid rgba(150&comma; 150&comma; 150&comma; 0.3); margin: 30px 0;'> <\/div>\n","protected":false},"excerpt":{"rendered":"<p>Disco Duro Enterprise 6 TB \/ Wester Digital (WD) \/ Serie Ultrastar \/ Recomendado para Data Center y NVRs de Alta Capacidad \/ Alto Performace<\/p>\n","protected":false},"featured_media":78751,"comment_status":"open","ping_status":"closed","template":"","meta":[],"product_brand":[],"product_cat":[2021],"product_tag":[1974,2022,2023],"class_list":{"0":"post-78752","1":"product","2":"type-product","3":"status-publish","4":"has-post-thumbnail","6":"product_cat-discos-duros-mecanicos-hdd","7":"product_tag-almacenamiento","8":"product_tag-discos-duros-mecanicos-hdd","9":"product_tag-western-digital-wd","11":"first","12":"outofstock","13":"sale","14":"shipping-taxable","15":"purchasable","16":"product-type-simple"},"_links":{"self":[{"href":"https:\/\/soydeaqui.ddns.net\/pachuca\/index.php\/wp-json\/wp\/v2\/product\/78752","targetHints":{"allow":["GET"]}}],"collection":[{"href":"https:\/\/soydeaqui.ddns.net\/pachuca\/index.php\/wp-json\/wp\/v2\/product"}],"about":[{"href":"https:\/\/soydeaqui.ddns.net\/pachuca\/index.php\/wp-json\/wp\/v2\/types\/product"}],"replies":[{"embeddable":true,"href":"https:\/\/soydeaqui.ddns.net\/pachuca\/index.php\/wp-json\/wp\/v2\/comments?post=78752"}],"wp:featuredmedia":[{"embeddable":true,"href":"https:\/\/soydeaqui.ddns.net\/pachuca\/index.php\/wp-json\/wp\/v2\/media\/78751"}],"wp:attachment":[{"href":"https:\/\/soydeaqui.ddns.net\/pachuca\/index.php\/wp-json\/wp\/v2\/media?parent=78752"}],"wp:term":[{"taxonomy":"product_brand","embeddable":true,"href":"https:\/\/soydeaqui.ddns.net\/pachuca\/index.php\/wp-json\/wp\/v2\/product_brand?post=78752"},{"taxonomy":"product_cat","embeddable":true,"href":"https:\/\/soydeaqui.ddns.net\/pachuca\/index.php\/wp-json\/wp\/v2\/product_cat?post=78752"},{"taxonomy":"product_tag","embeddable":true,"href":"https:\/\/soydeaqui.ddns.net\/pachuca\/index.php\/wp-json\/wp\/v2\/product_tag?post=78752"}],"curies":[{"name":"wp","href":"https:\/\/api.w.org\/{rel}","templated":true}]}}