{"id":78750,"date":"2026-03-19T16:53:50","date_gmt":"2026-03-19T16:53:50","guid":{"rendered":"https:\/\/soydeaqui.ddns.net\/pachuca\/index.php\/producto\/switch-stackable-24-port-10-100-1000t-y-24-port-100-1000-sfp-4-sfp-y-doble-hotswap\/"},"modified":"2026-03-19T16:53:52","modified_gmt":"2026-03-19T16:53:52","slug":"switch-stackable-24-port-10-100-1000t-y-24-port-100-1000-sfp-4-sfp-y-doble-hotswap","status":"publish","type":"product","link":"https:\/\/soydeaqui.ddns.net\/pachuca\/index.php\/producto\/switch-stackable-24-port-10-100-1000t-y-24-port-100-1000-sfp-4-sfp-y-doble-hotswap\/","title":{"rendered":"Switch Stackable 24-port 10\/100\/1000T y 24-port 100\/1000 SFP, 4 SFP+ y doble hotswap"},"content":{"rendered":"<div style='width: 100%; max-width: 1200px; margin: 0 auto; font-family: sans-serif; line-height: 1.6; color: inherit; background-color: transparent;'> <!-- Secci\u00f3n de t\u00edtulo y descripci\u00f3n corta --> <\/p>\n<div style='margin-bottom: 30px;'>\n<h1 style='font-size: 2.5rem; margin: 0 0 15px; color: inherit; opacity: 0.9;'>Serie x930<\/h1>\n<div style='font-size: 16px; color: inherit; opacity: 0.8; margin-bottom: 20px;'>Switch de doble fuente de alimentaci\u00f3n apilables 1G\/10G de capa 3<\/div>\n<\/p><\/div>\n<p> <!-- Secci\u00f3n de contenido principal --> <\/p>\n<div style='margin-bottom: 30px;'>\n<p style='font-size: 15px; margin-bottom: 20px; color: inherit; opacity: 0.95;'>Una familia de conmutadores escalable y de alto rendimiento para los exigentes requisitos de red de hoy en d\u00eda&comma; que proporciona una excelente resistencia y fiabilidad para el n\u00facleo de la red y las soluciones distribuidas. Certificado IPv6 Ready para implementaciones de infraestructuras gubernamentales y cr\u00edticas y certificado OpenFlow v1.3 para SDN avanzado.<\/p>\n<h3 style='font-size: 20px; border-bottom: 2px solid currentColor; padding-bottom: 5px; margin-top: 0; color: inherit; opacity: 0.8;'>DESCRIPCI\u00d3N<\/h3>\n<ul style='padding-left: 20px; margin-top: 15px; margin-bottom: 0; font-size: 14px; color: inherit; list-style-type: disc;'>\n<li style='margin-bottom: 10px;'><strong>Construir un n\u00facleo de red resistente<\/strong> o una soluci\u00f3n de distribuci\u00f3n con la capacidad de apilar varias unidades usando VCStack\u2122<\/li>\n<li style='margin-bottom: 10px;'><strong>Las fuentes de alimentaci\u00f3n de venta en caliente<\/strong> permiten el m\u00e1ximo tiempo de actividad y el m\u00ednimo tiempo de reparaci\u00f3n<\/li>\n<li style='margin-bottom: 10px;'><strong>Opciones de implementaci\u00f3n flexibles<\/strong> con modelos Gigabit de cobre&comma; fibra con enlaces ascendentes 10G<\/li>\n<li style='margin-bottom: 10px;'><strong>Reduzca los costes y automatice la gesti\u00f3n de redes y dispositivos<\/strong> con Autonomous Management Framework\u2122 Plus (AMF Plus)<\/li>\n<li style='margin-bottom: 10px;'><strong>Administre los puntos de acceso inal\u00e1mbricos<\/strong> con el controlador inal\u00e1mbrico Autonomous Wave Control (AWC) Lite&comma; que optimiza autom\u00e1ticamente la conectividad y el rendimiento inal\u00e1mbricos<\/li>\n<li style='margin-bottom: 10px;'><strong>SDN l\u00edder en el mercado<\/strong> con OpenFlow v1.3 certificado por la industria<\/li>\n<li style='margin-bottom: 10px;'><strong>Crear backbones resistentes y distribuidos<\/strong> que sean f\u00e1ciles de gestionar con apilamiento de larga distancia<\/li>\n<li style='margin-bottom: 10px;'><strong>Previamente certificado bajo Criterios Comunes<\/strong>; recertificaci\u00f3n en curso<\/li>\n<\/ul><\/div>\n<p> <!-- Separador --> <\/p>\n<hr style='border: 0; border-top: 1px solid rgba(150&comma; 150&comma; 150&comma; 0.3); margin: 30px 0;'> <\/div>\n","protected":false},"excerpt":{"rendered":"<p>Switch Stackable 24-port 10\/100\/1000T y 24-port 100\/1000 SFP, 4 SFP+ y doble hotswap<\/p>\n","protected":false},"featured_media":78749,"comment_status":"open","ping_status":"closed","template":"","meta":[],"product_brand":[],"product_cat":[1970],"product_tag":[1995,664,1971],"class_list":{"0":"post-78750","1":"product","2":"type-product","3":"status-publish","4":"has-post-thumbnail","6":"product_cat-switches","7":"product_tag-allied-telesis","8":"product_tag-networking","9":"product_tag-switches","11":"first","12":"outofstock","13":"sale","14":"shipping-taxable","15":"purchasable","16":"product-type-simple"},"_links":{"self":[{"href":"https:\/\/soydeaqui.ddns.net\/pachuca\/index.php\/wp-json\/wp\/v2\/product\/78750","targetHints":{"allow":["GET"]}}],"collection":[{"href":"https:\/\/soydeaqui.ddns.net\/pachuca\/index.php\/wp-json\/wp\/v2\/product"}],"about":[{"href":"https:\/\/soydeaqui.ddns.net\/pachuca\/index.php\/wp-json\/wp\/v2\/types\/product"}],"replies":[{"embeddable":true,"href":"https:\/\/soydeaqui.ddns.net\/pachuca\/index.php\/wp-json\/wp\/v2\/comments?post=78750"}],"wp:featuredmedia":[{"embeddable":true,"href":"https:\/\/soydeaqui.ddns.net\/pachuca\/index.php\/wp-json\/wp\/v2\/media\/78749"}],"wp:attachment":[{"href":"https:\/\/soydeaqui.ddns.net\/pachuca\/index.php\/wp-json\/wp\/v2\/media?parent=78750"}],"wp:term":[{"taxonomy":"product_brand","embeddable":true,"href":"https:\/\/soydeaqui.ddns.net\/pachuca\/index.php\/wp-json\/wp\/v2\/product_brand?post=78750"},{"taxonomy":"product_cat","embeddable":true,"href":"https:\/\/soydeaqui.ddns.net\/pachuca\/index.php\/wp-json\/wp\/v2\/product_cat?post=78750"},{"taxonomy":"product_tag","embeddable":true,"href":"https:\/\/soydeaqui.ddns.net\/pachuca\/index.php\/wp-json\/wp\/v2\/product_tag?post=78750"}],"curies":[{"name":"wp","href":"https:\/\/api.w.org\/{rel}","templated":true}]}}