{"id":78739,"date":"2026-03-19T16:53:23","date_gmt":"2026-03-19T16:53:23","guid":{"rendered":"https:\/\/soydeaqui.ddns.net\/pachuca\/index.php\/producto\/kit-de-access-point-eap245-y-switch-poe-tl-sg108pe-doble-banda-ac-hasta-1750-mbps-1-puerto-gigabit\/"},"modified":"2026-03-19T16:53:24","modified_gmt":"2026-03-19T16:53:24","slug":"kit-de-access-point-eap245-y-switch-poe-tl-sg108pe-doble-banda-ac-hasta-1750-mbps-1-puerto-gigabit","status":"publish","type":"product","link":"https:\/\/soydeaqui.ddns.net\/pachuca\/index.php\/producto\/kit-de-access-point-eap245-y-switch-poe-tl-sg108pe-doble-banda-ac-hasta-1750-mbps-1-puerto-gigabit\/","title":{"rendered":"Kit de access point EAP245 y switch PoE TL-SG108PE, doble banda AC, hasta 1750 Mbps, 1 puerto Gigabit"},"content":{"rendered":"<div style='width: 100%; max-width: 1200px; margin: 0 auto; font-family: sans-serif; line-height: 1.6; color: inherit; background-color: transparent;'> <!-- Secci\u00f3n de introducci\u00f3n --> <\/p>\n<div style='margin-bottom: 30px;'>\n<h2 style='font-size: 24px; margin-top: 0; color: inherit; opacity: 0.9;'>Kit que incluye 1 access point EAP245 y Switch TL-SG108PE<\/h2>\n<p style='margin: 15px 0; font-size: 15px; color: inherit;'> <a href='https:\/\/www.tp-link.com\/es\/download\/EAP225.html#Controller_Software' style='color: inherit; text-decoration: underline; font-weight: 500;'>Descarga de software de administraci\u00f3n<\/a> <\/p>\n<\/p><\/div>\n<p> <!-- Secci\u00f3n de caracter\u00edsticas EAP245 --> <\/p>\n<div style='display: flex; flex-wrap: wrap; gap: 30px; margin-bottom: 30px;'>\n<div style='flex: 1 1 300px; min-width: 280px;'>\n<h3 style='font-size: 22px; border-bottom: 2px solid currentColor; padding-bottom: 5px; margin-top: 0; color: inherit; opacity: 0.8;'>Caracter\u00edsticas EAP245<\/h3>\n<ul style='padding-left: 20px; font-size: 15px; color: inherit;'>\n<li style='margin-bottom: 5px;'>Velocidad de datos inal\u00e1mbrica de 1750 Mbps para una conexi\u00f3n inal\u00e1mbrica ininterrumpida<\/li>\n<li style='margin-bottom: 5px;'>Software de controlador gratuito para una administraci\u00f3n centralizada f\u00e1cil de cientos de EAP<\/li>\n<li style='margin-bottom: 5px;'>Power over Ethernet (802.3at) Soporte para una instalaci\u00f3n conveniente y econ\u00f3mica<\/li>\n<li style='margin-bottom: 5px;'>El portal cautivo proporciona un m\u00e9todo conveniente de autenticaci\u00f3n para los hu\u00e9spedes Wi-Fi<\/li>\n<li style='margin-bottom: 5px;'>El dise\u00f1o de montaje simple hace que sea f\u00e1cil de instalar en cualquier superficie de pared o techo<\/li>\n<li style='margin-bottom: 5px;'>L\u00edmite de velocidad por SSID para restringir el ancho de banda de cada cliente<\/li>\n<li style='margin-bottom: 5px;'>El balance de carga asegura que grandes cantidades de usuarios tengan experiencias de red fluidas en redes comerciales de alta densidad<\/li>\n<li style='margin-bottom: 5px;'>Band Steering Mueve autom\u00e1ticamente dispositivos de doble banda a la banda m\u00e1s ancha de 5 GHz para conexiones m\u00e1s r\u00e1pidas<\/li>\n<li style='margin-bottom: 5px;'>Control de acceso restringe o solo permite que el cliente acceda al segmento de red especificado<\/li>\n<li style='margin-bottom: 5px;'>El programa de reinicio permite que todos los AP se reinicien autom\u00e1ticamente en un momento espec\u00edfico<\/li>\n<li style='margin-bottom: 5px;'>WPA \/ WPA2-enterprise&comma; 802.1X con autenticaci\u00f3n segura RADIUS y detecci\u00f3n de punto de acceso fraudulento aseguran la seguridad de WLAN<\/li>\n<li style='margin-bottom: 5px;'>Multi-SSID divide m\u00faltiples redes inal\u00e1mbricas para diferentes usuarios<\/li>\n<li style='margin-bottom: 5px;'>Compatible con productos 802.11 a \/ b \/ g \/ n \/ ac<\/li>\n<li style='margin-bottom: 5px;'>M\u00faltiples modos de operaci\u00f3n que incluyen AP administrado y AP independiente satisfacen diferentes condiciones de aplicaci\u00f3n<\/li>\n<li style='margin-bottom: 5px;'>La funci\u00f3n Qos otorga mayor prioridad a los flujos de video y voz para promover un mejor rendimiento de los servicios de video y voz<\/li>\n<\/ul><\/div>\n<\/p><\/div>\n<p> <!-- Secci\u00f3n de especificaciones generales --> <\/p>\n<div style='display: flex; flex-wrap: wrap; gap: 30px; margin-bottom: 30px;'>\n<div style='flex: 1 1 300px; min-width: 280px;'>\n<h3 style='font-size: 22px; border-bottom: 2px solid currentColor; padding-bottom: 5px; margin-top: 0; color: inherit; opacity: 0.8;'>Caracter\u00edsticas generales<\/h3>\n<ul style='padding-left: 20px; font-size: 15px; color: inherit;'>\n<li style='margin-bottom: 5px;'>Doble banda; 2.4 GHz y 5 GHz<\/li>\n<li style='margin-bottom: 5px;'>Multiples SSID&comma; hasta 16 (8 por banda)<\/li>\n<li style='margin-bottom: 5px;'>MU-MIMO 2&#215;2<\/li>\n<li style='margin-bottom: 5px;'>Beamforming<\/li>\n<li style='margin-bottom: 5px;'>Velocidades de 1300 Mbps en 5 GHz y hasta 450 Mbps en 2.4 GHz<\/li>\n<li style='margin-bottom: 5px;'>1 Puerto 10\/100\/1000 Mbps<\/li>\n<li style='margin-bottom: 5px;'>Soporta PoE af y PoE pasivo<\/li>\n<li style='margin-bottom: 5px;'>Tipo de antena: 3 antenas omnidireccionales<br \/>2.4GHz: 4 dBi<br \/>5GHz: 4 dBi<\/li>\n<\/ul><\/div>\n<\/p><\/div>\n<p> <!-- Secci\u00f3n de caracter\u00edsticas el\u00e9ctricas y f\u00edsicas --> <\/p>\n<div style='display: flex; flex-wrap: wrap; gap: 30px; margin-bottom: 30px;'>\n<div style='flex: 1 1 300px; min-width: 280px;'>\n<h3 style='font-size: 22px; border-bottom: 2px solid currentColor; padding-bottom: 5px; margin-top: 0; color: inherit; opacity: 0.8;'>Caracter\u00edsticas el\u00e9ctricas y f\u00edsicas<\/h3>\n<ul style='padding-left: 20px; font-size: 15px; color: inherit;'>\n<li style='margin-bottom: 5px;'>Consumo de energ\u00eda 12.6 W<\/li>\n<li style='margin-bottom: 5px;'>Dimensiones 8.1 \u00d7 7.1 \u00d7 1.5 in. (205.5 \u00d7 181.5 \u00d7 37.1 mm)<\/li>\n<li style='margin-bottom: 5px;'>Alimentaci\u00f3n externa 12VDC \/ 1.5A o PoE af o Pasivo<\/li>\n<\/ul><\/div>\n<\/p><\/div>\n<p> <!-- Secci\u00f3n de especificaciones TL-SG108PE --> <\/p>\n<div style='display: flex; flex-wrap: wrap; gap: 30px; margin-bottom: 30px;'>\n<div style='flex: 1 1 300px; min-width: 280px;'>\n<h3 style='font-size: 22px; border-bottom: 2px solid currentColor; padding-bottom: 5px; margin-top: 0; color: inherit; opacity: 0.8;'>Caracter\u00edsticas de TL-SG108PE<\/h3>\n<h4 style='font-size: 18px; margin-top: 20px; margin-bottom: 10px; color: inherit; opacity: 0.8;'>Puertos<\/h4>\n<ul style='padding-left: 20px; font-size: 15px; color: inherit;'>\n<li style='margin-bottom: 5px;'>8 Puertos 10\/100\/1000 Mbps<\/li>\n<li style='margin-bottom: 5px;'>Throughput: 11.9 Mpps<\/li>\n<\/ul>\n<h4 style='font-size: 18px; margin-top: 20px; margin-bottom: 10px; color: inherit; opacity: 0.8;'>Caracter\u00edsticas PoE<\/h4>\n<ul style='padding-left: 20px; font-size: 15px; color: inherit;'>\n<li style='margin-bottom: 5px;'>Est\u00e1ndar: Soporta 802.3af<\/li>\n<li style='margin-bottom: 5px;'>Puertos PoE: 8 Puertos<\/li>\n<li style='margin-bottom: 5px;'>Potencia m\u00e1xima: 55W<\/li>\n<\/ul>\n<h4 style='font-size: 18px; margin-top: 20px; margin-bottom: 10px; color: inherit; opacity: 0.8;'>Caracter\u00edsticas<\/h4>\n<ul style='padding-left: 20px; font-size: 15px; color: inherit;'>\n<li style='margin-bottom: 5px;'>8 puertos RJ45 de 10\/100\/1000Mbps<\/li>\n<li style='margin-bottom: 5px;'>Con 4 puertos PoE que suministran un m\u00e1ximo de 15.4W por puerto&comma; datos y alimentaci\u00f3n el\u00e9ctrica se transmiten por un \u00fanico cable<\/li>\n<li style='margin-bottom: 5px;'>Soporte PoE m\u00e1ximo de 55W<\/li>\n<li style='margin-bottom: 5px;'>Proporciona funciones de supervisi\u00f3n de red&comma; priorizaci\u00f3n de tr\u00e1fico y VLAN<\/li>\n<li style='margin-bottom: 5px;'>F\u00e1cil configuraci\u00f3n de red con la conectividad plug-and-play<\/li>\n<li style='margin-bottom: 5px;'>La interfaz de usuario basada en web y la Utilidad de configuraci\u00f3n Easy Smart simplifican la configuraci\u00f3n<\/li>\n<\/ul>\n<h4 style='font-size: 18px; margin-top: 20px; margin-bottom: 10px; color: inherit; opacity: 0.8;'>Incluye<\/h4>\n<ul style='padding-left: 20px; font-size: 15px; color: inherit;'>\n<li style='margin-bottom: 5px;'>T1500G-10PS<\/li>\n<li style='margin-bottom: 5px;'>Adaptador de Energ\u00eda<\/li>\n<li style='margin-bottom: 5px;'>Gu\u00eda de Instalaci\u00f3n<\/li>\n<li style='margin-bottom: 5px;'>CD de Recursos<\/li>\n<li style='margin-bottom: 5px;'>Patas de Goma<\/li>\n<\/ul>\n<h4 style='font-size: 18px; margin-top: 20px; margin-bottom: 10px; color: inherit; opacity: 0.8;'>Caracter\u00edsticas F\u00edsicas y El\u00e9ctricas<\/h4>\n<ul style='padding-left: 20px; font-size: 15px; color: inherit;'>\n<li style='margin-bottom: 5px;'>Temperatura de Funcionamiento: 0\u00b0C~40\u00b0C (32\u00b0F~104\u00b0F)<\/li>\n<li style='margin-bottom: 5px;'>Temperatura de Almacenamiento: -40\u00b0C~70\u00b0C (-40\u00b0F~158\u00b0F)<\/li>\n<li style='margin-bottom: 5px;'>Humedad de Funcionamiento: 10%~90% sin condensaci\u00f3n<\/li>\n<li style='margin-bottom: 5px;'>Humedad de Almacenamiento: 5%~90% sin condensaci\u00f3n<\/li>\n<li style='margin-bottom: 5px;'>Fuente de Alimentaci\u00f3n: Adaptador Externo de Alimentaci\u00f3n (Salida: 48VDC \/ 1.25A)<\/li>\n<li style='margin-bottom: 5px;'>Consumo de Energ\u00eda: M\u00e1ximo (PoE on): 65.2W (220V\/50Hz) M\u00e1ximo (PoE off): 5.2W (220V\/50Hz)<\/li>\n<\/ul><\/div>\n<\/p><\/div>\n<\/p><\/div>\n","protected":false},"excerpt":{"rendered":"<p>Kit de access point EAP245 y switch PoE TL-SG108PE, doble banda AC, hasta 1750 Mbps, 1 puerto Gigabit<\/p>\n","protected":false},"featured_media":78738,"comment_status":"open","ping_status":"closed","template":"","meta":[],"product_brand":[],"product_cat":[1794],"product_tag":[1795,1479,71],"class_list":{"0":"post-78739","1":"product","2":"type-product","3":"status-publish","4":"has-post-thumbnail","6":"product_cat-puntos-de-acceso","7":"product_tag-puntos-de-acceso","8":"product_tag-redes-wifi","9":"product_tag-tp-link","11":"first","12":"instock","13":"sale","14":"shipping-taxable","15":"purchasable","16":"product-type-simple"},"_links":{"self":[{"href":"https:\/\/soydeaqui.ddns.net\/pachuca\/index.php\/wp-json\/wp\/v2\/product\/78739","targetHints":{"allow":["GET"]}}],"collection":[{"href":"https:\/\/soydeaqui.ddns.net\/pachuca\/index.php\/wp-json\/wp\/v2\/product"}],"about":[{"href":"https:\/\/soydeaqui.ddns.net\/pachuca\/index.php\/wp-json\/wp\/v2\/types\/product"}],"replies":[{"embeddable":true,"href":"https:\/\/soydeaqui.ddns.net\/pachuca\/index.php\/wp-json\/wp\/v2\/comments?post=78739"}],"wp:featuredmedia":[{"embeddable":true,"href":"https:\/\/soydeaqui.ddns.net\/pachuca\/index.php\/wp-json\/wp\/v2\/media\/78738"}],"wp:attachment":[{"href":"https:\/\/soydeaqui.ddns.net\/pachuca\/index.php\/wp-json\/wp\/v2\/media?parent=78739"}],"wp:term":[{"taxonomy":"product_brand","embeddable":true,"href":"https:\/\/soydeaqui.ddns.net\/pachuca\/index.php\/wp-json\/wp\/v2\/product_brand?post=78739"},{"taxonomy":"product_cat","embeddable":true,"href":"https:\/\/soydeaqui.ddns.net\/pachuca\/index.php\/wp-json\/wp\/v2\/product_cat?post=78739"},{"taxonomy":"product_tag","embeddable":true,"href":"https:\/\/soydeaqui.ddns.net\/pachuca\/index.php\/wp-json\/wp\/v2\/product_tag?post=78739"}],"curies":[{"name":"wp","href":"https:\/\/api.w.org\/{rel}","templated":true}]}}