{"id":78709,"date":"2026-03-19T16:52:08","date_gmt":"2026-03-19T16:52:08","guid":{"rendered":"https:\/\/soydeaqui.ddns.net\/pachuca\/index.php\/producto\/juego-de-4-pestanas-metalicas-para-fijacion-a-pared-de-gabinetes-linea-pst-incluye-tornillo-y-tuerca\/"},"modified":"2026-03-19T16:52:21","modified_gmt":"2026-03-19T16:52:21","slug":"juego-de-4-pestanas-metalicas-para-fijacion-a-pared-de-gabinetes-linea-pst-incluye-tornillo-y-tuerca","status":"publish","type":"product","link":"https:\/\/soydeaqui.ddns.net\/pachuca\/index.php\/producto\/juego-de-4-pestanas-metalicas-para-fijacion-a-pared-de-gabinetes-linea-pst-incluye-tornillo-y-tuerca\/","title":{"rendered":"Juego de 4 Pesta\u00f1as Met\u00e1licas para Fijaci\u00f3n a Pared de Gabinetes L\u00ednea PST. Incluye tornillo y tuerca."},"content":{"rendered":"<div style='width: 100%; max-width: 1200px; margin: 0 auto; font-family: sans-serif; line-height: 1.6; color: inherit; background-color: transparent;'>\n<div style='display: flex; flex-wrap: wrap; gap: 30px; margin-bottom: 30px;'>\n<div style='flex: 1 1 300px; min-width: 280px;'>\n<h3 style='font-size: 22px; border-bottom: 2px solid currentColor; padding-bottom: 5px; margin-top: 0; color: inherit; opacity: 0.8;'>Caracter\u00edsticas principales<\/h3>\n<ul style='padding-left: 20px; font-size: 15px; color: inherit;'>\n<li style='margin-bottom: 5px;'>Fabricado en chapa de acero y zinc de 4 mm<\/li>\n<li style='margin-bottom: 5px;'>Paquete con 4 piezas de material de fijaci\u00f3n<\/li>\n<li style='margin-bottom: 5px;'>Incluye tornillo y tuerca para sujeci\u00f3n a gabinete<\/li>\n<li style='margin-bottom: 5px;'>Dise\u00f1ado para montaje en pared<\/li>\n<li style='margin-bottom: 5px;'>El tipo de fijaci\u00f3n depender\u00e1 del tipo de pared donde se instale<\/li>\n<\/ul>\n<\/div>\n<div style='flex: 1 1 300px; min-width: 280px;'>\n<h3 style='font-size: 22px; border-bottom: 2px solid currentColor; padding-bottom: 5px; margin-top: 0; color: inherit; opacity: 0.8;'>Especificaciones t\u00e9cnicas<\/h3>\n<ul style='padding-left: 20px; font-size: 15px; color: inherit;'>\n<li style='margin-bottom: 5px;'><strong>Modelo:<\/strong> PSTWC010<\/li>\n<li style='margin-bottom: 5px;'><strong>Material:<\/strong> Chapa de acero y zinc<\/li>\n<li style='margin-bottom: 5px;'><strong>Espesor:<\/strong> 4 mm<\/li>\n<li style='margin-bottom: 5px;'><strong>Contenido:<\/strong> 4 pesta\u00f1as met\u00e1licas<\/li>\n<li style='margin-bottom: 5px;'><strong>Incluye:<\/strong> Tornillos y tuercas para sujeci\u00f3n a gabinete<\/li>\n<li style='margin-bottom: 5px;'><strong>Aplicaci\u00f3n:<\/strong> Montaje en pared<\/li>\n<\/ul>\n<\/div>\n<\/div>\n<div style='display: flex; flex-wrap: wrap; gap: 20px; margin-bottom: 30px;'>\n<div style='flex: 1 1 250px; border: 1px solid rgba(150&comma; 150&comma; 150&comma; 0.4); border-radius: 8px; overflow: hidden; display: flex; flex-direction: column;'>\n<div style='padding: 15px; border-bottom: 1px solid rgba(150&comma; 150&comma; 150&comma; 0.2); font-weight: bold; font-size: 18px; color: inherit;'>Notas importantes<\/div>\n<div style='padding: 15px; color: inherit;'>\n<ul style='padding-left: 20px; margin: 0; font-size: 14px; list-style-type: disc;'>\n<li style='margin-bottom: 5px;'>El tipo de fijaci\u00f3n depender\u00e1 del tipo de pared donde se instale<\/li>\n<li style='margin-bottom: 5px;'>No incluye tornillos ni taquetes para pared<\/li>\n<\/ul>\n<\/div>\n<\/div>\n<\/div>\n<\/div>\n<hr style='border: 0; border-top: 1px solid rgba(150&comma; 150&comma; 150&comma; 0.3); margin: 30px 0;'><\/div>\n","protected":false},"excerpt":{"rendered":"<p>Juego de 4 Pesta\u00f1as Met\u00e1licas para Fijaci\u00f3n a Pared de Gabinetes L\u00ednea PST. Incluye tornillo y tuerca.<\/p>\n","protected":false},"featured_media":78708,"comment_status":"open","ping_status":"closed","template":"","meta":[],"product_brand":[],"product_cat":[604],"product_tag":[606,248,605],"class_list":{"0":"post-78709","1":"product","2":"type-product","3":"status-publish","4":"has-post-thumbnail","6":"product_cat-accesorios-para-racks-y-gabinetes","7":"product_tag-accesorios-para-racks-y-gabinetes","8":"product_tag-precision","9":"product_tag-racks-y-gabinetes","11":"first","12":"outofstock","13":"sale","14":"shipping-taxable","15":"purchasable","16":"product-type-simple"},"_links":{"self":[{"href":"https:\/\/soydeaqui.ddns.net\/pachuca\/index.php\/wp-json\/wp\/v2\/product\/78709","targetHints":{"allow":["GET"]}}],"collection":[{"href":"https:\/\/soydeaqui.ddns.net\/pachuca\/index.php\/wp-json\/wp\/v2\/product"}],"about":[{"href":"https:\/\/soydeaqui.ddns.net\/pachuca\/index.php\/wp-json\/wp\/v2\/types\/product"}],"replies":[{"embeddable":true,"href":"https:\/\/soydeaqui.ddns.net\/pachuca\/index.php\/wp-json\/wp\/v2\/comments?post=78709"}],"wp:featuredmedia":[{"embeddable":true,"href":"https:\/\/soydeaqui.ddns.net\/pachuca\/index.php\/wp-json\/wp\/v2\/media\/78708"}],"wp:attachment":[{"href":"https:\/\/soydeaqui.ddns.net\/pachuca\/index.php\/wp-json\/wp\/v2\/media?parent=78709"}],"wp:term":[{"taxonomy":"product_brand","embeddable":true,"href":"https:\/\/soydeaqui.ddns.net\/pachuca\/index.php\/wp-json\/wp\/v2\/product_brand?post=78709"},{"taxonomy":"product_cat","embeddable":true,"href":"https:\/\/soydeaqui.ddns.net\/pachuca\/index.php\/wp-json\/wp\/v2\/product_cat?post=78709"},{"taxonomy":"product_tag","embeddable":true,"href":"https:\/\/soydeaqui.ddns.net\/pachuca\/index.php\/wp-json\/wp\/v2\/product_tag?post=78709"}],"curies":[{"name":"wp","href":"https:\/\/api.w.org\/{rel}","templated":true}]}}